{"id":21009,"date":"2025-09-19T15:25:37","date_gmt":"2025-09-19T12:25:37","guid":{"rendered":"https:\/\/ecostera.com\/dk\/product\/smartwatch\/"},"modified":"2025-09-19T15:25:37","modified_gmt":"2025-09-19T12:25:37","slug":"smartwatch","status":"publish","type":"product","link":"https:\/\/ecostera.com\/dk\/product\/smartwatch\/","title":{"rendered":"Smartwatch"},"content":{"rendered":"<p style=\"text-align: center\" data-start=\"92\" data-end=\"170\"><strong data-start=\"92\" data-end=\"170\">\u231a Bygget Til Styrke. Fyldt Med Smarte Funktioner.<\/strong><\/p>\n<p style=\"text-align: center\" data-start=\"172\" data-end=\"383\">Uanset om du vandrer, tr\u00e6ner eller bare lever livet p\u00e5 farten, f\u00f8lger dette robuste smartwatch med i dit tempo. Det er robust, vandt\u00e6t og fyldt med alle de funktioner, du skal bruge for at holde forbindelsen og kontrollen.<\/p>\n<p data-start=\"172\" data-end=\"383\"><img decoding=\"async\" class=\"size-full wp-image-27402 aligncenter\" src=\"https:\/\/keluvo.com\/template\/wp-content\/uploads\/sites\/5\/2025\/07\/07112-ezgif.com-video-to-webp-converter.webp\" alt=\"\" \/><\/p>\n<h2 style=\"text-align: center\" data-start=\"385\" data-end=\"408\"><strong>Main Benefits<\/strong><\/h2>\n<p data-start=\"411\" data-end=\"452\">\ud83d\udee1\ufe0f St\u00f8dsikkert og ultraholdbart design<\/p>\n<p data-start=\"455\" data-end=\"518\">\ud83d\udca7 Vandt\u00e6t og vejrbestandigt &#8211; perfekt til alle adventure<\/p>\n<p data-start=\"521\" data-end=\"566\">\u2764\ufe0f Overv\u00e5ger puls, s\u00f8vn og aktivitet<\/p>\n<p data-start=\"569\" data-end=\"630\">\ud83d\udcde Modtag opkald, beskeder, og notifikationer p\u00e5 dit h\u00e5ndled<\/p>\n<p data-start=\"633\" data-end=\"676\">\ud83d\udd0b Langtidsholdbart batteri til flere dages brug<\/p>\n<p data-start=\"679\" data-end=\"732\">\ud83c\udf0d Indbygget kompas, h\u00f8jdem\u00e5ler og multisportstilstande<\/p>\n<p data-start=\"679\" data-end=\"732\"><img decoding=\"async\" class=\"size-full wp-image-27401 aligncenter\" src=\"https:\/\/keluvo.com\/template\/wp-content\/uploads\/sites\/5\/2025\/07\/laddare_aeb9ceee-a1cf-43ee-b58a-812821d7969f_480x480.webp\" alt=\"\" \/><\/p>\n<h2 style=\"text-align: center\" data-start=\"734\" data-end=\"754\"><strong>S\u00e5dan Bruger Du Uret<\/strong><\/h2>\n<ol data-start=\"755\" data-end=\"979\">\n<li data-start=\"755\" data-end=\"818\">\n<p data-start=\"758\" data-end=\"818\">T\u00e6nd for uret, og opret forbindelse til din telefon via Bluetooth.<\/p>\n<\/li>\n<li data-start=\"819\" data-end=\"904\">\n<p data-start=\"822\" data-end=\"904\">Brug touchsk\u00e6rmen til at f\u00e5 adgang til funktioner som puls, trinsporing m.m.<\/p>\n<\/li>\n<li data-start=\"905\" data-end=\"979\">\n<p data-start=\"908\" data-end=\"979\">Modtag notifikationer, besvar opkald, og overv\u00e5g dit helbred p\u00e5 farten.<\/p>\n<\/li>\n<\/ol>\n<h2 style=\"text-align: center\" data-start=\"981\" data-end=\"1006\"><strong>Produktdetaljer<\/strong><\/h2>\n<ul data-start=\"1007\" data-end=\"1209\">\n<li data-start=\"1007\" data-end=\"1040\">\n<p data-start=\"1009\" data-end=\"1040\">Display: 1,96&#8243; HD-ber\u00f8ringssk\u00e6rm<\/p>\n<\/li>\n<li data-start=\"1041\" data-end=\"1075\">\n<p data-start=\"1043\" data-end=\"1075\">Kompatibilitet: iOS og Android<\/p>\n<\/li>\n<li data-start=\"1076\" data-end=\"1133\">\n<p data-start=\"1078\" data-end=\"1133\">Materialer: Forst\u00e6rket krop af zinklegering, silikonerem<\/p>\n<\/li>\n<li data-start=\"1134\" data-end=\"1209\">\n<p data-start=\"1136\" data-end=\"1209\">Funktioner: Skridtt\u00e6ller, s\u00f8vnregistrering, opkaldsp\u00e5mindelser, stopur og meget mere<\/p>\n<\/li>\n<\/ul>\n<h2 style=\"text-align: center\" data-start=\"1211\" data-end=\"1237\"><strong>Pakken Indeholder<\/strong><\/h2>\n<ul data-start=\"1238\" data-end=\"1300\">\n<li data-start=\"1238\" data-end=\"1259\">\n<p data-start=\"1240\" data-end=\"1259\">1x smartwatch<\/p>\n<\/li>\n<li data-start=\"1260\" data-end=\"1283\">\n<p data-start=\"1262\" data-end=\"1283\">1x magnetisk oplader<\/p>\n<\/li>\n<li data-start=\"1284\" data-end=\"1300\">\n<p data-start=\"1286\" data-end=\"1300\">1x brugervejledning.<\/p>\n<\/li>\n<\/ul>\n","protected":false},"excerpt":{"rendered":"<p>\u231a Bygget Til Styrke. Fyldt Med Smarte Funktioner. Uanset om du vandrer, tr\u00e6ner eller bare lever livet p\u00e5 farten, f\u00f8lger [&hellip;]<\/p>\n","protected":false},"featured_media":21005,"comment_status":"open","ping_status":"closed","template":"","meta":{"site-sidebar-layout":"default","site-content-layout":"","ast-site-content-layout":"default","site-content-style":"default","site-sidebar-style":"default","ast-global-header-display":"","ast-banner-title-visibility":"","ast-main-header-display":"","ast-hfb-above-header-display":"","ast-hfb-below-header-display":"","ast-hfb-mobile-header-display":"","site-post-title":"","ast-breadcrumbs-content":"","ast-featured-img":"","footer-sml-layout":"","theme-transparent-header-meta":"default","adv-header-id-meta":"","stick-header-meta":"","header-above-stick-meta":"","header-main-stick-meta":"","header-below-stick-meta":"","astra-migrate-meta-layouts":"set","ast-page-background-enabled":"default","ast-page-background-meta":{"desktop":{"background-color":"var(--ast-global-color-5)","background-image":"","background-repeat":"repeat","background-position":"center center","background-size":"auto","background-attachment":"scroll","background-type":"","background-media":"","overlay-type":"","overlay-color":"","overlay-opacity":"","overlay-gradient":""},"tablet":{"background-color":"","background-image":"","background-repeat":"repeat","background-position":"center center","background-size":"auto","background-attachment":"scroll","background-type":"","background-media":"","overlay-type":"","overlay-color":"","overlay-opacity":"","overlay-gradient":""},"mobile":{"background-color":"","background-image":"","background-repeat":"repeat","background-position":"center center","background-size":"auto","background-attachment":"scroll","background-type":"","background-media":"","overlay-type":"","overlay-color":"","overlay-opacity":"","overlay-gradient":""}},"ast-content-background-meta":{"desktop":{"background-color":"var(--ast-global-color-4)","background-image":"","background-repeat":"repeat","background-position":"center center","background-size":"auto","background-attachment":"scroll","background-type":"","background-media":"","overlay-type":"","overlay-color":"","overlay-opacity":"","overlay-gradient":""},"tablet":{"background-color":"var(--ast-global-color-4)","background-image":"","background-repeat":"repeat","background-position":"center center","background-size":"auto","background-attachment":"scroll","background-type":"","background-media":"","overlay-type":"","overlay-color":"","overlay-opacity":"","overlay-gradient":""},"mobile":{"background-color":"var(--ast-global-color-4)","background-image":"","background-repeat":"repeat","background-position":"center center","background-size":"auto","background-attachment":"scroll","background-type":"","background-media":"","overlay-type":"","overlay-color":"","overlay-opacity":"","overlay-gradient":""}}},"product_brand":[],"product_cat":[19],"product_tag":[],"class_list":{"0":"post-21009","1":"product","2":"type-product","3":"status-publish","4":"has-post-thumbnail","6":"product_cat-uncategorized","7":"desktop-align-left","8":"tablet-align-left","9":"mobile-align-left","11":"first","12":"instock","13":"shipping-taxable","14":"purchasable","15":"product-type-simple"},"_links":{"self":[{"href":"https:\/\/ecostera.com\/dk\/wp-json\/wp\/v2\/product\/21009","targetHints":{"allow":["GET"]}}],"collection":[{"href":"https:\/\/ecostera.com\/dk\/wp-json\/wp\/v2\/product"}],"about":[{"href":"https:\/\/ecostera.com\/dk\/wp-json\/wp\/v2\/types\/product"}],"replies":[{"embeddable":true,"href":"https:\/\/ecostera.com\/dk\/wp-json\/wp\/v2\/comments?post=21009"}],"wp:featuredmedia":[{"embeddable":true,"href":"https:\/\/ecostera.com\/dk\/wp-json\/wp\/v2\/media\/21005"}],"wp:attachment":[{"href":"https:\/\/ecostera.com\/dk\/wp-json\/wp\/v2\/media?parent=21009"}],"wp:term":[{"taxonomy":"product_brand","embeddable":true,"href":"https:\/\/ecostera.com\/dk\/wp-json\/wp\/v2\/product_brand?post=21009"},{"taxonomy":"product_cat","embeddable":true,"href":"https:\/\/ecostera.com\/dk\/wp-json\/wp\/v2\/product_cat?post=21009"},{"taxonomy":"product_tag","embeddable":true,"href":"https:\/\/ecostera.com\/dk\/wp-json\/wp\/v2\/product_tag?post=21009"}],"curies":[{"name":"wp","href":"https:\/\/api.w.org\/{rel}","templated":true}]}}