{"id":21031,"date":"2025-09-19T15:29:49","date_gmt":"2025-09-19T12:29:49","guid":{"rendered":"https:\/\/ecostera.com\/dk\/product\/vandtaet-telefonhylster\/"},"modified":"2025-09-19T15:30:45","modified_gmt":"2025-09-19T12:30:45","slug":"vandtaet-telefonhylster","status":"publish","type":"product","link":"https:\/\/ecostera.com\/dk\/product\/vandtaet-telefonhylster\/","title":{"rendered":"Vandt\u00e6t telefonhylster"},"content":{"rendered":"<p style=\"text-align: center\" data-start=\"104\" data-end=\"154\"><strong data-start=\"104\" data-end=\"152\">\ud83d\udcf1 Tag Din Telefon Med Overalt &#8211; Selv Under Vandet!<\/strong><\/p>\n<p style=\"text-align: center\" data-start=\"156\" data-end=\"325\">Beskyt din telefon mod vand, sand og snavs, mens du stadig kan bruge din touchscreen. Dette vandt\u00e6tte etui er perfekt til stranddage, sv\u00f8mning, sejlads eller endda regnfulde vandreture.<\/p>\n<p data-start=\"156\" data-end=\"325\"><img decoding=\"async\" class=\"size-full wp-image-27422 aligncenter\" src=\"https:\/\/keluvo.com\/template\/wp-content\/uploads\/sites\/5\/2025\/07\/07113-ezgif.com-video-to-webp-converter.webp\" alt=\"\" \/><\/p>\n<h2 style=\"text-align: center\" data-start=\"327\" data-end=\"350\">\ud83d\udca7 Vigtigste Fordele<\/h2>\n<p data-start=\"353\" data-end=\"387\">\ud83c\udf0a 100 % vandt\u00e6t og st\u00f8vt\u00e6t<\/p>\n<p data-start=\"390\" data-end=\"449\">\ud83d\udcf8 Klar front giver dig mulighed for at tage billeder og videoer under vandet<\/p>\n<p data-start=\"452\" data-end=\"510\">\u270b Fuld touchscreen-funktionalitet &#8211; brug din telefon som normalt<\/p>\n<p data-start=\"513\" data-end=\"556\">\ud83e\uddf5 Holdbar forsegling med sikre l\u00e5seklemmer<\/p>\n<p data-start=\"559\" data-end=\"609\">\ud83c\udfbd Leveres med en halsrem til h\u00e5ndfri transport<\/p>\n<p data-start=\"559\" data-end=\"609\"><img decoding=\"async\" class=\"size-full wp-image-27424 aligncenter\" src=\"https:\/\/keluvo.com\/template\/wp-content\/uploads\/sites\/5\/2025\/07\/1_10_e6622add-1075-462d-a34d-a2b7e69e4b18.jpg\" alt=\"\" \/><\/p>\n<h2 style=\"text-align: center\" data-start=\"611\" data-end=\"631\">\ud83c\udfc4 S\u00e5dan Bruges<\/h2>\n<ol data-start=\"632\" data-end=\"808\">\n<li data-start=\"632\" data-end=\"687\">\n<p data-start=\"635\" data-end=\"687\">\u00c5bn l\u00e5sefligene, og skub din telefon ind.<\/p>\n<\/li>\n<li data-start=\"688\" data-end=\"732\">\n<p data-start=\"691\" data-end=\"732\">Seal the case and clip both locks shut.<\/p>\n<\/li>\n<li data-start=\"733\" data-end=\"808\">\n<p data-start=\"736\" data-end=\"808\">B\u00e6r den om halsen, og brug din telefon trygt &#8211; selv under vandet!<\/p>\n<\/li>\n<\/ol>\n<h2 style=\"text-align: center\" data-start=\"810\" data-end=\"835\">\ud83d\udccf Produktdetaljer<\/h2>\n<ul data-start=\"836\" data-end=\"1007\">\n<li data-start=\"836\" data-end=\"878\">\n<p data-start=\"838\" data-end=\"878\">Passer til de fleste smartphones op til 6,5 tommer<\/p>\n<\/li>\n<li data-start=\"879\" data-end=\"929\">\n<p data-start=\"881\" data-end=\"929\">Materiale: Vandt\u00e6t PVC + sikker l\u00e5seforsegling<\/p>\n<\/li>\n<li data-start=\"930\" data-end=\"958\">\n<p data-start=\"932\" data-end=\"958\">Let og genanvendelig<\/p>\n<\/li>\n<li data-start=\"959\" data-end=\"1007\">\n<p data-start=\"961\" data-end=\"1007\">Godt til sv\u00f8mning, kajakroning, skil\u00f8b og meget mere<\/p>\n<\/li>\n<\/ul>\n<h2 style=\"text-align: center\" data-start=\"1009\" data-end=\"1035\">\ud83d\udce6 Pakken Indeholder<\/h2>\n<ul data-start=\"1036\" data-end=\"1091\">\n<li data-start=\"1036\" data-end=\"1064\">\n<p data-start=\"1038\" data-end=\"1064\">1\u00d7 vandt\u00e6t telefonetui<\/p>\n<\/li>\n<li data-start=\"1065\" data-end=\"1091\">\n<p data-start=\"1067\" data-end=\"1091\">1\u00d7 justerbar halsrem.<\/p>\n<\/li>\n<\/ul>\n","protected":false},"excerpt":{"rendered":"<p>\ud83d\udcf1 Tag Din Telefon Med Overalt &#8211; Selv Under Vandet! Beskyt din telefon mod vand, sand og snavs, mens du [&hellip;]<\/p>\n","protected":false},"featured_media":21027,"comment_status":"open","ping_status":"closed","template":"","meta":{"site-sidebar-layout":"default","site-content-layout":"","ast-site-content-layout":"default","site-content-style":"default","site-sidebar-style":"default","ast-global-header-display":"","ast-banner-title-visibility":"","ast-main-header-display":"","ast-hfb-above-header-display":"","ast-hfb-below-header-display":"","ast-hfb-mobile-header-display":"","site-post-title":"","ast-breadcrumbs-content":"","ast-featured-img":"","footer-sml-layout":"","theme-transparent-header-meta":"default","adv-header-id-meta":"","stick-header-meta":"","header-above-stick-meta":"","header-main-stick-meta":"","header-below-stick-meta":"","astra-migrate-meta-layouts":"set","ast-page-background-enabled":"default","ast-page-background-meta":{"desktop":{"background-color":"var(--ast-global-color-5)","background-image":"","background-repeat":"repeat","background-position":"center center","background-size":"auto","background-attachment":"scroll","background-type":"","background-media":"","overlay-type":"","overlay-color":"","overlay-opacity":"","overlay-gradient":""},"tablet":{"background-color":"","background-image":"","background-repeat":"repeat","background-position":"center center","background-size":"auto","background-attachment":"scroll","background-type":"","background-media":"","overlay-type":"","overlay-color":"","overlay-opacity":"","overlay-gradient":""},"mobile":{"background-color":"","background-image":"","background-repeat":"repeat","background-position":"center center","background-size":"auto","background-attachment":"scroll","background-type":"","background-media":"","overlay-type":"","overlay-color":"","overlay-opacity":"","overlay-gradient":""}},"ast-content-background-meta":{"desktop":{"background-color":"var(--ast-global-color-4)","background-image":"","background-repeat":"repeat","background-position":"center center","background-size":"auto","background-attachment":"scroll","background-type":"","background-media":"","overlay-type":"","overlay-color":"","overlay-opacity":"","overlay-gradient":""},"tablet":{"background-color":"var(--ast-global-color-4)","background-image":"","background-repeat":"repeat","background-position":"center center","background-size":"auto","background-attachment":"scroll","background-type":"","background-media":"","overlay-type":"","overlay-color":"","overlay-opacity":"","overlay-gradient":""},"mobile":{"background-color":"var(--ast-global-color-4)","background-image":"","background-repeat":"repeat","background-position":"center center","background-size":"auto","background-attachment":"scroll","background-type":"","background-media":"","overlay-type":"","overlay-color":"","overlay-opacity":"","overlay-gradient":""}}},"product_brand":[],"product_cat":[19],"product_tag":[],"class_list":{"0":"post-21031","1":"product","2":"type-product","3":"status-publish","4":"has-post-thumbnail","6":"product_cat-uncategorized","7":"pa_33387_e2ll7vpw-gennemsigtig","8":"pa_33387_e2ll7vpw-groen","9":"pa_33387_e2ll7vpw-gul","10":"pa_33387_e2ll7vpw-lilla","11":"pa_33387_e2ll7vpw-lyseblaa","12":"pa_33387_e2ll7vpw-lyseroed","13":"pa_33387_e2ll7vpw-moerkeblaa","14":"pa_33387_e2ll7vpw-orange","15":"pa_33387_e2ll7vpw-roed","16":"pa_33387_e2ll7vpw-sort","17":"desktop-align-left","18":"tablet-align-left","19":"mobile-align-left","21":"first","22":"instock","23":"shipping-taxable","24":"purchasable","25":"product-type-variable"},"_links":{"self":[{"href":"https:\/\/ecostera.com\/dk\/wp-json\/wp\/v2\/product\/21031","targetHints":{"allow":["GET"]}}],"collection":[{"href":"https:\/\/ecostera.com\/dk\/wp-json\/wp\/v2\/product"}],"about":[{"href":"https:\/\/ecostera.com\/dk\/wp-json\/wp\/v2\/types\/product"}],"replies":[{"embeddable":true,"href":"https:\/\/ecostera.com\/dk\/wp-json\/wp\/v2\/comments?post=21031"}],"wp:featuredmedia":[{"embeddable":true,"href":"https:\/\/ecostera.com\/dk\/wp-json\/wp\/v2\/media\/21027"}],"wp:attachment":[{"href":"https:\/\/ecostera.com\/dk\/wp-json\/wp\/v2\/media?parent=21031"}],"wp:term":[{"taxonomy":"product_brand","embeddable":true,"href":"https:\/\/ecostera.com\/dk\/wp-json\/wp\/v2\/product_brand?post=21031"},{"taxonomy":"product_cat","embeddable":true,"href":"https:\/\/ecostera.com\/dk\/wp-json\/wp\/v2\/product_cat?post=21031"},{"taxonomy":"product_tag","embeddable":true,"href":"https:\/\/ecostera.com\/dk\/wp-json\/wp\/v2\/product_tag?post=21031"}],"curies":[{"name":"wp","href":"https:\/\/api.w.org\/{rel}","templated":true}]}}