{"id":21142,"date":"2025-09-19T15:39:01","date_gmt":"2025-09-19T12:39:01","guid":{"rendered":"https:\/\/ecostera.com\/dk\/product\/doerklokke\/"},"modified":"2025-09-19T15:39:17","modified_gmt":"2025-09-19T12:39:17","slug":"doerklokke","status":"publish","type":"product","link":"https:\/\/ecostera.com\/dk\/product\/doerklokke\/","title":{"rendered":"D\u00f8rklokke"},"content":{"rendered":"<p style=\"text-align: center\" data-start=\"95\" data-end=\"175\"><strong data-start=\"95\" data-end=\"173\">\ud83d\udd14 G\u00e5 aldrig glip af en bes\u00f8gende igen med denne tr\u00e5dl\u00f8se d\u00f8rklokke, der er nem at installere!<\/strong><\/p>\n<p style=\"text-align: center\" data-start=\"177\" data-end=\"342\">Sig farvel til komplicerede ledninger og goddag til enkle, p\u00e5lidelige alarmer. Denne tr\u00e5dl\u00f8se d\u00f8rklokke er perfekt til ethvert hjem, kontor eller lejlighed &#8211; og installeres p\u00e5 f\u00e5 sekunder!<\/p>\n<p data-start=\"177\" data-end=\"342\"><img decoding=\"async\" class=\"size-full wp-image-27511 aligncenter\" src=\"https:\/\/keluvo.com\/template\/wp-content\/uploads\/sites\/5\/2025\/07\/a2.gif\" alt=\"\" \/><\/p>\n<h2 style=\"text-align: center\" data-start=\"344\" data-end=\"367\">\ud83d\udce6 Hovedfordele<\/h2>\n<p data-start=\"370\" data-end=\"438\">\ud83d\udcf6 Lang tr\u00e5dl\u00f8s r\u00e6kkevidde, s\u00e5 du kan h\u00f8re klokken overalt i dit hjem<\/p>\n<p data-start=\"441\" data-end=\"497\">\ud83d\udd0a Flere ringetoner og justerbar lydstyrke<\/p>\n<p data-start=\"500\" data-end=\"550\">\u26a1 Hurtig og nem ops\u00e6tning &#8211; intet v\u00e6rkt\u00f8j eller ledninger er n\u00f8dvendige<\/p>\n<p data-start=\"553\" data-end=\"594\">\ud83d\udd0b Energieffektiv og batteridrevet<\/p>\n<p data-start=\"597\" data-end=\"642\">\ud83c\udfe0 Elegant, moderne design, der passer til ethvert hjem entryway<br \/>\n<img decoding=\"async\" class=\"size-full wp-image-27512 aligncenter\" src=\"https:\/\/keluvo.com\/template\/wp-content\/uploads\/sites\/5\/2025\/07\/d3.jpg\" alt=\"\" width=\"&quot;\" \/><\/p>\n<h2 style=\"text-align: center\" data-start=\"644\" data-end=\"665\">\ud83d\udee0\ufe0f S\u00e5dan Bruges<\/h2>\n<ol data-start=\"666\" data-end=\"822\">\n<li data-start=\"666\" data-end=\"721\">\n<p data-start=\"669\" data-end=\"721\">S\u00e6t eller skru d\u00f8rklokkeknappen fast i n\u00e6rheden af din d\u00f8r.<\/p>\n<\/li>\n<li data-start=\"722\" data-end=\"774\">\n<p data-start=\"725\" data-end=\"774\">S\u00e6t ringeklokkeenheden i en stikkontakt indenfor.<\/p>\n<\/li>\n<li data-start=\"775\" data-end=\"822\">\n<p data-start=\"778\" data-end=\"822\">V\u00e6lg din foretrukne ringeklokke og lydstyrke &#8211; f\u00e6rdig!<\/p>\n<\/li>\n<\/ol>\n<h2 style=\"text-align: center\" data-start=\"824\" data-end=\"849\">\ud83d\udccf Produktdetaljer<\/h2>\n<ul data-start=\"850\" data-end=\"1014\">\n<li data-start=\"850\" data-end=\"877\">\n<p data-start=\"852\" data-end=\"877\">R\u00e6kkevidde: Op til 100 meter<\/p>\n<\/li>\n<li data-start=\"965\" data-end=\"1014\">\n<p data-start=\"967\" data-end=\"1014\">Ideal til huse, kontorer, lejligheder og meget mere<\/p>\n<\/li>\n<\/ul>\n<h2 style=\"text-align: center\" data-start=\"1016\" data-end=\"1042\">\ud83d\udce6 Pakken Indeholder<\/h2>\n<ul data-start=\"1043\" data-end=\"1138\">\n<li data-start=\"1043\" data-end=\"1074\">\n<p data-start=\"1045\" data-end=\"1074\">1, 2, 3x tr\u00e5dl\u00f8s d\u00f8rklokkeknap<\/p>\n<\/li>\n<li data-start=\"1075\" data-end=\"1104\">\n<p data-start=\"1077\" data-end=\"1104\">1, 2, 3x plug-in klokkemodtager<\/p>\n<\/li>\n<li data-start=\"1105\" data-end=\"1138\">\n<p data-start=\"1107\" data-end=\"1138\">Installationskl\u00e6b eller -skruer.<\/p>\n<\/li>\n<\/ul>\n","protected":false},"excerpt":{"rendered":"<p>\ud83d\udd14 G\u00e5 aldrig glip af en bes\u00f8gende igen med denne tr\u00e5dl\u00f8se d\u00f8rklokke, der er nem at installere! Sig farvel til [&hellip;]<\/p>\n","protected":false},"featured_media":21138,"comment_status":"open","ping_status":"closed","template":"","meta":{"site-sidebar-layout":"default","site-content-layout":"","ast-site-content-layout":"default","site-content-style":"default","site-sidebar-style":"default","ast-global-header-display":"","ast-banner-title-visibility":"","ast-main-header-display":"","ast-hfb-above-header-display":"","ast-hfb-below-header-display":"","ast-hfb-mobile-header-display":"","site-post-title":"","ast-breadcrumbs-content":"","ast-featured-img":"","footer-sml-layout":"","theme-transparent-header-meta":"default","adv-header-id-meta":"","stick-header-meta":"","header-above-stick-meta":"","header-main-stick-meta":"","header-below-stick-meta":"","astra-migrate-meta-layouts":"set","ast-page-background-enabled":"default","ast-page-background-meta":{"desktop":{"background-color":"var(--ast-global-color-5)","background-image":"","background-repeat":"repeat","background-position":"center center","background-size":"auto","background-attachment":"scroll","background-type":"","background-media":"","overlay-type":"","overlay-color":"","overlay-opacity":"","overlay-gradient":""},"tablet":{"background-color":"","background-image":"","background-repeat":"repeat","background-position":"center center","background-size":"auto","background-attachment":"scroll","background-type":"","background-media":"","overlay-type":"","overlay-color":"","overlay-opacity":"","overlay-gradient":""},"mobile":{"background-color":"","background-image":"","background-repeat":"repeat","background-position":"center center","background-size":"auto","background-attachment":"scroll","background-type":"","background-media":"","overlay-type":"","overlay-color":"","overlay-opacity":"","overlay-gradient":""}},"ast-content-background-meta":{"desktop":{"background-color":"var(--ast-global-color-4)","background-image":"","background-repeat":"repeat","background-position":"center center","background-size":"auto","background-attachment":"scroll","background-type":"","background-media":"","overlay-type":"","overlay-color":"","overlay-opacity":"","overlay-gradient":""},"tablet":{"background-color":"var(--ast-global-color-4)","background-image":"","background-repeat":"repeat","background-position":"center center","background-size":"auto","background-attachment":"scroll","background-type":"","background-media":"","overlay-type":"","overlay-color":"","overlay-opacity":"","overlay-gradient":""},"mobile":{"background-color":"var(--ast-global-color-4)","background-image":"","background-repeat":"repeat","background-position":"center center","background-size":"auto","background-attachment":"scroll","background-type":"","background-media":"","overlay-type":"","overlay-color":"","overlay-opacity":"","overlay-gradient":""}}},"product_brand":[],"product_cat":[19],"product_tag":[],"class_list":{"0":"post-21142","1":"product","2":"type-product","3":"status-publish","4":"has-post-thumbnail","6":"product_cat-uncategorized","7":"pa_43716_t3fyha0r-1-stk","8":"pa_43716_t3fyha0r-2-stk","9":"pa_43716_t3fyha0r-3-stk","10":"desktop-align-left","11":"tablet-align-left","12":"mobile-align-left","14":"first","15":"instock","16":"shipping-taxable","17":"purchasable","18":"product-type-variable"},"_links":{"self":[{"href":"https:\/\/ecostera.com\/dk\/wp-json\/wp\/v2\/product\/21142","targetHints":{"allow":["GET"]}}],"collection":[{"href":"https:\/\/ecostera.com\/dk\/wp-json\/wp\/v2\/product"}],"about":[{"href":"https:\/\/ecostera.com\/dk\/wp-json\/wp\/v2\/types\/product"}],"replies":[{"embeddable":true,"href":"https:\/\/ecostera.com\/dk\/wp-json\/wp\/v2\/comments?post=21142"}],"wp:featuredmedia":[{"embeddable":true,"href":"https:\/\/ecostera.com\/dk\/wp-json\/wp\/v2\/media\/21138"}],"wp:attachment":[{"href":"https:\/\/ecostera.com\/dk\/wp-json\/wp\/v2\/media?parent=21142"}],"wp:term":[{"taxonomy":"product_brand","embeddable":true,"href":"https:\/\/ecostera.com\/dk\/wp-json\/wp\/v2\/product_brand?post=21142"},{"taxonomy":"product_cat","embeddable":true,"href":"https:\/\/ecostera.com\/dk\/wp-json\/wp\/v2\/product_cat?post=21142"},{"taxonomy":"product_tag","embeddable":true,"href":"https:\/\/ecostera.com\/dk\/wp-json\/wp\/v2\/product_tag?post=21142"}],"curies":[{"name":"wp","href":"https:\/\/api.w.org\/{rel}","templated":true}]}}