{"id":21158,"date":"2025-09-19T15:40:36","date_gmt":"2025-09-19T12:40:36","guid":{"rendered":"https:\/\/ecostera.com\/dk\/product\/armbaand-2\/"},"modified":"2025-09-19T15:40:59","modified_gmt":"2025-09-19T12:40:59","slug":"armbaand-2","status":"publish","type":"product","link":"https:\/\/ecostera.com\/dk\/product\/armbaand-2\/","title":{"rendered":"Armb\u00e5nd"},"content":{"rendered":"<p style=\"text-align: center\" data-start=\"99\" data-end=\"170\"><strong data-start=\"99\" data-end=\"170\">\ud83d\udc3a Slip Din Indre Kriger L\u00f8s Med Dette Ulvearmb\u00e5nd I Vikingestil!<\/strong><\/p>\n<p style=\"text-align: center\" data-start=\"172\" data-end=\"325\">Dristigt, kraftfuldt og rigt p\u00e5 symbolik &#8211; dette armb\u00e5nd er ikke bare et smykke, det er et statement. Lavet til dem, der v\u00e6rds\u00e6tter styrke, loyalitet og \u00e6ldgammel \u00e5nd.<\/p>\n<p data-start=\"172\" data-end=\"325\"><img decoding=\"async\" class=\"size-full wp-image-27524 aligncenter\" src=\"https:\/\/keluvo.com\/template\/wp-content\/uploads\/sites\/5\/2025\/07\/07115-ezgif.com-video-to-webp-converter.webp\" alt=\"\" \/><\/p>\n<h2 style=\"text-align: center\" data-start=\"327\" data-end=\"350\">\u2694\ufe0f Hovedfordele<\/h2>\n<p data-start=\"353\" data-end=\"418\">\ud83d\udc3a Detaljeret ulvehoveddesign, der symboliserer mod og beskyttelse<\/p>\n<p data-start=\"421\" data-end=\"489\">\ud83d\udd29 Lavet af rustfrit st\u00e5l &#8211; holdbart, rustfrit og bygget til at holde<\/p>\n<p data-start=\"492\" data-end=\"535\">\ud83d\udccf F\u00e5s i 3 st\u00f8rrelser for en perfekt fit<\/p>\n<p data-start=\"492\" data-end=\"535\">\ud83d\udee1\ufe0f En god gave til vikingefans eller alle, der elsker unikt tilbeh\u00f8r<\/p>\n<p data-start=\"614\" data-end=\"666\">\ud83c\udf81 Leveres i en tr\u00e6\u00e6ske for et ekstra strejf af stil<\/p>\n<p data-start=\"614\" data-end=\"666\"><img decoding=\"async\" class=\"size-full wp-image-27525 aligncenter\" src=\"https:\/\/keluvo.com\/template\/wp-content\/uploads\/sites\/5\/2025\/07\/S693446c71ad04379b07c81582121c5b9z_783d475a-d143-4435-ae6c-8cc963fcca8a.webp\" alt=\"\" \/><\/p>\n<h2 style=\"text-align: center\" data-start=\"668\" data-end=\"688\">\ud83e\uddfe S\u00e5dan Bruges<\/h2>\n<ol data-start=\"689\" data-end=\"830\">\n<li data-start=\"689\" data-end=\"755\">\n<p data-start=\"692\" data-end=\"755\">Vind det rundt om dit h\u00e5ndled, og s\u00e6t ulvehovederne sammen.<\/p>\n<\/li>\n<li data-start=\"756\" data-end=\"830\">\n<p data-start=\"759\" data-end=\"830\">Brug det dagligt eller til s\u00e6rlige lejligheder for at vise din styrke og stil.<\/p>\n<\/li>\n<\/ol>\n<h2 style=\"text-align: center\" data-start=\"832\" data-end=\"857\">\ud83d\udccf Produktdetaljer<\/h2>\n<ul data-start=\"858\" data-end=\"974\">\n<li data-start=\"858\" data-end=\"887\">\n<p data-start=\"860\" data-end=\"887\">Materiale: Rustfrit st\u00e5l<\/p>\n<\/li>\n<li data-start=\"888\" data-end=\"921\">\n<p data-start=\"890\" data-end=\"921\">St\u00f8rrelser: 19 cm, 21 cm eller 23 cm<\/p>\n<\/li>\n<li data-start=\"922\" data-end=\"974\">\n<p data-start=\"924\" data-end=\"974\">Farve: S\u00f8lvfarvet finish med indviklede detaljer<\/p>\n<\/li>\n<\/ul>\n<h2 style=\"text-align: center\" data-start=\"976\" data-end=\"1002\">\ud83d\udce6 Pakken Indeholder<\/h2>\n<ul data-start=\"1003\" data-end=\"1060\">\n<li data-start=\"1003\" data-end=\"1031\">\n<p data-start=\"1005\" data-end=\"1031\">1x armb\u00e5nd<\/p>\n<\/li>\n<li data-start=\"1032\" data-end=\"1060\">\n<p data-start=\"1034\" data-end=\"1060\">1x f\u00f8rsteklasses gave\u00e6ske i tr\u00e6.<\/p>\n<\/li>\n<\/ul>\n","protected":false},"excerpt":{"rendered":"<p>\ud83d\udc3a Slip Din Indre Kriger L\u00f8s Med Dette Ulvearmb\u00e5nd I Vikingestil! Dristigt, kraftfuldt og rigt p\u00e5 symbolik &#8211; dette armb\u00e5nd [&hellip;]<\/p>\n","protected":false},"featured_media":21154,"comment_status":"open","ping_status":"closed","template":"","meta":{"site-sidebar-layout":"default","site-content-layout":"","ast-site-content-layout":"default","site-content-style":"default","site-sidebar-style":"default","ast-global-header-display":"","ast-banner-title-visibility":"","ast-main-header-display":"","ast-hfb-above-header-display":"","ast-hfb-below-header-display":"","ast-hfb-mobile-header-display":"","site-post-title":"","ast-breadcrumbs-content":"","ast-featured-img":"","footer-sml-layout":"","theme-transparent-header-meta":"default","adv-header-id-meta":"","stick-header-meta":"","header-above-stick-meta":"","header-main-stick-meta":"","header-below-stick-meta":"","astra-migrate-meta-layouts":"set","ast-page-background-enabled":"default","ast-page-background-meta":{"desktop":{"background-color":"var(--ast-global-color-5)","background-image":"","background-repeat":"repeat","background-position":"center center","background-size":"auto","background-attachment":"scroll","background-type":"","background-media":"","overlay-type":"","overlay-color":"","overlay-opacity":"","overlay-gradient":""},"tablet":{"background-color":"","background-image":"","background-repeat":"repeat","background-position":"center center","background-size":"auto","background-attachment":"scroll","background-type":"","background-media":"","overlay-type":"","overlay-color":"","overlay-opacity":"","overlay-gradient":""},"mobile":{"background-color":"","background-image":"","background-repeat":"repeat","background-position":"center center","background-size":"auto","background-attachment":"scroll","background-type":"","background-media":"","overlay-type":"","overlay-color":"","overlay-opacity":"","overlay-gradient":""}},"ast-content-background-meta":{"desktop":{"background-color":"var(--ast-global-color-4)","background-image":"","background-repeat":"repeat","background-position":"center center","background-size":"auto","background-attachment":"scroll","background-type":"","background-media":"","overlay-type":"","overlay-color":"","overlay-opacity":"","overlay-gradient":""},"tablet":{"background-color":"var(--ast-global-color-4)","background-image":"","background-repeat":"repeat","background-position":"center center","background-size":"auto","background-attachment":"scroll","background-type":"","background-media":"","overlay-type":"","overlay-color":"","overlay-opacity":"","overlay-gradient":""},"mobile":{"background-color":"var(--ast-global-color-4)","background-image":"","background-repeat":"repeat","background-position":"center center","background-size":"auto","background-attachment":"scroll","background-type":"","background-media":"","overlay-type":"","overlay-color":"","overlay-opacity":"","overlay-gradient":""}}},"product_brand":[],"product_cat":[19],"product_tag":[],"class_list":{"0":"post-21158","1":"product","2":"type-product","3":"status-publish","4":"has-post-thumbnail","6":"product_cat-uncategorized","7":"pa_41777_y7bfzrl2-19-cm","8":"pa_41777_y7bfzrl2-21-cm","9":"pa_41777_y7bfzrl2-23-cm","10":"desktop-align-left","11":"tablet-align-left","12":"mobile-align-left","14":"first","15":"instock","16":"shipping-taxable","17":"purchasable","18":"product-type-variable"},"_links":{"self":[{"href":"https:\/\/ecostera.com\/dk\/wp-json\/wp\/v2\/product\/21158","targetHints":{"allow":["GET"]}}],"collection":[{"href":"https:\/\/ecostera.com\/dk\/wp-json\/wp\/v2\/product"}],"about":[{"href":"https:\/\/ecostera.com\/dk\/wp-json\/wp\/v2\/types\/product"}],"replies":[{"embeddable":true,"href":"https:\/\/ecostera.com\/dk\/wp-json\/wp\/v2\/comments?post=21158"}],"wp:featuredmedia":[{"embeddable":true,"href":"https:\/\/ecostera.com\/dk\/wp-json\/wp\/v2\/media\/21154"}],"wp:attachment":[{"href":"https:\/\/ecostera.com\/dk\/wp-json\/wp\/v2\/media?parent=21158"}],"wp:term":[{"taxonomy":"product_brand","embeddable":true,"href":"https:\/\/ecostera.com\/dk\/wp-json\/wp\/v2\/product_brand?post=21158"},{"taxonomy":"product_cat","embeddable":true,"href":"https:\/\/ecostera.com\/dk\/wp-json\/wp\/v2\/product_cat?post=21158"},{"taxonomy":"product_tag","embeddable":true,"href":"https:\/\/ecostera.com\/dk\/wp-json\/wp\/v2\/product_tag?post=21158"}],"curies":[{"name":"wp","href":"https:\/\/api.w.org\/{rel}","templated":true}]}}