{"id":21225,"date":"2025-09-19T21:55:39","date_gmt":"2025-09-19T18:55:39","guid":{"rendered":"https:\/\/ecostera.com\/dk\/product\/hundelegetoej\/"},"modified":"2025-09-19T21:56:17","modified_gmt":"2025-09-19T18:56:17","slug":"hundelegetoej","status":"publish","type":"product","link":"https:\/\/ecostera.com\/dk\/product\/hundelegetoej\/","title":{"rendered":"Hundeleget\u00f8j"},"content":{"rendered":"<p style=\"text-align: center\" data-start=\"97\" data-end=\"176\"><strong>\ud83e\udd81 Din Hunds Nye Yndlingslegekammerat \u2013 Den Bev\u00e6ger Sig, Synger Og F\u00e5r Halerne Til At Logre!<\/strong><\/p>\n<p style=\"text-align: center\" data-start=\"178\" data-end=\"368\">Dette s\u00f8de interaktive hundeleget\u00f8j hopper, vrider sig og laver lyde, s\u00e5 din hund er underholdt i timevis. Det er designet til at v\u00e6kke nysgerrighed og gl\u00e6de og er den perfekte gave til k\u00e6ledyr i alle st\u00f8rrelser!<\/p>\n<p data-start=\"178\" data-end=\"368\"><img decoding=\"async\" class=\"size-full wp-image-26760 aligncenter\" src=\"https:\/\/keluvo.com\/template\/wp-content\/uploads\/sites\/5\/2025\/07\/db6de277-db6a-4db9-bc79-4680f4a2bb21.gif\" alt=\"\" \/><\/p>\n<h2 style=\"text-align: center\" data-start=\"370\" data-end=\"391\">\ud83d\udc3e Vigtigste Fordele<\/h2>\n<p data-start=\"394\" data-end=\"439\">\ud83c\udfb5 Afspiller musik og lyde for at fange opm\u00e6rksomheden<\/p>\n<p data-start=\"442\" data-end=\"493\">\ud83e\udd2a Vrikker, ryster og danser for at begejstre din hvalp<\/p>\n<p data-start=\"496\" data-end=\"546\">\ud83e\udde0 Opmuntrer til aktiv leg og mental stimulering<\/p>\n<p data-start=\"549\" data-end=\"607\">\ud83d\udc36 Bl\u00f8dt plys-materiale \u2013 perfekt til at kramme og tygge p\u00e5<\/p>\n<p data-start=\"610\" data-end=\"647\">\ud83d\udd0b USB-opladeligt og nemt at reng\u00f8re<\/p>\n<p data-start=\"610\" data-end=\"647\"><img decoding=\"async\" class=\"size-full wp-image-26761 aligncenter\" src=\"https:\/\/keluvo.com\/template\/wp-content\/uploads\/sites\/5\/2025\/07\/61c42eac-b3b6-462f-a994-09dfff537301.gif\" alt=\"\" \/><\/p>\n<h2 style=\"text-align: center\" data-start=\"649\" data-end=\"669\">\ud83e\uddb4 S\u00e5dan Fungerer Det<\/h2>\n<ol data-start=\"670\" data-end=\"852\">\n<li data-start=\"670\" data-end=\"723\">\n<p data-start=\"673\" data-end=\"723\">Tryk p\u00e5 knappen for at aktivere bev\u00e6gelse og lyd.<\/p>\n<\/li>\n<li data-start=\"724\" data-end=\"773\">\n<p data-start=\"727\" data-end=\"773\">Lad dit k\u00e6ledyr jage, bide eller k\u00e6le for leget\u00f8jet.<\/p>\n<\/li>\n<li data-start=\"774\" data-end=\"852\">\n<p data-start=\"777\" data-end=\"852\">Leget\u00f8jet stopper automatisk efter 10 sekunder \u2013 klar til n\u00e6ste omgang sjov!<\/p>\n<\/li>\n<\/ol>\n<h2 style=\"text-align: center\" data-start=\"854\" data-end=\"877\">\ud83d\udcd0 Produktdetaljer<\/h2>\n<ul data-start=\"878\" data-end=\"1048\">\n<li data-start=\"878\" data-end=\"900\">\n<p data-start=\"880\" data-end=\"900\">St\u00f8rrelse: ca. 30 cm<\/p>\n<\/li>\n<li data-start=\"950\" data-end=\"982\">\n<p data-start=\"952\" data-end=\"982\">Opladning: USB-kabel medf\u00f8lger<\/p>\n<\/li>\n<li data-start=\"983\" data-end=\"1018\">\n<p data-start=\"985\" data-end=\"1018\">Batteri: Genopladelig (via USB)<\/p>\n<\/li>\n<li data-start=\"1019\" data-end=\"1048\">\n<p data-start=\"1021\" data-end=\"1048\">Materiale: Bl\u00f8dt plysstof<\/p>\n<\/li>\n<\/ul>\n<h2 style=\"text-align: center\" data-start=\"1050\" data-end=\"1074\">\ud83d\udce6 Pakken Indeholder<\/h2>\n<ul data-start=\"1075\" data-end=\"1157\">\n<li data-start=\"1075\" data-end=\"1107\">\n<p data-start=\"1077\" data-end=\"1107\">1x hundeleget\u00f8j<\/p>\n<\/li>\n<li data-start=\"1108\" data-end=\"1133\">\n<p data-start=\"1110\" data-end=\"1133\">1x USB-opladerkabel<\/p>\n<\/li>\n<li data-start=\"1134\" data-end=\"1157\">\n<p data-start=\"1136\" data-end=\"1157\">1x brugsanvisning.<\/p>\n<\/li>\n<\/ul>\n","protected":false},"excerpt":{"rendered":"<p>\ud83e\udd81 Din Hunds Nye Yndlingslegekammerat \u2013 Den Bev\u00e6ger Sig, Synger Og F\u00e5r Halerne Til At Logre! Dette s\u00f8de interaktive hundeleget\u00f8j [&hellip;]<\/p>\n","protected":false},"featured_media":21221,"comment_status":"open","ping_status":"closed","template":"","meta":{"site-sidebar-layout":"default","site-content-layout":"","ast-site-content-layout":"default","site-content-style":"default","site-sidebar-style":"default","ast-global-header-display":"","ast-banner-title-visibility":"","ast-main-header-display":"","ast-hfb-above-header-display":"","ast-hfb-below-header-display":"","ast-hfb-mobile-header-display":"","site-post-title":"","ast-breadcrumbs-content":"","ast-featured-img":"","footer-sml-layout":"","theme-transparent-header-meta":"default","adv-header-id-meta":"","stick-header-meta":"","header-above-stick-meta":"","header-main-stick-meta":"","header-below-stick-meta":"","astra-migrate-meta-layouts":"set","ast-page-background-enabled":"default","ast-page-background-meta":{"desktop":{"background-color":"var(--ast-global-color-5)","background-image":"","background-repeat":"repeat","background-position":"center center","background-size":"auto","background-attachment":"scroll","background-type":"","background-media":"","overlay-type":"","overlay-color":"","overlay-opacity":"","overlay-gradient":""},"tablet":{"background-color":"","background-image":"","background-repeat":"repeat","background-position":"center center","background-size":"auto","background-attachment":"scroll","background-type":"","background-media":"","overlay-type":"","overlay-color":"","overlay-opacity":"","overlay-gradient":""},"mobile":{"background-color":"","background-image":"","background-repeat":"repeat","background-position":"center center","background-size":"auto","background-attachment":"scroll","background-type":"","background-media":"","overlay-type":"","overlay-color":"","overlay-opacity":"","overlay-gradient":""}},"ast-content-background-meta":{"desktop":{"background-color":"var(--ast-global-color-4)","background-image":"","background-repeat":"repeat","background-position":"center center","background-size":"auto","background-attachment":"scroll","background-type":"","background-media":"","overlay-type":"","overlay-color":"","overlay-opacity":"","overlay-gradient":""},"tablet":{"background-color":"var(--ast-global-color-4)","background-image":"","background-repeat":"repeat","background-position":"center center","background-size":"auto","background-attachment":"scroll","background-type":"","background-media":"","overlay-type":"","overlay-color":"","overlay-opacity":"","overlay-gradient":""},"mobile":{"background-color":"var(--ast-global-color-4)","background-image":"","background-repeat":"repeat","background-position":"center center","background-size":"auto","background-attachment":"scroll","background-type":"","background-media":"","overlay-type":"","overlay-color":"","overlay-opacity":"","overlay-gradient":""}}},"product_brand":[],"product_cat":[19],"product_tag":[],"class_list":{"0":"post-21225","1":"product","2":"type-product","3":"status-publish","4":"has-post-thumbnail","6":"product_cat-uncategorized","7":"pa_31869_voccyhus-blaa-gris","8":"pa_31869_voccyhus-hamster","9":"pa_31869_voccyhus-hvalp","10":"pa_31869_voccyhus-kanin","11":"pa_31869_voccyhus-loeve","12":"pa_31869_voccyhus-roed-gris","13":"pa_31869_voccyhus-tiger","14":"desktop-align-left","15":"tablet-align-left","16":"mobile-align-left","18":"first","19":"instock","20":"shipping-taxable","21":"purchasable","22":"product-type-variable"},"_links":{"self":[{"href":"https:\/\/ecostera.com\/dk\/wp-json\/wp\/v2\/product\/21225","targetHints":{"allow":["GET"]}}],"collection":[{"href":"https:\/\/ecostera.com\/dk\/wp-json\/wp\/v2\/product"}],"about":[{"href":"https:\/\/ecostera.com\/dk\/wp-json\/wp\/v2\/types\/product"}],"replies":[{"embeddable":true,"href":"https:\/\/ecostera.com\/dk\/wp-json\/wp\/v2\/comments?post=21225"}],"wp:featuredmedia":[{"embeddable":true,"href":"https:\/\/ecostera.com\/dk\/wp-json\/wp\/v2\/media\/21221"}],"wp:attachment":[{"href":"https:\/\/ecostera.com\/dk\/wp-json\/wp\/v2\/media?parent=21225"}],"wp:term":[{"taxonomy":"product_brand","embeddable":true,"href":"https:\/\/ecostera.com\/dk\/wp-json\/wp\/v2\/product_brand?post=21225"},{"taxonomy":"product_cat","embeddable":true,"href":"https:\/\/ecostera.com\/dk\/wp-json\/wp\/v2\/product_cat?post=21225"},{"taxonomy":"product_tag","embeddable":true,"href":"https:\/\/ecostera.com\/dk\/wp-json\/wp\/v2\/product_tag?post=21225"}],"curies":[{"name":"wp","href":"https:\/\/api.w.org\/{rel}","templated":true}]}}