{"id":21278,"date":"2025-09-19T22:01:20","date_gmt":"2025-09-19T19:01:20","guid":{"rendered":"https:\/\/ecostera.com\/dk\/product\/skuldertaske-4\/"},"modified":"2025-09-19T22:01:46","modified_gmt":"2025-09-19T19:01:46","slug":"skuldertaske-4","status":"publish","type":"product","link":"https:\/\/ecostera.com\/dk\/product\/skuldertaske-4\/","title":{"rendered":"Skuldertaske"},"content":{"rendered":"<p style=\"text-align: center\" data-start=\"77\" data-end=\"135\"><strong>\ud83d\udc5c Din Hverdagstaske \u2014 Lavet Til Komfort, Plads Og Stil!<\/strong><\/p>\n<p style=\"text-align: center\" data-start=\"137\" data-end=\"359\">Denne lette skuldertaske er bygget til travle dage og ubesv\u00e6ret mode. Med flere lynl\u00e5slommer, vandafvisende stof og en justerbar rem er den den perfekte f\u00f8lgesvend til \u00e6rinder, rejser eller hverdagsbrug.<\/p>\n<p data-start=\"137\" data-end=\"359\"><img decoding=\"async\" class=\"size-full wp-image-28018 aligncenter\" src=\"https:\/\/keluvo.com\/template\/wp-content\/uploads\/sites\/5\/2025\/07\/2c7eb7c5f4b2888e48c7024d60b4aa0e3288311377901005784746EN26aa960b8c996dd064728bcd7afb6d306.gif\" alt=\"\" \/><\/p>\n<h2 style=\"text-align: center\">\u2728 Hovedfordele<\/h2>\n<p data-start=\"384\" data-end=\"431\">\ud83c\udf92 Rummeligt design med flere rum<\/p>\n<p data-start=\"434\" data-end=\"475\">\ud83d\udca6 Vandafvisende og slidst\u00e6rkt materiale<\/p>\n<p data-start=\"478\" data-end=\"521\">\ud83e\uddf7 Sikker lynl\u00e5slukning holder tingene sikre<\/p>\n<p data-start=\"524\" data-end=\"573\">\ud83d\udcbc Stilfuld, men praktisk &#8211; perfekt til daglig brug wear<\/p>\n<p data-start=\"576\" data-end=\"614\">\ud83d\udd90\ufe0f Komfortable brede skulderstropper<\/p>\n<p data-start=\"576\" data-end=\"614\"><img decoding=\"async\" class=\"size-full wp-image-28019 aligncenter\" src=\"https:\/\/keluvo.com\/template\/wp-content\/uploads\/sites\/5\/2025\/07\/d2556decacdbe5667efcd789c03e0b1c3288311377901005784746EN2ef8d2a6b658a580131da4d0ff09ce557.gif\" alt=\"\" \/><\/p>\n<h2 style=\"text-align: center\" data-start=\"616\" data-end=\"634\">\ud83d\udccc S\u00e5dan Bruges<\/h2>\n<ol data-start=\"635\" data-end=\"787\">\n<li data-start=\"635\" data-end=\"694\">\n<p data-start=\"638\" data-end=\"694\">Organiser dine vigtigste ting &#8211; telefon, pung, n\u00f8gler, makeup.<\/p>\n<\/li>\n<li data-start=\"695\" data-end=\"748\">\n<p data-start=\"698\" data-end=\"748\">Slyng den over skulderen eller hold den i h\u00e5ndtaget.<\/p>\n<\/li>\n<li data-start=\"749\" data-end=\"787\">\n<p data-start=\"752\" data-end=\"787\">Nyd en h\u00e5ndfri, bekymringsfri dag!<\/p>\n<\/li>\n<\/ol>\n<h2 style=\"text-align: center\" data-start=\"789\" data-end=\"812\">\ud83d\udcd0 Produktdetaljer<\/h2>\n<ul data-start=\"813\" data-end=\"932\">\n<li data-start=\"850\" data-end=\"881\">\n<p data-start=\"852\" data-end=\"881\">Materiale: bl\u00f8dt nylonstof<\/p>\n<\/li>\n<li data-start=\"882\" data-end=\"932\">\n<p data-start=\"884\" data-end=\"932\">Vedligeholdelse: t\u00f8rres af med et v\u00e5dt h\u00e5ndkl\u00e6de, kun luftt\u00f8rring<\/p>\n<\/li>\n<\/ul>\n<h2 style=\"text-align: center\" data-start=\"934\" data-end=\"958\">\ud83d\udce6 Pakken Indeholder<\/h2>\n<ul data-start=\"959\" data-end=\"991\">\n<li data-start=\"959\" data-end=\"991\">\n<p data-start=\"961\" data-end=\"991\">1x skuldertaske til kvinder.<\/p>\n<\/li>\n<\/ul>\n","protected":false},"excerpt":{"rendered":"<p>\ud83d\udc5c Din Hverdagstaske \u2014 Lavet Til Komfort, Plads Og Stil! Denne lette skuldertaske er bygget til travle dage og ubesv\u00e6ret [&hellip;]<\/p>\n","protected":false},"featured_media":21274,"comment_status":"open","ping_status":"closed","template":"","meta":{"site-sidebar-layout":"default","site-content-layout":"","ast-site-content-layout":"default","site-content-style":"default","site-sidebar-style":"default","ast-global-header-display":"","ast-banner-title-visibility":"","ast-main-header-display":"","ast-hfb-above-header-display":"","ast-hfb-below-header-display":"","ast-hfb-mobile-header-display":"","site-post-title":"","ast-breadcrumbs-content":"","ast-featured-img":"","footer-sml-layout":"","theme-transparent-header-meta":"default","adv-header-id-meta":"","stick-header-meta":"","header-above-stick-meta":"","header-main-stick-meta":"","header-below-stick-meta":"","astra-migrate-meta-layouts":"set","ast-page-background-enabled":"default","ast-page-background-meta":{"desktop":{"background-color":"var(--ast-global-color-5)","background-image":"","background-repeat":"repeat","background-position":"center center","background-size":"auto","background-attachment":"scroll","background-type":"","background-media":"","overlay-type":"","overlay-color":"","overlay-opacity":"","overlay-gradient":""},"tablet":{"background-color":"","background-image":"","background-repeat":"repeat","background-position":"center center","background-size":"auto","background-attachment":"scroll","background-type":"","background-media":"","overlay-type":"","overlay-color":"","overlay-opacity":"","overlay-gradient":""},"mobile":{"background-color":"","background-image":"","background-repeat":"repeat","background-position":"center center","background-size":"auto","background-attachment":"scroll","background-type":"","background-media":"","overlay-type":"","overlay-color":"","overlay-opacity":"","overlay-gradient":""}},"ast-content-background-meta":{"desktop":{"background-color":"var(--ast-global-color-4)","background-image":"","background-repeat":"repeat","background-position":"center center","background-size":"auto","background-attachment":"scroll","background-type":"","background-media":"","overlay-type":"","overlay-color":"","overlay-opacity":"","overlay-gradient":""},"tablet":{"background-color":"var(--ast-global-color-4)","background-image":"","background-repeat":"repeat","background-position":"center center","background-size":"auto","background-attachment":"scroll","background-type":"","background-media":"","overlay-type":"","overlay-color":"","overlay-opacity":"","overlay-gradient":""},"mobile":{"background-color":"var(--ast-global-color-4)","background-image":"","background-repeat":"repeat","background-position":"center center","background-size":"auto","background-attachment":"scroll","background-type":"","background-media":"","overlay-type":"","overlay-color":"","overlay-opacity":"","overlay-gradient":""}}},"product_brand":[],"product_cat":[19],"product_tag":[],"class_list":{"0":"post-21278","1":"product","2":"type-product","3":"status-publish","4":"has-post-thumbnail","6":"product_cat-uncategorized","7":"pa_35025_f431lhz1-graa","8":"pa_35025_f431lhz1-kaffe","9":"pa_35025_f431lhz1-khaki","10":"pa_35025_f431lhz1-sort","11":"desktop-align-left","12":"tablet-align-left","13":"mobile-align-left","15":"first","16":"instock","17":"shipping-taxable","18":"purchasable","19":"product-type-variable"},"_links":{"self":[{"href":"https:\/\/ecostera.com\/dk\/wp-json\/wp\/v2\/product\/21278","targetHints":{"allow":["GET"]}}],"collection":[{"href":"https:\/\/ecostera.com\/dk\/wp-json\/wp\/v2\/product"}],"about":[{"href":"https:\/\/ecostera.com\/dk\/wp-json\/wp\/v2\/types\/product"}],"replies":[{"embeddable":true,"href":"https:\/\/ecostera.com\/dk\/wp-json\/wp\/v2\/comments?post=21278"}],"wp:featuredmedia":[{"embeddable":true,"href":"https:\/\/ecostera.com\/dk\/wp-json\/wp\/v2\/media\/21274"}],"wp:attachment":[{"href":"https:\/\/ecostera.com\/dk\/wp-json\/wp\/v2\/media?parent=21278"}],"wp:term":[{"taxonomy":"product_brand","embeddable":true,"href":"https:\/\/ecostera.com\/dk\/wp-json\/wp\/v2\/product_brand?post=21278"},{"taxonomy":"product_cat","embeddable":true,"href":"https:\/\/ecostera.com\/dk\/wp-json\/wp\/v2\/product_cat?post=21278"},{"taxonomy":"product_tag","embeddable":true,"href":"https:\/\/ecostera.com\/dk\/wp-json\/wp\/v2\/product_tag?post=21278"}],"curies":[{"name":"wp","href":"https:\/\/api.w.org\/{rel}","templated":true}]}}