{"id":21295,"date":"2025-09-19T22:04:33","date_gmt":"2025-09-19T19:04:33","guid":{"rendered":"https:\/\/ecostera.com\/dk\/product\/sammenklappeligt-pedaltrin\/"},"modified":"2025-10-07T15:26:59","modified_gmt":"2025-10-07T12:26:59","slug":"sammenklappeligt-pedaltrin","status":"publish","type":"product","link":"https:\/\/ecostera.com\/dk\/product\/sammenklappeligt-pedaltrin\/","title":{"rendered":"Sammenklappeligt pedaltrin"},"content":{"rendered":"<p style=\"text-align: center\" data-start=\"0\" data-end=\"89\"><strong data-start=\"0\" data-end=\"89\">\ud83d\ude97 N\u00e5 Nemt Dit Biltag Og V\u00e6r Sikker I N\u00f8dsituationer Med Dette Foldbare Pedaltrin!<\/strong><\/p>\n<p style=\"text-align: center\" data-start=\"91\" data-end=\"378\">Dette kompakte og holdbare foldbare pedaltrin er designet til at hj\u00e6lpe dig med hurtigt at f\u00e5 adgang til dit biltag for at l\u00e6sse udstyr, reng\u00f8re eller tage billeder. Det er lavet af en st\u00e6rk aluminiumslegering med skridsikkert design og indbygget sikkerhedshammer, og det fungerer ogs\u00e5 som et n\u00f8dhj\u00e6lpsv\u00e6rkt\u00f8j &#8211; perfekt til enhver bilist.<\/p>\n<p data-start=\"91\" data-end=\"378\"><img decoding=\"async\" class=\"size-full wp-image-28033 aligncenter\" src=\"https:\/\/keluvo.com\/template\/wp-content\/uploads\/sites\/5\/2025\/07\/1d1eea45-4856-4874-ad46-22a01102ba6f.gif\" alt=\"\" \/><\/p>\n<h2 style=\"text-align: center\" data-start=\"385\" data-end=\"407\">\ud83c\udf1f Vigtigste Fordele<\/h2>\n<p data-start=\"410\" data-end=\"486\">\ud83d\ude97 Du kan nemt n\u00e5 bilens tag for at l\u00e6sse bagage, kajakker, cykler og meget mere<\/p>\n<p data-start=\"489\" data-end=\"558\">\ud83d\udd28 Sikkerhedshammeren hj\u00e6lper dig med at knuse vinduet, hvis det er n\u00f8dvendigt<\/p>\n<p data-start=\"561\" data-end=\"619\">\ud83e\uddb6 Den skridsikre overflade sikrer stabilitet og sikkerhed footing<\/p>\n<p data-start=\"622\" data-end=\"684\">\ud83d\udee0\ufe0f Beskyttende skum forhindrer ridser i bilens lak<\/p>\n<p data-start=\"687\" data-end=\"752\">\ud83d\udce6 Sammenklappelig og b\u00e6rbar &#8211; nem at opbevare og have med overalt<\/p>\n<p data-start=\"687\" data-end=\"752\"><img decoding=\"async\" class=\"size-full wp-image-28038 aligncenter\" src=\"https:\/\/keluvo.com\/template\/wp-content\/uploads\/sites\/5\/2025\/07\/S48b8e74a25484405921417db8402fb81X.jpg\" alt=\"\" \/><\/p>\n<h2 style=\"text-align: center\" data-start=\"759\" data-end=\"778\">\ud83e\udded S\u00e5dan Bruges<\/h2>\n<ol data-start=\"779\" data-end=\"1024\">\n<li data-start=\"779\" data-end=\"826\">\n<p data-start=\"782\" data-end=\"826\">H\u00e6ng pedalen p\u00e5 bilens d\u00f8rl\u00e5s.<\/p>\n<\/li>\n<li data-start=\"827\" data-end=\"888\">\n<p data-start=\"830\" data-end=\"888\">Tr\u00e6d p\u00e5 den skridsikre overflade for at komme sikkert op p\u00e5 taget.<\/p>\n<\/li>\n<li data-start=\"889\" data-end=\"957\">\n<p data-start=\"892\" data-end=\"957\">n\u00e5r du er f\u00e6rdig, kan du folde pedalen sammen og opbevare den i handskerummet eller bagagerummet.<\/p>\n<\/li>\n<li data-start=\"958\" data-end=\"1024\">\n<p data-start=\"961\" data-end=\"1024\">i n\u00f8dstilf\u00e6lde kan du bruge hammeren til at knuse ruden.<\/p>\n<\/li>\n<\/ol>\n<h2 style=\"text-align: center\" data-start=\"1031\" data-end=\"1055\">\ud83d\udccf Produktdetaljer<\/h2>\n<ul data-start=\"1056\" data-end=\"1270\">\n<li data-start=\"1073\" data-end=\"1119\">\n<p data-start=\"1075\" data-end=\"1119\">Materiale: Aluminiumslegering + beskyttende skum<\/p>\n<\/li>\n<li data-start=\"1120\" data-end=\"1166\">\n<p data-start=\"1122\" data-end=\"1166\">St\u00f8rrelse: 17 x 9 x 3,2 cm<\/p>\n<\/li>\n<li data-start=\"1167\" data-end=\"1207\">\n<p data-start=\"1169\" data-end=\"1207\">Max v\u00e6gtkapacitet: 85 kg<\/p>\n<\/li>\n<li data-start=\"1208\" data-end=\"1270\">\n<p data-start=\"1210\" data-end=\"1270\">Brug: Adgang til tag, n\u00f8dudgang, fotografering, reng\u00f8ring<\/p>\n<\/li>\n<\/ul>\n<h2 style=\"text-align: center\" data-start=\"1277\" data-end=\"1302\">\ud83d\udce6 Pakken Indeholder<\/h2>\n<ul data-start=\"1303\" data-end=\"1343\">\n<li data-start=\"1303\" data-end=\"1343\">\n<p data-start=\"1305\" data-end=\"1343\">1, 2, 3x sammenklappeligt pedaltrin.<\/p>\n<\/li>\n<\/ul>\n","protected":false},"excerpt":{"rendered":"<p>\ud83d\ude97 N\u00e5 Nemt Dit Biltag Og V\u00e6r Sikker I N\u00f8dsituationer Med Dette Foldbare Pedaltrin! Dette kompakte og holdbare foldbare pedaltrin [&hellip;]<\/p>\n","protected":false},"featured_media":21291,"comment_status":"open","ping_status":"closed","template":"","meta":{"site-sidebar-layout":"default","site-content-layout":"","ast-site-content-layout":"default","site-content-style":"default","site-sidebar-style":"default","ast-global-header-display":"","ast-banner-title-visibility":"","ast-main-header-display":"","ast-hfb-above-header-display":"","ast-hfb-below-header-display":"","ast-hfb-mobile-header-display":"","site-post-title":"","ast-breadcrumbs-content":"","ast-featured-img":"","footer-sml-layout":"","theme-transparent-header-meta":"default","adv-header-id-meta":"","stick-header-meta":"","header-above-stick-meta":"","header-main-stick-meta":"","header-below-stick-meta":"","astra-migrate-meta-layouts":"set","ast-page-background-enabled":"default","ast-page-background-meta":{"desktop":{"background-color":"var(--ast-global-color-5)","background-image":"","background-repeat":"repeat","background-position":"center center","background-size":"auto","background-attachment":"scroll","background-type":"","background-media":"","overlay-type":"","overlay-color":"","overlay-opacity":"","overlay-gradient":""},"tablet":{"background-color":"","background-image":"","background-repeat":"repeat","background-position":"center center","background-size":"auto","background-attachment":"scroll","background-type":"","background-media":"","overlay-type":"","overlay-color":"","overlay-opacity":"","overlay-gradient":""},"mobile":{"background-color":"","background-image":"","background-repeat":"repeat","background-position":"center center","background-size":"auto","background-attachment":"scroll","background-type":"","background-media":"","overlay-type":"","overlay-color":"","overlay-opacity":"","overlay-gradient":""}},"ast-content-background-meta":{"desktop":{"background-color":"var(--ast-global-color-4)","background-image":"","background-repeat":"repeat","background-position":"center center","background-size":"auto","background-attachment":"scroll","background-type":"","background-media":"","overlay-type":"","overlay-color":"","overlay-opacity":"","overlay-gradient":""},"tablet":{"background-color":"var(--ast-global-color-4)","background-image":"","background-repeat":"repeat","background-position":"center center","background-size":"auto","background-attachment":"scroll","background-type":"","background-media":"","overlay-type":"","overlay-color":"","overlay-opacity":"","overlay-gradient":""},"mobile":{"background-color":"var(--ast-global-color-4)","background-image":"","background-repeat":"repeat","background-position":"center center","background-size":"auto","background-attachment":"scroll","background-type":"","background-media":"","overlay-type":"","overlay-color":"","overlay-opacity":"","overlay-gradient":""}}},"product_brand":[],"product_cat":[19],"product_tag":[],"class_list":{"0":"post-21295","1":"product","2":"type-product","3":"status-publish","4":"has-post-thumbnail","6":"product_cat-uncategorized","7":"pa_32238_uo7u8rrt-1-stk","8":"pa_32238_uo7u8rrt-2-stk","9":"pa_32238_uo7u8rrt-3-stk","10":"desktop-align-left","11":"tablet-align-left","12":"mobile-align-left","14":"first","15":"instock","16":"shipping-taxable","17":"purchasable","18":"product-type-variable"},"_links":{"self":[{"href":"https:\/\/ecostera.com\/dk\/wp-json\/wp\/v2\/product\/21295","targetHints":{"allow":["GET"]}}],"collection":[{"href":"https:\/\/ecostera.com\/dk\/wp-json\/wp\/v2\/product"}],"about":[{"href":"https:\/\/ecostera.com\/dk\/wp-json\/wp\/v2\/types\/product"}],"replies":[{"embeddable":true,"href":"https:\/\/ecostera.com\/dk\/wp-json\/wp\/v2\/comments?post=21295"}],"wp:featuredmedia":[{"embeddable":true,"href":"https:\/\/ecostera.com\/dk\/wp-json\/wp\/v2\/media\/21291"}],"wp:attachment":[{"href":"https:\/\/ecostera.com\/dk\/wp-json\/wp\/v2\/media?parent=21295"}],"wp:term":[{"taxonomy":"product_brand","embeddable":true,"href":"https:\/\/ecostera.com\/dk\/wp-json\/wp\/v2\/product_brand?post=21295"},{"taxonomy":"product_cat","embeddable":true,"href":"https:\/\/ecostera.com\/dk\/wp-json\/wp\/v2\/product_cat?post=21295"},{"taxonomy":"product_tag","embeddable":true,"href":"https:\/\/ecostera.com\/dk\/wp-json\/wp\/v2\/product_tag?post=21295"}],"curies":[{"name":"wp","href":"https:\/\/api.w.org\/{rel}","templated":true}]}}