{"id":21319,"date":"2025-09-19T22:06:53","date_gmt":"2025-09-19T19:06:53","guid":{"rendered":"https:\/\/ecostera.com\/dk\/product\/stille-basketball\/"},"modified":"2025-09-19T22:07:50","modified_gmt":"2025-09-19T19:07:50","slug":"stille-basketball","status":"publish","type":"product","link":"https:\/\/ecostera.com\/dk\/product\/stille-basketball\/","title":{"rendered":"Stille basketball"},"content":{"rendered":"<p style=\"text-align: center\" data-start=\"78\" data-end=\"118\"><strong>\ud83c\udfc0 \u00d8v dig n\u00e5r som helst &#8211; uden st\u00f8j!<\/strong><\/p>\n<p style=\"text-align: center\" data-start=\"120\" data-end=\"359\">Denne lydl\u00f8se basketball er specielt designet til at hoppe som en almindelig bold, men uden de h\u00f8je brag. Uanset om du tr\u00e6ner indend\u00f8rs, i en lejlighed eller p\u00e5 stille tidspunkter, kan du drible, skyde og spille uden at forstyrre nogen.<\/p>\n<p data-start=\"120\" data-end=\"359\"><img decoding=\"async\" class=\"size-full wp-image-28053 aligncenter\" src=\"https:\/\/keluvo.com\/template\/wp-content\/uploads\/sites\/5\/2025\/07\/1925d46a60f149ce3eb5d6f33c801b62637210b4.webp\" alt=\"\" \/><\/p>\n<h2 style=\"text-align: center\" data-start=\"361\" data-end=\"382\"><strong>\ud83e\udd2b Vigtigste Fordele<\/strong><\/h2>\n<p data-start=\"385\" data-end=\"431\">\ud83d\udd07 Ultra-stille bounce &#8211; ikke flere st\u00f8jende gulve<\/p>\n<p data-start=\"434\" data-end=\"479\">\ud83c\udfe1 Sikker til indend\u00f8rs brug og i lejligheder<\/p>\n<p data-start=\"482\" data-end=\"517\">\ud83c\udfc0 Bouncer som en rigtig basketball<\/p>\n<p data-start=\"520\" data-end=\"564\">\ud83d\udcaa Bl\u00f8dt skummateriale &#8211; holdbart og sk\u00e5nsomt<\/p>\n<p data-start=\"567\" data-end=\"628\">\ud83c\udfaf Perfekt til b\u00f8rn, teenagere og basketball-elskere i alle aldre<\/p>\n<p data-start=\"567\" data-end=\"628\"><img decoding=\"async\" class=\"size-full wp-image-28054 aligncenter\" src=\"https:\/\/keluvo.com\/template\/wp-content\/uploads\/sites\/5\/2025\/07\/f3f65756109af7cb6fe1fd62aea4f7cf35ea771c.webp\" alt=\"\" \/><\/p>\n<h2 style=\"text-align: center\" data-start=\"630\" data-end=\"648\"><strong>\ud83d\udccc S\u00e5dan Bruges<\/strong><\/h2>\n<ol data-start=\"649\" data-end=\"781\">\n<li data-start=\"649\" data-end=\"685\">\n<p data-start=\"652\" data-end=\"685\">V\u00e6lg din foretrukne boldst\u00f8rrelse.<\/p>\n<\/li>\n<li data-start=\"686\" data-end=\"731\">\n<p data-start=\"689\" data-end=\"731\">Begynd at drible og tr\u00e6ne som normalt.<\/p>\n<\/li>\n<li data-start=\"732\" data-end=\"781\">\n<p data-start=\"735\" data-end=\"781\">Nyd stilheden, mens du forbedrer dine f\u00e6rdigheder!<\/p>\n<\/li>\n<\/ol>\n<h2 style=\"text-align: center\" data-start=\"783\" data-end=\"806\"><strong>\ud83d\udcd0 Produktdetaljer<\/strong><\/h2>\n<ul data-start=\"807\" data-end=\"949\">\n<li data-start=\"807\" data-end=\"868\">\n<p data-start=\"809\" data-end=\"868\">Tilg\u00e6ngelige st\u00f8rrelser: 18 cm (3-6 \u00e5r), 21 cm (7-13 \u00e5r), 24 cm (over 14 \u00e5r)<\/p>\n<\/li>\n<li data-start=\"869\" data-end=\"913\">\n<p data-start=\"871\" data-end=\"913\">Materiale: bl\u00f8dt, h\u00f8jelastisk EVA-skum<\/p>\n<\/li>\n<li data-start=\"914\" data-end=\"949\">\n<p data-start=\"916\" data-end=\"949\">Velegnet til indend\u00f8rs\/udend\u00f8rs brug<\/p>\n<\/li>\n<\/ul>\n<h2 style=\"text-align: center\" data-start=\"951\" data-end=\"975\"><strong>\ud83d\udce6 Pakken Indeholder<\/strong><\/h2>\n<ul data-start=\"976\" data-end=\"1000\">\n<li data-start=\"976\" data-end=\"1000\">\n<p data-start=\"978\" data-end=\"1000\">1x lydl\u00f8s basketball.<\/p>\n<\/li>\n<\/ul>\n","protected":false},"excerpt":{"rendered":"<p>\ud83c\udfc0 \u00d8v dig n\u00e5r som helst &#8211; uden st\u00f8j! Denne lydl\u00f8se basketball er specielt designet til at hoppe som en [&hellip;]<\/p>\n","protected":false},"featured_media":21315,"comment_status":"open","ping_status":"closed","template":"","meta":{"site-sidebar-layout":"default","site-content-layout":"","ast-site-content-layout":"default","site-content-style":"default","site-sidebar-style":"default","ast-global-header-display":"","ast-banner-title-visibility":"","ast-main-header-display":"","ast-hfb-above-header-display":"","ast-hfb-below-header-display":"","ast-hfb-mobile-header-display":"","site-post-title":"","ast-breadcrumbs-content":"","ast-featured-img":"","footer-sml-layout":"","theme-transparent-header-meta":"default","adv-header-id-meta":"","stick-header-meta":"","header-above-stick-meta":"","header-main-stick-meta":"","header-below-stick-meta":"","astra-migrate-meta-layouts":"set","ast-page-background-enabled":"default","ast-page-background-meta":{"desktop":{"background-color":"var(--ast-global-color-5)","background-image":"","background-repeat":"repeat","background-position":"center center","background-size":"auto","background-attachment":"scroll","background-type":"","background-media":"","overlay-type":"","overlay-color":"","overlay-opacity":"","overlay-gradient":""},"tablet":{"background-color":"","background-image":"","background-repeat":"repeat","background-position":"center center","background-size":"auto","background-attachment":"scroll","background-type":"","background-media":"","overlay-type":"","overlay-color":"","overlay-opacity":"","overlay-gradient":""},"mobile":{"background-color":"","background-image":"","background-repeat":"repeat","background-position":"center center","background-size":"auto","background-attachment":"scroll","background-type":"","background-media":"","overlay-type":"","overlay-color":"","overlay-opacity":"","overlay-gradient":""}},"ast-content-background-meta":{"desktop":{"background-color":"var(--ast-global-color-4)","background-image":"","background-repeat":"repeat","background-position":"center center","background-size":"auto","background-attachment":"scroll","background-type":"","background-media":"","overlay-type":"","overlay-color":"","overlay-opacity":"","overlay-gradient":""},"tablet":{"background-color":"var(--ast-global-color-4)","background-image":"","background-repeat":"repeat","background-position":"center center","background-size":"auto","background-attachment":"scroll","background-type":"","background-media":"","overlay-type":"","overlay-color":"","overlay-opacity":"","overlay-gradient":""},"mobile":{"background-color":"var(--ast-global-color-4)","background-image":"","background-repeat":"repeat","background-position":"center center","background-size":"auto","background-attachment":"scroll","background-type":"","background-media":"","overlay-type":"","overlay-color":"","overlay-opacity":"","overlay-gradient":""}}},"product_brand":[],"product_cat":[19],"product_tag":[],"class_list":{"0":"post-21319","1":"product","2":"type-product","3":"status-publish","4":"has-post-thumbnail","6":"product_cat-uncategorized","7":"pa_42071_033iykzi-blaa","8":"pa_42071_033iykzi-groen","9":"pa_42071_033iykzi-gul","10":"pa_42071_033iykzi-orange","11":"pa_42071_m9xwsxoc-18-cm","12":"pa_42071_m9xwsxoc-21-cm","13":"pa_42071_m9xwsxoc-24-cm","14":"desktop-align-left","15":"tablet-align-left","16":"mobile-align-left","18":"first","19":"instock","20":"shipping-taxable","21":"purchasable","22":"product-type-variable","23":"has-default-attributes"},"_links":{"self":[{"href":"https:\/\/ecostera.com\/dk\/wp-json\/wp\/v2\/product\/21319","targetHints":{"allow":["GET"]}}],"collection":[{"href":"https:\/\/ecostera.com\/dk\/wp-json\/wp\/v2\/product"}],"about":[{"href":"https:\/\/ecostera.com\/dk\/wp-json\/wp\/v2\/types\/product"}],"replies":[{"embeddable":true,"href":"https:\/\/ecostera.com\/dk\/wp-json\/wp\/v2\/comments?post=21319"}],"wp:featuredmedia":[{"embeddable":true,"href":"https:\/\/ecostera.com\/dk\/wp-json\/wp\/v2\/media\/21315"}],"wp:attachment":[{"href":"https:\/\/ecostera.com\/dk\/wp-json\/wp\/v2\/media?parent=21319"}],"wp:term":[{"taxonomy":"product_brand","embeddable":true,"href":"https:\/\/ecostera.com\/dk\/wp-json\/wp\/v2\/product_brand?post=21319"},{"taxonomy":"product_cat","embeddable":true,"href":"https:\/\/ecostera.com\/dk\/wp-json\/wp\/v2\/product_cat?post=21319"},{"taxonomy":"product_tag","embeddable":true,"href":"https:\/\/ecostera.com\/dk\/wp-json\/wp\/v2\/product_tag?post=21319"}],"curies":[{"name":"wp","href":"https:\/\/api.w.org\/{rel}","templated":true}]}}