{"id":21352,"date":"2025-09-19T22:09:08","date_gmt":"2025-09-19T19:09:08","guid":{"rendered":"https:\/\/ecostera.com\/dk\/product\/ishockeyform\/"},"modified":"2025-09-19T22:09:48","modified_gmt":"2025-09-19T19:09:48","slug":"ishockeyform","status":"publish","type":"product","link":"https:\/\/ecostera.com\/dk\/product\/ishockeyform\/","title":{"rendered":"Ishockeyform"},"content":{"rendered":"<p style=\"text-align: center\" data-start=\"0\" data-end=\"97\"><strong data-start=\"0\" data-end=\"97\">\ud83e\uddcaSkab perfekte langsomt smeltende iskugler til dine drinks med denne ishockeyform, der er nem at udl\u00f8se!<\/strong><\/p>\n<p style=\"text-align: center\" data-start=\"99\" data-end=\"396\">Denne isform af f\u00f8devarekvalitet laver store iskugler p\u00e5 6 cm, der smelter langsommere end almindelige isterninger &#8211; og holder dine drinks koldere i l\u00e6ngere tid uden at udvande dem. Uanset om du er v\u00e6rt for en fest eller nyder en stille aften med en k\u00f8lig whisky, tilf\u00f8jer denne form et sjovt og funktionelt twist til dine drinks.<\/p>\n<p data-start=\"99\" data-end=\"396\"><img decoding=\"async\" class=\"size-full wp-image-28094 aligncenter\" src=\"https:\/\/keluvo.com\/template\/wp-content\/uploads\/sites\/5\/2025\/07\/07212-ezgif.com-video-to-webp-converter.webp\" alt=\"\" \/><\/p>\n<h2 style=\"text-align: center\" data-start=\"403\" data-end=\"425\">\ud83c\udf1f Main Benefits<\/h2>\n<p data-start=\"428\" data-end=\"493\">\u2744\ufe0f Langsomt smeltende iskugler holder drinks kolde uden at fortynde dem<\/p>\n<p data-start=\"496\" data-end=\"570\">\ud83c\udf79 Perfekt til alle drinks &#8211; whisky, vin, sodavand, cocktails og meget mere<\/p>\n<p data-start=\"496\" data-end=\"570\">\ud83e\uddfc PET + PP i f\u00f8devarekvalitet &#8211; sikker, holdbar, og nem at reng\u00f8re<\/p>\n<p data-start=\"639\" data-end=\"697\">\ud83d\udc4c Nem isfrig\u00f8relse &#8211; ingen kamp for at f\u00e5 isen ud<\/p>\n<p data-start=\"700\" data-end=\"763\">\ud83c\udf89 Perfekt til enhver lejlighed &#8211; hjemme, til fester, i barer eller som gave<\/p>\n<p data-start=\"700\" data-end=\"763\"><img decoding=\"async\" class=\"size-full wp-image-28089 aligncenter\" src=\"https:\/\/keluvo.com\/template\/wp-content\/uploads\/sites\/5\/2025\/07\/72c90852-196c-48ac-bce1-753eb00c2912.webp\" alt=\"\" \/><\/p>\n<h2 style=\"text-align: center\" data-start=\"770\" data-end=\"789\">\ud83e\udded S\u00e5dan Bruges<\/h2>\n<ol data-start=\"790\" data-end=\"1007\">\n<li data-start=\"790\" data-end=\"844\">\n<p data-start=\"793\" data-end=\"844\">\u00c5bn formen, og fyld den med vand op til m\u00e6rket.<\/p>\n<\/li>\n<li data-start=\"845\" data-end=\"893\">\n<p data-start=\"848\" data-end=\"893\">N\u00e5r den er frossen, skal du forsigtigt dreje eller trykke for at frig\u00f8re iskuglen.<\/p>\n<\/li>\n<li data-start=\"894\" data-end=\"958\">\n<p data-start=\"897\" data-end=\"958\">L\u00e6g den ned i din yndlingsdrink, og nyd den!<\/p>\n<\/li>\n<li data-start=\"959\" data-end=\"1007\">\n<p data-start=\"962\" data-end=\"1007\">Drop it into your favorite drink and enjoy!<\/p>\n<\/li>\n<\/ol>\n<h2 style=\"text-align: center\" data-start=\"1014\" data-end=\"1038\">\ud83d\udccf Produktdetaljer<\/h2>\n<ul data-start=\"1039\" data-end=\"1258\">\n<li data-start=\"1039\" data-end=\"1072\">\n<p data-start=\"1041\" data-end=\"1072\">Materiale: PP + PE i f\u00f8devarekvalitet<\/p>\n<\/li>\n<li data-start=\"1073\" data-end=\"1100\">\n<p data-start=\"1075\" data-end=\"1100\">Iskuglens diameter: 5 cm<\/p>\n<\/li>\n<li data-start=\"1101\" data-end=\"1128\">\n<p data-start=\"1103\" data-end=\"1128\">Formens st\u00f8rrelse: 5,5 x 5 cm<\/p>\n<\/li>\n<li data-start=\"1202\" data-end=\"1258\">\n<p data-start=\"1204\" data-end=\"1258\">Anvendelse: Ideel til k\u00f8kken, bar, fester eller drinksbutikker<\/p>\n<\/li>\n<\/ul>\n<h2 style=\"text-align: center\" data-start=\"1265\" data-end=\"1290\">\ud83d\udce6 Pakken Indeholder<\/h2>\n<ul data-start=\"1291\" data-end=\"1313\">\n<li data-start=\"1291\" data-end=\"1313\">\n<p data-start=\"1293\" data-end=\"1313\">2, 4, 6x ishockeyform.<\/p>\n<\/li>\n<\/ul>\n","protected":false},"excerpt":{"rendered":"<p>\ud83e\uddcaSkab perfekte langsomt smeltende iskugler til dine drinks med denne ishockeyform, der er nem at udl\u00f8se! Denne isform af f\u00f8devarekvalitet [&hellip;]<\/p>\n","protected":false},"featured_media":21348,"comment_status":"open","ping_status":"closed","template":"","meta":{"site-sidebar-layout":"default","site-content-layout":"","ast-site-content-layout":"default","site-content-style":"default","site-sidebar-style":"default","ast-global-header-display":"","ast-banner-title-visibility":"","ast-main-header-display":"","ast-hfb-above-header-display":"","ast-hfb-below-header-display":"","ast-hfb-mobile-header-display":"","site-post-title":"","ast-breadcrumbs-content":"","ast-featured-img":"","footer-sml-layout":"","ast-disable-related-posts":"","theme-transparent-header-meta":"default","adv-header-id-meta":"","stick-header-meta":"","header-above-stick-meta":"","header-main-stick-meta":"","header-below-stick-meta":"","astra-migrate-meta-layouts":"set","ast-page-background-enabled":"default","ast-page-background-meta":{"desktop":{"background-color":"var(--ast-global-color-5)","background-image":"","background-repeat":"repeat","background-position":"center center","background-size":"auto","background-attachment":"scroll","background-type":"","background-media":"","overlay-type":"","overlay-color":"","overlay-opacity":"","overlay-gradient":""},"tablet":{"background-color":"","background-image":"","background-repeat":"repeat","background-position":"center center","background-size":"auto","background-attachment":"scroll","background-type":"","background-media":"","overlay-type":"","overlay-color":"","overlay-opacity":"","overlay-gradient":""},"mobile":{"background-color":"","background-image":"","background-repeat":"repeat","background-position":"center center","background-size":"auto","background-attachment":"scroll","background-type":"","background-media":"","overlay-type":"","overlay-color":"","overlay-opacity":"","overlay-gradient":""}},"ast-content-background-meta":{"desktop":{"background-color":"var(--ast-global-color-4)","background-image":"","background-repeat":"repeat","background-position":"center center","background-size":"auto","background-attachment":"scroll","background-type":"","background-media":"","overlay-type":"","overlay-color":"","overlay-opacity":"","overlay-gradient":""},"tablet":{"background-color":"var(--ast-global-color-4)","background-image":"","background-repeat":"repeat","background-position":"center center","background-size":"auto","background-attachment":"scroll","background-type":"","background-media":"","overlay-type":"","overlay-color":"","overlay-opacity":"","overlay-gradient":""},"mobile":{"background-color":"var(--ast-global-color-4)","background-image":"","background-repeat":"repeat","background-position":"center center","background-size":"auto","background-attachment":"scroll","background-type":"","background-media":"","overlay-type":"","overlay-color":"","overlay-opacity":"","overlay-gradient":""}}},"product_brand":[],"product_cat":[19],"product_tag":[],"class_list":{"0":"post-21352","1":"product","2":"type-product","3":"status-publish","4":"has-post-thumbnail","6":"product_cat-uncategorized","7":"pa_18326_up79woxu-blaa","8":"pa_18326_up79woxu-hvid","9":"pa_18326_up79woxu-lyseroed","10":"pa_18326_y0klhlwh-2-stk","11":"pa_18326_y0klhlwh-4-stk","12":"pa_18326_y0klhlwh-6-stk","13":"desktop-align-left","14":"tablet-align-left","15":"mobile-align-left","17":"first","18":"instock","19":"shipping-taxable","20":"purchasable","21":"product-type-variable","22":"has-default-attributes"},"_links":{"self":[{"href":"https:\/\/ecostera.com\/dk\/wp-json\/wp\/v2\/product\/21352","targetHints":{"allow":["GET"]}}],"collection":[{"href":"https:\/\/ecostera.com\/dk\/wp-json\/wp\/v2\/product"}],"about":[{"href":"https:\/\/ecostera.com\/dk\/wp-json\/wp\/v2\/types\/product"}],"replies":[{"embeddable":true,"href":"https:\/\/ecostera.com\/dk\/wp-json\/wp\/v2\/comments?post=21352"}],"wp:featuredmedia":[{"embeddable":true,"href":"https:\/\/ecostera.com\/dk\/wp-json\/wp\/v2\/media\/21348"}],"wp:attachment":[{"href":"https:\/\/ecostera.com\/dk\/wp-json\/wp\/v2\/media?parent=21352"}],"wp:term":[{"taxonomy":"product_brand","embeddable":true,"href":"https:\/\/ecostera.com\/dk\/wp-json\/wp\/v2\/product_brand?post=21352"},{"taxonomy":"product_cat","embeddable":true,"href":"https:\/\/ecostera.com\/dk\/wp-json\/wp\/v2\/product_cat?post=21352"},{"taxonomy":"product_tag","embeddable":true,"href":"https:\/\/ecostera.com\/dk\/wp-json\/wp\/v2\/product_tag?post=21352"}],"curies":[{"name":"wp","href":"https:\/\/api.w.org\/{rel}","templated":true}]}}