{"id":21379,"date":"2025-09-19T22:10:57","date_gmt":"2025-09-19T19:10:57","guid":{"rendered":"https:\/\/ecostera.com\/dk\/product\/draenroer\/"},"modified":"2025-09-19T22:11:14","modified_gmt":"2025-09-19T19:11:14","slug":"draenroer","status":"publish","type":"product","link":"https:\/\/ecostera.com\/dk\/product\/draenroer\/","title":{"rendered":"Dr\u00e6nr\u00f8r"},"content":{"rendered":"<p style=\"text-align: center\" data-start=\"80\" data-end=\"128\"><strong>\ud83d\udebf Sig Farvel Til D\u00e5rlig Lugt Og Tilstoppede Afl\u00f8b!<\/strong><\/p>\n<p style=\"text-align: center\" data-start=\"130\" data-end=\"395\">Dette afl\u00f8bsr\u00f8r skaber en t\u00e6t forsegling mellem din vask og afl\u00f8bssystemet for at blokere kloakgasser, insekter og tilbagel\u00f8b &#8211; samtidig med at det giver en j\u00e6vn vandgennemstr\u00f8mning. Det er nemt at installere og bygget til at holde, s\u00e5 det er en must-have-opgradering til ethvert k\u00f8kken eller badev\u00e6relse.<\/p>\n<p data-start=\"130\" data-end=\"395\"><img decoding=\"async\" class=\"size-full wp-image-28115 aligncenter\" src=\"https:\/\/keluvo.com\/template\/wp-content\/uploads\/sites\/5\/2025\/07\/e7c044463ccbb65ae4dea0f39f20a5da.gif\" alt=\"\" \/><\/p>\n<h2 style=\"text-align: center\" data-start=\"397\" data-end=\"418\">\ud83d\udd27 Hovedfordele<\/h2>\n<p data-start=\"421\" data-end=\"479\">\ud83d\udeab Blokerer lugt og skadedyr fra at stige op gennem dine r\u00f8r<\/p>\n<p data-start=\"482\" data-end=\"533\">\ud83d\udca7 Forhindrer tilbagel\u00f8b og sikrer hurtig drainage<\/p>\n<p data-start=\"536\" data-end=\"594\">\ud83d\udee0\ufe0f Enkel installation med drej og l\u00e5s &#8211; intet v\u00e6rkt\u00f8j n\u00f8dvendigt<\/p>\n<p data-start=\"597\" data-end=\"641\">\ud83e\uddfc Holder dit vaskeomr\u00e5de hygiejnisk og frisk<\/p>\n<p data-start=\"644\" data-end=\"694\">\ud83c\udfe0 Passer til de fleste standardvaske og vaskemaskiner<\/p>\n<p data-start=\"644\" data-end=\"694\"><img decoding=\"async\" class=\"size-full wp-image-28114 aligncenter\" src=\"https:\/\/keluvo.com\/template\/wp-content\/uploads\/sites\/5\/2025\/07\/acbbab7d0d76323f49fa28f42513704f.gif\" alt=\"\" \/><\/p>\n<h2 style=\"text-align: center\" data-start=\"696\" data-end=\"714\">\ud83d\udccc S\u00e5dan Bruges<\/h2>\n<ol data-start=\"715\" data-end=\"854\">\n<li data-start=\"715\" data-end=\"756\">\n<p data-start=\"718\" data-end=\"756\">S\u00e6t den ind i din afl\u00f8bsforbindelse.<\/p>\n<\/li>\n<li data-start=\"757\" data-end=\"794\">\n<p data-start=\"760\" data-end=\"794\">Drej og l\u00e5s sikkert p\u00e5 plads.<\/p>\n<\/li>\n<li data-start=\"795\" data-end=\"854\">\n<p data-start=\"798\" data-end=\"854\">Tilslut din afl\u00f8bsslange og nyd lugtfri ydeevne!<\/p>\n<\/li>\n<\/ol>\n<h2 style=\"text-align: center\" data-start=\"856\" data-end=\"879\">\ud83d\udcd0 Produktdetaljer<\/h2>\n<ul data-start=\"880\" data-end=\"993\">\n<li data-start=\"880\" data-end=\"917\">\n<p data-start=\"882\" data-end=\"917\">Materiale: fleksibel silikone + ABS<\/p>\n<\/li>\n<li data-start=\"918\" data-end=\"944\">\n<p data-start=\"920\" data-end=\"944\">Ydre diameter: 45-73mm<\/p>\n<\/li>\n<li data-start=\"945\" data-end=\"964\">\n<p data-start=\"947\" data-end=\"964\">H\u00f8jde: 7,5 cm<\/p>\n<\/li>\n<\/ul>\n<h2 style=\"text-align: center\" data-start=\"995\" data-end=\"1019\">\ud83d\udce6 Pakken Indeholder<\/h2>\n<ul data-start=\"1020\" data-end=\"1088\">\n<li data-start=\"1020\" data-end=\"1088\">\n<p data-start=\"1022\" data-end=\"1088\">1, 2, 3x dr\u00e6nr\u00f8r.<\/p>\n<\/li>\n<\/ul>\n","protected":false},"excerpt":{"rendered":"<p>\ud83d\udebf Sig Farvel Til D\u00e5rlig Lugt Og Tilstoppede Afl\u00f8b! Dette afl\u00f8bsr\u00f8r skaber en t\u00e6t forsegling mellem din vask og afl\u00f8bssystemet [&hellip;]<\/p>\n","protected":false},"featured_media":21375,"comment_status":"open","ping_status":"closed","template":"","meta":{"site-sidebar-layout":"default","site-content-layout":"","ast-site-content-layout":"default","site-content-style":"default","site-sidebar-style":"default","ast-global-header-display":"","ast-banner-title-visibility":"","ast-main-header-display":"","ast-hfb-above-header-display":"","ast-hfb-below-header-display":"","ast-hfb-mobile-header-display":"","site-post-title":"","ast-breadcrumbs-content":"","ast-featured-img":"","footer-sml-layout":"","theme-transparent-header-meta":"default","adv-header-id-meta":"","stick-header-meta":"","header-above-stick-meta":"","header-main-stick-meta":"","header-below-stick-meta":"","astra-migrate-meta-layouts":"set","ast-page-background-enabled":"default","ast-page-background-meta":{"desktop":{"background-color":"var(--ast-global-color-5)","background-image":"","background-repeat":"repeat","background-position":"center center","background-size":"auto","background-attachment":"scroll","background-type":"","background-media":"","overlay-type":"","overlay-color":"","overlay-opacity":"","overlay-gradient":""},"tablet":{"background-color":"","background-image":"","background-repeat":"repeat","background-position":"center center","background-size":"auto","background-attachment":"scroll","background-type":"","background-media":"","overlay-type":"","overlay-color":"","overlay-opacity":"","overlay-gradient":""},"mobile":{"background-color":"","background-image":"","background-repeat":"repeat","background-position":"center center","background-size":"auto","background-attachment":"scroll","background-type":"","background-media":"","overlay-type":"","overlay-color":"","overlay-opacity":"","overlay-gradient":""}},"ast-content-background-meta":{"desktop":{"background-color":"var(--ast-global-color-4)","background-image":"","background-repeat":"repeat","background-position":"center center","background-size":"auto","background-attachment":"scroll","background-type":"","background-media":"","overlay-type":"","overlay-color":"","overlay-opacity":"","overlay-gradient":""},"tablet":{"background-color":"var(--ast-global-color-4)","background-image":"","background-repeat":"repeat","background-position":"center center","background-size":"auto","background-attachment":"scroll","background-type":"","background-media":"","overlay-type":"","overlay-color":"","overlay-opacity":"","overlay-gradient":""},"mobile":{"background-color":"var(--ast-global-color-4)","background-image":"","background-repeat":"repeat","background-position":"center center","background-size":"auto","background-attachment":"scroll","background-type":"","background-media":"","overlay-type":"","overlay-color":"","overlay-opacity":"","overlay-gradient":""}}},"product_brand":[],"product_cat":[19],"product_tag":[],"class_list":{"0":"post-21379","1":"product","2":"type-product","3":"status-publish","4":"has-post-thumbnail","6":"product_cat-uncategorized","7":"pa_28850_ncrqqght-1-stk","8":"pa_28850_ncrqqght-2-stk","9":"pa_28850_ncrqqght-3-stk","10":"desktop-align-left","11":"tablet-align-left","12":"mobile-align-left","14":"first","15":"instock","16":"shipping-taxable","17":"purchasable","18":"product-type-variable"},"_links":{"self":[{"href":"https:\/\/ecostera.com\/dk\/wp-json\/wp\/v2\/product\/21379","targetHints":{"allow":["GET"]}}],"collection":[{"href":"https:\/\/ecostera.com\/dk\/wp-json\/wp\/v2\/product"}],"about":[{"href":"https:\/\/ecostera.com\/dk\/wp-json\/wp\/v2\/types\/product"}],"replies":[{"embeddable":true,"href":"https:\/\/ecostera.com\/dk\/wp-json\/wp\/v2\/comments?post=21379"}],"wp:featuredmedia":[{"embeddable":true,"href":"https:\/\/ecostera.com\/dk\/wp-json\/wp\/v2\/media\/21375"}],"wp:attachment":[{"href":"https:\/\/ecostera.com\/dk\/wp-json\/wp\/v2\/media?parent=21379"}],"wp:term":[{"taxonomy":"product_brand","embeddable":true,"href":"https:\/\/ecostera.com\/dk\/wp-json\/wp\/v2\/product_brand?post=21379"},{"taxonomy":"product_cat","embeddable":true,"href":"https:\/\/ecostera.com\/dk\/wp-json\/wp\/v2\/product_cat?post=21379"},{"taxonomy":"product_tag","embeddable":true,"href":"https:\/\/ecostera.com\/dk\/wp-json\/wp\/v2\/product_tag?post=21379"}],"curies":[{"name":"wp","href":"https:\/\/api.w.org\/{rel}","templated":true}]}}