{"id":21394,"date":"2025-09-19T22:13:31","date_gmt":"2025-09-19T19:13:31","guid":{"rendered":"https:\/\/ecostera.com\/dk\/product\/farvet-mascara\/"},"modified":"2025-09-19T22:16:56","modified_gmt":"2025-09-19T19:16:56","slug":"farvet-mascara","status":"publish","type":"product","link":"https:\/\/ecostera.com\/dk\/product\/farvet-mascara\/","title":{"rendered":"Farvet mascara"},"content":{"rendered":"<p style=\"text-align: center\" data-start=\"101\" data-end=\"153\"><strong>\ud83c\udf08 Drop kedelige vipper &#8211; v\u00e6r modig med levende farver!<\/strong><\/p>\n<p style=\"text-align: center\" data-start=\"155\" data-end=\"388\">Denne farverige mascara v\u00e6kker dine vipper til live med 12 rige, levende nuancer, der \u00f8jeblikkeligt l\u00f8fter ethvert makeup-look. Uanset om du er til glam, leg eller kant, er disse smudsafvisende mascaraer perfekte til kreative \u00f8jne, der popper.<\/p>\n<p data-start=\"155\" data-end=\"388\"><img decoding=\"async\" class=\"size-full wp-image-28189 aligncenter\" src=\"https:\/\/keluvo.com\/template\/wp-content\/uploads\/sites\/5\/2025\/07\/07214-ezgif.com-video-to-webp-converter.webp\" alt=\"\" \/><\/p>\n<h2 style=\"text-align: center\" data-start=\"390\" data-end=\"410\"><strong>\u2728 Vigtigste Fordele<\/strong><\/h2>\n<p data-start=\"413\" data-end=\"464\">\ud83c\udfa8 12 fantastiske farver, der matcher ethvert hum\u00f8r eller outfit<\/p>\n<p data-start=\"467\" data-end=\"507\">\ud83d\udca7 Vandfast og langtidsholdbar formula<\/p>\n<p data-start=\"510\" data-end=\"548\">\ud83d\udc41\ufe0f Voluminerer og definerer hver eneste lash<\/p>\n<p data-start=\"551\" data-end=\"605\">\ud83d\udd8c\ufe0f Pr\u00e6cis b\u00f8rste til glat, klumpfri p\u00e5f\u00f8ring<\/p>\n<p data-start=\"551\" data-end=\"605\"><img decoding=\"async\" class=\"size-full wp-image-28173 aligncenter\" src=\"https:\/\/keluvo.com\/template\/wp-content\/uploads\/sites\/5\/2025\/07\/b0419026-55ef-4efe-88fb-b6886a41a57a.webp\" alt=\"\" \/><\/p>\n<h2 style=\"text-align: center\" data-start=\"667\" data-end=\"685\"><strong>\ud83d\udccc S\u00e5dan Bruges<\/strong><\/h2>\n<ol data-start=\"686\" data-end=\"789\">\n<li data-start=\"686\" data-end=\"708\">\n<p data-start=\"689\" data-end=\"708\">V\u00e6lg din nuance.<\/p>\n<\/li>\n<li data-start=\"709\" data-end=\"745\">\n<p data-start=\"712\" data-end=\"745\">Apply to upper and lower lashes.<\/p>\n<\/li>\n<li data-start=\"746\" data-end=\"789\">\n<p data-start=\"749\" data-end=\"789\">Lad t\u00f8rre &#8211; og g\u00f8r dig klar til komplimenter!<\/p>\n<\/li>\n<\/ol>\n<h2 style=\"text-align: center\" data-start=\"791\" data-end=\"814\"><strong>\ud83d\udcd0 Produktdetaljer<\/strong><\/h2>\n<ul data-start=\"815\" data-end=\"923\">\n<li data-start=\"815\" data-end=\"842\">\n<p data-start=\"817\" data-end=\"842\">Nettov\u00e6gt: 21g<\/p>\n<\/li>\n<li data-start=\"815\" data-end=\"842\">\n<p data-start=\"817\" data-end=\"842\">St\u00f8rrelse: 19 x 115mm<\/p>\n<\/li>\n<li data-start=\"815\" data-end=\"842\">\n<p data-start=\"817\" data-end=\"842\">Udl\u00f8bsdato: 3 \u00e5r<\/p>\n<\/li>\n<li data-start=\"881\" data-end=\"923\">\n<p data-start=\"883\" data-end=\"923\">Frugtfri, smudsbestandig formel<\/p>\n<\/li>\n<\/ul>\n<h2 style=\"text-align: center\" data-start=\"925\" data-end=\"949\"><strong>\ud83d\udce6 Pakken Indeholder<\/strong><\/h2>\n<ul data-start=\"950\" data-end=\"1002\">\n<li data-start=\"950\" data-end=\"1002\">\n<p data-start=\"952\" data-end=\"1002\">1, 2, 4x farverige mascaraer.<\/p>\n<\/li>\n<\/ul>\n","protected":false},"excerpt":{"rendered":"<p>\ud83c\udf08 Drop kedelige vipper &#8211; v\u00e6r modig med levende farver! Denne farverige mascara v\u00e6kker dine vipper til live med 12 [&hellip;]<\/p>\n","protected":false},"featured_media":21390,"comment_status":"open","ping_status":"closed","template":"","meta":{"site-sidebar-layout":"default","site-content-layout":"","ast-site-content-layout":"default","site-content-style":"default","site-sidebar-style":"default","ast-global-header-display":"","ast-banner-title-visibility":"","ast-main-header-display":"","ast-hfb-above-header-display":"","ast-hfb-below-header-display":"","ast-hfb-mobile-header-display":"","site-post-title":"","ast-breadcrumbs-content":"","ast-featured-img":"","footer-sml-layout":"","theme-transparent-header-meta":"default","adv-header-id-meta":"","stick-header-meta":"","header-above-stick-meta":"","header-main-stick-meta":"","header-below-stick-meta":"","astra-migrate-meta-layouts":"set","ast-page-background-enabled":"default","ast-page-background-meta":{"desktop":{"background-color":"var(--ast-global-color-5)","background-image":"","background-repeat":"repeat","background-position":"center center","background-size":"auto","background-attachment":"scroll","background-type":"","background-media":"","overlay-type":"","overlay-color":"","overlay-opacity":"","overlay-gradient":""},"tablet":{"background-color":"","background-image":"","background-repeat":"repeat","background-position":"center center","background-size":"auto","background-attachment":"scroll","background-type":"","background-media":"","overlay-type":"","overlay-color":"","overlay-opacity":"","overlay-gradient":""},"mobile":{"background-color":"","background-image":"","background-repeat":"repeat","background-position":"center center","background-size":"auto","background-attachment":"scroll","background-type":"","background-media":"","overlay-type":"","overlay-color":"","overlay-opacity":"","overlay-gradient":""}},"ast-content-background-meta":{"desktop":{"background-color":"var(--ast-global-color-4)","background-image":"","background-repeat":"repeat","background-position":"center center","background-size":"auto","background-attachment":"scroll","background-type":"","background-media":"","overlay-type":"","overlay-color":"","overlay-opacity":"","overlay-gradient":""},"tablet":{"background-color":"var(--ast-global-color-4)","background-image":"","background-repeat":"repeat","background-position":"center center","background-size":"auto","background-attachment":"scroll","background-type":"","background-media":"","overlay-type":"","overlay-color":"","overlay-opacity":"","overlay-gradient":""},"mobile":{"background-color":"var(--ast-global-color-4)","background-image":"","background-repeat":"repeat","background-position":"center center","background-size":"auto","background-attachment":"scroll","background-type":"","background-media":"","overlay-type":"","overlay-color":"","overlay-opacity":"","overlay-gradient":""}}},"product_brand":[],"product_cat":[19],"product_tag":[],"class_list":{"0":"post-21394","1":"product","2":"type-product","3":"status-publish","4":"has-post-thumbnail","6":"product_cat-uncategorized","7":"pa_18527_anc9vn1m-1-stk","8":"pa_18527_anc9vn1m-2-stk","9":"pa_18527_anc9vn1m-4-stk","10":"pa_18527_lojdzcgr-groen","11":"pa_18527_lojdzcgr-gul","12":"pa_18527_lojdzcgr-himmelblaa","13":"pa_18527_lojdzcgr-hvid","14":"pa_18527_lojdzcgr-lilla","15":"pa_18527_lojdzcgr-lyseroed","16":"pa_18527_lojdzcgr-moerkeblaa","17":"pa_18527_lojdzcgr-moerkebrun","18":"pa_18527_lojdzcgr-moerkeroed","19":"pa_18527_lojdzcgr-roed-koral","20":"pa_18527_lojdzcgr-smaragd","21":"pa_18527_lojdzcgr-sort","22":"desktop-align-left","23":"tablet-align-left","24":"mobile-align-left","26":"first","27":"instock","28":"shipping-taxable","29":"purchasable","30":"product-type-variable","31":"has-default-attributes"},"_links":{"self":[{"href":"https:\/\/ecostera.com\/dk\/wp-json\/wp\/v2\/product\/21394","targetHints":{"allow":["GET"]}}],"collection":[{"href":"https:\/\/ecostera.com\/dk\/wp-json\/wp\/v2\/product"}],"about":[{"href":"https:\/\/ecostera.com\/dk\/wp-json\/wp\/v2\/types\/product"}],"replies":[{"embeddable":true,"href":"https:\/\/ecostera.com\/dk\/wp-json\/wp\/v2\/comments?post=21394"}],"wp:featuredmedia":[{"embeddable":true,"href":"https:\/\/ecostera.com\/dk\/wp-json\/wp\/v2\/media\/21390"}],"wp:attachment":[{"href":"https:\/\/ecostera.com\/dk\/wp-json\/wp\/v2\/media?parent=21394"}],"wp:term":[{"taxonomy":"product_brand","embeddable":true,"href":"https:\/\/ecostera.com\/dk\/wp-json\/wp\/v2\/product_brand?post=21394"},{"taxonomy":"product_cat","embeddable":true,"href":"https:\/\/ecostera.com\/dk\/wp-json\/wp\/v2\/product_cat?post=21394"},{"taxonomy":"product_tag","embeddable":true,"href":"https:\/\/ecostera.com\/dk\/wp-json\/wp\/v2\/product_tag?post=21394"}],"curies":[{"name":"wp","href":"https:\/\/api.w.org\/{rel}","templated":true}]}}