{"id":21475,"date":"2025-09-19T22:17:42","date_gmt":"2025-09-19T19:17:42","guid":{"rendered":"https:\/\/ecostera.com\/dk\/product\/vinkelsliber\/"},"modified":"2025-09-19T22:17:42","modified_gmt":"2025-09-19T19:17:42","slug":"vinkelsliber","status":"publish","type":"product","link":"https:\/\/ecostera.com\/dk\/product\/vinkelsliber\/","title":{"rendered":"Vinkelsliber"},"content":{"rendered":"<p style=\"text-align: center\" data-start=\"85\" data-end=\"131\"><strong>\u2699\ufe0f Sk\u00e6r, Slib Og Pol\u00e9r \u2014 Hvor Som Helst Og N\u00e5r Som Helst!<\/strong><\/p>\n<p style=\"text-align: center\" data-start=\"133\" data-end=\"406\">Denne kraftfulde batteridrevne vinkelsliber er bygget til seri\u00f8st arbejde. Med et h\u00f8jstyrkegear i rustfrit st\u00e5l, effektiv varmeafledning og et b\u00f8rstemotorsystem leverer den professionel ydeevne med total bev\u00e6gelsesfrihed. Perfekt til metal, tr\u00e6, fliser og meget mere.<\/p>\n<p data-start=\"133\" data-end=\"406\"><img decoding=\"async\" class=\"size-full wp-image-28266 aligncenter\" src=\"https:\/\/keluvo.com\/template\/wp-content\/uploads\/sites\/5\/2025\/07\/07215-ezgif.com-video-to-webp-converter.webp\" alt=\"\" \/><\/p>\n<h2 style=\"text-align: center\" data-start=\"408\" data-end=\"429\">\ud83d\udd27 Main Benefits<\/h2>\n<p data-start=\"432\" data-end=\"501\">\ud83d\udee0\ufe0f Gear i rustfrit st\u00e5l med h\u00f8j styrke til j\u00e6vn, kraftfuld sk\u00e6ring<\/p>\n<p data-start=\"504\" data-end=\"559\">\ud83d\udd0b Batteridrevet design med langtidsholdbart 20000 mAh batteri<\/p>\n<p data-start=\"562\" data-end=\"615\">\ud83d\udca8 K\u00f8lesystem med flere \u00e5bninger for at forhindre overophedning<\/p>\n<p data-start=\"618\" data-end=\"672\">\ud83e\uddf0 Nem v\u00e6rkt\u00f8jskontakt med \u00e9n knap for ekstra bekvemmelighed<\/p>\n<p data-start=\"675\" data-end=\"746\">\ud83e\udeb5 Perfekt til tr\u00e6bearbejdning, byggeri, metalarbejde og g\u00f8r-det-selv-projekter<\/p>\n<p data-start=\"675\" data-end=\"746\"><img decoding=\"async\" class=\"size-full wp-image-28265 aligncenter\" src=\"https:\/\/keluvo.com\/template\/wp-content\/uploads\/sites\/5\/2025\/07\/d861a1e3-b8a5-4406-b63a-87e531d2f43d.jpg\" alt=\"\" \/><\/p>\n<h2 style=\"text-align: center\" data-start=\"748\" data-end=\"766\">\ud83d\udccc How To Use<\/h2>\n<ol data-start=\"767\" data-end=\"926\">\n<li data-start=\"767\" data-end=\"818\">\n<p data-start=\"770\" data-end=\"818\">S\u00e6t din foretrukne sk\u00e6re- eller slibeskive p\u00e5.<\/p>\n<\/li>\n<li data-start=\"819\" data-end=\"872\">\n<p data-start=\"822\" data-end=\"872\">Sk\u00e6r, slib eller poler med pr\u00e6cision og kontrol<\/p>\n<\/li>\n<li data-start=\"873\" data-end=\"926\">\n<p data-start=\"876\" data-end=\"926\">Sk\u00e6r, slib eller poler med pr\u00e6cision og kontrol<\/p>\n<\/li>\n<\/ol>\n<h2 style=\"text-align: center\" data-start=\"928\" data-end=\"951\">\ud83d\udcd0 Product Details<\/h2>\n<ul data-start=\"952\" data-end=\"1084\">\n<li data-start=\"952\" data-end=\"998\">\n<p data-start=\"954\" data-end=\"998\">B\u00f8rstemotor for h\u00f8jt drejningsmoment og holdbarhed<\/p>\n<\/li>\n<li data-start=\"999\" data-end=\"1038\">\n<p data-start=\"1001\" data-end=\"1038\">Kompakt, ergonomisk greb for komfort<\/p>\n<\/li>\n<li data-start=\"1039\" data-end=\"1084\">\n<p data-start=\"1041\" data-end=\"1084\">Arbejder p\u00e5 metal, fliser, tr\u00e6, PVC og meget mere<\/p>\n<\/li>\n<\/ul>\n<h2 style=\"text-align: center\" data-start=\"1086\" data-end=\"1110\">\ud83d\udce6 Package Includes<\/h2>\n<ul data-start=\"1111\" data-end=\"1238\">\n<li data-start=\"1111\" data-end=\"1140\">\n<p data-start=\"1113\" data-end=\"1140\">1x batteridrevet vinkelsliber<\/p>\n<\/li>\n<li data-start=\"1141\" data-end=\"1186\">\n<p data-start=\"1143\" data-end=\"1186\">1x genopladeligt batteri<\/p>\n<\/li>\n<li data-start=\"1187\" data-end=\"1201\">\n<p data-start=\"1189\" data-end=\"1201\">1x oplader<\/p>\n<\/li>\n<\/ul>\n","protected":false},"excerpt":{"rendered":"<p>\u2699\ufe0f Sk\u00e6r, Slib Og Pol\u00e9r \u2014 Hvor Som Helst Og N\u00e5r Som Helst! Denne kraftfulde batteridrevne vinkelsliber er bygget til [&hellip;]<\/p>\n","protected":false},"featured_media":21471,"comment_status":"open","ping_status":"closed","template":"","meta":{"site-sidebar-layout":"default","site-content-layout":"","ast-site-content-layout":"default","site-content-style":"default","site-sidebar-style":"default","ast-global-header-display":"","ast-banner-title-visibility":"","ast-main-header-display":"","ast-hfb-above-header-display":"","ast-hfb-below-header-display":"","ast-hfb-mobile-header-display":"","site-post-title":"","ast-breadcrumbs-content":"","ast-featured-img":"","footer-sml-layout":"","theme-transparent-header-meta":"default","adv-header-id-meta":"","stick-header-meta":"","header-above-stick-meta":"","header-main-stick-meta":"","header-below-stick-meta":"","astra-migrate-meta-layouts":"set","ast-page-background-enabled":"default","ast-page-background-meta":{"desktop":{"background-color":"var(--ast-global-color-5)","background-image":"","background-repeat":"repeat","background-position":"center center","background-size":"auto","background-attachment":"scroll","background-type":"","background-media":"","overlay-type":"","overlay-color":"","overlay-opacity":"","overlay-gradient":""},"tablet":{"background-color":"","background-image":"","background-repeat":"repeat","background-position":"center center","background-size":"auto","background-attachment":"scroll","background-type":"","background-media":"","overlay-type":"","overlay-color":"","overlay-opacity":"","overlay-gradient":""},"mobile":{"background-color":"","background-image":"","background-repeat":"repeat","background-position":"center center","background-size":"auto","background-attachment":"scroll","background-type":"","background-media":"","overlay-type":"","overlay-color":"","overlay-opacity":"","overlay-gradient":""}},"ast-content-background-meta":{"desktop":{"background-color":"var(--ast-global-color-4)","background-image":"","background-repeat":"repeat","background-position":"center center","background-size":"auto","background-attachment":"scroll","background-type":"","background-media":"","overlay-type":"","overlay-color":"","overlay-opacity":"","overlay-gradient":""},"tablet":{"background-color":"var(--ast-global-color-4)","background-image":"","background-repeat":"repeat","background-position":"center center","background-size":"auto","background-attachment":"scroll","background-type":"","background-media":"","overlay-type":"","overlay-color":"","overlay-opacity":"","overlay-gradient":""},"mobile":{"background-color":"var(--ast-global-color-4)","background-image":"","background-repeat":"repeat","background-position":"center center","background-size":"auto","background-attachment":"scroll","background-type":"","background-media":"","overlay-type":"","overlay-color":"","overlay-opacity":"","overlay-gradient":""}}},"product_brand":[],"product_cat":[19],"product_tag":[],"class_list":{"0":"post-21475","1":"product","2":"type-product","3":"status-publish","4":"has-post-thumbnail","6":"product_cat-uncategorized","7":"desktop-align-left","8":"tablet-align-left","9":"mobile-align-left","11":"first","12":"instock","13":"shipping-taxable","14":"purchasable","15":"product-type-simple"},"_links":{"self":[{"href":"https:\/\/ecostera.com\/dk\/wp-json\/wp\/v2\/product\/21475","targetHints":{"allow":["GET"]}}],"collection":[{"href":"https:\/\/ecostera.com\/dk\/wp-json\/wp\/v2\/product"}],"about":[{"href":"https:\/\/ecostera.com\/dk\/wp-json\/wp\/v2\/types\/product"}],"replies":[{"embeddable":true,"href":"https:\/\/ecostera.com\/dk\/wp-json\/wp\/v2\/comments?post=21475"}],"wp:featuredmedia":[{"embeddable":true,"href":"https:\/\/ecostera.com\/dk\/wp-json\/wp\/v2\/media\/21471"}],"wp:attachment":[{"href":"https:\/\/ecostera.com\/dk\/wp-json\/wp\/v2\/media?parent=21475"}],"wp:term":[{"taxonomy":"product_brand","embeddable":true,"href":"https:\/\/ecostera.com\/dk\/wp-json\/wp\/v2\/product_brand?post=21475"},{"taxonomy":"product_cat","embeddable":true,"href":"https:\/\/ecostera.com\/dk\/wp-json\/wp\/v2\/product_cat?post=21475"},{"taxonomy":"product_tag","embeddable":true,"href":"https:\/\/ecostera.com\/dk\/wp-json\/wp\/v2\/product_tag?post=21475"}],"curies":[{"name":"wp","href":"https:\/\/api.w.org\/{rel}","templated":true}]}}