{"id":21485,"date":"2025-09-19T22:18:43","date_gmt":"2025-09-19T19:18:43","guid":{"rendered":"https:\/\/ecostera.com\/dk\/product\/haarbalsam\/"},"modified":"2025-09-19T22:18:52","modified_gmt":"2025-09-19T19:18:52","slug":"haarbalsam","status":"publish","type":"product","link":"https:\/\/ecostera.com\/dk\/product\/haarbalsam\/","title":{"rendered":"H\u00e5rbalsam"},"content":{"rendered":"<p style=\"text-align: center\" data-start=\"81\" data-end=\"136\"><strong>\ud83d\udc86\u200d\u2640\ufe0f Forvandl T\u00f8rt, Kruset H\u00e5r Til Silkebl\u00f8d Perfektion!<\/strong><\/p>\n<p style=\"text-align: center\" data-start=\"138\" data-end=\"396\">Denne keratin-infunderede h\u00e5rkur n\u00e6rer og reparerer beskadigede h\u00e5rstr\u00e5 indefra og ud. Fyldt med naturlige ingredienser og proteinrige formler genopretter den glans, styrke og glathed &#8211; og efterlader dit h\u00e5r sundere efter hver brug.<\/p>\n<p data-start=\"138\" data-end=\"396\"><img decoding=\"async\" class=\"size-full wp-image-28270 aligncenter\" src=\"https:\/\/keluvo.com\/template\/wp-content\/uploads\/sites\/5\/2025\/07\/07216-ezgif.com-video-to-webp-converter.webp\" alt=\"\" \/><\/p>\n<h2 style=\"text-align: center\" data-start=\"398\" data-end=\"418\"><strong>\u2728 Vigtigste Fordele<\/strong><\/h2>\n<p data-start=\"421\" data-end=\"466\">\ud83c\udf3f Reparerer spaltede spidser og t\u00f8rt, sk\u00f8rt h\u00e5r<\/p>\n<p data-start=\"469\" data-end=\"516\">\ud83d\udca7 Fugter i dybden og genopretter naturlig glans<\/p>\n<p data-start=\"519\" data-end=\"565\">\ud83e\uddec Tilsat keratin og plantebaseret oils<\/p>\n<p data-start=\"568\" data-end=\"632\">\ud83d\udc86\u200d\u2640\ufe0f Massageaktiveret for bedre absorption og hovedbundssundhed<\/p>\n<p data-start=\"635\" data-end=\"707\">\u2705 Ideel til alle h\u00e5rtyper &#8211; farvebehandlet, kr\u00f8llet, glat eller groft<\/p>\n<p data-start=\"635\" data-end=\"707\"><img decoding=\"async\" class=\"size-full wp-image-28273 aligncenter\" src=\"https:\/\/keluvo.com\/template\/wp-content\/uploads\/sites\/5\/2025\/07\/spp_20240702154923_ee6133be56d801c74d364ce296588ffb.jpg\" alt=\"\" \/><\/p>\n<h2 style=\"text-align: center\" data-start=\"709\" data-end=\"727\"><strong>\ud83d\udccc S\u00e5dan Bruges<\/strong><\/h2>\n<ol data-start=\"728\" data-end=\"876\">\n<li data-start=\"728\" data-end=\"780\">\n<p data-start=\"731\" data-end=\"780\">Efter shampoo p\u00e5f\u00f8res balsam i v\u00e5dt h\u00e5r.<\/p>\n<\/li>\n<li data-start=\"781\" data-end=\"824\">\n<p data-start=\"784\" data-end=\"824\">Lad den virke i et par minutter, og skyl derefter grundigt.<\/p>\n<\/li>\n<li data-start=\"825\" data-end=\"876\">\n<p data-start=\"828\" data-end=\"876\">Leave for a few minutes, then rinse thoroughly<\/p>\n<\/li>\n<\/ol>\n<h2 style=\"text-align: center\" data-start=\"878\" data-end=\"901\"><strong>\ud83d\udcd0 Produktdetaljer<\/strong><\/h2>\n<ul data-start=\"902\" data-end=\"1016\">\n<li data-start=\"902\" data-end=\"917\">\n<p data-start=\"904\" data-end=\"917\">St\u00f8rrelse: 100 ml<\/p>\n<\/li>\n<li data-start=\"918\" data-end=\"993\">\n<p data-start=\"920\" data-end=\"993\">Rig p\u00e5 aminosyrer, kokosolie, ingef\u00e6rekstrakt, kollagen og keratin<\/p>\n<\/li>\n<li data-start=\"994\" data-end=\"1016\">\n<p data-start=\"996\" data-end=\"1016\">Sikkert til daglig brug<\/p>\n<\/li>\n<\/ul>\n<h2 style=\"text-align: center\" data-start=\"1018\" data-end=\"1042\"><strong>\ud83d\udce6 Pakken Indeholder<\/strong><\/h2>\n<ul data-start=\"1043\" data-end=\"1086\">\n<li data-start=\"1043\" data-end=\"1086\">\n<p data-start=\"1045\" data-end=\"1086\">1, 2x h\u00e5rbalsam.<\/p>\n<\/li>\n<\/ul>\n","protected":false},"excerpt":{"rendered":"<p>\ud83d\udc86\u200d\u2640\ufe0f Forvandl T\u00f8rt, Kruset H\u00e5r Til Silkebl\u00f8d Perfektion! Denne keratin-infunderede h\u00e5rkur n\u00e6rer og reparerer beskadigede h\u00e5rstr\u00e5 indefra og ud. Fyldt [&hellip;]<\/p>\n","protected":false},"featured_media":21481,"comment_status":"open","ping_status":"closed","template":"","meta":{"site-sidebar-layout":"default","site-content-layout":"","ast-site-content-layout":"default","site-content-style":"default","site-sidebar-style":"default","ast-global-header-display":"","ast-banner-title-visibility":"","ast-main-header-display":"","ast-hfb-above-header-display":"","ast-hfb-below-header-display":"","ast-hfb-mobile-header-display":"","site-post-title":"","ast-breadcrumbs-content":"","ast-featured-img":"","footer-sml-layout":"","ast-disable-related-posts":"","theme-transparent-header-meta":"default","adv-header-id-meta":"","stick-header-meta":"","header-above-stick-meta":"","header-main-stick-meta":"","header-below-stick-meta":"","astra-migrate-meta-layouts":"set","ast-page-background-enabled":"default","ast-page-background-meta":{"desktop":{"background-color":"var(--ast-global-color-5)","background-image":"","background-repeat":"repeat","background-position":"center center","background-size":"auto","background-attachment":"scroll","background-type":"","background-media":"","overlay-type":"","overlay-color":"","overlay-opacity":"","overlay-gradient":""},"tablet":{"background-color":"","background-image":"","background-repeat":"repeat","background-position":"center center","background-size":"auto","background-attachment":"scroll","background-type":"","background-media":"","overlay-type":"","overlay-color":"","overlay-opacity":"","overlay-gradient":""},"mobile":{"background-color":"","background-image":"","background-repeat":"repeat","background-position":"center center","background-size":"auto","background-attachment":"scroll","background-type":"","background-media":"","overlay-type":"","overlay-color":"","overlay-opacity":"","overlay-gradient":""}},"ast-content-background-meta":{"desktop":{"background-color":"var(--ast-global-color-4)","background-image":"","background-repeat":"repeat","background-position":"center center","background-size":"auto","background-attachment":"scroll","background-type":"","background-media":"","overlay-type":"","overlay-color":"","overlay-opacity":"","overlay-gradient":""},"tablet":{"background-color":"var(--ast-global-color-4)","background-image":"","background-repeat":"repeat","background-position":"center center","background-size":"auto","background-attachment":"scroll","background-type":"","background-media":"","overlay-type":"","overlay-color":"","overlay-opacity":"","overlay-gradient":""},"mobile":{"background-color":"var(--ast-global-color-4)","background-image":"","background-repeat":"repeat","background-position":"center center","background-size":"auto","background-attachment":"scroll","background-type":"","background-media":"","overlay-type":"","overlay-color":"","overlay-opacity":"","overlay-gradient":""}}},"product_brand":[],"product_cat":[19],"product_tag":[],"class_list":{"0":"post-21485","1":"product","2":"type-product","3":"status-publish","4":"has-post-thumbnail","6":"product_cat-uncategorized","7":"pa_30701_tfwnou9i-1-stk","8":"pa_30701_tfwnou9i-2-stk","9":"desktop-align-left","10":"tablet-align-left","11":"mobile-align-left","13":"first","14":"instock","15":"shipping-taxable","16":"purchasable","17":"product-type-variable"},"_links":{"self":[{"href":"https:\/\/ecostera.com\/dk\/wp-json\/wp\/v2\/product\/21485","targetHints":{"allow":["GET"]}}],"collection":[{"href":"https:\/\/ecostera.com\/dk\/wp-json\/wp\/v2\/product"}],"about":[{"href":"https:\/\/ecostera.com\/dk\/wp-json\/wp\/v2\/types\/product"}],"replies":[{"embeddable":true,"href":"https:\/\/ecostera.com\/dk\/wp-json\/wp\/v2\/comments?post=21485"}],"wp:featuredmedia":[{"embeddable":true,"href":"https:\/\/ecostera.com\/dk\/wp-json\/wp\/v2\/media\/21481"}],"wp:attachment":[{"href":"https:\/\/ecostera.com\/dk\/wp-json\/wp\/v2\/media?parent=21485"}],"wp:term":[{"taxonomy":"product_brand","embeddable":true,"href":"https:\/\/ecostera.com\/dk\/wp-json\/wp\/v2\/product_brand?post=21485"},{"taxonomy":"product_cat","embeddable":true,"href":"https:\/\/ecostera.com\/dk\/wp-json\/wp\/v2\/product_cat?post=21485"},{"taxonomy":"product_tag","embeddable":true,"href":"https:\/\/ecostera.com\/dk\/wp-json\/wp\/v2\/product_tag?post=21485"}],"curies":[{"name":"wp","href":"https:\/\/api.w.org\/{rel}","templated":true}]}}