{"id":21498,"date":"2025-09-19T22:20:17","date_gmt":"2025-09-19T19:20:17","guid":{"rendered":"https:\/\/ecostera.com\/dk\/product\/vakuumposer-til-opbevaring\/"},"modified":"2025-09-19T22:21:03","modified_gmt":"2025-09-19T19:21:03","slug":"vakuumposer-til-opbevaring","status":"publish","type":"product","link":"https:\/\/ecostera.com\/dk\/product\/vakuumposer-til-opbevaring\/","title":{"rendered":"Vakuumposer til opbevaring"},"content":{"rendered":"<p style=\"text-align: center\" data-start=\"91\" data-end=\"150\"><strong>\ud83e\uddf3 Pak Mere, Stress Mindre \u2014 Med Smart Kompressionsopbevaring!<\/strong><\/p>\n<p style=\"text-align: center\" data-start=\"152\" data-end=\"402\">Denne vakuumopbevaringspose hj\u00e6lper dig med at spare op til 75 % plads med det samme. Bare forsegl, s\u00e6t vakuumpumpen p\u00e5, og tryk p\u00e5 knappen &#8211; ingen manuel rulning eller store opbevaringskasser er n\u00f8dvendige. Perfekt til rejser, s\u00e6sonbestemt t\u00f8j eller til at rydde op i dit hjem.<\/p>\n<p data-start=\"152\" data-end=\"402\"><img decoding=\"async\" class=\"size-full wp-image-28281 aligncenter\" src=\"https:\/\/keluvo.com\/template\/wp-content\/uploads\/sites\/5\/2025\/07\/be127a718eb4242fe56a1037d3b5085258f97edd.webp\" alt=\"\" \/><\/p>\n<h2 style=\"text-align: center\" data-start=\"404\" data-end=\"425\">\ud83d\udce6 Hovedfordele<\/h2>\n<p data-start=\"428\" data-end=\"483\">\u26a1 Elektrisk pumpe komprimerer hurtigt luften i seconds<\/p>\n<p data-start=\"486\" data-end=\"548\">\ud83d\udecf\ufe0f Opbevar puder, dyner, t\u00f8j, plysleget\u00f8j og meget mere<\/p>\n<p data-start=\"551\" data-end=\"596\">\ud83d\udca7 Vandt\u00e6t, st\u00f8vt\u00e6t og luftt\u00e6t seal<\/p>\n<p data-start=\"599\" data-end=\"640\">\u267b\ufe0f Genanvendelig, holdbar og nem at clean<\/p>\n<p data-start=\"643\" data-end=\"687\">\u2708\ufe0f Perfekt til rejser og sm\u00e5 rum<\/p>\n<p data-start=\"643\" data-end=\"687\"><img decoding=\"async\" class=\"size-full wp-image-28282 aligncenter\" src=\"https:\/\/keluvo.com\/template\/wp-content\/uploads\/sites\/5\/2025\/07\/bd052b1a635e62d151c6fcb4428c0fa49bb541e0.webp\" alt=\"\" \/><\/p>\n<h2 style=\"text-align: center\" data-start=\"689\" data-end=\"707\">\ud83d\udccc S\u00e5dan Bruges<\/h2>\n<ol data-start=\"708\" data-end=\"875\">\n<li data-start=\"708\" data-end=\"746\">\n<p data-start=\"711\" data-end=\"746\">Fyld posen med dine bl\u00f8de ting.<\/p>\n<\/li>\n<li data-start=\"747\" data-end=\"789\">\n<p data-start=\"750\" data-end=\"789\">S\u00e6t den elektriske pumpe p\u00e5, og tryk for at suge luften ud.<\/p>\n<\/li>\n<li data-start=\"790\" data-end=\"847\">\n<p data-start=\"793\" data-end=\"847\">Opbevar eller pak nemt!<\/p>\n<\/li>\n<li data-start=\"848\" data-end=\"875\">\n<p data-start=\"851\" data-end=\"875\">Store or pack with ease!<\/p>\n<\/li>\n<\/ol>\n<h2 style=\"text-align: center\" data-start=\"877\" data-end=\"900\">\ud83d\udcd0 Produktdetaljer<\/h2>\n<ul data-start=\"901\" data-end=\"1030\">\n<li data-start=\"901\" data-end=\"942\">\n<p data-start=\"903\" data-end=\"942\">Materiale: PA+PE-polymer med h\u00f8j styrke<\/p>\n<\/li>\n<li data-start=\"999\" data-end=\"1030\">\n<p data-start=\"1001\" data-end=\"1030\">St\u00f8rrelser: 40 x 60 cm, 50 x 70 cm, 60 x 80 cm, 80 x 100 cm.<\/p>\n<\/li>\n<\/ul>\n<h2 style=\"text-align: center\" data-start=\"1032\" data-end=\"1056\">\ud83d\udce6 Pakken Indeholder Ikke<\/h2>\n<ul data-start=\"1057\" data-end=\"1133\">\n<li data-start=\"1057\" data-end=\"1084\">\n<p data-start=\"1059\" data-end=\"1084\">1, 2x vakuumopbevaringsposer.<\/p>\n<\/li>\n<\/ul>\n","protected":false},"excerpt":{"rendered":"<p>\ud83e\uddf3 Pak Mere, Stress Mindre \u2014 Med Smart Kompressionsopbevaring! Denne vakuumopbevaringspose hj\u00e6lper dig med at spare op til 75 % [&hellip;]<\/p>\n","protected":false},"featured_media":21494,"comment_status":"open","ping_status":"closed","template":"","meta":{"site-sidebar-layout":"default","site-content-layout":"","ast-site-content-layout":"default","site-content-style":"default","site-sidebar-style":"default","ast-global-header-display":"","ast-banner-title-visibility":"","ast-main-header-display":"","ast-hfb-above-header-display":"","ast-hfb-below-header-display":"","ast-hfb-mobile-header-display":"","site-post-title":"","ast-breadcrumbs-content":"","ast-featured-img":"","footer-sml-layout":"","theme-transparent-header-meta":"default","adv-header-id-meta":"","stick-header-meta":"","header-above-stick-meta":"","header-main-stick-meta":"","header-below-stick-meta":"","astra-migrate-meta-layouts":"set","ast-page-background-enabled":"default","ast-page-background-meta":{"desktop":{"background-color":"var(--ast-global-color-5)","background-image":"","background-repeat":"repeat","background-position":"center center","background-size":"auto","background-attachment":"scroll","background-type":"","background-media":"","overlay-type":"","overlay-color":"","overlay-opacity":"","overlay-gradient":""},"tablet":{"background-color":"","background-image":"","background-repeat":"repeat","background-position":"center center","background-size":"auto","background-attachment":"scroll","background-type":"","background-media":"","overlay-type":"","overlay-color":"","overlay-opacity":"","overlay-gradient":""},"mobile":{"background-color":"","background-image":"","background-repeat":"repeat","background-position":"center center","background-size":"auto","background-attachment":"scroll","background-type":"","background-media":"","overlay-type":"","overlay-color":"","overlay-opacity":"","overlay-gradient":""}},"ast-content-background-meta":{"desktop":{"background-color":"var(--ast-global-color-4)","background-image":"","background-repeat":"repeat","background-position":"center center","background-size":"auto","background-attachment":"scroll","background-type":"","background-media":"","overlay-type":"","overlay-color":"","overlay-opacity":"","overlay-gradient":""},"tablet":{"background-color":"var(--ast-global-color-4)","background-image":"","background-repeat":"repeat","background-position":"center center","background-size":"auto","background-attachment":"scroll","background-type":"","background-media":"","overlay-type":"","overlay-color":"","overlay-opacity":"","overlay-gradient":""},"mobile":{"background-color":"var(--ast-global-color-4)","background-image":"","background-repeat":"repeat","background-position":"center center","background-size":"auto","background-attachment":"scroll","background-type":"","background-media":"","overlay-type":"","overlay-color":"","overlay-opacity":"","overlay-gradient":""}}},"product_brand":[],"product_cat":[19],"product_tag":[],"class_list":{"0":"post-21498","1":"product","2":"type-product","3":"status-publish","4":"has-post-thumbnail","6":"product_cat-uncategorized","7":"pa_27535_j37xfs6z-1-stk","8":"pa_27535_j37xfs6z-2-stk","9":"pa_27535_nzn2ni91-40-x-60-cm","10":"pa_27535_nzn2ni91-50-x-70-cm","11":"pa_27535_nzn2ni91-60-x-80-cm","12":"pa_27535_nzn2ni91-80-x-100-cm","13":"desktop-align-left","14":"tablet-align-left","15":"mobile-align-left","17":"first","18":"instock","19":"shipping-taxable","20":"purchasable","21":"product-type-variable","22":"has-default-attributes"},"_links":{"self":[{"href":"https:\/\/ecostera.com\/dk\/wp-json\/wp\/v2\/product\/21498","targetHints":{"allow":["GET"]}}],"collection":[{"href":"https:\/\/ecostera.com\/dk\/wp-json\/wp\/v2\/product"}],"about":[{"href":"https:\/\/ecostera.com\/dk\/wp-json\/wp\/v2\/types\/product"}],"replies":[{"embeddable":true,"href":"https:\/\/ecostera.com\/dk\/wp-json\/wp\/v2\/comments?post=21498"}],"wp:featuredmedia":[{"embeddable":true,"href":"https:\/\/ecostera.com\/dk\/wp-json\/wp\/v2\/media\/21494"}],"wp:attachment":[{"href":"https:\/\/ecostera.com\/dk\/wp-json\/wp\/v2\/media?parent=21498"}],"wp:term":[{"taxonomy":"product_brand","embeddable":true,"href":"https:\/\/ecostera.com\/dk\/wp-json\/wp\/v2\/product_brand?post=21498"},{"taxonomy":"product_cat","embeddable":true,"href":"https:\/\/ecostera.com\/dk\/wp-json\/wp\/v2\/product_cat?post=21498"},{"taxonomy":"product_tag","embeddable":true,"href":"https:\/\/ecostera.com\/dk\/wp-json\/wp\/v2\/product_tag?post=21498"}],"curies":[{"name":"wp","href":"https:\/\/api.w.org\/{rel}","templated":true}]}}