{"id":21533,"date":"2025-09-19T22:22:51","date_gmt":"2025-09-19T19:22:51","guid":{"rendered":"https:\/\/ecostera.com\/dk\/product\/vandhanevarmer\/"},"modified":"2025-09-19T22:23:00","modified_gmt":"2025-09-19T19:23:00","slug":"vandhanevarmer","status":"publish","type":"product","link":"https:\/\/ecostera.com\/dk\/product\/vandhanevarmer\/","title":{"rendered":"Vandhanevarmer"},"content":{"rendered":"<p style=\"text-align: center\" data-start=\"85\" data-end=\"128\"><strong>\ud83d\udeb0 \u00d8jeblikkeligt Varmt Vand \u2014 Lige Fra Hanen!<\/strong><\/p>\n<p style=\"text-align: center\" data-start=\"130\" data-end=\"337\">Denne moderne vandhane med indbygget varmelegeme giver dig mulighed for at opvarme vandet med det samme, uden kedel eller ventetid. Uanset om det er i k\u00f8kkenet, garagen eller badev\u00e6relset, skal du bare tilslutte den og nyde varmt vand op til 65 \u00b0C p\u00e5 f\u00e5 sekunder!<\/p>\n<p data-start=\"130\" data-end=\"337\"><img decoding=\"async\" class=\"size-full wp-image-28324 aligncenter\" src=\"https:\/\/keluvo.com\/template\/wp-content\/uploads\/sites\/5\/2025\/07\/f8d8fe19-f42d-4c71-bb82-31f67b68c70d.jpg\" alt=\"\" \/><\/p>\n<h2 style=\"text-align: center\" data-start=\"339\" data-end=\"360\"><strong>\ud83d\udd25 Hovedfordele<\/strong><\/h2>\n<p data-start=\"363\" data-end=\"402\">\ud83d\udca7 Opvarmer vand med det samme \u2014 op til 65 \u00b0C<\/p>\n<p data-start=\"405\" data-end=\"456\">\ud83d\udd0c Enkelt plug-in-design, ingen kompleks installation<\/p>\n<p data-start=\"459\" data-end=\"506\">\ud83c\udfe1 Ideel til hjem, hytter, garager og meget mere<\/p>\n<p data-start=\"509\" data-end=\"565\">\ud83d\udca1 Elegant, moderne look med digitalt temperaturdisplay<\/p>\n<p data-start=\"568\" data-end=\"614\">\ud83d\udd01 Ubegr\u00e6nset varmt vand, n\u00e5r du har brug for det<\/p>\n<p data-start=\"568\" data-end=\"614\"><img decoding=\"async\" class=\"size-full wp-image-28322 aligncenter\" src=\"https:\/\/keluvo.com\/template\/wp-content\/uploads\/sites\/5\/2025\/07\/639124f1-9a1c-4662-8f6f-014fff13f2b6.webp\" alt=\"\" \/><\/p>\n<h2 style=\"text-align: center\" data-start=\"616\" data-end=\"634\"><strong>\ud83d\udccc S\u00e5dan Bruges<\/strong><\/h2>\n<ol data-start=\"635\" data-end=\"783\">\n<li data-start=\"635\" data-end=\"703\">\n<p data-start=\"638\" data-end=\"703\">Monter vandhanen p\u00e5 din vask (f\u00e5s som vask- eller v\u00e6gmodel).<\/p>\n<\/li>\n<li data-start=\"704\" data-end=\"736\">\n<p data-start=\"707\" data-end=\"736\">T\u00e6nd for vandet, og nyd den \u00f8jeblikkelige varme!<\/p>\n<\/li>\n<li data-start=\"737\" data-end=\"783\">\n<p data-start=\"740\" data-end=\"783\">Turn on the water and enjoy instant heat!<\/p>\n<\/li>\n<\/ol>\n<h2 style=\"text-align: center\" data-start=\"785\" data-end=\"808\"><strong>\ud83d\udcd0 Produktdetaljer<\/strong><\/h2>\n<ul data-start=\"809\" data-end=\"931\">\n<li data-start=\"809\" data-end=\"845\">\n<p data-start=\"811\" data-end=\"845\">Opvarmningstype: elektrisk, indbygget<\/p>\n<\/li>\n<li data-start=\"846\" data-end=\"884\">\n<p data-start=\"848\" data-end=\"884\">Installation: vask eller v\u00e6gmonteret<\/p>\n<\/li>\n<li data-start=\"885\" data-end=\"912\">\n<p data-start=\"887\" data-end=\"912\">Str\u00f8mkilde: 220V stik<\/p>\n<\/li>\n<li data-start=\"913\" data-end=\"931\">\n<p data-start=\"915\" data-end=\"931\">Max temp: 65\u00b0C<\/p>\n<\/li>\n<li data-start=\"913\" data-end=\"931\">EU-stik<\/li>\n<\/ul>\n<h2 style=\"text-align: center\" data-start=\"933\" data-end=\"957\"><strong>\ud83d\udce6 Pakken Indeholder<\/strong><\/h2>\n<ul data-start=\"958\" data-end=\"1011\">\n<li data-start=\"958\" data-end=\"992\">\n<p data-start=\"960\" data-end=\"992\">1x vandhanevarmer<\/p>\n<\/li>\n<li data-start=\"993\" data-end=\"1011\">\n<p data-start=\"995\" data-end=\"1011\">1x brugervejledning.<\/p>\n<\/li>\n<\/ul>\n","protected":false},"excerpt":{"rendered":"<p>\ud83d\udeb0 \u00d8jeblikkeligt Varmt Vand \u2014 Lige Fra Hanen! Denne moderne vandhane med indbygget varmelegeme giver dig mulighed for at opvarme [&hellip;]<\/p>\n","protected":false},"featured_media":21529,"comment_status":"open","ping_status":"closed","template":"","meta":{"site-sidebar-layout":"default","site-content-layout":"","ast-site-content-layout":"default","site-content-style":"default","site-sidebar-style":"default","ast-global-header-display":"","ast-banner-title-visibility":"","ast-main-header-display":"","ast-hfb-above-header-display":"","ast-hfb-below-header-display":"","ast-hfb-mobile-header-display":"","site-post-title":"","ast-breadcrumbs-content":"","ast-featured-img":"","footer-sml-layout":"","theme-transparent-header-meta":"default","adv-header-id-meta":"","stick-header-meta":"","header-above-stick-meta":"","header-main-stick-meta":"","header-below-stick-meta":"","astra-migrate-meta-layouts":"set","ast-page-background-enabled":"default","ast-page-background-meta":{"desktop":{"background-color":"var(--ast-global-color-5)","background-image":"","background-repeat":"repeat","background-position":"center center","background-size":"auto","background-attachment":"scroll","background-type":"","background-media":"","overlay-type":"","overlay-color":"","overlay-opacity":"","overlay-gradient":""},"tablet":{"background-color":"","background-image":"","background-repeat":"repeat","background-position":"center center","background-size":"auto","background-attachment":"scroll","background-type":"","background-media":"","overlay-type":"","overlay-color":"","overlay-opacity":"","overlay-gradient":""},"mobile":{"background-color":"","background-image":"","background-repeat":"repeat","background-position":"center center","background-size":"auto","background-attachment":"scroll","background-type":"","background-media":"","overlay-type":"","overlay-color":"","overlay-opacity":"","overlay-gradient":""}},"ast-content-background-meta":{"desktop":{"background-color":"var(--ast-global-color-4)","background-image":"","background-repeat":"repeat","background-position":"center center","background-size":"auto","background-attachment":"scroll","background-type":"","background-media":"","overlay-type":"","overlay-color":"","overlay-opacity":"","overlay-gradient":""},"tablet":{"background-color":"var(--ast-global-color-4)","background-image":"","background-repeat":"repeat","background-position":"center center","background-size":"auto","background-attachment":"scroll","background-type":"","background-media":"","overlay-type":"","overlay-color":"","overlay-opacity":"","overlay-gradient":""},"mobile":{"background-color":"var(--ast-global-color-4)","background-image":"","background-repeat":"repeat","background-position":"center center","background-size":"auto","background-attachment":"scroll","background-type":"","background-media":"","overlay-type":"","overlay-color":"","overlay-opacity":"","overlay-gradient":""}}},"product_brand":[],"product_cat":[19],"product_tag":[],"class_list":{"0":"post-21533","1":"product","2":"type-product","3":"status-publish","4":"has-post-thumbnail","6":"product_cat-uncategorized","7":"pa_19844_rla2i2ay-haandvaskarmatur","8":"pa_19844_rla2i2ay-vaegarmatur","9":"desktop-align-left","10":"tablet-align-left","11":"mobile-align-left","13":"first","14":"instock","15":"shipping-taxable","16":"purchasable","17":"product-type-variable"},"_links":{"self":[{"href":"https:\/\/ecostera.com\/dk\/wp-json\/wp\/v2\/product\/21533","targetHints":{"allow":["GET"]}}],"collection":[{"href":"https:\/\/ecostera.com\/dk\/wp-json\/wp\/v2\/product"}],"about":[{"href":"https:\/\/ecostera.com\/dk\/wp-json\/wp\/v2\/types\/product"}],"replies":[{"embeddable":true,"href":"https:\/\/ecostera.com\/dk\/wp-json\/wp\/v2\/comments?post=21533"}],"wp:featuredmedia":[{"embeddable":true,"href":"https:\/\/ecostera.com\/dk\/wp-json\/wp\/v2\/media\/21529"}],"wp:attachment":[{"href":"https:\/\/ecostera.com\/dk\/wp-json\/wp\/v2\/media?parent=21533"}],"wp:term":[{"taxonomy":"product_brand","embeddable":true,"href":"https:\/\/ecostera.com\/dk\/wp-json\/wp\/v2\/product_brand?post=21533"},{"taxonomy":"product_cat","embeddable":true,"href":"https:\/\/ecostera.com\/dk\/wp-json\/wp\/v2\/product_cat?post=21533"},{"taxonomy":"product_tag","embeddable":true,"href":"https:\/\/ecostera.com\/dk\/wp-json\/wp\/v2\/product_tag?post=21533"}],"curies":[{"name":"wp","href":"https:\/\/api.w.org\/{rel}","templated":true}]}}