{"id":21564,"date":"2025-09-19T22:24:55","date_gmt":"2025-09-19T19:24:55","guid":{"rendered":"https:\/\/ecostera.com\/dk\/product\/biloplader\/"},"modified":"2025-09-19T22:24:55","modified_gmt":"2025-09-19T19:24:55","slug":"biloplader","status":"publish","type":"product","link":"https:\/\/ecostera.com\/dk\/product\/biloplader\/","title":{"rendered":"Biloplader"},"content":{"rendered":"<p style=\"text-align: center\" data-start=\"102\" data-end=\"154\"><strong>\u26a1 Str\u00f8m Til Alt P\u00e5 Farten &#8211; Fra En Kompakt Kop!<\/strong><\/p>\n<p style=\"text-align: center\" data-start=\"156\" data-end=\"433\">Denne innovative biloplader i kop-stil passer perfekt i bilens kopholder og leverer seri\u00f8s opladningskraft. Med flere USB-porte, AC-stik, en hurtigopladende QC 3.0-port og en lys LCD-sk\u00e6rm er den ideel til bilture, arbejde fra bilen og hverdagsbrug.<\/p>\n<p data-start=\"156\" data-end=\"433\"><img decoding=\"async\" class=\"size-full wp-image-28345 aligncenter\" src=\"https:\/\/keluvo.com\/template\/wp-content\/uploads\/sites\/5\/2025\/07\/07217-ezgif.com-video-to-webp-converter.webp\" alt=\"\" \/><\/p>\n<h2 style=\"text-align: center\" data-start=\"435\" data-end=\"456\">\ud83d\udd0c Hovedfordele<\/h2>\n<p data-start=\"459\" data-end=\"508\">\ud83d\ude97 Passer i din kopholder til nem, stabil brug<\/p>\n<p data-start=\"511\" data-end=\"567\">\u26a1 Konverterer 12 V DC til 220 V AC (op til 250 W samlet output)<\/p>\n<p data-start=\"570\" data-end=\"635\">\ud83d\udd0b Indeholder 4 USB-porte (1x QC 3.0, 3x smart USB), 2 AC-stik<\/p>\n<p data-start=\"638\" data-end=\"693\">\ud83d\udcf1 Oplad b\u00e6rbare computere, telefoner, tablets, kameraer og meget mere<\/p>\n<p data-start=\"696\" data-end=\"756\">\ud83e\udde0 Intelligent LCD-sk\u00e6rm viser realtidssp\u00e6nding og -status<\/p>\n<p data-start=\"759\" data-end=\"849\">\ud83d\udd10 Indbyggede sikringer og sikkerhedsbeskyttelse mod overophedning, oversp\u00e6nding og kortslutning<\/p>\n<p data-start=\"759\" data-end=\"849\"><img decoding=\"async\" class=\"size-full wp-image-28346 aligncenter\" src=\"https:\/\/keluvo.com\/template\/wp-content\/uploads\/sites\/5\/2025\/07\/e03477984e0c71ac01d62d11dda01fd7a388170d-700.avif\" alt=\"\" \/><\/p>\n<h2 style=\"text-align: center\" data-start=\"851\" data-end=\"869\">\ud83d\udccc S\u00e5dan Bruges<\/h2>\n<ol data-start=\"870\" data-end=\"1032\">\n<li data-start=\"870\" data-end=\"919\">\n<p data-start=\"873\" data-end=\"919\">S\u00e6t inverteren i bilens 12 V-stik.<\/p>\n<\/li>\n<li data-start=\"920\" data-end=\"960\">\n<p data-start=\"923\" data-end=\"960\">Overv\u00e5g str\u00f8mniveauet p\u00e5 LCD-displayet, og oplad trygt<\/p>\n<\/li>\n<li data-start=\"961\" data-end=\"1032\">\n<p data-start=\"964\" data-end=\"1032\">\n<\/li>\n<\/ol>\n<h2 style=\"text-align: center\" data-start=\"1034\" data-end=\"1057\">\ud83d\udcd0 Produktdetaljer<\/h2>\n<ul data-start=\"1058\" data-end=\"1194\">\n<li data-start=\"1058\" data-end=\"1084\">\n<p data-start=\"1060\" data-end=\"1084\">St\u00f8rrelse: 7 \u00d7 7,7 \u00d7 5,6 cm<\/p>\n<\/li>\n<li data-start=\"1085\" data-end=\"1120\">\n<p data-start=\"1087\" data-end=\"1120\">Input: DC 12V \u2192 Udgang: AC 220V<\/p>\n<\/li>\n<li data-start=\"1121\" data-end=\"1144\">\n<p data-start=\"1123\" data-end=\"1144\">USB Output: 5V\/4,4A<\/p>\n<\/li>\n<li data-start=\"1145\" data-end=\"1173\">\n<p data-start=\"1147\" data-end=\"1173\">L\u00e6ngde p\u00e5 netledning: 80 cm<\/p>\n<\/li>\n<li data-start=\"1174\" data-end=\"1194\">\n<p data-start=\"1176\" data-end=\"1194\">Max output: 220W<\/p>\n<\/li>\n<\/ul>\n<h2 style=\"text-align: center\" data-start=\"1196\" data-end=\"1220\">\ud83d\udce6 Pakken Indeholder<\/h2>\n<ul data-start=\"1221\" data-end=\"1273\">\n<li data-start=\"1221\" data-end=\"1273\">\n<p data-start=\"1223\" data-end=\"1273\">1x biloplader.<\/p>\n<\/li>\n<\/ul>\n","protected":false},"excerpt":{"rendered":"<p>\u26a1 Str\u00f8m Til Alt P\u00e5 Farten &#8211; Fra En Kompakt Kop! Denne innovative biloplader i kop-stil passer perfekt i bilens [&hellip;]<\/p>\n","protected":false},"featured_media":21560,"comment_status":"open","ping_status":"closed","template":"","meta":{"site-sidebar-layout":"default","site-content-layout":"","ast-site-content-layout":"default","site-content-style":"default","site-sidebar-style":"default","ast-global-header-display":"","ast-banner-title-visibility":"","ast-main-header-display":"","ast-hfb-above-header-display":"","ast-hfb-below-header-display":"","ast-hfb-mobile-header-display":"","site-post-title":"","ast-breadcrumbs-content":"","ast-featured-img":"","footer-sml-layout":"","theme-transparent-header-meta":"default","adv-header-id-meta":"","stick-header-meta":"","header-above-stick-meta":"","header-main-stick-meta":"","header-below-stick-meta":"","astra-migrate-meta-layouts":"set","ast-page-background-enabled":"default","ast-page-background-meta":{"desktop":{"background-color":"var(--ast-global-color-5)","background-image":"","background-repeat":"repeat","background-position":"center center","background-size":"auto","background-attachment":"scroll","background-type":"","background-media":"","overlay-type":"","overlay-color":"","overlay-opacity":"","overlay-gradient":""},"tablet":{"background-color":"","background-image":"","background-repeat":"repeat","background-position":"center center","background-size":"auto","background-attachment":"scroll","background-type":"","background-media":"","overlay-type":"","overlay-color":"","overlay-opacity":"","overlay-gradient":""},"mobile":{"background-color":"","background-image":"","background-repeat":"repeat","background-position":"center center","background-size":"auto","background-attachment":"scroll","background-type":"","background-media":"","overlay-type":"","overlay-color":"","overlay-opacity":"","overlay-gradient":""}},"ast-content-background-meta":{"desktop":{"background-color":"var(--ast-global-color-4)","background-image":"","background-repeat":"repeat","background-position":"center center","background-size":"auto","background-attachment":"scroll","background-type":"","background-media":"","overlay-type":"","overlay-color":"","overlay-opacity":"","overlay-gradient":""},"tablet":{"background-color":"var(--ast-global-color-4)","background-image":"","background-repeat":"repeat","background-position":"center center","background-size":"auto","background-attachment":"scroll","background-type":"","background-media":"","overlay-type":"","overlay-color":"","overlay-opacity":"","overlay-gradient":""},"mobile":{"background-color":"var(--ast-global-color-4)","background-image":"","background-repeat":"repeat","background-position":"center center","background-size":"auto","background-attachment":"scroll","background-type":"","background-media":"","overlay-type":"","overlay-color":"","overlay-opacity":"","overlay-gradient":""}}},"product_brand":[],"product_cat":[19],"product_tag":[],"class_list":{"0":"post-21564","1":"product","2":"type-product","3":"status-publish","4":"has-post-thumbnail","6":"product_cat-uncategorized","7":"desktop-align-left","8":"tablet-align-left","9":"mobile-align-left","11":"first","12":"instock","13":"shipping-taxable","14":"purchasable","15":"product-type-simple"},"_links":{"self":[{"href":"https:\/\/ecostera.com\/dk\/wp-json\/wp\/v2\/product\/21564","targetHints":{"allow":["GET"]}}],"collection":[{"href":"https:\/\/ecostera.com\/dk\/wp-json\/wp\/v2\/product"}],"about":[{"href":"https:\/\/ecostera.com\/dk\/wp-json\/wp\/v2\/types\/product"}],"replies":[{"embeddable":true,"href":"https:\/\/ecostera.com\/dk\/wp-json\/wp\/v2\/comments?post=21564"}],"wp:featuredmedia":[{"embeddable":true,"href":"https:\/\/ecostera.com\/dk\/wp-json\/wp\/v2\/media\/21560"}],"wp:attachment":[{"href":"https:\/\/ecostera.com\/dk\/wp-json\/wp\/v2\/media?parent=21564"}],"wp:term":[{"taxonomy":"product_brand","embeddable":true,"href":"https:\/\/ecostera.com\/dk\/wp-json\/wp\/v2\/product_brand?post=21564"},{"taxonomy":"product_cat","embeddable":true,"href":"https:\/\/ecostera.com\/dk\/wp-json\/wp\/v2\/product_cat?post=21564"},{"taxonomy":"product_tag","embeddable":true,"href":"https:\/\/ecostera.com\/dk\/wp-json\/wp\/v2\/product_tag?post=21564"}],"curies":[{"name":"wp","href":"https:\/\/api.w.org\/{rel}","templated":true}]}}