{"id":21573,"date":"2025-09-19T22:26:15","date_gmt":"2025-09-19T19:26:15","guid":{"rendered":"https:\/\/ecostera.com\/dk\/product\/snorkelmaske\/"},"modified":"2025-09-19T22:26:27","modified_gmt":"2025-09-19T19:26:27","slug":"snorkelmaske","status":"publish","type":"product","link":"https:\/\/ecostera.com\/dk\/product\/snorkelmaske\/","title":{"rendered":"Snorkelmaske"},"content":{"rendered":"<p style=\"text-align: center\" data-start=\"128\" data-end=\"199\"><strong>\ud83c\udf0a Tr\u00e6k Vejret Let Og Udforsk Dybere Med Denne Helmaske Til Snorkling!<\/strong><\/p>\n<p style=\"text-align: center\" data-start=\"201\" data-end=\"378\">Sig farvel til mundstykker og duggede linser. Denne maske giver dig et klart, naturligt udsyn over undervandsverdenen, samtidig med at du kan tr\u00e6kke vejret komfortabelt gennem n\u00e6se og mund.<\/p>\n<h2 style=\"text-align: center\" data-start=\"380\" data-end=\"400\"><img decoding=\"async\" class=\"size-full wp-image-28354 aligncenter\" src=\"https:\/\/keluvo.com\/template\/wp-content\/uploads\/sites\/5\/2025\/07\/pol_pl_Maska-Pelnotwarzowa-do-Snorkelingu-Nurkowania-2-Rurki-Uchwyt-GoPro-L-XL-Ani-Fog-PRO-4244_8.webp\" alt=\"\" \/><\/h2>\n<h2 style=\"text-align: center\">\u2705 Hovedfordele<\/h2>\n<p data-start=\"403\" data-end=\"461\">\ud83e\udec1 Dobbelte luftstr\u00f8msr\u00f8r for lettere, mere naturlig vejrtr\u00e6kning<\/p>\n<p data-start=\"464\" data-end=\"524\">\ud83c\udfa5 Indbygget GoPro-montering for at fange hvert \u00f8jeblik under vandet<\/p>\n<p data-start=\"527\" data-end=\"572\">\ud83d\udc53 Antidugsystem for krystalklart syn<\/p>\n<p data-start=\"575\" data-end=\"624\">\ud83c\udf0a 180\u00b0 bredt udsyn for fuld fordybelse under vandet<\/p>\n<p data-start=\"627\" data-end=\"688\">\ud83d\udca6 Dry-top-system forhindrer vand i at komme ind i masken<\/p>\n<p data-start=\"627\" data-end=\"688\"><img decoding=\"async\" class=\"size-full wp-image-28356 aligncenter\" src=\"https:\/\/keluvo.com\/template\/wp-content\/uploads\/sites\/5\/2025\/07\/pol_pl_Maska-Pelnotwarzowa-do-Snorkelingu-Nurkowania-2-Rurki-Uchwyt-GoPro-L-XL-Ani-Fog-PRO-4244_12.webp\" alt=\"\" \/><\/p>\n<h2 style=\"text-align: center\" data-start=\"690\" data-end=\"708\">\ud83d\udd27 S\u00e5dan Bruges<\/h2>\n<ol data-start=\"709\" data-end=\"872\">\n<li data-start=\"709\" data-end=\"751\">\n<p data-start=\"712\" data-end=\"751\">Juster hovedstropperne, s\u00e5 de sidder t\u00e6t.<\/p>\n<\/li>\n<li data-start=\"752\" data-end=\"786\">\n<p data-start=\"755\" data-end=\"786\">Placer masken p\u00e5 dit ansigt og tr\u00e6k vejret normalt.<\/p>\n<\/li>\n<li data-start=\"787\" data-end=\"841\">\n<p data-start=\"790\" data-end=\"841\">Dyk ned og nyd udsigten!<\/p>\n<\/li>\n<\/ol>\n<h2 style=\"text-align: center\" data-start=\"874\" data-end=\"897\">\ud83d\udccf Produktdetaljer<\/h2>\n<ul data-start=\"898\" data-end=\"1077\">\n<li data-start=\"898\" data-end=\"936\">\n<p data-start=\"900\" data-end=\"936\">St\u00f8rrelse: S\/M (10-12 cm) eller L\/XL (12 cm)<\/p>\n<\/li>\n<li data-start=\"937\" data-end=\"985\">\n<p data-start=\"939\" data-end=\"985\">Materiale: Holdbar silikone og polykarbonat<\/p>\n<\/li>\n<li data-start=\"986\" data-end=\"1027\">\n<p data-start=\"988\" data-end=\"1027\">Dobbelt snorkelr\u00f8r for bedre luftgennemstr\u00f8mning<\/p>\n<\/li>\n<li data-start=\"1028\" data-end=\"1077\">\n<p data-start=\"1030\" data-end=\"1077\">Kompatibel med de fleste actionkameraer i GoPro-stil<\/p>\n<\/li>\n<\/ul>\n<h2 style=\"text-align: center\" data-start=\"1079\" data-end=\"1103\">\ud83d\udce6 Pakken Indeholder<\/h2>\n<ul data-start=\"1104\" data-end=\"1197\">\n<li data-start=\"1104\" data-end=\"1135\">\n<p data-start=\"1106\" data-end=\"1135\">1x snorklemaske til hele ansigtet<\/p>\n<\/li>\n<li data-start=\"1136\" data-end=\"1157\">\n<p data-start=\"1138\" data-end=\"1157\">2x \u00e5ndedr\u00e6tsr\u00f8r<\/p>\n<\/li>\n<li data-start=\"1158\" data-end=\"1176\">\n<p data-start=\"1160\" data-end=\"1176\">1x kameraholder<\/p>\n<\/li>\n<li data-start=\"1177\" data-end=\"1197\">\n<p data-start=\"1179\" data-end=\"1197\">1x opbevaringspose i mesh.<\/p>\n<\/li>\n<\/ul>\n","protected":false},"excerpt":{"rendered":"<p>\ud83c\udf0a Tr\u00e6k Vejret Let Og Udforsk Dybere Med Denne Helmaske Til Snorkling! Sig farvel til mundstykker og duggede linser. Denne [&hellip;]<\/p>\n","protected":false},"featured_media":21569,"comment_status":"open","ping_status":"closed","template":"","meta":{"site-sidebar-layout":"default","site-content-layout":"","ast-site-content-layout":"default","site-content-style":"default","site-sidebar-style":"default","ast-global-header-display":"","ast-banner-title-visibility":"","ast-main-header-display":"","ast-hfb-above-header-display":"","ast-hfb-below-header-display":"","ast-hfb-mobile-header-display":"","site-post-title":"","ast-breadcrumbs-content":"","ast-featured-img":"","footer-sml-layout":"","theme-transparent-header-meta":"default","adv-header-id-meta":"","stick-header-meta":"","header-above-stick-meta":"","header-main-stick-meta":"","header-below-stick-meta":"","astra-migrate-meta-layouts":"set","ast-page-background-enabled":"default","ast-page-background-meta":{"desktop":{"background-color":"var(--ast-global-color-5)","background-image":"","background-repeat":"repeat","background-position":"center center","background-size":"auto","background-attachment":"scroll","background-type":"","background-media":"","overlay-type":"","overlay-color":"","overlay-opacity":"","overlay-gradient":""},"tablet":{"background-color":"","background-image":"","background-repeat":"repeat","background-position":"center center","background-size":"auto","background-attachment":"scroll","background-type":"","background-media":"","overlay-type":"","overlay-color":"","overlay-opacity":"","overlay-gradient":""},"mobile":{"background-color":"","background-image":"","background-repeat":"repeat","background-position":"center center","background-size":"auto","background-attachment":"scroll","background-type":"","background-media":"","overlay-type":"","overlay-color":"","overlay-opacity":"","overlay-gradient":""}},"ast-content-background-meta":{"desktop":{"background-color":"var(--ast-global-color-4)","background-image":"","background-repeat":"repeat","background-position":"center center","background-size":"auto","background-attachment":"scroll","background-type":"","background-media":"","overlay-type":"","overlay-color":"","overlay-opacity":"","overlay-gradient":""},"tablet":{"background-color":"var(--ast-global-color-4)","background-image":"","background-repeat":"repeat","background-position":"center center","background-size":"auto","background-attachment":"scroll","background-type":"","background-media":"","overlay-type":"","overlay-color":"","overlay-opacity":"","overlay-gradient":""},"mobile":{"background-color":"var(--ast-global-color-4)","background-image":"","background-repeat":"repeat","background-position":"center center","background-size":"auto","background-attachment":"scroll","background-type":"","background-media":"","overlay-type":"","overlay-color":"","overlay-opacity":"","overlay-gradient":""}}},"product_brand":[],"product_cat":[19],"product_tag":[],"class_list":{"0":"post-21573","1":"product","2":"type-product","3":"status-publish","4":"has-post-thumbnail","6":"product_cat-uncategorized","7":"pa_47381_zpkunng2-l-xl","8":"pa_47381_zpkunng2-s-m","9":"desktop-align-left","10":"tablet-align-left","11":"mobile-align-left","13":"first","14":"instock","15":"shipping-taxable","16":"purchasable","17":"product-type-variable"},"_links":{"self":[{"href":"https:\/\/ecostera.com\/dk\/wp-json\/wp\/v2\/product\/21573","targetHints":{"allow":["GET"]}}],"collection":[{"href":"https:\/\/ecostera.com\/dk\/wp-json\/wp\/v2\/product"}],"about":[{"href":"https:\/\/ecostera.com\/dk\/wp-json\/wp\/v2\/types\/product"}],"replies":[{"embeddable":true,"href":"https:\/\/ecostera.com\/dk\/wp-json\/wp\/v2\/comments?post=21573"}],"wp:featuredmedia":[{"embeddable":true,"href":"https:\/\/ecostera.com\/dk\/wp-json\/wp\/v2\/media\/21569"}],"wp:attachment":[{"href":"https:\/\/ecostera.com\/dk\/wp-json\/wp\/v2\/media?parent=21573"}],"wp:term":[{"taxonomy":"product_brand","embeddable":true,"href":"https:\/\/ecostera.com\/dk\/wp-json\/wp\/v2\/product_brand?post=21573"},{"taxonomy":"product_cat","embeddable":true,"href":"https:\/\/ecostera.com\/dk\/wp-json\/wp\/v2\/product_cat?post=21573"},{"taxonomy":"product_tag","embeddable":true,"href":"https:\/\/ecostera.com\/dk\/wp-json\/wp\/v2\/product_tag?post=21573"}],"curies":[{"name":"wp","href":"https:\/\/api.w.org\/{rel}","templated":true}]}}