{"id":21595,"date":"2025-09-19T22:28:07","date_gmt":"2025-09-19T19:28:07","guid":{"rendered":"https:\/\/ecostera.com\/dk\/product\/skohylde\/"},"modified":"2025-09-19T22:28:17","modified_gmt":"2025-09-19T19:28:17","slug":"skohylde","status":"publish","type":"product","link":"https:\/\/ecostera.com\/dk\/product\/skohylde\/","title":{"rendered":"Skohylde"},"content":{"rendered":"<p style=\"text-align: center\" data-start=\"95\" data-end=\"136\"><strong>\ud83d\udeaaForvandl enhver d\u00f8r til smart opbevaringsplads!<\/strong><\/p>\n<p style=\"text-align: center\" data-start=\"138\" data-end=\"312\">Mangler du plads? Denne reol over d\u00f8ren giver dig \u00f8jeblikkeligt hylder, kroge og kurve uden at bore eller bruge v\u00e6rkt\u00f8j &#8211; perfekt til at organisere sko, tasker, h\u00e5ndkl\u00e6der og meget mere.<\/p>\n<p data-start=\"138\" data-end=\"312\"><img decoding=\"async\" class=\"size-full wp-image-28374 aligncenter\" src=\"https:\/\/keluvo.com\/template\/wp-content\/uploads\/sites\/5\/2025\/07\/07218-ezgif.com-video-to-webp-converter.webp\" alt=\"\" \/><\/p>\n<h2 style=\"text-align: center\" data-start=\"314\" data-end=\"334\"><strong>\u2705 Hovedfordele<\/strong><\/h2>\n<p data-start=\"337\" data-end=\"394\">\ud83e\uddfa K\u00e6mpe opbevaringsplads med flere hylder og kurve<\/p>\n<p data-start=\"397\" data-end=\"453\">\ud83e\udde5 Dobbelt r\u00e6kke kroge til jakker, tasker og accessories<\/p>\n<p data-start=\"456\" data-end=\"514\">\ud83d\udee0\ufe0f Nem installation uden at bore &#8211; bare h\u00e6ng over d\u00f8ren<\/p>\n<p data-start=\"517\" data-end=\"563\">\ud83d\udca7 Vandt\u00e6t og rustbestandig metalramme<\/p>\n<p data-start=\"566\" data-end=\"612\">\ud83d\udeaa Passer til de fleste standardd\u00f8re uden scratching<\/p>\n<p data-start=\"566\" data-end=\"612\"><img decoding=\"async\" class=\"size-full wp-image-28376 aligncenter\" src=\"https:\/\/keluvo.com\/template\/wp-content\/uploads\/sites\/5\/2025\/07\/S1797fae39a4246e4ad7deddcaa7fa1dbT.jpg_960x960q75.jpg_.avif\" alt=\"\" \/><\/p>\n<h2 style=\"text-align: center\" data-start=\"614\" data-end=\"633\"><strong>\ud83d\udee0\ufe0f S\u00e5dan bruges<\/strong><\/h2>\n<ol data-start=\"634\" data-end=\"760\">\n<li data-start=\"634\" data-end=\"668\">\n<p data-start=\"637\" data-end=\"668\">H\u00e6ng rammen over enhver d\u00f8r.<\/p>\n<\/li>\n<li data-start=\"669\" data-end=\"708\">\n<p data-start=\"672\" data-end=\"708\">Just\u00e9r og sikr metal krogene.<\/p>\n<\/li>\n<li data-start=\"709\" data-end=\"760\">\n<p data-start=\"712\" data-end=\"760\">Fyld hylderne og krogene med dine vigtigste ting!<\/p>\n<\/li>\n<\/ol>\n<h2 style=\"text-align: center\" data-start=\"762\" data-end=\"785\"><strong>\ud83d\udccf Produktdetaljer<\/strong><\/h2>\n<ul data-start=\"786\" data-end=\"979\">\n<li data-start=\"786\" data-end=\"839\">\n<p data-start=\"788\" data-end=\"839\">Materiale: Belagt metal (rust- og vandt\u00e6t)<\/p>\n<\/li>\n<li data-start=\"840\" data-end=\"885\">\n<p data-start=\"842\" data-end=\"885\">Indeholder hylder, kroge og netkurve<\/p>\n<\/li>\n<li data-start=\"933\" data-end=\"979\">\n<p data-start=\"935\" data-end=\"979\">Dimensioner: Passer til de fleste indvendige d\u00f8re<\/p>\n<\/li>\n<\/ul>\n<h2 style=\"text-align: center\" data-start=\"981\" data-end=\"1005\"><strong>\ud83d\udce6 Pakken indeholder<\/strong><\/h2>\n<ul data-start=\"1006\" data-end=\"1070\">\n<li data-start=\"1006\" data-end=\"1070\">\n<p data-start=\"1008\" data-end=\"1070\">1x skohylde.<\/p>\n<\/li>\n<\/ul>\n","protected":false},"excerpt":{"rendered":"<p>\ud83d\udeaaForvandl enhver d\u00f8r til smart opbevaringsplads! Mangler du plads? Denne reol over d\u00f8ren giver dig \u00f8jeblikkeligt hylder, kroge og kurve [&hellip;]<\/p>\n","protected":false},"featured_media":21591,"comment_status":"open","ping_status":"closed","template":"","meta":{"site-sidebar-layout":"default","site-content-layout":"","ast-site-content-layout":"default","site-content-style":"default","site-sidebar-style":"default","ast-global-header-display":"","ast-banner-title-visibility":"","ast-main-header-display":"","ast-hfb-above-header-display":"","ast-hfb-below-header-display":"","ast-hfb-mobile-header-display":"","site-post-title":"","ast-breadcrumbs-content":"","ast-featured-img":"","footer-sml-layout":"","theme-transparent-header-meta":"default","adv-header-id-meta":"","stick-header-meta":"","header-above-stick-meta":"","header-main-stick-meta":"","header-below-stick-meta":"","astra-migrate-meta-layouts":"set","ast-page-background-enabled":"default","ast-page-background-meta":{"desktop":{"background-color":"var(--ast-global-color-5)","background-image":"","background-repeat":"repeat","background-position":"center center","background-size":"auto","background-attachment":"scroll","background-type":"","background-media":"","overlay-type":"","overlay-color":"","overlay-opacity":"","overlay-gradient":""},"tablet":{"background-color":"","background-image":"","background-repeat":"repeat","background-position":"center center","background-size":"auto","background-attachment":"scroll","background-type":"","background-media":"","overlay-type":"","overlay-color":"","overlay-opacity":"","overlay-gradient":""},"mobile":{"background-color":"","background-image":"","background-repeat":"repeat","background-position":"center center","background-size":"auto","background-attachment":"scroll","background-type":"","background-media":"","overlay-type":"","overlay-color":"","overlay-opacity":"","overlay-gradient":""}},"ast-content-background-meta":{"desktop":{"background-color":"var(--ast-global-color-4)","background-image":"","background-repeat":"repeat","background-position":"center center","background-size":"auto","background-attachment":"scroll","background-type":"","background-media":"","overlay-type":"","overlay-color":"","overlay-opacity":"","overlay-gradient":""},"tablet":{"background-color":"var(--ast-global-color-4)","background-image":"","background-repeat":"repeat","background-position":"center center","background-size":"auto","background-attachment":"scroll","background-type":"","background-media":"","overlay-type":"","overlay-color":"","overlay-opacity":"","overlay-gradient":""},"mobile":{"background-color":"var(--ast-global-color-4)","background-image":"","background-repeat":"repeat","background-position":"center center","background-size":"auto","background-attachment":"scroll","background-type":"","background-media":"","overlay-type":"","overlay-color":"","overlay-opacity":"","overlay-gradient":""}}},"product_brand":[],"product_cat":[19],"product_tag":[],"class_list":{"0":"post-21595","1":"product","2":"type-product","3":"status-publish","4":"has-post-thumbnail","6":"product_cat-uncategorized","7":"pa_32443_kvfn1fqb-hvid","8":"pa_32443_kvfn1fqb-sort","9":"desktop-align-left","10":"tablet-align-left","11":"mobile-align-left","13":"first","14":"instock","15":"shipping-taxable","16":"purchasable","17":"product-type-variable"},"_links":{"self":[{"href":"https:\/\/ecostera.com\/dk\/wp-json\/wp\/v2\/product\/21595","targetHints":{"allow":["GET"]}}],"collection":[{"href":"https:\/\/ecostera.com\/dk\/wp-json\/wp\/v2\/product"}],"about":[{"href":"https:\/\/ecostera.com\/dk\/wp-json\/wp\/v2\/types\/product"}],"replies":[{"embeddable":true,"href":"https:\/\/ecostera.com\/dk\/wp-json\/wp\/v2\/comments?post=21595"}],"wp:featuredmedia":[{"embeddable":true,"href":"https:\/\/ecostera.com\/dk\/wp-json\/wp\/v2\/media\/21591"}],"wp:attachment":[{"href":"https:\/\/ecostera.com\/dk\/wp-json\/wp\/v2\/media?parent=21595"}],"wp:term":[{"taxonomy":"product_brand","embeddable":true,"href":"https:\/\/ecostera.com\/dk\/wp-json\/wp\/v2\/product_brand?post=21595"},{"taxonomy":"product_cat","embeddable":true,"href":"https:\/\/ecostera.com\/dk\/wp-json\/wp\/v2\/product_cat?post=21595"},{"taxonomy":"product_tag","embeddable":true,"href":"https:\/\/ecostera.com\/dk\/wp-json\/wp\/v2\/product_tag?post=21595"}],"curies":[{"name":"wp","href":"https:\/\/api.w.org\/{rel}","templated":true}]}}