{"id":21638,"date":"2025-09-19T22:32:33","date_gmt":"2025-09-19T19:32:33","guid":{"rendered":"https:\/\/ecostera.com\/dk\/product\/haarforlaengelser\/"},"modified":"2025-09-19T22:33:39","modified_gmt":"2025-09-19T19:33:39","slug":"haarforlaengelser","status":"publish","type":"product","link":"https:\/\/ecostera.com\/dk\/product\/haarforlaengelser\/","title":{"rendered":"H\u00e5rforl\u00e6ngelser"},"content":{"rendered":"<p style=\"text-align: center\" data-start=\"94\" data-end=\"151\"><strong>\ud83d\udc81\u200d\u2640\ufe0f \u00d8jeblikkeligt L\u00e6ngere Og Fyldigere H\u00e5r &#8211; Bare Pak Det Ind, Og S\u00e5 Er Du Klar!<\/strong><\/p>\n<p style=\"text-align: center\" data-start=\"153\" data-end=\"329\">Forvandl dit look p\u00e5 f\u00e5 sekunder med disse brugervenlige hair extensions. Uanset om du vil have glat og glat eller volumin\u00f8se kr\u00f8ller, giver denne extension dig salonv\u00e6rdigt h\u00e5r p\u00e5 et \u00f8jeblik.<\/p>\n<p data-start=\"153\" data-end=\"329\"><img decoding=\"async\" class=\"size-full wp-image-28420 aligncenter\" src=\"https:\/\/keluvo.com\/template\/wp-content\/uploads\/sites\/5\/2025\/07\/072110-ezgif.com-video-to-webp-converter.webp\" alt=\"\" \/><\/p>\n<h2 style=\"text-align: center\" data-start=\"331\" data-end=\"351\">\u2705 Main Benefits<\/h2>\n<p data-start=\"354\" data-end=\"409\">\u23f1\ufe0f Fastg\u00f8res p\u00e5 f\u00e5 sekunder &#8211; uden brug af v\u00e6rkt\u00f8j eller salonbes\u00f8g<\/p>\n<p data-start=\"412\" data-end=\"454\">\ud83d\udc83 Tilf\u00f8rer \u00f8jeblikkelig l\u00e6ngde, volumen og glamour<\/p>\n<p data-start=\"457\" data-end=\"508\">\ud83d\udca8 Let og \u00e5ndbar for komfort hele dagen<\/p>\n<p data-start=\"511\" data-end=\"565\">\ud83d\udd01 Style det p\u00e5 din m\u00e5de &#8211; lige, kr\u00f8llet, h\u00f8jt eller low<\/p>\n<p data-start=\"568\" data-end=\"610\">\ud83d\udc81\u200d\u2640\ufe0f Blander sig naturligt med dit rigtige h\u00e5r<\/p>\n<p data-start=\"568\" data-end=\"610\"><img decoding=\"async\" class=\"size-full wp-image-28423 aligncenter\" src=\"https:\/\/keluvo.com\/template\/wp-content\/uploads\/sites\/5\/2025\/07\/0c1aefb2-d4fc-4634-b456-d3ad0d4663b7.jpg\" alt=\"\" \/><\/p>\n<h2 style=\"text-align: center\" data-start=\"612\" data-end=\"631\">\ud83d\udee0\ufe0f S\u00e5dan Bruges<\/h2>\n<ol data-start=\"632\" data-end=\"789\">\n<li data-start=\"632\" data-end=\"679\">\n<p data-start=\"635\" data-end=\"679\">S\u00e6t dit rigtige h\u00e5r op i en hestehale eller knold.<\/p>\n<\/li>\n<li data-start=\"680\" data-end=\"723\">\n<p data-start=\"683\" data-end=\"723\">S\u00e6t extensionen fast over hestehalen.<\/p>\n<\/li>\n<li data-start=\"724\" data-end=\"772\">\n<p data-start=\"727\" data-end=\"772\">Vikl velcrob\u00e5ndet rundt om, og s\u00e6t det fast.<\/p>\n<\/li>\n<li data-start=\"773\" data-end=\"789\">\n<p data-start=\"776\" data-end=\"789\">Style and go!<\/p>\n<\/li>\n<\/ol>\n<h2 style=\"text-align: center\" data-start=\"791\" data-end=\"814\">\ud83d\udccf Produktdetaljer<\/h2>\n<ul data-start=\"815\" data-end=\"1004\">\n<li data-start=\"815\" data-end=\"878\">\n<p data-start=\"817\" data-end=\"878\">L\u00e6ngde: F\u00e5s i forskellige stilarter (kr\u00f8llet, lige, b\u00f8lget)<\/p>\n<\/li>\n<li data-start=\"879\" data-end=\"923\">\n<p data-start=\"881\" data-end=\"923\">Materiale: Varmebestandig syntetisk fiber<\/p>\n<\/li>\n<li data-start=\"924\" data-end=\"972\">\n<p data-start=\"926\" data-end=\"972\">Fit: Sikker klips + wrap-around velcro-design<\/p>\n<\/li>\n<li data-start=\"973\" data-end=\"1004\">\n<p data-start=\"975\" data-end=\"1004\">Anvendelig og nem at vedligeholde<\/p>\n<\/li>\n<\/ul>\n<h2 style=\"text-align: center\" data-start=\"1006\" data-end=\"1030\">\ud83d\udce6 Pakken Indeholder<\/h2>\n<ul data-start=\"1031\" data-end=\"1086\">\n<li data-start=\"1031\" data-end=\"1086\">\n<p data-start=\"1033\" data-end=\"1086\">1x h\u00e5rforl\u00e6ngelse.<\/p>\n<\/li>\n<\/ul>\n","protected":false},"excerpt":{"rendered":"<p>\ud83d\udc81\u200d\u2640\ufe0f \u00d8jeblikkeligt L\u00e6ngere Og Fyldigere H\u00e5r &#8211; Bare Pak Det Ind, Og S\u00e5 Er Du Klar! Forvandl dit look p\u00e5 [&hellip;]<\/p>\n","protected":false},"featured_media":21634,"comment_status":"open","ping_status":"closed","template":"","meta":{"site-sidebar-layout":"default","site-content-layout":"","ast-site-content-layout":"default","site-content-style":"default","site-sidebar-style":"default","ast-global-header-display":"","ast-banner-title-visibility":"","ast-main-header-display":"","ast-hfb-above-header-display":"","ast-hfb-below-header-display":"","ast-hfb-mobile-header-display":"","site-post-title":"","ast-breadcrumbs-content":"","ast-featured-img":"","footer-sml-layout":"","theme-transparent-header-meta":"default","adv-header-id-meta":"","stick-header-meta":"","header-above-stick-meta":"","header-main-stick-meta":"","header-below-stick-meta":"","astra-migrate-meta-layouts":"set","ast-page-background-enabled":"default","ast-page-background-meta":{"desktop":{"background-color":"var(--ast-global-color-5)","background-image":"","background-repeat":"repeat","background-position":"center center","background-size":"auto","background-attachment":"scroll","background-type":"","background-media":"","overlay-type":"","overlay-color":"","overlay-opacity":"","overlay-gradient":""},"tablet":{"background-color":"","background-image":"","background-repeat":"repeat","background-position":"center center","background-size":"auto","background-attachment":"scroll","background-type":"","background-media":"","overlay-type":"","overlay-color":"","overlay-opacity":"","overlay-gradient":""},"mobile":{"background-color":"","background-image":"","background-repeat":"repeat","background-position":"center center","background-size":"auto","background-attachment":"scroll","background-type":"","background-media":"","overlay-type":"","overlay-color":"","overlay-opacity":"","overlay-gradient":""}},"ast-content-background-meta":{"desktop":{"background-color":"var(--ast-global-color-4)","background-image":"","background-repeat":"repeat","background-position":"center center","background-size":"auto","background-attachment":"scroll","background-type":"","background-media":"","overlay-type":"","overlay-color":"","overlay-opacity":"","overlay-gradient":""},"tablet":{"background-color":"var(--ast-global-color-4)","background-image":"","background-repeat":"repeat","background-position":"center center","background-size":"auto","background-attachment":"scroll","background-type":"","background-media":"","overlay-type":"","overlay-color":"","overlay-opacity":"","overlay-gradient":""},"mobile":{"background-color":"var(--ast-global-color-4)","background-image":"","background-repeat":"repeat","background-position":"center center","background-size":"auto","background-attachment":"scroll","background-type":"","background-media":"","overlay-type":"","overlay-color":"","overlay-opacity":"","overlay-gradient":""}}},"product_brand":[],"product_cat":[19],"product_tag":[],"class_list":{"0":"post-21638","1":"product","2":"type-product","3":"status-publish","4":"has-post-thumbnail","6":"product_cat-uncategorized","7":"pa_42500_sv6hft9m-a","8":"pa_42500_sv6hft9m-b","9":"pa_42500_sv6hft9m-c","10":"pa_42500_sv6hft9m-d","11":"pa_42500_sv6hft9m-e","12":"pa_42500_sv6hft9m-f","13":"pa_42500_sv6hft9m-g","14":"pa_42500_sv6hft9m-h","15":"pa_42500_sv6hft9m-i","16":"pa_42500_sv6hft9m-j","17":"pa_42500_sv6hft9m-k","18":"desktop-align-left","19":"tablet-align-left","20":"mobile-align-left","22":"first","23":"instock","24":"shipping-taxable","25":"purchasable","26":"product-type-variable"},"_links":{"self":[{"href":"https:\/\/ecostera.com\/dk\/wp-json\/wp\/v2\/product\/21638","targetHints":{"allow":["GET"]}}],"collection":[{"href":"https:\/\/ecostera.com\/dk\/wp-json\/wp\/v2\/product"}],"about":[{"href":"https:\/\/ecostera.com\/dk\/wp-json\/wp\/v2\/types\/product"}],"replies":[{"embeddable":true,"href":"https:\/\/ecostera.com\/dk\/wp-json\/wp\/v2\/comments?post=21638"}],"wp:featuredmedia":[{"embeddable":true,"href":"https:\/\/ecostera.com\/dk\/wp-json\/wp\/v2\/media\/21634"}],"wp:attachment":[{"href":"https:\/\/ecostera.com\/dk\/wp-json\/wp\/v2\/media?parent=21638"}],"wp:term":[{"taxonomy":"product_brand","embeddable":true,"href":"https:\/\/ecostera.com\/dk\/wp-json\/wp\/v2\/product_brand?post=21638"},{"taxonomy":"product_cat","embeddable":true,"href":"https:\/\/ecostera.com\/dk\/wp-json\/wp\/v2\/product_cat?post=21638"},{"taxonomy":"product_tag","embeddable":true,"href":"https:\/\/ecostera.com\/dk\/wp-json\/wp\/v2\/product_tag?post=21638"}],"curies":[{"name":"wp","href":"https:\/\/api.w.org\/{rel}","templated":true}]}}