{"id":21684,"date":"2025-09-19T22:37:18","date_gmt":"2025-09-19T19:37:18","guid":{"rendered":"https:\/\/ecostera.com\/dk\/product\/telefonhylster-2\/"},"modified":"2025-09-19T22:39:03","modified_gmt":"2025-09-19T19:39:03","slug":"telefonhylster-2","status":"publish","type":"product","link":"https:\/\/ecostera.com\/dk\/product\/telefonhylster-2\/","title":{"rendered":"Telefonhylster"},"content":{"rendered":"<p style=\"text-align: center\" data-start=\"143\" data-end=\"202\"><strong>\ud83d\udcf1 Beskyttelse, stil og funktion &#8211; alt sammen i \u00e9t smart etui!<\/strong><\/p>\n<p style=\"text-align: center\" data-start=\"204\" data-end=\"388\">Dette anti-fald-etui er skr\u00e6ddersyet til din Galaxy Z Fold 3\/4\/5. Med en indbygget penneholder og sk\u00e6rmbeskyttelsesfilm giver det dig fuld d\u00e6kning og bekvemmelighed i et slankt design.<\/p>\n<p data-start=\"204\" data-end=\"388\"><img decoding=\"async\" class=\"size-full wp-image-28469 aligncenter\" src=\"https:\/\/keluvo.com\/template\/wp-content\/uploads\/sites\/5\/2025\/07\/072111-ezgif.com-video-to-webp-converter.webp\" alt=\"\" \/><\/p>\n<h2 style=\"text-align: center\" data-start=\"390\" data-end=\"410\"><strong>\u2705 Main Benefits<\/strong><\/h2>\n<p data-start=\"413\" data-end=\"464\">\ud83d\udee1\ufe0f St\u00e6rk beskyttelse mod fald med h\u00e6vet edges<\/p>\n<p data-start=\"467\" data-end=\"527\">\ud83d\udd8a\ufe0f Indbygget S Pen-bakke for nem adgang og sikker opbevaring<\/p>\n<p data-start=\"530\" data-end=\"584\">\ud83d\udd12 Beskyttelse af for- og bagside med inkluderet sk\u00e6rmfilm<\/p>\n<p data-start=\"587\" data-end=\"637\">\u2728 Anti-fingeraftryk og ridsefast overflade<\/p>\n<p data-start=\"640\" data-end=\"684\">\ud83e\uddf2 Magnetisk design holder alt p\u00e5 plads<\/p>\n<p data-start=\"640\" data-end=\"684\"><img decoding=\"async\" class=\"size-full wp-image-28464 aligncenter\" src=\"https:\/\/keluvo.com\/template\/wp-content\/uploads\/sites\/5\/2025\/07\/fb21f4fd-999e-4c60-8184-b6a76644115e.jpg\" alt=\"\" \/><\/p>\n<h2 style=\"text-align: center\" data-start=\"686\" data-end=\"705\"><strong>\ud83d\udee0\ufe0f S\u00e5dan Bruges<\/strong><\/h2>\n<ol data-start=\"706\" data-end=\"889\">\n<li data-start=\"706\" data-end=\"763\">\n<p data-start=\"709\" data-end=\"763\">Skub din telefon ind i etuiet, og fastg\u00f8r alle kanter.<\/p>\n<\/li>\n<li data-start=\"764\" data-end=\"806\">\n<p data-start=\"767\" data-end=\"806\">S\u00e6t din S Pen ind i sidebakken.<\/p>\n<\/li>\n<li data-start=\"807\" data-end=\"867\">\n<p data-start=\"810\" data-end=\"867\">p\u00e5f\u00f8r sk\u00e6rmbeskyttelsesfilmen for fuld 360\u00b0 d\u00e6kning.<\/p>\n<\/li>\n<li data-start=\"868\" data-end=\"889\">\n<p data-start=\"871\" data-end=\"889\">fold, brug og tag afsted!<\/p>\n<\/li>\n<\/ol>\n<h2 style=\"text-align: center\" data-start=\"891\" data-end=\"914\"><strong>\ud83d\udccf Produktdetaljer<\/strong><\/h2>\n<ul data-start=\"915\" data-end=\"1089\">\n<li data-start=\"915\" data-end=\"968\">\n<p data-start=\"917\" data-end=\"968\">Kompatibel med: Samsung Galaxy Z Fold 3 \/Fold 4 \/ Fold 5<\/p>\n<\/li>\n<li data-start=\"969\" data-end=\"1006\">\n<p data-start=\"971\" data-end=\"1006\">Materiale: Holdbar PC + TPU-hybrid<\/p>\n<\/li>\n<li data-start=\"1007\" data-end=\"1058\">\n<p data-start=\"1009\" data-end=\"1058\">Inkluderer: Telefonetui, pennebakke og sk\u00e6rmfilm<\/p>\n<\/li>\n<li data-start=\"1059\" data-end=\"1089\">\n<p data-start=\"1061\" data-end=\"1089\">F\u00e5s i flere farver<\/p>\n<\/li>\n<\/ul>\n<h2 style=\"text-align: center\" data-start=\"1091\" data-end=\"1115\"><strong>\ud83d\udce6 Pakken Indeholder<\/strong><\/h2>\n<ul data-start=\"1116\" data-end=\"1199\">\n<li data-start=\"1116\" data-end=\"1143\">\n<p data-start=\"1118\" data-end=\"1143\">1x beskyttende telefonetui<\/p>\n<\/li>\n<li data-start=\"1144\" data-end=\"1167\">\n<p data-start=\"1146\" data-end=\"1167\">1x indbygget pennebakke<\/p>\n<\/li>\n<li data-start=\"1168\" data-end=\"1199\">\n<p data-start=\"1170\" data-end=\"1199\">1x sk\u00e6rmbeskyttelsesfilm foran.<\/p>\n<\/li>\n<\/ul>\n","protected":false},"excerpt":{"rendered":"<p>\ud83d\udcf1 Beskyttelse, stil og funktion &#8211; alt sammen i \u00e9t smart etui! Dette anti-fald-etui er skr\u00e6ddersyet til din Galaxy Z [&hellip;]<\/p>\n","protected":false},"featured_media":21680,"comment_status":"open","ping_status":"closed","template":"","meta":{"site-sidebar-layout":"default","site-content-layout":"","ast-site-content-layout":"default","site-content-style":"default","site-sidebar-style":"default","ast-global-header-display":"","ast-banner-title-visibility":"","ast-main-header-display":"","ast-hfb-above-header-display":"","ast-hfb-below-header-display":"","ast-hfb-mobile-header-display":"","site-post-title":"","ast-breadcrumbs-content":"","ast-featured-img":"","footer-sml-layout":"","theme-transparent-header-meta":"default","adv-header-id-meta":"","stick-header-meta":"","header-above-stick-meta":"","header-main-stick-meta":"","header-below-stick-meta":"","astra-migrate-meta-layouts":"set","ast-page-background-enabled":"default","ast-page-background-meta":{"desktop":{"background-color":"var(--ast-global-color-5)","background-image":"","background-repeat":"repeat","background-position":"center center","background-size":"auto","background-attachment":"scroll","background-type":"","background-media":"","overlay-type":"","overlay-color":"","overlay-opacity":"","overlay-gradient":""},"tablet":{"background-color":"","background-image":"","background-repeat":"repeat","background-position":"center center","background-size":"auto","background-attachment":"scroll","background-type":"","background-media":"","overlay-type":"","overlay-color":"","overlay-opacity":"","overlay-gradient":""},"mobile":{"background-color":"","background-image":"","background-repeat":"repeat","background-position":"center center","background-size":"auto","background-attachment":"scroll","background-type":"","background-media":"","overlay-type":"","overlay-color":"","overlay-opacity":"","overlay-gradient":""}},"ast-content-background-meta":{"desktop":{"background-color":"var(--ast-global-color-4)","background-image":"","background-repeat":"repeat","background-position":"center center","background-size":"auto","background-attachment":"scroll","background-type":"","background-media":"","overlay-type":"","overlay-color":"","overlay-opacity":"","overlay-gradient":""},"tablet":{"background-color":"var(--ast-global-color-4)","background-image":"","background-repeat":"repeat","background-position":"center center","background-size":"auto","background-attachment":"scroll","background-type":"","background-media":"","overlay-type":"","overlay-color":"","overlay-opacity":"","overlay-gradient":""},"mobile":{"background-color":"var(--ast-global-color-4)","background-image":"","background-repeat":"repeat","background-position":"center center","background-size":"auto","background-attachment":"scroll","background-type":"","background-media":"","overlay-type":"","overlay-color":"","overlay-opacity":"","overlay-gradient":""}}},"product_brand":[],"product_cat":[19],"product_tag":[],"class_list":{"0":"post-21684","1":"product","2":"type-product","3":"status-publish","4":"has-post-thumbnail","6":"product_cat-uncategorized","7":"pa_31731_21mam8dt-galaxy-z-fold3","8":"pa_31731_21mam8dt-galaxy-z-fold4","9":"pa_31731_21mam8dt-galaxy-z-fold5","10":"pa_31731_7jsi8gct-blaa","11":"pa_31731_7jsi8gct-lilla","12":"pa_31731_7jsi8gct-lysegraa","13":"pa_31731_7jsi8gct-lyseroed","14":"pa_31731_7jsi8gct-moerkegraa","15":"pa_31731_7jsi8gct-sort","16":"desktop-align-left","17":"tablet-align-left","18":"mobile-align-left","20":"first","21":"instock","22":"shipping-taxable","23":"purchasable","24":"product-type-variable","25":"has-default-attributes"},"_links":{"self":[{"href":"https:\/\/ecostera.com\/dk\/wp-json\/wp\/v2\/product\/21684","targetHints":{"allow":["GET"]}}],"collection":[{"href":"https:\/\/ecostera.com\/dk\/wp-json\/wp\/v2\/product"}],"about":[{"href":"https:\/\/ecostera.com\/dk\/wp-json\/wp\/v2\/types\/product"}],"replies":[{"embeddable":true,"href":"https:\/\/ecostera.com\/dk\/wp-json\/wp\/v2\/comments?post=21684"}],"wp:featuredmedia":[{"embeddable":true,"href":"https:\/\/ecostera.com\/dk\/wp-json\/wp\/v2\/media\/21680"}],"wp:attachment":[{"href":"https:\/\/ecostera.com\/dk\/wp-json\/wp\/v2\/media?parent=21684"}],"wp:term":[{"taxonomy":"product_brand","embeddable":true,"href":"https:\/\/ecostera.com\/dk\/wp-json\/wp\/v2\/product_brand?post=21684"},{"taxonomy":"product_cat","embeddable":true,"href":"https:\/\/ecostera.com\/dk\/wp-json\/wp\/v2\/product_cat?post=21684"},{"taxonomy":"product_tag","embeddable":true,"href":"https:\/\/ecostera.com\/dk\/wp-json\/wp\/v2\/product_tag?post=21684"}],"curies":[{"name":"wp","href":"https:\/\/api.w.org\/{rel}","templated":true}]}}