{"id":21738,"date":"2025-09-19T22:41:08","date_gmt":"2025-09-19T19:41:08","guid":{"rendered":"https:\/\/ecostera.com\/dk\/product\/skuldertaske-5\/"},"modified":"2025-09-19T22:41:36","modified_gmt":"2025-09-19T19:41:36","slug":"skuldertaske-5","status":"publish","type":"product","link":"https:\/\/ecostera.com\/dk\/product\/skuldertaske-5\/","title":{"rendered":"Skuldertaske"},"content":{"rendered":"<p style=\"text-align: center\" data-start=\"0\" data-end=\"84\"><strong data-start=\"0\" data-end=\"84\">\ud83d\udc5cB\u00e6r dine vigtigste ting med stil med denne lette og alsidige skuldertaske!<\/strong><\/p>\n<p style=\"text-align: center\" data-start=\"86\" data-end=\"363\">Denne skuldertaske er designet til hverdagsbrug, er lavet af slidst\u00e6rkt PU-materiale og giver plads nok til dine daglige ting, mens den forbliver slank og behagelig. Med et enkelt, moderne design og flere rum er den perfekt til afslappede udflugter, rejser, shopping eller gaver.<\/p>\n<p data-start=\"86\" data-end=\"363\"><img decoding=\"async\" class=\"size-full wp-image-28517 aligncenter\" src=\"https:\/\/keluvo.com\/template\/wp-content\/uploads\/sites\/5\/2025\/07\/072112-ezgif.com-video-to-webp-converter.webp\" alt=\"\" \/><\/p>\n<h2 style=\"text-align: center\" data-start=\"370\" data-end=\"392\">\ud83c\udf1f Vigtigste Fordele<\/h2>\n<p data-start=\"395\" data-end=\"469\">\ud83d\udc5c PU-materiale af h\u00f8j kvalitet &#8211; st\u00e6rk, let og bygget til at holde<\/p>\n<p data-start=\"472\" data-end=\"547\">\ud83d\udd12 Glat lynl\u00e5slukning &#8211; nem at \u00e5bne, lukke og sikre dine ting<\/p>\n<p data-start=\"550\" data-end=\"617\">\ud83c\udf92 Design med flere rum &#8211; holder dine vigtigste ting organiseret<\/p>\n<p data-start=\"620\" data-end=\"684\">\ud83d\udd01 Konvertibel stil &#8211; brug den som skuldertaske eller h\u00e5ndtaske<\/p>\n<p data-start=\"687\" data-end=\"755\">\ud83c\udf81 Fantastisk gaveid\u00e9 &#8211; perfekt til f\u00f8dselsdage, ferier og meget mere<\/p>\n<p data-start=\"758\" data-end=\"834\">\ud83c\udf0d Ideel til enhver lejlighed &#8211; shopping, rejser, camping eller hverdagsbrug<\/p>\n<p data-start=\"758\" data-end=\"834\"><img fetchpriority=\"high\" decoding=\"async\" class=\"size-full wp-image-28516 aligncenter\" src=\"https:\/\/keluvo.com\/template\/wp-content\/uploads\/sites\/5\/2025\/07\/S16d89faee9e742bdafc5ca3c46c75ad4l.webp\" alt=\"\" width=\"800\" height=\"800\" \/><\/p>\n<h2 style=\"text-align: center\" data-start=\"841\" data-end=\"860\">\ud83e\udded S\u00e5dan Bruges<\/h2>\n<ol data-start=\"861\" data-end=\"1112\">\n<li data-start=\"861\" data-end=\"952\">\n<p data-start=\"864\" data-end=\"952\">Fyld tasken med dine daglige forn\u00f8denheder som telefon, pung, n\u00f8gler, makeup og meget mere.<\/p>\n<\/li>\n<li data-start=\"953\" data-end=\"1043\">\n<p data-start=\"956\" data-end=\"1043\">Brug den justerbare rem til at b\u00e6re den over skulderen eller i det \u00f8verste h\u00e5ndtag.<\/p>\n<\/li>\n<li data-start=\"1044\" data-end=\"1112\">\n<p data-start=\"1047\" data-end=\"1112\">Luk lynl\u00e5sene for at holde dine ejendele sikre, mens du er p\u00e5 farten.<\/p>\n<\/li>\n<\/ol>\n<h2 style=\"text-align: center\" data-start=\"1119\" data-end=\"1143\">\ud83d\udccf Produktdetaljer<\/h2>\n<ul data-start=\"1144\" data-end=\"1348\">\n<li data-start=\"1144\" data-end=\"1175\">\n<p data-start=\"1146\" data-end=\"1175\">Materiale: PU (polyurethan)<\/p>\n<\/li>\n<li data-start=\"1176\" data-end=\"1205\">\n<p data-start=\"1178\" data-end=\"1205\">Taskest\u00f8rrelse: 22 x 13 x 19 cm<\/p>\n<\/li>\n<li data-start=\"1206\" data-end=\"1229\">\n<p data-start=\"1208\" data-end=\"1229\">H\u00e5ndtagsh\u00f8jde: 7 cm<\/p>\n<\/li>\n<li data-start=\"1230\" data-end=\"1254\">\n<p data-start=\"1232\" data-end=\"1254\">Lukningstype: Lynl\u00e5s<\/p>\n<\/li>\n<li data-start=\"1290\" data-end=\"1348\">\n<p data-start=\"1292\" data-end=\"1348\">Brug: Casual, rejser, shopping, camping og daglig brug<\/p>\n<\/li>\n<\/ul>\n<h2 style=\"text-align: center\" data-start=\"1355\" data-end=\"1380\">\ud83d\udce6 Pakken Indeholder<\/h2>\n<ul data-start=\"1381\" data-end=\"1410\">\n<li data-start=\"1381\" data-end=\"1410\">\n<p data-start=\"1383\" data-end=\"1410\">1x skuldertaske.<\/p>\n<\/li>\n<\/ul>\n","protected":false},"excerpt":{"rendered":"<p>\ud83d\udc5cB\u00e6r dine vigtigste ting med stil med denne lette og alsidige skuldertaske! Denne skuldertaske er designet til hverdagsbrug, er lavet [&hellip;]<\/p>\n","protected":false},"featured_media":21734,"comment_status":"open","ping_status":"closed","template":"","meta":{"site-sidebar-layout":"default","site-content-layout":"","ast-site-content-layout":"default","site-content-style":"default","site-sidebar-style":"default","ast-global-header-display":"","ast-banner-title-visibility":"","ast-main-header-display":"","ast-hfb-above-header-display":"","ast-hfb-below-header-display":"","ast-hfb-mobile-header-display":"","site-post-title":"","ast-breadcrumbs-content":"","ast-featured-img":"","footer-sml-layout":"","theme-transparent-header-meta":"default","adv-header-id-meta":"","stick-header-meta":"","header-above-stick-meta":"","header-main-stick-meta":"","header-below-stick-meta":"","astra-migrate-meta-layouts":"set","ast-page-background-enabled":"default","ast-page-background-meta":{"desktop":{"background-color":"var(--ast-global-color-5)","background-image":"","background-repeat":"repeat","background-position":"center center","background-size":"auto","background-attachment":"scroll","background-type":"","background-media":"","overlay-type":"","overlay-color":"","overlay-opacity":"","overlay-gradient":""},"tablet":{"background-color":"","background-image":"","background-repeat":"repeat","background-position":"center center","background-size":"auto","background-attachment":"scroll","background-type":"","background-media":"","overlay-type":"","overlay-color":"","overlay-opacity":"","overlay-gradient":""},"mobile":{"background-color":"","background-image":"","background-repeat":"repeat","background-position":"center center","background-size":"auto","background-attachment":"scroll","background-type":"","background-media":"","overlay-type":"","overlay-color":"","overlay-opacity":"","overlay-gradient":""}},"ast-content-background-meta":{"desktop":{"background-color":"var(--ast-global-color-4)","background-image":"","background-repeat":"repeat","background-position":"center center","background-size":"auto","background-attachment":"scroll","background-type":"","background-media":"","overlay-type":"","overlay-color":"","overlay-opacity":"","overlay-gradient":""},"tablet":{"background-color":"var(--ast-global-color-4)","background-image":"","background-repeat":"repeat","background-position":"center center","background-size":"auto","background-attachment":"scroll","background-type":"","background-media":"","overlay-type":"","overlay-color":"","overlay-opacity":"","overlay-gradient":""},"mobile":{"background-color":"var(--ast-global-color-4)","background-image":"","background-repeat":"repeat","background-position":"center center","background-size":"auto","background-attachment":"scroll","background-type":"","background-media":"","overlay-type":"","overlay-color":"","overlay-opacity":"","overlay-gradient":""}}},"product_brand":[],"product_cat":[19],"product_tag":[],"class_list":{"0":"post-21738","1":"product","2":"type-product","3":"status-publish","4":"has-post-thumbnail","6":"product_cat-uncategorized","7":"pa_43928_dv6yt30l-hvid","8":"pa_43928_dv6yt30l-khaki","9":"pa_43928_dv6yt30l-moerkegroen","10":"pa_43928_dv6yt30l-roed","11":"pa_43928_dv6yt30l-sort","12":"desktop-align-left","13":"tablet-align-left","14":"mobile-align-left","16":"first","17":"instock","18":"shipping-taxable","19":"purchasable","20":"product-type-variable"},"_links":{"self":[{"href":"https:\/\/ecostera.com\/dk\/wp-json\/wp\/v2\/product\/21738","targetHints":{"allow":["GET"]}}],"collection":[{"href":"https:\/\/ecostera.com\/dk\/wp-json\/wp\/v2\/product"}],"about":[{"href":"https:\/\/ecostera.com\/dk\/wp-json\/wp\/v2\/types\/product"}],"replies":[{"embeddable":true,"href":"https:\/\/ecostera.com\/dk\/wp-json\/wp\/v2\/comments?post=21738"}],"wp:featuredmedia":[{"embeddable":true,"href":"https:\/\/ecostera.com\/dk\/wp-json\/wp\/v2\/media\/21734"}],"wp:attachment":[{"href":"https:\/\/ecostera.com\/dk\/wp-json\/wp\/v2\/media?parent=21738"}],"wp:term":[{"taxonomy":"product_brand","embeddable":true,"href":"https:\/\/ecostera.com\/dk\/wp-json\/wp\/v2\/product_brand?post=21738"},{"taxonomy":"product_cat","embeddable":true,"href":"https:\/\/ecostera.com\/dk\/wp-json\/wp\/v2\/product_cat?post=21738"},{"taxonomy":"product_tag","embeddable":true,"href":"https:\/\/ecostera.com\/dk\/wp-json\/wp\/v2\/product_tag?post=21738"}],"curies":[{"name":"wp","href":"https:\/\/api.w.org\/{rel}","templated":true}]}}