{"id":21758,"date":"2025-09-19T22:43:07","date_gmt":"2025-09-19T19:43:07","guid":{"rendered":"https:\/\/ecostera.com\/dk\/product\/taaseparator-2\/"},"modified":"2025-09-19T22:44:18","modified_gmt":"2025-09-19T19:44:18","slug":"taaseparator-2","status":"publish","type":"product","link":"https:\/\/ecostera.com\/dk\/product\/taaseparator-2\/","title":{"rendered":"T\u00e5separator"},"content":{"rendered":"<p style=\"text-align: center\" data-start=\"0\" data-end=\"86\"><strong data-start=\"0\" data-end=\"86\">\ud83e\uddb6Lindre fodsmerter og ret t\u00e6erne ud med disse bl\u00f8de, komfortable t\u00e5skillere!<\/strong><\/p>\n<p style=\"text-align: center\" data-start=\"88\" data-end=\"369\">Disse t\u00e5skillere er designet med silikone af medicinsk kvalitet og str\u00e6kker og retter forsigtigt t\u00e6erne ud, samtidig med at de giver komfort hele dagen. Uanset om du slapper af derhjemme, g\u00e5r tur eller dyrker yoga, reducerer de trykket fra knyster og overlappende t\u00e6er &#8211; perfekt til daglig lindring og st\u00f8tte.<\/p>\n<p data-start=\"88\" data-end=\"369\"><img decoding=\"async\" class=\"size-full wp-image-28520 aligncenter\" src=\"https:\/\/keluvo.com\/template\/wp-content\/uploads\/sites\/5\/2025\/07\/072113-ezgif.com-video-to-webp-converter.webp\" alt=\"\" \/><\/p>\n<h2 style=\"text-align: center\" data-start=\"376\" data-end=\"398\">\ud83c\udf1f Vigtigste Fordele<\/h2>\n<p data-start=\"401\" data-end=\"465\">\ud83e\uddb6 Korrigerer t\u00e5stillingen for at reducere knyster og ubehag<\/p>\n<p data-start=\"468\" data-end=\"524\">\ud83d\udc8e Bl\u00f8d silikone af medicinsk kvalitet giver maksimal komfort<\/p>\n<p data-start=\"527\" data-end=\"599\">\ud83c\udfc3 Sportsvenlig &#8211; brug den, mens du g\u00e5r, str\u00e6kker dig eller dyrker yoga<\/p>\n<p data-start=\"602\" data-end=\"663\">\ud83d\udd01 Genanvendelig og vaskbar &#8211; nem at reng\u00f8re og langtidsholdbar<\/p>\n<p data-start=\"666\" data-end=\"714\">\ud83d\udc63 Beskytter t\u00e6erne mod gnidning og tryk<\/p>\n<p data-start=\"666\" data-end=\"714\"><img decoding=\"async\" class=\"size-full wp-image-28521 aligncenter\" src=\"https:\/\/keluvo.com\/template\/wp-content\/uploads\/sites\/5\/2025\/07\/S4654f1cec82747d18242a3e6a743576eh.jpg_960x960q75.jpg_.avif\" alt=\"\" \/><\/p>\n<h2 style=\"text-align: center\">\ud83e\udded S\u00e5dan Bruges<\/h2>\n<ol data-start=\"741\" data-end=\"974\">\n<li data-start=\"741\" data-end=\"811\">\n<p data-start=\"744\" data-end=\"811\">Skub en separator ind mellem hver t\u00e5 for forsigtigt at str\u00e6kke dem fra hinanden.<\/p>\n<\/li>\n<li data-start=\"812\" data-end=\"852\">\n<p data-start=\"815\" data-end=\"852\">Juster for en t\u00e6t, behagelig pasform.<\/p>\n<\/li>\n<li data-start=\"853\" data-end=\"904\">\n<p data-start=\"856\" data-end=\"904\">b\u00e6res under daglige aktiviteter eller mens du hviler.<\/p>\n<\/li>\n<li data-start=\"905\" data-end=\"974\">\n<p data-start=\"908\" data-end=\"974\">vask med s\u00e6be og luftt\u00f8r efter brug for at holde dem rene og genanvendelige.<\/p>\n<\/li>\n<\/ol>\n<h2 style=\"text-align: center\" data-start=\"981\" data-end=\"1005\">\ud83d\udccf Produktdetaljer<\/h2>\n<ul data-start=\"1006\" data-end=\"1188\">\n<li data-start=\"1006\" data-end=\"1042\">\n<p data-start=\"1008\" data-end=\"1042\">Materiale: Silikone af medicinsk kvalitet<\/p>\n<\/li>\n<li data-start=\"1043\" data-end=\"1071\">\n<p data-start=\"1045\" data-end=\"1071\">St\u00f8rrelse: 7,3 x 2,5 x 1,4 cm<\/p>\n<\/li>\n<li data-start=\"1131\" data-end=\"1188\">\n<p data-start=\"1133\" data-end=\"1188\">Anvendelse: Knystaflastning, t\u00e5justering, daglig fodst\u00f8tte<\/p>\n<\/li>\n<\/ul>\n<h2 style=\"text-align: center\" data-start=\"1195\" data-end=\"1220\">\ud83d\udce6 Pakken Indeholder<\/h2>\n<ul data-start=\"1221\" data-end=\"1249\">\n<li data-start=\"1221\" data-end=\"1249\">\n<p data-start=\"1223\" data-end=\"1249\">1, 2, 4x par t\u00e5skillere.<\/p>\n<\/li>\n<\/ul>\n","protected":false},"excerpt":{"rendered":"<p>\ud83e\uddb6Lindre fodsmerter og ret t\u00e6erne ud med disse bl\u00f8de, komfortable t\u00e5skillere! Disse t\u00e5skillere er designet med silikone af medicinsk kvalitet [&hellip;]<\/p>\n","protected":false},"featured_media":21754,"comment_status":"open","ping_status":"closed","template":"","meta":{"site-sidebar-layout":"default","site-content-layout":"","ast-site-content-layout":"default","site-content-style":"default","site-sidebar-style":"default","ast-global-header-display":"","ast-banner-title-visibility":"","ast-main-header-display":"","ast-hfb-above-header-display":"","ast-hfb-below-header-display":"","ast-hfb-mobile-header-display":"","site-post-title":"","ast-breadcrumbs-content":"","ast-featured-img":"","footer-sml-layout":"","theme-transparent-header-meta":"default","adv-header-id-meta":"","stick-header-meta":"","header-above-stick-meta":"","header-main-stick-meta":"","header-below-stick-meta":"","astra-migrate-meta-layouts":"set","ast-page-background-enabled":"default","ast-page-background-meta":{"desktop":{"background-color":"var(--ast-global-color-5)","background-image":"","background-repeat":"repeat","background-position":"center center","background-size":"auto","background-attachment":"scroll","background-type":"","background-media":"","overlay-type":"","overlay-color":"","overlay-opacity":"","overlay-gradient":""},"tablet":{"background-color":"","background-image":"","background-repeat":"repeat","background-position":"center center","background-size":"auto","background-attachment":"scroll","background-type":"","background-media":"","overlay-type":"","overlay-color":"","overlay-opacity":"","overlay-gradient":""},"mobile":{"background-color":"","background-image":"","background-repeat":"repeat","background-position":"center center","background-size":"auto","background-attachment":"scroll","background-type":"","background-media":"","overlay-type":"","overlay-color":"","overlay-opacity":"","overlay-gradient":""}},"ast-content-background-meta":{"desktop":{"background-color":"var(--ast-global-color-4)","background-image":"","background-repeat":"repeat","background-position":"center center","background-size":"auto","background-attachment":"scroll","background-type":"","background-media":"","overlay-type":"","overlay-color":"","overlay-opacity":"","overlay-gradient":""},"tablet":{"background-color":"var(--ast-global-color-4)","background-image":"","background-repeat":"repeat","background-position":"center center","background-size":"auto","background-attachment":"scroll","background-type":"","background-media":"","overlay-type":"","overlay-color":"","overlay-opacity":"","overlay-gradient":""},"mobile":{"background-color":"var(--ast-global-color-4)","background-image":"","background-repeat":"repeat","background-position":"center center","background-size":"auto","background-attachment":"scroll","background-type":"","background-media":"","overlay-type":"","overlay-color":"","overlay-opacity":"","overlay-gradient":""}}},"product_brand":[],"product_cat":[19],"product_tag":[],"class_list":{"0":"post-21758","1":"product","2":"type-product","3":"status-publish","4":"has-post-thumbnail","6":"product_cat-uncategorized","7":"pa_43616_ewc0f6r0-1-stk","8":"pa_43616_ewc0f6r0-2-stk","9":"pa_43616_ewc0f6r0-4-stk","10":"pa_43616_mvk4ergr-beige","11":"pa_43616_mvk4ergr-blaa","12":"pa_43616_mvk4ergr-hvid","13":"pa_43616_mvk4ergr-lyseroed","14":"pa_43616_mvk4ergr-sort","15":"desktop-align-left","16":"tablet-align-left","17":"mobile-align-left","19":"first","20":"instock","21":"shipping-taxable","22":"purchasable","23":"product-type-variable","24":"has-default-attributes"},"_links":{"self":[{"href":"https:\/\/ecostera.com\/dk\/wp-json\/wp\/v2\/product\/21758","targetHints":{"allow":["GET"]}}],"collection":[{"href":"https:\/\/ecostera.com\/dk\/wp-json\/wp\/v2\/product"}],"about":[{"href":"https:\/\/ecostera.com\/dk\/wp-json\/wp\/v2\/types\/product"}],"replies":[{"embeddable":true,"href":"https:\/\/ecostera.com\/dk\/wp-json\/wp\/v2\/comments?post=21758"}],"wp:featuredmedia":[{"embeddable":true,"href":"https:\/\/ecostera.com\/dk\/wp-json\/wp\/v2\/media\/21754"}],"wp:attachment":[{"href":"https:\/\/ecostera.com\/dk\/wp-json\/wp\/v2\/media?parent=21758"}],"wp:term":[{"taxonomy":"product_brand","embeddable":true,"href":"https:\/\/ecostera.com\/dk\/wp-json\/wp\/v2\/product_brand?post=21758"},{"taxonomy":"product_cat","embeddable":true,"href":"https:\/\/ecostera.com\/dk\/wp-json\/wp\/v2\/product_cat?post=21758"},{"taxonomy":"product_tag","embeddable":true,"href":"https:\/\/ecostera.com\/dk\/wp-json\/wp\/v2\/product_tag?post=21758"}],"curies":[{"name":"wp","href":"https:\/\/api.w.org\/{rel}","templated":true}]}}