{"id":21852,"date":"2025-09-19T22:54:25","date_gmt":"2025-09-19T19:54:25","guid":{"rendered":"https:\/\/ecostera.com\/dk\/product\/haandtaske-2\/"},"modified":"2025-09-19T22:54:25","modified_gmt":"2025-09-19T19:54:25","slug":"haandtaske-2","status":"publish","type":"product","link":"https:\/\/ecostera.com\/dk\/product\/haandtaske-2\/","title":{"rendered":"H\u00e5ndtaske"},"content":{"rendered":"<p style=\"text-align: center\" data-start=\"111\" data-end=\"181\"><strong data-start=\"111\" data-end=\"181\">Drej hoveder med hvert skridt \u2013 m\u00f8d din nye go-to statement-taske \ud83c\udf80\u2728<\/strong><\/p>\n<p style=\"text-align: center\" data-start=\"183\" data-end=\"395\">Chic, classy og lavet med omhu, denne h\u00e5ndv\u00e6vede sl\u00f8jfeh\u00e5ndtaske tilf\u00f8jer det perfekte strejf af elegance til ethvert outfit. Uanset om du skal til brunch eller i byen, b\u00e6rer den dine vigtigste ting med ubesv\u00e6ret stil.<\/p>\n<p data-start=\"183\" data-end=\"395\"><img decoding=\"async\" class=\"size-full wp-image-29048 aligncenter\" src=\"https:\/\/keluvo.com\/template\/wp-content\/uploads\/sites\/5\/2025\/07\/S759e18626c16466e90da27ba8a9dde0en.webp\" alt=\"\" \/><\/p>\n<h2 style=\"text-align: center\" data-start=\"397\" data-end=\"418\"><strong>Vigtigste Fordele<\/strong><\/h2>\n<p data-start=\"421\" data-end=\"464\">\ud83c\udf80 Den unikke sl\u00f8jfe giver et stilfuldt twist<\/p>\n<p data-start=\"467\" data-end=\"519\">\ud83d\udce6 Lynl\u00e5slommen holder dine ting sikre og organiserede<\/p>\n<p data-start=\"522\" data-end=\"556\">\ud83e\udeb6 Let og nem at b\u00e6re<\/p>\n<p data-start=\"559\" data-end=\"610\">\ud83c\udf38 H\u00e5ndv\u00e6vet tekstur giver et naturligt, tidl\u00f8st look<\/p>\n<p data-start=\"613\" data-end=\"641\">\ud83c\udf1e Perfekt til alle seasons<\/p>\n<p data-start=\"613\" data-end=\"641\"><img decoding=\"async\" class=\"size-full wp-image-29045 aligncenter\" src=\"https:\/\/keluvo.com\/template\/wp-content\/uploads\/sites\/5\/2025\/07\/S3385be8beac54470b5888bace042beefW.webp\" alt=\"\" \/><\/p>\n<h2 style=\"text-align: center\" data-start=\"643\" data-end=\"662\"><strong>S\u00e5dan Bruges<\/strong><\/h2>\n<ol data-start=\"663\" data-end=\"824\">\n<li data-start=\"663\" data-end=\"705\">\n<p data-start=\"666\" data-end=\"705\">\u00c5bn lynl\u00e5sen, og pak dine must-haves.<\/p>\n<\/li>\n<li data-start=\"706\" data-end=\"749\">\n<p data-start=\"709\" data-end=\"749\">S\u00e6t den sammen med afslappet eller kl\u00e6deligt t\u00f8j.<\/p>\n<\/li>\n<li data-start=\"750\" data-end=\"789\">\n<p data-start=\"753\" data-end=\"789\">G\u00e5 ud med stil hver gang.<\/p>\n<\/li>\n<li data-start=\"790\" data-end=\"824\">\n<p data-start=\"793\" data-end=\"824\">Step out in style, every time.<\/p>\n<\/li>\n<\/ol>\n<h2 style=\"text-align: center\" data-start=\"826\" data-end=\"849\"><strong>Produktdetaljer<\/strong><\/h2>\n<ul data-start=\"850\" data-end=\"978\">\n<li data-start=\"850\" data-end=\"877\">\n<p data-start=\"852\" data-end=\"877\">H\u00e5ndv\u00e6vet struktureret krop<\/p>\n<\/li>\n<li data-start=\"878\" data-end=\"914\">\n<p data-start=\"880\" data-end=\"914\">Indbygget lynl\u00e5slomme for sikkerhed<\/p>\n<\/li>\n<li data-start=\"915\" data-end=\"945\">\n<p data-start=\"917\" data-end=\"945\">Slidst\u00e6rke, men bl\u00f8de materialer<\/p>\n<\/li>\n<li data-start=\"946\" data-end=\"978\">\n<p data-start=\"948\" data-end=\"978\">Designet til brug \u00e5ret rundt<\/p>\n<\/li>\n<\/ul>\n<h2 style=\"text-align: center\" data-start=\"980\" data-end=\"1004\"><strong>Pakken Indeholder<\/strong><\/h2>\n<ul data-start=\"1005\" data-end=\"1036\">\n<li data-start=\"1005\" data-end=\"1036\">\n<p data-start=\"1007\" data-end=\"1036\">1x h\u00e5ndtaske.<\/p>\n<\/li>\n<\/ul>\n","protected":false},"excerpt":{"rendered":"<p>Drej hoveder med hvert skridt \u2013 m\u00f8d din nye go-to statement-taske \ud83c\udf80\u2728 Chic, classy og lavet med omhu, denne h\u00e5ndv\u00e6vede [&hellip;]<\/p>\n","protected":false},"featured_media":21848,"comment_status":"open","ping_status":"closed","template":"","meta":{"site-sidebar-layout":"default","site-content-layout":"","ast-site-content-layout":"default","site-content-style":"default","site-sidebar-style":"default","ast-global-header-display":"","ast-banner-title-visibility":"","ast-main-header-display":"","ast-hfb-above-header-display":"","ast-hfb-below-header-display":"","ast-hfb-mobile-header-display":"","site-post-title":"","ast-breadcrumbs-content":"","ast-featured-img":"","footer-sml-layout":"","ast-disable-related-posts":"","theme-transparent-header-meta":"default","adv-header-id-meta":"","stick-header-meta":"","header-above-stick-meta":"","header-main-stick-meta":"","header-below-stick-meta":"","astra-migrate-meta-layouts":"set","ast-page-background-enabled":"default","ast-page-background-meta":{"desktop":{"background-color":"var(--ast-global-color-5)","background-image":"","background-repeat":"repeat","background-position":"center center","background-size":"auto","background-attachment":"scroll","background-type":"","background-media":"","overlay-type":"","overlay-color":"","overlay-opacity":"","overlay-gradient":""},"tablet":{"background-color":"","background-image":"","background-repeat":"repeat","background-position":"center center","background-size":"auto","background-attachment":"scroll","background-type":"","background-media":"","overlay-type":"","overlay-color":"","overlay-opacity":"","overlay-gradient":""},"mobile":{"background-color":"","background-image":"","background-repeat":"repeat","background-position":"center center","background-size":"auto","background-attachment":"scroll","background-type":"","background-media":"","overlay-type":"","overlay-color":"","overlay-opacity":"","overlay-gradient":""}},"ast-content-background-meta":{"desktop":{"background-color":"var(--ast-global-color-4)","background-image":"","background-repeat":"repeat","background-position":"center center","background-size":"auto","background-attachment":"scroll","background-type":"","background-media":"","overlay-type":"","overlay-color":"","overlay-opacity":"","overlay-gradient":""},"tablet":{"background-color":"var(--ast-global-color-4)","background-image":"","background-repeat":"repeat","background-position":"center center","background-size":"auto","background-attachment":"scroll","background-type":"","background-media":"","overlay-type":"","overlay-color":"","overlay-opacity":"","overlay-gradient":""},"mobile":{"background-color":"var(--ast-global-color-4)","background-image":"","background-repeat":"repeat","background-position":"center center","background-size":"auto","background-attachment":"scroll","background-type":"","background-media":"","overlay-type":"","overlay-color":"","overlay-opacity":"","overlay-gradient":""}}},"product_brand":[],"product_cat":[19],"product_tag":[],"class_list":{"0":"post-21852","1":"product","2":"type-product","3":"status-publish","4":"has-post-thumbnail","6":"product_cat-uncategorized","7":"desktop-align-left","8":"tablet-align-left","9":"mobile-align-left","11":"first","12":"instock","13":"shipping-taxable","14":"purchasable","15":"product-type-simple"},"_links":{"self":[{"href":"https:\/\/ecostera.com\/dk\/wp-json\/wp\/v2\/product\/21852","targetHints":{"allow":["GET"]}}],"collection":[{"href":"https:\/\/ecostera.com\/dk\/wp-json\/wp\/v2\/product"}],"about":[{"href":"https:\/\/ecostera.com\/dk\/wp-json\/wp\/v2\/types\/product"}],"replies":[{"embeddable":true,"href":"https:\/\/ecostera.com\/dk\/wp-json\/wp\/v2\/comments?post=21852"}],"wp:featuredmedia":[{"embeddable":true,"href":"https:\/\/ecostera.com\/dk\/wp-json\/wp\/v2\/media\/21848"}],"wp:attachment":[{"href":"https:\/\/ecostera.com\/dk\/wp-json\/wp\/v2\/media?parent=21852"}],"wp:term":[{"taxonomy":"product_brand","embeddable":true,"href":"https:\/\/ecostera.com\/dk\/wp-json\/wp\/v2\/product_brand?post=21852"},{"taxonomy":"product_cat","embeddable":true,"href":"https:\/\/ecostera.com\/dk\/wp-json\/wp\/v2\/product_cat?post=21852"},{"taxonomy":"product_tag","embeddable":true,"href":"https:\/\/ecostera.com\/dk\/wp-json\/wp\/v2\/product_tag?post=21852"}],"curies":[{"name":"wp","href":"https:\/\/api.w.org\/{rel}","templated":true}]}}