{"id":21927,"date":"2025-09-19T23:01:06","date_gmt":"2025-09-19T20:01:06","guid":{"rendered":"https:\/\/ecostera.com\/dk\/product\/baby-pude\/"},"modified":"2025-09-19T23:01:23","modified_gmt":"2025-09-19T20:01:23","slug":"baby-pude","status":"publish","type":"product","link":"https:\/\/ecostera.com\/dk\/product\/baby-pude\/","title":{"rendered":"Baby-pude"},"content":{"rendered":"<p style=\"text-align: center\" data-start=\"110\" data-end=\"167\"><strong>\ud83e\uddf8 Sikkerhed og bl\u00f8dhed for baby, ro i sindet for mor \ud83d\udc95<\/strong><\/p>\n<p style=\"text-align: center\" data-start=\"169\" data-end=\"347\">Denne yndige hovedpude til baby puder din babys hoved og nakke for at beskytte mod fald, st\u00f8d og akavede stillinger &#8211; uanset om det er i krybben, barnevognen eller autostolen.<\/p>\n<p data-start=\"169\" data-end=\"347\"><img decoding=\"async\" class=\"size-full wp-image-28742 aligncenter\" src=\"https:\/\/keluvo.com\/template\/wp-content\/uploads\/sites\/5\/2025\/07\/NewBabyPillowProtectiveTravelCar_480x480.webp\" alt=\"\" \/><\/p>\n<h2 style=\"text-align: center\" data-start=\"349\" data-end=\"369\"><strong>\u2705 Main Benefits<\/strong><\/h2>\n<p data-start=\"372\" data-end=\"435\">\ud83d\udee1\ufe0f Beskytter barnets hoved mod flade punkter, fald og tryk<\/p>\n<p data-start=\"438\" data-end=\"480\">\ud83e\uddf8 Ultrabl\u00f8d bomuld for maksimal komfort<\/p>\n<p data-start=\"483\" data-end=\"542\">\ud83d\udc76 St\u00f8tter nakke og hoved i klapvogne, b\u00e6reseler eller senge<\/p>\n<p data-start=\"545\" data-end=\"595\">\ud83e\uddfc Kan vaskes i maskine og er \u00e5ndbar til daglig brug<\/p>\n<p data-start=\"598\" data-end=\"644\">\ud83d\udc3b S\u00f8dt bj\u00f8rneformet design, som dit barn vil elske<\/p>\n<p data-start=\"598\" data-end=\"644\"><img decoding=\"async\" class=\"size-full wp-image-28743 aligncenter\" src=\"https:\/\/keluvo.com\/template\/wp-content\/uploads\/sites\/5\/2025\/07\/ezgif.com-video-to-gif_3_480x480_9c2ff652-57b9-490d-a2a3-d8b3d425ca6e_480x480.webp\" alt=\"\" \/><\/p>\n<h2 style=\"text-align: center\" data-start=\"646\" data-end=\"665\"><strong>\ud83d\udee0\ufe0f S\u00e5dan Bruges<\/strong><\/h2>\n<ol data-start=\"666\" data-end=\"835\">\n<li data-start=\"666\" data-end=\"720\">\n<p data-start=\"669\" data-end=\"720\">Placer puden bag dit barns hoved.<\/p>\n<\/li>\n<li data-start=\"721\" data-end=\"769\">\n<p data-start=\"724\" data-end=\"769\">Brug den under lure, bilture eller leg.<\/p>\n<\/li>\n<li data-start=\"770\" data-end=\"835\">\n<p data-start=\"773\" data-end=\"835\">F\u00e5 ro i sindet ved at vide, at din lille er sikker og komfortabel.<\/p>\n<\/li>\n<\/ol>\n<h2 style=\"text-align: center\" data-start=\"837\" data-end=\"860\"><strong>\ud83d\udccf Produktdetaljer<\/strong><\/h2>\n<ul data-start=\"861\" data-end=\"1056\">\n<li data-start=\"861\" data-end=\"909\">\n<p data-start=\"863\" data-end=\"909\">Materiale: 100 % bl\u00f8dt bomuldsfyld og -betr\u00e6k<\/p>\n<\/li>\n<li data-start=\"910\" data-end=\"962\">\n<p data-start=\"912\" data-end=\"962\">Velegnet til nyf\u00f8dte og babyer op til 18 m\u00e5neder<\/p>\n<\/li>\n<li data-start=\"963\" data-end=\"1018\">\n<p data-start=\"965\" data-end=\"1018\">Form: Ergonomisk bj\u00f8rnedesign til st\u00f8tte hele vejen rundt<\/p>\n<\/li>\n<li data-start=\"1019\" data-end=\"1056\">\n<p data-start=\"1021\" data-end=\"1056\">F\u00e5s i flere s\u00f8de m\u00f8nstre<\/p>\n<\/li>\n<\/ul>\n<h2 style=\"text-align: center\" data-start=\"1058\" data-end=\"1082\"><strong>\ud83d\udce6 Pakken Indeholder<\/strong><\/h2>\n<ul data-start=\"1083\" data-end=\"1189\">\n<li data-start=\"1083\" data-end=\"1124\">\n<p data-start=\"1085\" data-end=\"1124\">1x beskyttende babypude.<\/p>\n<\/li>\n<\/ul>\n","protected":false},"excerpt":{"rendered":"<p>\ud83e\uddf8 Sikkerhed og bl\u00f8dhed for baby, ro i sindet for mor \ud83d\udc95 Denne yndige hovedpude til baby puder din babys [&hellip;]<\/p>\n","protected":false},"featured_media":21923,"comment_status":"open","ping_status":"closed","template":"","meta":{"site-sidebar-layout":"default","site-content-layout":"","ast-site-content-layout":"default","site-content-style":"default","site-sidebar-style":"default","ast-global-header-display":"","ast-banner-title-visibility":"","ast-main-header-display":"","ast-hfb-above-header-display":"","ast-hfb-below-header-display":"","ast-hfb-mobile-header-display":"","site-post-title":"","ast-breadcrumbs-content":"","ast-featured-img":"","footer-sml-layout":"","theme-transparent-header-meta":"default","adv-header-id-meta":"","stick-header-meta":"","header-above-stick-meta":"","header-main-stick-meta":"","header-below-stick-meta":"","astra-migrate-meta-layouts":"set","ast-page-background-enabled":"default","ast-page-background-meta":{"desktop":{"background-color":"var(--ast-global-color-5)","background-image":"","background-repeat":"repeat","background-position":"center center","background-size":"auto","background-attachment":"scroll","background-type":"","background-media":"","overlay-type":"","overlay-color":"","overlay-opacity":"","overlay-gradient":""},"tablet":{"background-color":"","background-image":"","background-repeat":"repeat","background-position":"center center","background-size":"auto","background-attachment":"scroll","background-type":"","background-media":"","overlay-type":"","overlay-color":"","overlay-opacity":"","overlay-gradient":""},"mobile":{"background-color":"","background-image":"","background-repeat":"repeat","background-position":"center center","background-size":"auto","background-attachment":"scroll","background-type":"","background-media":"","overlay-type":"","overlay-color":"","overlay-opacity":"","overlay-gradient":""}},"ast-content-background-meta":{"desktop":{"background-color":"var(--ast-global-color-4)","background-image":"","background-repeat":"repeat","background-position":"center center","background-size":"auto","background-attachment":"scroll","background-type":"","background-media":"","overlay-type":"","overlay-color":"","overlay-opacity":"","overlay-gradient":""},"tablet":{"background-color":"var(--ast-global-color-4)","background-image":"","background-repeat":"repeat","background-position":"center center","background-size":"auto","background-attachment":"scroll","background-type":"","background-media":"","overlay-type":"","overlay-color":"","overlay-opacity":"","overlay-gradient":""},"mobile":{"background-color":"var(--ast-global-color-4)","background-image":"","background-repeat":"repeat","background-position":"center center","background-size":"auto","background-attachment":"scroll","background-type":"","background-media":"","overlay-type":"","overlay-color":"","overlay-opacity":"","overlay-gradient":""}}},"product_brand":[],"product_cat":[19],"product_tag":[],"class_list":{"0":"post-21927","1":"product","2":"type-product","3":"status-publish","4":"has-post-thumbnail","6":"product_cat-uncategorized","7":"pa_23573_86d81ufi-a","8":"pa_23573_86d81ufi-b","9":"pa_23573_86d81ufi-c","10":"pa_23573_86d81ufi-d","11":"desktop-align-left","12":"tablet-align-left","13":"mobile-align-left","15":"first","16":"instock","17":"shipping-taxable","18":"purchasable","19":"product-type-variable"},"_links":{"self":[{"href":"https:\/\/ecostera.com\/dk\/wp-json\/wp\/v2\/product\/21927","targetHints":{"allow":["GET"]}}],"collection":[{"href":"https:\/\/ecostera.com\/dk\/wp-json\/wp\/v2\/product"}],"about":[{"href":"https:\/\/ecostera.com\/dk\/wp-json\/wp\/v2\/types\/product"}],"replies":[{"embeddable":true,"href":"https:\/\/ecostera.com\/dk\/wp-json\/wp\/v2\/comments?post=21927"}],"wp:featuredmedia":[{"embeddable":true,"href":"https:\/\/ecostera.com\/dk\/wp-json\/wp\/v2\/media\/21923"}],"wp:attachment":[{"href":"https:\/\/ecostera.com\/dk\/wp-json\/wp\/v2\/media?parent=21927"}],"wp:term":[{"taxonomy":"product_brand","embeddable":true,"href":"https:\/\/ecostera.com\/dk\/wp-json\/wp\/v2\/product_brand?post=21927"},{"taxonomy":"product_cat","embeddable":true,"href":"https:\/\/ecostera.com\/dk\/wp-json\/wp\/v2\/product_cat?post=21927"},{"taxonomy":"product_tag","embeddable":true,"href":"https:\/\/ecostera.com\/dk\/wp-json\/wp\/v2\/product_tag?post=21927"}],"curies":[{"name":"wp","href":"https:\/\/api.w.org\/{rel}","templated":true}]}}