{"id":21968,"date":"2025-09-19T23:05:03","date_gmt":"2025-09-19T20:05:03","guid":{"rendered":"https:\/\/ecostera.com\/dk\/product\/arrangoer-4\/"},"modified":"2025-09-19T23:06:04","modified_gmt":"2025-09-19T20:06:04","slug":"arrangoer-4","status":"publish","type":"product","link":"https:\/\/ecostera.com\/dk\/product\/arrangoer-4\/","title":{"rendered":"Arrang\u00f8r"},"content":{"rendered":"<p style=\"text-align: center\" data-start=\"110\" data-end=\"163\"><strong>\ud83e\uddfa Hold dit skab p\u00e6nt, organiseret og stressfrit!<\/strong><\/p>\n<p style=\"text-align: center\" data-start=\"165\" data-end=\"322\">Denne foldbare organizer hj\u00e6lper dig med at opbevare jeans, bukser, T-shirts eller h\u00e6ttetr\u00f8jer p\u00e6nt &#8211; hvilket g\u00f8r det nemt at se og f\u00e5 fat i det, du har brug for, uden rodede stakke.<\/p>\n<p data-start=\"165\" data-end=\"322\"><img decoding=\"async\" class=\"size-full wp-image-28780 aligncenter\" src=\"https:\/\/keluvo.com\/template\/wp-content\/uploads\/sites\/5\/2025\/07\/5c748a57dbb03f2ab3a82b8e8e9dfc328eedf42e_480x480.webp\" alt=\"\" \/><\/p>\n<h2 style=\"text-align: center\" data-start=\"324\" data-end=\"344\"><strong>\u2705 Hovedfordele<\/strong><\/h2>\n<p data-start=\"347\" data-end=\"399\">\ud83e\uddfc Holder t\u00f8jet oprejst, p\u00e6nt og let tilg\u00e6ngeligt<\/p>\n<p data-start=\"402\" data-end=\"453\">\ud83d\udce6 Stor kapacitet passer til flere ting pr. sektion<\/p>\n<p data-start=\"456\" data-end=\"513\">\ud83d\udcaa Forst\u00e6rket med h\u00e5ndtag, s\u00e5 det er let at tr\u00e6kke og l\u00f8fte<\/p>\n<p data-start=\"516\" data-end=\"574\">\ud83e\uddf3 Kan foldes fladt, n\u00e5r den ikke er i brug &#8211; perfekt til sm\u00e5 rum<\/p>\n<p data-start=\"577\" data-end=\"631\">\ud83e\uddf5 Lavet af slidst\u00e6rkt, ikke-v\u00e6vet stof, der holder shape<\/p>\n<p data-start=\"577\" data-end=\"631\"><img decoding=\"async\" class=\"size-full wp-image-28779 aligncenter\" src=\"https:\/\/keluvo.com\/template\/wp-content\/uploads\/sites\/5\/2025\/07\/1_d22c490e-e287-4789-b787-257a2aae8771_480x480.webp\" alt=\"\" \/><\/p>\n<h2 style=\"text-align: center\" data-start=\"633\" data-end=\"652\"><strong>\ud83d\udee0\ufe0f S\u00e5dan bruges<\/strong><\/h2>\n<ol data-start=\"653\" data-end=\"800\">\n<li data-start=\"653\" data-end=\"692\">\n<p data-start=\"656\" data-end=\"692\">\u00c5bn og fold organizerboksen ud.<\/p>\n<\/li>\n<li data-start=\"693\" data-end=\"752\">\n<p data-start=\"696\" data-end=\"752\">Place clothing items vertically into the compartments.<\/p>\n<\/li>\n<li data-start=\"753\" data-end=\"800\">\n<p data-start=\"756\" data-end=\"800\">Skub den ind i din skuffe, hylde eller skab.<\/p>\n<\/li>\n<\/ol>\n<h2 style=\"text-align: center\" data-start=\"802\" data-end=\"825\"><strong>\ud83d\udccf Produktdetaljer<\/strong><\/h2>\n<ul data-start=\"826\" data-end=\"976\">\n<li data-start=\"826\" data-end=\"878\">\n<p data-start=\"828\" data-end=\"878\">Forskellige st\u00f8rrelser (vist p\u00e5 billederne)<\/p>\n<\/li>\n<li data-start=\"879\" data-end=\"896\">\n<p data-start=\"881\" data-end=\"896\">Kapacitet: 20L<\/p>\n<\/li>\n<li data-start=\"897\" data-end=\"939\">\n<p data-start=\"899\" data-end=\"939\">Materiale: Ikke-v\u00e6vet stof + OPP-foring<\/p>\n<\/li>\n<li data-start=\"940\" data-end=\"976\">\n<p data-start=\"942\" data-end=\"976\">M\u00f8nster: Stilfuldt houndstooth-print<\/p>\n<\/li>\n<\/ul>\n<h2 style=\"text-align: center\" data-start=\"978\" data-end=\"1002\"><strong>\ud83d\udce6 Pakken indeholder<\/strong><\/h2>\n<ul data-start=\"1003\" data-end=\"1040\">\n<li data-start=\"1003\" data-end=\"1040\">\n<p data-start=\"1005\" data-end=\"1040\">1, 2, 4x organizer.<\/p>\n<\/li>\n<\/ul>\n","protected":false},"excerpt":{"rendered":"<p>\ud83e\uddfa Hold dit skab p\u00e6nt, organiseret og stressfrit! Denne foldbare organizer hj\u00e6lper dig med at opbevare jeans, bukser, T-shirts eller [&hellip;]<\/p>\n","protected":false},"featured_media":21964,"comment_status":"open","ping_status":"closed","template":"","meta":{"site-sidebar-layout":"default","site-content-layout":"","ast-site-content-layout":"default","site-content-style":"default","site-sidebar-style":"default","ast-global-header-display":"","ast-banner-title-visibility":"","ast-main-header-display":"","ast-hfb-above-header-display":"","ast-hfb-below-header-display":"","ast-hfb-mobile-header-display":"","site-post-title":"","ast-breadcrumbs-content":"","ast-featured-img":"","footer-sml-layout":"","theme-transparent-header-meta":"default","adv-header-id-meta":"","stick-header-meta":"","header-above-stick-meta":"","header-main-stick-meta":"","header-below-stick-meta":"","astra-migrate-meta-layouts":"set","ast-page-background-enabled":"default","ast-page-background-meta":{"desktop":{"background-color":"var(--ast-global-color-5)","background-image":"","background-repeat":"repeat","background-position":"center center","background-size":"auto","background-attachment":"scroll","background-type":"","background-media":"","overlay-type":"","overlay-color":"","overlay-opacity":"","overlay-gradient":""},"tablet":{"background-color":"","background-image":"","background-repeat":"repeat","background-position":"center center","background-size":"auto","background-attachment":"scroll","background-type":"","background-media":"","overlay-type":"","overlay-color":"","overlay-opacity":"","overlay-gradient":""},"mobile":{"background-color":"","background-image":"","background-repeat":"repeat","background-position":"center center","background-size":"auto","background-attachment":"scroll","background-type":"","background-media":"","overlay-type":"","overlay-color":"","overlay-opacity":"","overlay-gradient":""}},"ast-content-background-meta":{"desktop":{"background-color":"var(--ast-global-color-4)","background-image":"","background-repeat":"repeat","background-position":"center center","background-size":"auto","background-attachment":"scroll","background-type":"","background-media":"","overlay-type":"","overlay-color":"","overlay-opacity":"","overlay-gradient":""},"tablet":{"background-color":"var(--ast-global-color-4)","background-image":"","background-repeat":"repeat","background-position":"center center","background-size":"auto","background-attachment":"scroll","background-type":"","background-media":"","overlay-type":"","overlay-color":"","overlay-opacity":"","overlay-gradient":""},"mobile":{"background-color":"var(--ast-global-color-4)","background-image":"","background-repeat":"repeat","background-position":"center center","background-size":"auto","background-attachment":"scroll","background-type":"","background-media":"","overlay-type":"","overlay-color":"","overlay-opacity":"","overlay-gradient":""}}},"product_brand":[],"product_cat":[19],"product_tag":[],"class_list":{"0":"post-21968","1":"product","2":"type-product","3":"status-publish","4":"has-post-thumbnail","6":"product_cat-uncategorized","7":"pa_33406_ebtm85gs-1-stk","8":"pa_33406_ebtm85gs-2-stk","9":"pa_33406_ebtm85gs-4-stk","10":"pa_33406_wi1tu4qm-a","11":"pa_33406_wi1tu4qm-b","12":"pa_33406_wi1tu4qm-c","13":"pa_33406_wi1tu4qm-d","14":"desktop-align-left","15":"tablet-align-left","16":"mobile-align-left","18":"first","19":"instock","20":"shipping-taxable","21":"purchasable","22":"product-type-variable","23":"has-default-attributes"},"_links":{"self":[{"href":"https:\/\/ecostera.com\/dk\/wp-json\/wp\/v2\/product\/21968","targetHints":{"allow":["GET"]}}],"collection":[{"href":"https:\/\/ecostera.com\/dk\/wp-json\/wp\/v2\/product"}],"about":[{"href":"https:\/\/ecostera.com\/dk\/wp-json\/wp\/v2\/types\/product"}],"replies":[{"embeddable":true,"href":"https:\/\/ecostera.com\/dk\/wp-json\/wp\/v2\/comments?post=21968"}],"wp:featuredmedia":[{"embeddable":true,"href":"https:\/\/ecostera.com\/dk\/wp-json\/wp\/v2\/media\/21964"}],"wp:attachment":[{"href":"https:\/\/ecostera.com\/dk\/wp-json\/wp\/v2\/media?parent=21968"}],"wp:term":[{"taxonomy":"product_brand","embeddable":true,"href":"https:\/\/ecostera.com\/dk\/wp-json\/wp\/v2\/product_brand?post=21968"},{"taxonomy":"product_cat","embeddable":true,"href":"https:\/\/ecostera.com\/dk\/wp-json\/wp\/v2\/product_cat?post=21968"},{"taxonomy":"product_tag","embeddable":true,"href":"https:\/\/ecostera.com\/dk\/wp-json\/wp\/v2\/product_tag?post=21968"}],"curies":[{"name":"wp","href":"https:\/\/api.w.org\/{rel}","templated":true}]}}