{"id":22036,"date":"2025-09-19T23:10:24","date_gmt":"2025-09-19T20:10:24","guid":{"rendered":"https:\/\/ecostera.com\/dk\/product\/ultralydsafvisende-middel\/"},"modified":"2025-09-19T23:10:42","modified_gmt":"2025-09-19T20:10:42","slug":"ultralydsafvisende-middel","status":"publish","type":"product","link":"https:\/\/ecostera.com\/dk\/product\/ultralydsafvisende-middel\/","title":{"rendered":"Ultralydsafvisende middel"},"content":{"rendered":"<p style=\"text-align: center\" data-start=\"105\" data-end=\"166\"><strong>\ud83d\uded1 Sig farvel til skadedyr &#8211; ingen kemikalier, ingen f\u00e6lder, bare fred!<\/strong><\/p>\n<p style=\"text-align: center\" data-start=\"168\" data-end=\"361\">Ultralydsrepelleren holder dit hjem fri for mus, edderkopper, kakerlakker, myrer og meget mere &#8211; helt uden skadelige kemikalier. Bare s\u00e6t den til, og nyd et skadedyrsfrit rum p\u00e5 f\u00e5 dage!<\/p>\n<p data-start=\"168\" data-end=\"361\"><img decoding=\"async\" class=\"size-full wp-image-28875 aligncenter\" src=\"https:\/\/keluvo.com\/template\/wp-content\/uploads\/sites\/5\/2025\/07\/BUGBUSTER_PP_rd8u80-ezgif.com-video-to-webp-converter.webp\" alt=\"\" \/><\/p>\n<h2 style=\"text-align: center\" data-start=\"363\" data-end=\"383\"><strong>\u2705 Hovedfordele<\/strong><\/h2>\n<p data-start=\"386\" data-end=\"449\">\ud83d\udd0a Udsender ultralydsb\u00f8lger for at afvise skadedyr &#8211; ikke mennesker eller k\u00e6ledyr<\/p>\n<p data-start=\"452\" data-end=\"505\">\ud83e\uddfc 100 % giftfri, lugtfri og sikker for familier<\/p>\n<p data-start=\"508\" data-end=\"565\">\ud83d\udc36 Sikker for b\u00f8rn, hunde, katte og alle husstandsmedlemmer<\/p>\n<p data-start=\"568\" data-end=\"624\">\ud83d\udd0c Enkel plug-in-brug &#8211; fungerer 24\/7 uden vedligeholdelse<\/p>\n<p data-start=\"627\" data-end=\"687\">\ud83c\udfe1 D\u00e6kker op til 150 m\u00b2 &#8211; perfekt til hjemmet, kontoret eller garage<\/p>\n<p data-start=\"627\" data-end=\"687\"><img decoding=\"async\" class=\"size-full wp-image-28873 aligncenter\" src=\"https:\/\/keluvo.com\/template\/wp-content\/uploads\/sites\/5\/2025\/07\/BUGBUSTER21754__4572098e.webp\" alt=\"\" \/><\/p>\n<h2 style=\"text-align: center\" data-start=\"689\" data-end=\"708\"><strong>\ud83d\udee0\ufe0f S\u00e5dan bruges<\/strong><\/h2>\n<ol data-start=\"709\" data-end=\"878\">\n<li data-start=\"709\" data-end=\"760\">\n<p data-start=\"712\" data-end=\"760\">S\u00e6t enheden i en standard stikkontakt.<\/p>\n<\/li>\n<li data-start=\"761\" data-end=\"818\">\n<p data-start=\"764\" data-end=\"818\">S\u00f8rg for, at den ikke blokeres af m\u00f8bler eller gardiner.<\/p>\n<\/li>\n<li data-start=\"819\" data-end=\"878\">\n<p data-start=\"822\" data-end=\"878\">Lad den k\u00f8re kontinuerligt &#8211; resultaterne vises i l\u00f8bet af 3 til 7 dage.<\/p>\n<\/li>\n<\/ol>\n<h2 style=\"text-align: center\" data-start=\"880\" data-end=\"903\"><strong>\ud83d\udccf Produktdetaljer<\/strong><\/h2>\n<ul data-start=\"904\" data-end=\"1051\">\n<li data-start=\"904\" data-end=\"940\">\n<p data-start=\"906\" data-end=\"940\">Teknologi: Ultrasonic repelling<\/p>\n<\/li>\n<li data-start=\"941\" data-end=\"962\">\n<p data-start=\"943\" data-end=\"962\">Sp\u00e6nding: 100-240V<\/p>\n<\/li>\n<li data-start=\"963\" data-end=\"985\">\n<p data-start=\"965\" data-end=\"985\">Power output: 5-6W<\/p>\n<\/li>\n<li data-start=\"986\" data-end=\"1012\">\n<p data-start=\"988\" data-end=\"1012\">D\u00e6kning: Op til 150 m\u00b2<\/p>\n<\/li>\n<\/ul>\n<h2 style=\"text-align: center\" data-start=\"1053\" data-end=\"1077\"><strong>\ud83d\udce6 Pakken indeholder<\/strong><\/h2>\n<ul data-start=\"1078\" data-end=\"1118\">\n<li data-start=\"1078\" data-end=\"1118\">\n<p data-start=\"1080\" data-end=\"1118\">1x ultralydsrepeller.<\/p>\n<\/li>\n<p>&lt;\/ul<\/p>\n","protected":false},"excerpt":{"rendered":"<p>\ud83d\uded1 Sig farvel til skadedyr &#8211; ingen kemikalier, ingen f\u00e6lder, bare fred! Ultralydsrepelleren holder dit hjem fri for mus, edderkopper, [&hellip;]<\/p>\n","protected":false},"featured_media":22032,"comment_status":"open","ping_status":"closed","template":"","meta":{"site-sidebar-layout":"default","site-content-layout":"","ast-site-content-layout":"default","site-content-style":"default","site-sidebar-style":"default","ast-global-header-display":"","ast-banner-title-visibility":"","ast-main-header-display":"","ast-hfb-above-header-display":"","ast-hfb-below-header-display":"","ast-hfb-mobile-header-display":"","site-post-title":"","ast-breadcrumbs-content":"","ast-featured-img":"","footer-sml-layout":"","theme-transparent-header-meta":"default","adv-header-id-meta":"","stick-header-meta":"","header-above-stick-meta":"","header-main-stick-meta":"","header-below-stick-meta":"","astra-migrate-meta-layouts":"set","ast-page-background-enabled":"default","ast-page-background-meta":{"desktop":{"background-color":"var(--ast-global-color-5)","background-image":"","background-repeat":"repeat","background-position":"center center","background-size":"auto","background-attachment":"scroll","background-type":"","background-media":"","overlay-type":"","overlay-color":"","overlay-opacity":"","overlay-gradient":""},"tablet":{"background-color":"","background-image":"","background-repeat":"repeat","background-position":"center center","background-size":"auto","background-attachment":"scroll","background-type":"","background-media":"","overlay-type":"","overlay-color":"","overlay-opacity":"","overlay-gradient":""},"mobile":{"background-color":"","background-image":"","background-repeat":"repeat","background-position":"center center","background-size":"auto","background-attachment":"scroll","background-type":"","background-media":"","overlay-type":"","overlay-color":"","overlay-opacity":"","overlay-gradient":""}},"ast-content-background-meta":{"desktop":{"background-color":"var(--ast-global-color-4)","background-image":"","background-repeat":"repeat","background-position":"center center","background-size":"auto","background-attachment":"scroll","background-type":"","background-media":"","overlay-type":"","overlay-color":"","overlay-opacity":"","overlay-gradient":""},"tablet":{"background-color":"var(--ast-global-color-4)","background-image":"","background-repeat":"repeat","background-position":"center center","background-size":"auto","background-attachment":"scroll","background-type":"","background-media":"","overlay-type":"","overlay-color":"","overlay-opacity":"","overlay-gradient":""},"mobile":{"background-color":"var(--ast-global-color-4)","background-image":"","background-repeat":"repeat","background-position":"center center","background-size":"auto","background-attachment":"scroll","background-type":"","background-media":"","overlay-type":"","overlay-color":"","overlay-opacity":"","overlay-gradient":""}}},"product_brand":[],"product_cat":[19],"product_tag":[],"class_list":{"0":"post-22036","1":"product","2":"type-product","3":"status-publish","4":"has-post-thumbnail","6":"product_cat-uncategorized","7":"pa_23529_1u305njy-1-stk","8":"pa_23529_1u305njy-2-stk","9":"pa_23529_1u305njy-3-stk","10":"desktop-align-left","11":"tablet-align-left","12":"mobile-align-left","14":"first","15":"instock","16":"shipping-taxable","17":"purchasable","18":"product-type-variable"},"_links":{"self":[{"href":"https:\/\/ecostera.com\/dk\/wp-json\/wp\/v2\/product\/22036","targetHints":{"allow":["GET"]}}],"collection":[{"href":"https:\/\/ecostera.com\/dk\/wp-json\/wp\/v2\/product"}],"about":[{"href":"https:\/\/ecostera.com\/dk\/wp-json\/wp\/v2\/types\/product"}],"replies":[{"embeddable":true,"href":"https:\/\/ecostera.com\/dk\/wp-json\/wp\/v2\/comments?post=22036"}],"wp:featuredmedia":[{"embeddable":true,"href":"https:\/\/ecostera.com\/dk\/wp-json\/wp\/v2\/media\/22032"}],"wp:attachment":[{"href":"https:\/\/ecostera.com\/dk\/wp-json\/wp\/v2\/media?parent=22036"}],"wp:term":[{"taxonomy":"product_brand","embeddable":true,"href":"https:\/\/ecostera.com\/dk\/wp-json\/wp\/v2\/product_brand?post=22036"},{"taxonomy":"product_cat","embeddable":true,"href":"https:\/\/ecostera.com\/dk\/wp-json\/wp\/v2\/product_cat?post=22036"},{"taxonomy":"product_tag","embeddable":true,"href":"https:\/\/ecostera.com\/dk\/wp-json\/wp\/v2\/product_tag?post=22036"}],"curies":[{"name":"wp","href":"https:\/\/api.w.org\/{rel}","templated":true}]}}