{"id":22123,"date":"2025-09-19T23:17:46","date_gmt":"2025-09-19T20:17:46","guid":{"rendered":"https:\/\/ecostera.com\/dk\/product\/halskaede-2\/"},"modified":"2025-09-19T23:18:19","modified_gmt":"2025-09-19T20:18:19","slug":"halskaede-2","status":"publish","type":"product","link":"https:\/\/ecostera.com\/dk\/product\/halskaede-2\/","title":{"rendered":"Halsk\u00e6de"},"content":{"rendered":"<p style=\"text-align: center\" data-start=\"98\" data-end=\"129\"><strong>\u2728 To Lag, Dobbelt Charme.<\/strong><\/p>\n<p style=\"text-align: center\" data-start=\"131\" data-end=\"316\">Denne elegante dobbelte halsk\u00e6de har to delikate vedh\u00e6ng p\u00e5 separate lag, der giver et moderne og minimalistisk look, der supplerer ethvert outfit &#8211; fra hverdagens casual til aftenens chic.<\/p>\n<p data-start=\"131\" data-end=\"316\"><img decoding=\"async\" class=\"size-full wp-image-28960 aligncenter\" src=\"https:\/\/keluvo.com\/template\/wp-content\/uploads\/sites\/5\/2025\/07\/H2c8aee91765d4bcfae87b07c650dd9262.webp\" alt=\"\" \/><\/p>\n<h2 style=\"text-align: center\" data-start=\"318\" data-end=\"338\">\u2705 Hovedfordele<\/h2>\n<p data-start=\"341\" data-end=\"394\">\ud83d\udc8e Dobbeltk\u00e6dedesign for en elegant lagdelt stil<\/p>\n<p data-start=\"397\" data-end=\"446\">\ud83c\udf1f Indeholder to unikke vedh\u00e6ng for ekstra flair<\/p>\n<p data-start=\"449\" data-end=\"497\">\ud83e\uddf2 Let og behagelig at have p\u00e5 hele dagen<\/p>\n<p data-start=\"500\" data-end=\"546\">\ud83d\udc96 F\u00e5s i s\u00f8lv- eller guldfarvet finish<\/p>\n<p data-start=\"549\" data-end=\"607\">\ud83c\udf81 Er en perfekt gave til en s\u00e6rlig person (eller dig selv!)<\/p>\n<p data-start=\"549\" data-end=\"607\"><img decoding=\"async\" class=\"size-full wp-image-28963 aligncenter\" src=\"https:\/\/keluvo.com\/template\/wp-content\/uploads\/sites\/5\/2025\/07\/x561.jpg\" alt=\"\" \/><\/p>\n<h2 style=\"text-align: center\" data-start=\"609\" data-end=\"632\">\ud83d\udccf Produktdetaljer<\/h2>\n<ul data-start=\"633\" data-end=\"786\">\n<li data-start=\"633\" data-end=\"670\">\n<p data-start=\"635\" data-end=\"670\">Materiale: Holdbart rustfrit st\u00e5l<\/p>\n<\/li>\n<li data-start=\"671\" data-end=\"713\">\n<p data-start=\"673\" data-end=\"713\">K\u00e6del\u00e6ngde: 40 cm (justerbar l\u00e5s)<\/p>\n<\/li>\n<li data-start=\"714\" data-end=\"747\">\n<p data-start=\"716\" data-end=\"747\">Farvemuligheder: S\u00f8lv eller guld<\/p>\n<\/li>\n<li data-start=\"748\" data-end=\"786\">\n<p data-start=\"750\" data-end=\"786\">Hypoallergen og anl\u00f8bsbestandig<\/p>\n<\/li>\n<\/ul>\n<h2 style=\"text-align: center\" data-start=\"788\" data-end=\"812\">\ud83d\udce6 Pakken Indeholder<\/h2>\n<ul data-start=\"813\" data-end=\"852\">\n<li data-start=\"813\" data-end=\"852\">\n<p data-start=\"815\" data-end=\"852\">1x halsk\u00e6de.<\/p>\n<\/li>\n<\/ul>\n","protected":false},"excerpt":{"rendered":"<p>\u2728 To Lag, Dobbelt Charme. Denne elegante dobbelte halsk\u00e6de har to delikate vedh\u00e6ng p\u00e5 separate lag, der giver et moderne [&hellip;]<\/p>\n","protected":false},"featured_media":22119,"comment_status":"open","ping_status":"closed","template":"","meta":{"site-sidebar-layout":"default","site-content-layout":"","ast-site-content-layout":"default","site-content-style":"default","site-sidebar-style":"default","ast-global-header-display":"","ast-banner-title-visibility":"","ast-main-header-display":"","ast-hfb-above-header-display":"","ast-hfb-below-header-display":"","ast-hfb-mobile-header-display":"","site-post-title":"","ast-breadcrumbs-content":"","ast-featured-img":"","footer-sml-layout":"","theme-transparent-header-meta":"default","adv-header-id-meta":"","stick-header-meta":"","header-above-stick-meta":"","header-main-stick-meta":"","header-below-stick-meta":"","astra-migrate-meta-layouts":"set","ast-page-background-enabled":"default","ast-page-background-meta":{"desktop":{"background-color":"var(--ast-global-color-5)","background-image":"","background-repeat":"repeat","background-position":"center center","background-size":"auto","background-attachment":"scroll","background-type":"","background-media":"","overlay-type":"","overlay-color":"","overlay-opacity":"","overlay-gradient":""},"tablet":{"background-color":"","background-image":"","background-repeat":"repeat","background-position":"center center","background-size":"auto","background-attachment":"scroll","background-type":"","background-media":"","overlay-type":"","overlay-color":"","overlay-opacity":"","overlay-gradient":""},"mobile":{"background-color":"","background-image":"","background-repeat":"repeat","background-position":"center center","background-size":"auto","background-attachment":"scroll","background-type":"","background-media":"","overlay-type":"","overlay-color":"","overlay-opacity":"","overlay-gradient":""}},"ast-content-background-meta":{"desktop":{"background-color":"var(--ast-global-color-4)","background-image":"","background-repeat":"repeat","background-position":"center center","background-size":"auto","background-attachment":"scroll","background-type":"","background-media":"","overlay-type":"","overlay-color":"","overlay-opacity":"","overlay-gradient":""},"tablet":{"background-color":"var(--ast-global-color-4)","background-image":"","background-repeat":"repeat","background-position":"center center","background-size":"auto","background-attachment":"scroll","background-type":"","background-media":"","overlay-type":"","overlay-color":"","overlay-opacity":"","overlay-gradient":""},"mobile":{"background-color":"var(--ast-global-color-4)","background-image":"","background-repeat":"repeat","background-position":"center center","background-size":"auto","background-attachment":"scroll","background-type":"","background-media":"","overlay-type":"","overlay-color":"","overlay-opacity":"","overlay-gradient":""}}},"product_brand":[],"product_cat":[19],"product_tag":[],"class_list":{"0":"post-22123","1":"product","2":"type-product","3":"status-publish","4":"has-post-thumbnail","6":"product_cat-uncategorized","7":"pa_40898_77z7tz8f-a","8":"pa_40898_77z7tz8f-b","9":"pa_40898_77z7tz8f-c","10":"pa_40898_77z7tz8f-d","11":"pa_40898_77z7tz8f-e","12":"pa_40898_77z7tz8f-f","13":"pa_40898_77z7tz8f-g","14":"pa_40898_77z7tz8f-h","15":"desktop-align-left","16":"tablet-align-left","17":"mobile-align-left","19":"first","20":"instock","21":"shipping-taxable","22":"purchasable","23":"product-type-variable"},"_links":{"self":[{"href":"https:\/\/ecostera.com\/dk\/wp-json\/wp\/v2\/product\/22123","targetHints":{"allow":["GET"]}}],"collection":[{"href":"https:\/\/ecostera.com\/dk\/wp-json\/wp\/v2\/product"}],"about":[{"href":"https:\/\/ecostera.com\/dk\/wp-json\/wp\/v2\/types\/product"}],"replies":[{"embeddable":true,"href":"https:\/\/ecostera.com\/dk\/wp-json\/wp\/v2\/comments?post=22123"}],"wp:featuredmedia":[{"embeddable":true,"href":"https:\/\/ecostera.com\/dk\/wp-json\/wp\/v2\/media\/22119"}],"wp:attachment":[{"href":"https:\/\/ecostera.com\/dk\/wp-json\/wp\/v2\/media?parent=22123"}],"wp:term":[{"taxonomy":"product_brand","embeddable":true,"href":"https:\/\/ecostera.com\/dk\/wp-json\/wp\/v2\/product_brand?post=22123"},{"taxonomy":"product_cat","embeddable":true,"href":"https:\/\/ecostera.com\/dk\/wp-json\/wp\/v2\/product_cat?post=22123"},{"taxonomy":"product_tag","embeddable":true,"href":"https:\/\/ecostera.com\/dk\/wp-json\/wp\/v2\/product_tag?post=22123"}],"curies":[{"name":"wp","href":"https:\/\/api.w.org\/{rel}","templated":true}]}}