{"id":22148,"date":"2025-09-19T23:20:14","date_gmt":"2025-09-19T20:20:14","guid":{"rendered":"https:\/\/ecostera.com\/dk\/product\/glitter-oejenskyggestift\/"},"modified":"2025-09-19T23:21:12","modified_gmt":"2025-09-19T20:21:12","slug":"glitter-oejenskyggestift","status":"publish","type":"product","link":"https:\/\/ecostera.com\/dk\/product\/glitter-oejenskyggestift\/","title":{"rendered":"Glitter-\u00f8jenskyggestift"},"content":{"rendered":"<p style=\"text-align: center\" data-start=\"110\" data-end=\"159\"><strong>\ud83c\udfa8 Dristige \u00d8jne, Ingen Anstrengelse \u2014 Glide Og Skinne!<\/strong><\/p>\n<p style=\"text-align: center\" data-start=\"161\" data-end=\"335\">Disse glitter\u00f8jenskyggestifter giver dig fantastiske glimmer-, mat- og glitterfinisher i \u00e9n brugervenlig stift. Perfekt til hurtige looks, dramatisk glamour eller hverdagsgl\u00f8d.<\/p>\n<p data-start=\"161\" data-end=\"335\"><img decoding=\"async\" class=\"size-full wp-image-28981 aligncenter\" src=\"https:\/\/keluvo.com\/template\/wp-content\/uploads\/sites\/5\/2025\/07\/07211-ezgif.com-video-to-webp-converter-1.webp\" alt=\"\" \/><\/p>\n<h2 style=\"text-align: center\" data-start=\"337\" data-end=\"357\">\u2705 Hovedfordele<\/h2>\n<p data-start=\"360\" data-end=\"420\">\ud83d\udc8e Langtidsholdbar, vandfast formel, der bliver siddende hele dagen<\/p>\n<p data-start=\"423\" data-end=\"477\">\u270d\ufe0f Blyantlignende design for nem, pr\u00e6cis p\u00e5f\u00f8ring<\/p>\n<p data-start=\"480\" data-end=\"540\">\u2728 15 levende nuancer \u2014 fra bl\u00f8de neutrale til dristige metalliske<\/p>\n<p data-start=\"543\" data-end=\"591\">\ud83e\uddfd Klatfri, og nem at fjerne<\/p>\n<p data-start=\"594\" data-end=\"653\">\ud83d\udc41\ufe0f Kan bruges som eyeliner, highlighter eller til hele \u00f8jenl\u00e5get<\/p>\n<p data-start=\"594\" data-end=\"653\"><img decoding=\"async\" class=\"size-full wp-image-28984 aligncenter\" src=\"https:\/\/keluvo.com\/template\/wp-content\/uploads\/sites\/5\/2025\/07\/b489d7a0bd1e05490e23ce18ef231020.webp\" alt=\"\" \/><\/p>\n<h2 style=\"text-align: center\" data-start=\"655\" data-end=\"674\">\ud83d\udee0\ufe0f S\u00e5dan Bruges<\/h2>\n<ol data-start=\"675\" data-end=\"816\">\n<li data-start=\"675\" data-end=\"705\">\n<p data-start=\"678\" data-end=\"705\">V\u00e6lg din yndlingsnuance.<\/p>\n<\/li>\n<li data-start=\"706\" data-end=\"764\">\n<p data-start=\"709\" data-end=\"764\">P\u00e5f\u00f8r direkte p\u00e5 \u00f8jenl\u00e5get, vippekanten eller det inderste hj\u00f8rne.<\/p>\n<\/li>\n<li data-start=\"765\" data-end=\"816\">\n<p data-start=\"768\" data-end=\"816\">Bland med fingerspidserne eller en pensel \u2014 det er gjort p\u00e5 f\u00e5 sekunder!<\/p>\n<\/li>\n<\/ol>\n<h2 style=\"text-align: center\" data-start=\"818\" data-end=\"841\">\ud83d\udccf Produktdetaljer<\/h2>\n<ul data-start=\"842\" data-end=\"1014\">\n<li data-start=\"842\" data-end=\"889\">\n<p data-start=\"844\" data-end=\"889\">Finish: Mulighed for mat, glimmer og glitter<\/p>\n<\/li>\n<li data-start=\"890\" data-end=\"920\">\n<p data-start=\"892\" data-end=\"920\">Konsistens: Cremet og glat<\/p>\n<\/li>\n<li data-start=\"921\" data-end=\"970\">\n<p data-start=\"923\" data-end=\"970\">Format: Twist-up pencil &#8211; ingen spidser n\u00f8dvendig<\/p>\n<\/li>\n<li data-start=\"971\" data-end=\"1014\">\n<p data-start=\"973\" data-end=\"1014\">Velegnet til alle hudtoner og lejligheder<\/p>\n<\/li>\n<\/ul>\n<h2 style=\"text-align: center\" data-start=\"1016\" data-end=\"1040\">\ud83d\udce6 Pakken Indeholder<\/h2>\n<ul data-start=\"1041\" data-end=\"1101\">\n<li data-start=\"1041\" data-end=\"1101\">\n<p data-start=\"1043\" data-end=\"1101\">1x glitter eyeshadow stick.<\/p>\n<\/li>\n<\/ul>\n","protected":false},"excerpt":{"rendered":"<p>\ud83c\udfa8 Dristige \u00d8jne, Ingen Anstrengelse \u2014 Glide Og Skinne! Disse glitter\u00f8jenskyggestifter giver dig fantastiske glimmer-, mat- og glitterfinisher i \u00e9n [&hellip;]<\/p>\n","protected":false},"featured_media":22144,"comment_status":"open","ping_status":"closed","template":"","meta":{"site-sidebar-layout":"default","site-content-layout":"","ast-site-content-layout":"default","site-content-style":"default","site-sidebar-style":"default","ast-global-header-display":"","ast-banner-title-visibility":"","ast-main-header-display":"","ast-hfb-above-header-display":"","ast-hfb-below-header-display":"","ast-hfb-mobile-header-display":"","site-post-title":"","ast-breadcrumbs-content":"","ast-featured-img":"","footer-sml-layout":"","theme-transparent-header-meta":"default","adv-header-id-meta":"","stick-header-meta":"","header-above-stick-meta":"","header-main-stick-meta":"","header-below-stick-meta":"","astra-migrate-meta-layouts":"set","ast-page-background-enabled":"default","ast-page-background-meta":{"desktop":{"background-color":"var(--ast-global-color-5)","background-image":"","background-repeat":"repeat","background-position":"center center","background-size":"auto","background-attachment":"scroll","background-type":"","background-media":"","overlay-type":"","overlay-color":"","overlay-opacity":"","overlay-gradient":""},"tablet":{"background-color":"","background-image":"","background-repeat":"repeat","background-position":"center center","background-size":"auto","background-attachment":"scroll","background-type":"","background-media":"","overlay-type":"","overlay-color":"","overlay-opacity":"","overlay-gradient":""},"mobile":{"background-color":"","background-image":"","background-repeat":"repeat","background-position":"center center","background-size":"auto","background-attachment":"scroll","background-type":"","background-media":"","overlay-type":"","overlay-color":"","overlay-opacity":"","overlay-gradient":""}},"ast-content-background-meta":{"desktop":{"background-color":"var(--ast-global-color-4)","background-image":"","background-repeat":"repeat","background-position":"center center","background-size":"auto","background-attachment":"scroll","background-type":"","background-media":"","overlay-type":"","overlay-color":"","overlay-opacity":"","overlay-gradient":""},"tablet":{"background-color":"var(--ast-global-color-4)","background-image":"","background-repeat":"repeat","background-position":"center center","background-size":"auto","background-attachment":"scroll","background-type":"","background-media":"","overlay-type":"","overlay-color":"","overlay-opacity":"","overlay-gradient":""},"mobile":{"background-color":"var(--ast-global-color-4)","background-image":"","background-repeat":"repeat","background-position":"center center","background-size":"auto","background-attachment":"scroll","background-type":"","background-media":"","overlay-type":"","overlay-color":"","overlay-opacity":"","overlay-gradient":""}}},"product_brand":[],"product_cat":[19],"product_tag":[],"class_list":{"0":"post-22148","1":"product","2":"type-product","3":"status-publish","4":"has-post-thumbnail","6":"product_cat-uncategorized","7":"pa_32225_vq7uo5dd-a","8":"pa_32225_vq7uo5dd-b","9":"pa_32225_vq7uo5dd-c","10":"pa_32225_vq7uo5dd-d","11":"pa_32225_vq7uo5dd-e","12":"pa_32225_vq7uo5dd-f","13":"pa_32225_vq7uo5dd-g","14":"pa_32225_vq7uo5dd-h","15":"pa_32225_vq7uo5dd-i","16":"pa_32225_vq7uo5dd-j","17":"pa_32225_vq7uo5dd-k","18":"pa_32225_vq7uo5dd-l","19":"pa_32225_vq7uo5dd-m","20":"pa_32225_vq7uo5dd-n","21":"pa_32225_vq7uo5dd-o","22":"desktop-align-left","23":"tablet-align-left","24":"mobile-align-left","26":"first","27":"instock","28":"shipping-taxable","29":"purchasable","30":"product-type-variable"},"_links":{"self":[{"href":"https:\/\/ecostera.com\/dk\/wp-json\/wp\/v2\/product\/22148","targetHints":{"allow":["GET"]}}],"collection":[{"href":"https:\/\/ecostera.com\/dk\/wp-json\/wp\/v2\/product"}],"about":[{"href":"https:\/\/ecostera.com\/dk\/wp-json\/wp\/v2\/types\/product"}],"replies":[{"embeddable":true,"href":"https:\/\/ecostera.com\/dk\/wp-json\/wp\/v2\/comments?post=22148"}],"wp:featuredmedia":[{"embeddable":true,"href":"https:\/\/ecostera.com\/dk\/wp-json\/wp\/v2\/media\/22144"}],"wp:attachment":[{"href":"https:\/\/ecostera.com\/dk\/wp-json\/wp\/v2\/media?parent=22148"}],"wp:term":[{"taxonomy":"product_brand","embeddable":true,"href":"https:\/\/ecostera.com\/dk\/wp-json\/wp\/v2\/product_brand?post=22148"},{"taxonomy":"product_cat","embeddable":true,"href":"https:\/\/ecostera.com\/dk\/wp-json\/wp\/v2\/product_cat?post=22148"},{"taxonomy":"product_tag","embeddable":true,"href":"https:\/\/ecostera.com\/dk\/wp-json\/wp\/v2\/product_tag?post=22148"}],"curies":[{"name":"wp","href":"https:\/\/api.w.org\/{rel}","templated":true}]}}