{"id":22285,"date":"2025-09-19T23:31:08","date_gmt":"2025-09-19T20:31:08","guid":{"rendered":"https:\/\/ecostera.com\/dk\/product\/vandpumpe\/"},"modified":"2025-09-19T23:32:17","modified_gmt":"2025-09-19T20:32:17","slug":"vandpumpe","status":"publish","type":"product","link":"https:\/\/ecostera.com\/dk\/product\/vandpumpe\/","title":{"rendered":"Vandpumpe"},"content":{"rendered":"<p style=\"text-align: center\" data-start=\"0\" data-end=\"106\"><strong data-start=\"0\" data-end=\"106\">Kraftfuld, St\u00f8jsvag Og Nem At Bruge\u2014Denne Vandpumpe Holder Din Tank Eller Dit System Rent Og Flydende!<\/strong><\/p>\n<p style=\"text-align: center\" data-start=\"108\" data-end=\"454\">Denne vandpumpe er designet med 360\u00b0 vandabsorption og st\u00f8jsvag ydeevne og fungerer p\u00e5 lavt vand og er perfekt til akvarier, springvand, hydroponik og meget mere. Dens effektive design fjerner snavs som fiskeaffald, samtidig med at den er st\u00f8jsvag, og den er bygget af holdbare materialer til brug i b\u00e5de fersk- og saltvandsmilj\u00f8er.<\/p>\n<p data-start=\"108\" data-end=\"454\"><img decoding=\"async\" class=\"size-full wp-image-29523 aligncenter\" src=\"https:\/\/keluvo.com\/template\/wp-content\/uploads\/sites\/5\/2025\/07\/072111-ezgif.com-video-to-webp-converter-1.webp\" alt=\"\" \/><\/p>\n<h2 style=\"text-align: center\" data-section-id=\"irtbpm\" data-start=\"461\" data-end=\"483\">\ud83c\udf1f Vigtigste Fordele<\/h2>\n<p data-start=\"486\" data-end=\"553\">\ud83d\udca7 360\u00b0 vandabsorption &#8211; renser effektivt fra alle vinkler<\/p>\n<p data-start=\"556\" data-end=\"625\">\ud83d\udd07 St\u00f8jsvagt design &#8211; stille drift for fredelige milj\u00f8er<\/p>\n<p data-start=\"628\" data-end=\"699\">\ud83c\udf0a Fungerer p\u00e5 lavt vand &#8211; starter ved kun 5 cm, pumper ned til 1 cm<\/p>\n<p data-start=\"702\" data-end=\"767\">\ud83d\udc1f Perfekt til akvarier &#8211; fjerner urenheder og fiskeaffald<\/p>\n<p data-start=\"770\" data-end=\"842\">\ud83e\uddf1 Holdbar &amp; alsidig &#8211; mulighed for ABS-skal, keramik- eller st\u00e5laksel<\/p>\n<p data-start=\"845\" data-end=\"905\">\ud83d\udd25 Indbygget temperaturkontrol &#8211; forhindrer t\u00f8rbr\u00e6nding<\/p>\n<p data-start=\"908\" data-end=\"978\">\ud83d\udd0c Let at b\u00e6re og reng\u00f8re &#8211; inkluderer h\u00e5ndtag og aftageligt design<\/p>\n<p data-start=\"908\" data-end=\"978\"><img decoding=\"async\" class=\"size-full wp-image-29526 aligncenter\" src=\"https:\/\/keluvo.com\/template\/wp-content\/uploads\/sites\/5\/2025\/07\/S8acc3bf8eb9647ea89a4e44cb18e5feax.jpg_960x960q75.jpg_.avif\" alt=\"\" \/><\/p>\n<h2 style=\"text-align: center\" data-section-id=\"nh1brx\" data-start=\"985\" data-end=\"1004\">\ud83e\udded S\u00e5dan Bruges<\/h2>\n<ol data-start=\"1005\" data-end=\"1252\">\n<li data-start=\"1005\" data-end=\"1061\">\n<p data-start=\"1008\" data-end=\"1061\">S\u00e6nk pumpen ned i vand med mindst 5 cm dybde.<\/p>\n<\/li>\n<li data-start=\"1062\" data-end=\"1114\">\n<p data-start=\"1065\" data-end=\"1114\">Tilslut pumpen til en str\u00f8mkilde (220V-240V).<\/p>\n<\/li>\n<li data-start=\"1115\" data-end=\"1188\">\n<p data-start=\"1118\" data-end=\"1188\">Brug den i akvarier, springvand, hydroponiske systemer eller k\u00f8lesystemer.<\/p>\n<\/li>\n<li data-start=\"1189\" data-end=\"1252\">\n<p data-start=\"1192\" data-end=\"1252\">Reng\u00f8r den regelm\u00e6ssigt ved at afmontere bunden og fjerne snavs.<\/p>\n<\/li>\n<\/ol>\n<h2 style=\"text-align: center\" data-section-id=\"3febr1\" data-start=\"1259\" data-end=\"1283\">\ud83d\udccf Produktdetaljer<\/h2>\n<ul data-start=\"1284\" data-end=\"1488\">\n<li data-start=\"1284\" data-end=\"1313\">\n<p data-start=\"1286\" data-end=\"1313\">Sp\u00e6nding: 220V-240V \/ 50Hz<\/p>\n<\/li>\n<li data-start=\"1314\" data-end=\"1341\">\n<p data-start=\"1316\" data-end=\"1341\">Ledningsl\u00e6ngde: 1,5 meter<\/p>\n<\/li>\n<li data-start=\"1342\" data-end=\"1403\">\n<p data-start=\"1344\" data-end=\"1403\">Materiale: Tyk ABS-plastskal, keramik- eller st\u00e5laksel<\/p>\n<\/li>\n<li data-start=\"1404\" data-end=\"1438\">\n<p data-start=\"1406\" data-end=\"1438\">Anvendelse: Ferskvand og havvand<\/p>\n<\/li>\n<li data-start=\"1439\" data-end=\"1488\">\n<p data-start=\"1441\" data-end=\"1488\">Pumpedybde: Fungerer fra 5 cm og ned til 1 cm<\/p>\n<\/li>\n<li data-start=\"1439\" data-end=\"1488\">EU-stik<\/li>\n<\/ul>\n<h2 style=\"text-align: center\" data-section-id=\"mu0jpk\" data-start=\"1495\" data-end=\"1520\">\ud83d\udce6 Pakken Indeholder<\/h2>\n<ul data-start=\"1521\" data-end=\"1597\">\n<li data-start=\"1521\" data-end=\"1562\">\n<p data-start=\"1523\" data-end=\"1562\">1x vandpumpe med slange eller<\/p>\n<\/li>\n<li data-start=\"1563\" data-end=\"1597\">\n<p data-start=\"1565\" data-end=\"1597\">1x vandpumpe uden slange.<\/p>\n<\/li>\n<\/ul>\n","protected":false},"excerpt":{"rendered":"<p>Kraftfuld, St\u00f8jsvag Og Nem At Bruge\u2014Denne Vandpumpe Holder Din Tank Eller Dit System Rent Og Flydende! Denne vandpumpe er designet [&hellip;]<\/p>\n","protected":false},"featured_media":22281,"comment_status":"open","ping_status":"closed","template":"","meta":{"site-sidebar-layout":"default","site-content-layout":"","ast-site-content-layout":"default","site-content-style":"default","site-sidebar-style":"default","ast-global-header-display":"","ast-banner-title-visibility":"","ast-main-header-display":"","ast-hfb-above-header-display":"","ast-hfb-below-header-display":"","ast-hfb-mobile-header-display":"","site-post-title":"","ast-breadcrumbs-content":"","ast-featured-img":"","footer-sml-layout":"","theme-transparent-header-meta":"default","adv-header-id-meta":"","stick-header-meta":"","header-above-stick-meta":"","header-main-stick-meta":"","header-below-stick-meta":"","astra-migrate-meta-layouts":"set","ast-page-background-enabled":"default","ast-page-background-meta":{"desktop":{"background-color":"var(--ast-global-color-5)","background-image":"","background-repeat":"repeat","background-position":"center center","background-size":"auto","background-attachment":"scroll","background-type":"","background-media":"","overlay-type":"","overlay-color":"","overlay-opacity":"","overlay-gradient":""},"tablet":{"background-color":"","background-image":"","background-repeat":"repeat","background-position":"center center","background-size":"auto","background-attachment":"scroll","background-type":"","background-media":"","overlay-type":"","overlay-color":"","overlay-opacity":"","overlay-gradient":""},"mobile":{"background-color":"","background-image":"","background-repeat":"repeat","background-position":"center center","background-size":"auto","background-attachment":"scroll","background-type":"","background-media":"","overlay-type":"","overlay-color":"","overlay-opacity":"","overlay-gradient":""}},"ast-content-background-meta":{"desktop":{"background-color":"var(--ast-global-color-4)","background-image":"","background-repeat":"repeat","background-position":"center center","background-size":"auto","background-attachment":"scroll","background-type":"","background-media":"","overlay-type":"","overlay-color":"","overlay-opacity":"","overlay-gradient":""},"tablet":{"background-color":"var(--ast-global-color-4)","background-image":"","background-repeat":"repeat","background-position":"center center","background-size":"auto","background-attachment":"scroll","background-type":"","background-media":"","overlay-type":"","overlay-color":"","overlay-opacity":"","overlay-gradient":""},"mobile":{"background-color":"var(--ast-global-color-4)","background-image":"","background-repeat":"repeat","background-position":"center center","background-size":"auto","background-attachment":"scroll","background-type":"","background-media":"","overlay-type":"","overlay-color":"","overlay-opacity":"","overlay-gradient":""}}},"product_brand":[],"product_cat":[19],"product_tag":[],"class_list":{"0":"post-22285","1":"product","2":"type-product","3":"status-publish","4":"has-post-thumbnail","6":"product_cat-uncategorized","7":"pa_23397_7g6713o7-105w","8":"pa_23397_7g6713o7-10w","9":"pa_23397_7g6713o7-10w-slange","10":"pa_23397_7g6713o7-18w","11":"pa_23397_7g6713o7-18w-slange","12":"pa_23397_7g6713o7-25w","13":"pa_23397_7g6713o7-25w-slange","14":"pa_23397_7g6713o7-45w","15":"pa_23397_7g6713o7-45w-slange","16":"pa_23397_7g6713o7-60w","17":"pa_23397_7g6713o7-60w-slange","18":"pa_23397_7g6713o7-85w","19":"desktop-align-left","20":"tablet-align-left","21":"mobile-align-left","23":"first","24":"instock","25":"shipping-taxable","26":"purchasable","27":"product-type-variable"},"_links":{"self":[{"href":"https:\/\/ecostera.com\/dk\/wp-json\/wp\/v2\/product\/22285","targetHints":{"allow":["GET"]}}],"collection":[{"href":"https:\/\/ecostera.com\/dk\/wp-json\/wp\/v2\/product"}],"about":[{"href":"https:\/\/ecostera.com\/dk\/wp-json\/wp\/v2\/types\/product"}],"replies":[{"embeddable":true,"href":"https:\/\/ecostera.com\/dk\/wp-json\/wp\/v2\/comments?post=22285"}],"wp:featuredmedia":[{"embeddable":true,"href":"https:\/\/ecostera.com\/dk\/wp-json\/wp\/v2\/media\/22281"}],"wp:attachment":[{"href":"https:\/\/ecostera.com\/dk\/wp-json\/wp\/v2\/media?parent=22285"}],"wp:term":[{"taxonomy":"product_brand","embeddable":true,"href":"https:\/\/ecostera.com\/dk\/wp-json\/wp\/v2\/product_brand?post=22285"},{"taxonomy":"product_cat","embeddable":true,"href":"https:\/\/ecostera.com\/dk\/wp-json\/wp\/v2\/product_cat?post=22285"},{"taxonomy":"product_tag","embeddable":true,"href":"https:\/\/ecostera.com\/dk\/wp-json\/wp\/v2\/product_tag?post=22285"}],"curies":[{"name":"wp","href":"https:\/\/api.w.org\/{rel}","templated":true}]}}