{"id":2263,"date":"2025-07-11T16:39:12","date_gmt":"2025-07-11T16:39:12","guid":{"rendered":"https:\/\/ecostera.com\/dk\/product\/eventyrlig-haveskulptur\/"},"modified":"2025-07-21T08:36:12","modified_gmt":"2025-07-21T08:36:12","slug":"eventyrlig-haveskulptur","status":"publish","type":"product","link":"https:\/\/ecostera.com\/dk\/product\/eventyrlig-haveskulptur\/","title":{"rendered":"Eventyrlig haveskulptur"},"content":{"rendered":"<h2 style=\"text-align: center\" data-start=\"75\" data-end=\"128\">Fortryllende Design, Der Forvandler Dit Uderum<\/h2>\n<p style=\"text-align: center\" data-start=\"130\" data-end=\"287\"><span class=\"relative -mx-px my-[-0.2rem] rounded px-px py-[0.2rem]\">Introducer et strejf af magi i din have med vores Dancing Fairy Dandelion Sculptures.<\/span> <span class=\"relative -mx-px my-[-0.2rem] rounded px-px py-[0.2rem]\">Disse f\u00e6ngslende figurer forestiller feer, der yndefuldt danser med m\u00e6lkeb\u00f8tter og skaber en finurlig atmosf\u00e6re, der gl\u00e6der b\u00e5de b\u00f8rn og voksne.<\/span> <span class=\"relative -mx-px my-[-0.2rem] rounded px-px py-[0.2rem]\">Deres indviklede design og livagtige positurer g\u00f8r dem til et charmerende omdrejningspunkt i ethvert udend\u00f8rs milj\u00f8.<\/span><\/p>\n<p style=\"text-align: center\" data-start=\"130\" data-end=\"287\"><img decoding=\"async\" class=\"alignnone size-medium wp-image-12710\" src=\"https:\/\/keluvo.com\/template\/wp-content\/uploads\/sites\/5\/2025\/01\/fairygardendecorationgif-ezgif.com-gif-to-webp-converter.webp\" alt=\"\" \/>\u200b<\/p>\n<h2 style=\"text-align: center\" data-start=\"289\" data-end=\"336\">Holdbart Og Vejrbestandigt H\u00e5ndv\u00e6rk<\/h2>\n<p style=\"text-align: center\" data-start=\"338\" data-end=\"457\"><span class=\"relative -mx-px my-[-0.2rem] rounded px-px py-[0.2rem]\">Skulpturerne er fremstillet af metal i h\u00f8j kvalitet og er bygget til at modst\u00e5 forskellige vejrforhold, s\u00e5 de bevarer deres sk\u00f8nhed gennem alle \u00e5rstiderne.<\/span> <span class=\"relative -mx-px my-[-0.2rem] rounded px-px py-[0.2rem]\">Deres robuste konstruktion betyder, at du kan nyde deres fortryllende tilstedev\u00e6relse \u00e5ret rundt uden bekymring.<\/span><\/p>\n<p style=\"text-align: center\" data-start=\"338\" data-end=\"457\"><img decoding=\"async\" class=\"alignnone size-medium wp-image-12709\" src=\"https:\/\/keluvo.com\/template\/wp-content\/uploads\/sites\/5\/2025\/01\/main-image-16.jpeg\" alt=\"\" \/>\u200b<\/p>\n<h2 style=\"text-align: center\" data-start=\"459\" data-end=\"505\">Perfekte Dimensioner Til Enhver Have<\/h2>\n<p style=\"text-align: center\" data-start=\"507\" data-end=\"626\"><span class=\"relative -mx-px my-[-0.2rem] rounded px-px py-[0.2rem]\">Med en l\u00e6ngde p\u00e5 75 cm har hver skulptur den perfekte st\u00f8rrelse til at supplere haver, g\u00e5rde, terrasser eller endda indend\u00f8rs rum.<\/span> <span class=\"relative -mx-px my-[-0.2rem] rounded px-px py-[0.2rem]\">Deres tilstedev\u00e6relse giver liv og bev\u00e6gelse til din indretning, hvilket g\u00f8r dem til en alsidig tilf\u00f8jelse til ethvert milj\u00f8.<\/span><\/p>\n<p style=\"text-align: center\" data-start=\"507\" data-end=\"626\"><img decoding=\"async\" class=\"alignnone size-medium wp-image-12711\" src=\"https:\/\/keluvo.com\/template\/wp-content\/uploads\/sites\/5\/2025\/01\/main-image-1.jpeg\" alt=\"\" \/>\u200b<\/p>\n<h2 style=\"text-align: center\" data-start=\"628\" data-end=\"671\">Nem Installation<\/h2>\n<p style=\"text-align: center\" data-start=\"673\" data-end=\"838\"><span class=\"relative -mx-px my-[-0.2rem] rounded px-px py-[0.2rem]\">Det er en leg at s\u00e6tte dine fe-skulpturer op.<\/span> <span class=\"relative -mx-px my-[-0.2rem] rounded px-px py-[0.2rem]\">Du skal blot s\u00e6tte p\u00e6len i det \u00f8nskede sted i jorden.<\/span> <span class=\"relative -mx-px my-[-0.2rem] rounded px-px py-[0.2rem]\">Hvis der er behov for sm\u00e5 justeringer p\u00e5 grund af transport, skal du forsigtigt flytte skulpturen for at opn\u00e5 den bedste visning.<\/span><\/p>\n<h2 style=\"text-align: center\" data-start=\"840\" data-end=\"874\">Tankev\u00e6kkende Gave Til Elskede<\/h2>\n<p style=\"text-align: center\" data-start=\"876\" data-end=\"1001\"><span class=\"relative -mx-px my-[-0.2rem] rounded px-px py-[0.2rem]\">Disse fe-m\u00e6lkeb\u00f8tteskulpturer er en dejlig gave, perfekt til familie, venner eller enhver, der s\u00e6tter pris p\u00e5 havekunst.<\/span> <span class=\"relative -mx-px my-[-0.2rem] rounded px-px py-[0.2rem]\">Deres fortryllende design og kvalitetsh\u00e5ndv\u00e6rk vil helt sikkert bringe gl\u00e6de og forundring til enhver modtager.<\/span>\u200b<\/p>\n<p style=\"text-align: center\" data-start=\"1003\" data-end=\"1088\">\n","protected":false},"excerpt":{"rendered":"<p>Fortryllende Design, Der Forvandler Dit Uderum Introducer et strejf af magi i din have med vores Dancing Fairy Dandelion Sculptures. [&hellip;]<\/p>\n","protected":false},"featured_media":2257,"comment_status":"open","ping_status":"closed","template":"","meta":{"site-sidebar-layout":"default","site-content-layout":"","ast-site-content-layout":"default","site-content-style":"default","site-sidebar-style":"default","ast-global-header-display":"","ast-banner-title-visibility":"","ast-main-header-display":"","ast-hfb-above-header-display":"","ast-hfb-below-header-display":"","ast-hfb-mobile-header-display":"","site-post-title":"","ast-breadcrumbs-content":"","ast-featured-img":"","footer-sml-layout":"","theme-transparent-header-meta":"default","adv-header-id-meta":"","stick-header-meta":"","header-above-stick-meta":"","header-main-stick-meta":"","header-below-stick-meta":"","astra-migrate-meta-layouts":"set","ast-page-background-enabled":"default","ast-page-background-meta":{"desktop":{"background-color":"var(--ast-global-color-5)","background-image":"","background-repeat":"repeat","background-position":"center center","background-size":"auto","background-attachment":"scroll","background-type":"","background-media":"","overlay-type":"","overlay-color":"","overlay-opacity":"","overlay-gradient":""},"tablet":{"background-color":"","background-image":"","background-repeat":"repeat","background-position":"center center","background-size":"auto","background-attachment":"scroll","background-type":"","background-media":"","overlay-type":"","overlay-color":"","overlay-opacity":"","overlay-gradient":""},"mobile":{"background-color":"","background-image":"","background-repeat":"repeat","background-position":"center center","background-size":"auto","background-attachment":"scroll","background-type":"","background-media":"","overlay-type":"","overlay-color":"","overlay-opacity":"","overlay-gradient":""}},"ast-content-background-meta":{"desktop":{"background-color":"var(--ast-global-color-4)","background-image":"","background-repeat":"repeat","background-position":"center center","background-size":"auto","background-attachment":"scroll","background-type":"","background-media":"","overlay-type":"","overlay-color":"","overlay-opacity":"","overlay-gradient":""},"tablet":{"background-color":"var(--ast-global-color-4)","background-image":"","background-repeat":"repeat","background-position":"center center","background-size":"auto","background-attachment":"scroll","background-type":"","background-media":"","overlay-type":"","overlay-color":"","overlay-opacity":"","overlay-gradient":""},"mobile":{"background-color":"var(--ast-global-color-4)","background-image":"","background-repeat":"repeat","background-position":"center center","background-size":"auto","background-attachment":"scroll","background-type":"","background-media":"","overlay-type":"","overlay-color":"","overlay-opacity":"","overlay-gradient":""}}},"product_brand":[],"product_cat":[19],"product_tag":[],"class_list":{"0":"post-2263","1":"product","2":"type-product","3":"status-publish","4":"has-post-thumbnail","6":"product_cat-uncategorized","7":"pa_44631_qr99zhmy-a","8":"pa_44631_qr99zhmy-b","9":"pa_44631_qr99zhmy-c","10":"pa_44631_qr99zhmy-d","11":"pa_44631_qr99zhmy-e","12":"desktop-align-left","13":"tablet-align-left","14":"mobile-align-left","16":"first","17":"instock","18":"shipping-taxable","19":"purchasable","20":"product-type-variable"},"_links":{"self":[{"href":"https:\/\/ecostera.com\/dk\/wp-json\/wp\/v2\/product\/2263","targetHints":{"allow":["GET"]}}],"collection":[{"href":"https:\/\/ecostera.com\/dk\/wp-json\/wp\/v2\/product"}],"about":[{"href":"https:\/\/ecostera.com\/dk\/wp-json\/wp\/v2\/types\/product"}],"replies":[{"embeddable":true,"href":"https:\/\/ecostera.com\/dk\/wp-json\/wp\/v2\/comments?post=2263"}],"wp:featuredmedia":[{"embeddable":true,"href":"https:\/\/ecostera.com\/dk\/wp-json\/wp\/v2\/media\/2257"}],"wp:attachment":[{"href":"https:\/\/ecostera.com\/dk\/wp-json\/wp\/v2\/media?parent=2263"}],"wp:term":[{"taxonomy":"product_brand","embeddable":true,"href":"https:\/\/ecostera.com\/dk\/wp-json\/wp\/v2\/product_brand?post=2263"},{"taxonomy":"product_cat","embeddable":true,"href":"https:\/\/ecostera.com\/dk\/wp-json\/wp\/v2\/product_cat?post=2263"},{"taxonomy":"product_tag","embeddable":true,"href":"https:\/\/ecostera.com\/dk\/wp-json\/wp\/v2\/product_tag?post=2263"}],"curies":[{"name":"wp","href":"https:\/\/api.w.org\/{rel}","templated":true}]}}