{"id":2278,"date":"2025-07-11T16:39:56","date_gmt":"2025-07-11T16:39:56","guid":{"rendered":"https:\/\/ecostera.com\/dk\/product\/solcelle-elefantlys\/"},"modified":"2025-12-08T12:35:18","modified_gmt":"2025-12-08T10:35:18","slug":"solcelle-elefantlys","status":"publish","type":"product","link":"https:\/\/ecostera.com\/dk\/product\/solcelle-elefantlys\/","title":{"rendered":"Solcelle-elefantlys"},"content":{"rendered":"<h2 style=\"text-align: center\" data-start=\"0\" data-end=\"62\">\ud83d\udc18 En magisk gl\u00f8d!<\/h2>\n<p class=\"\" style=\"text-align: center\" data-start=\"64\" data-end=\"288\">Bring gl\u00e6de, charme og bl\u00f8dt lys til dit rum med den yndige elefant lys.<\/p>\n<p class=\"\" style=\"text-align: center\" data-start=\"64\" data-end=\"288\">Det er mere end bare en s\u00f8d dekoration &#8211; det er et symbol p\u00e5 k\u00e6rlighed, styrke og visdom, der lyser din have, g\u00e5rd eller terrasse op hver aften.<\/p>\n<p style=\"text-align: center\" data-start=\"64\" data-end=\"288\">\u2714 Ingen samling n\u00f8dvendig &#8211; klar til brug!<\/p>\n<p data-start=\"64\" data-end=\"288\"><img decoding=\"async\" class=\"size-full wp-image-14630 aligncenter\" src=\"https:\/\/keluvo.com\/template\/wp-content\/uploads\/sites\/5\/2025\/04\/GxLwsrye1cJjy9e3maHh.jpeg\" alt=\"\" \/><\/p>\n<h2 style=\"text-align: center\" data-start=\"295\" data-end=\"320\">\u2705 Hvorfor du vil elske det:<\/h2>\n<ul data-start=\"322\" data-end=\"1101\">\n<li class=\"\" data-start=\"322\" data-end=\"466\">\n<p class=\"\" data-start=\"324\" data-end=\"466\"><strong data-start=\"324\" data-end=\"350\">Smukt Og Meningsfuldt: <\/strong>Elefanter er symboler p\u00e5 k\u00e6rlighed, fred og held og lykke. Det g\u00f8r den til en perfekt gave til m\u00f8dre, familie eller venner.<\/p>\n<\/li>\n<li class=\"\" data-start=\"468\" data-end=\"624\">\n<p class=\"\" data-start=\"470\" data-end=\"624\"><strong data-start=\"470\" data-end=\"498\">Lyser Som Str\u00f8mmende Vand: <\/strong>Solcelledrevne LED-lys lyser om natten og skaber en gl\u00f8dende str\u00f8meffekt, der ser ud, som om elefanten spr\u00f8jter vand.<\/p>\n<\/li>\n<li class=\"\" data-start=\"626\" data-end=\"754\">\n<p class=\"\" data-start=\"628\" data-end=\"754\"><strong data-start=\"628\" data-end=\"661\">Perfekt Til Ethvert Udend\u00f8rs Rum: <\/strong>Perfekt til haver, terrasser, gangbroer eller verandaer. Tilf\u00f8jer et varmt og magisk touch overalt.<\/p>\n<\/li>\n<li class=\"\" data-start=\"756\" data-end=\"905\">\n<p class=\"\" data-start=\"758\" data-end=\"905\"><strong data-start=\"758\" data-end=\"790\">Milj\u00f8venlig Og Energibesparende: <\/strong>K\u00f8rer p\u00e5 solenergi. Bare placer den, hvor den f\u00e5r sollys i l\u00f8bet af dagen &#8211; s\u00e5 lyser den automatisk om natten.<\/p>\n<\/li>\n<li class=\"\" data-start=\"907\" data-end=\"1019\">\n<p class=\"\" data-start=\"909\" data-end=\"1019\"><strong data-start=\"909\" data-end=\"925\">Lavet Til At Holde: <\/strong>Fremstillet af harpiks af h\u00f8j kvalitet. Vandt\u00e6t og bygget til at klare regn og udend\u00f8rs vejr.<\/p>\n<\/li>\n<li class=\"\" data-start=\"1021\" data-end=\"1101\">\n<p class=\"\" data-start=\"1023\" data-end=\"1101\"><strong data-start=\"1023\" data-end=\"1038\">Nem At Bruge: <\/strong>Bare tryk p\u00e5 kontakten til &#8220;ON&#8221; og lad solen g\u00f8re resten.<\/p>\n<\/li>\n<\/ul>\n<p><img decoding=\"async\" class=\"size-full wp-image-14630 aligncenter\" src=\"https:\/\/keluvo.com\/template\/wp-content\/uploads\/sites\/5\/2025\/04\/GxLwsrye1cJjy9e3maHh.jpeg\" alt=\"\" \/><\/p>\n<h2 style=\"text-align: center\" data-start=\"1108\" data-end=\"1141\">\ud83d\udce6 Hvad indeholder pakken:<\/h2>\n<ul data-start=\"1143\" data-end=\"1283\">\n<li class=\"\" data-start=\"1143\" data-end=\"1179\">\n<p class=\"\" data-start=\"1145\" data-end=\"1179\">1 x solcelledrevet elefantlys<\/p>\n<\/li>\n<li class=\"\" data-start=\"1180\" data-end=\"1213\">\n<p class=\"\" data-start=\"1182\" data-end=\"1213\">Indbygget genopladeligt batteri<\/p>\n<\/li>\n<li class=\"\" data-start=\"1214\" data-end=\"1249\">\n<p class=\"\" data-start=\"1216\" data-end=\"1249\">Forudinstalleret LED-lampesnor<\/p>\n<\/li>\n<li class=\"\" data-start=\"1250\" data-end=\"1283\">\n<p class=\"\" data-start=\"1252\" data-end=\"1283\">Klar til brug &#8211; ingen samling n\u00f8dvendig<\/p>\n<\/li>\n<\/ul>\n","protected":false},"excerpt":{"rendered":"<p>\ud83d\udc18 En magisk gl\u00f8d! Bring gl\u00e6de, charme og bl\u00f8dt lys til dit rum med den yndige elefant lys. Det er [&hellip;]<\/p>\n","protected":false},"featured_media":2274,"comment_status":"open","ping_status":"closed","template":"","meta":{"site-sidebar-layout":"default","site-content-layout":"","ast-site-content-layout":"default","site-content-style":"default","site-sidebar-style":"default","ast-global-header-display":"","ast-banner-title-visibility":"","ast-main-header-display":"","ast-hfb-above-header-display":"","ast-hfb-below-header-display":"","ast-hfb-mobile-header-display":"","site-post-title":"","ast-breadcrumbs-content":"","ast-featured-img":"","footer-sml-layout":"","theme-transparent-header-meta":"default","adv-header-id-meta":"","stick-header-meta":"","header-above-stick-meta":"","header-main-stick-meta":"","header-below-stick-meta":"","astra-migrate-meta-layouts":"set","ast-page-background-enabled":"default","ast-page-background-meta":{"desktop":{"background-color":"var(--ast-global-color-5)","background-image":"","background-repeat":"repeat","background-position":"center center","background-size":"auto","background-attachment":"scroll","background-type":"","background-media":"","overlay-type":"","overlay-color":"","overlay-opacity":"","overlay-gradient":""},"tablet":{"background-color":"","background-image":"","background-repeat":"repeat","background-position":"center center","background-size":"auto","background-attachment":"scroll","background-type":"","background-media":"","overlay-type":"","overlay-color":"","overlay-opacity":"","overlay-gradient":""},"mobile":{"background-color":"","background-image":"","background-repeat":"repeat","background-position":"center center","background-size":"auto","background-attachment":"scroll","background-type":"","background-media":"","overlay-type":"","overlay-color":"","overlay-opacity":"","overlay-gradient":""}},"ast-content-background-meta":{"desktop":{"background-color":"var(--ast-global-color-4)","background-image":"","background-repeat":"repeat","background-position":"center center","background-size":"auto","background-attachment":"scroll","background-type":"","background-media":"","overlay-type":"","overlay-color":"","overlay-opacity":"","overlay-gradient":""},"tablet":{"background-color":"var(--ast-global-color-4)","background-image":"","background-repeat":"repeat","background-position":"center center","background-size":"auto","background-attachment":"scroll","background-type":"","background-media":"","overlay-type":"","overlay-color":"","overlay-opacity":"","overlay-gradient":""},"mobile":{"background-color":"var(--ast-global-color-4)","background-image":"","background-repeat":"repeat","background-position":"center center","background-size":"auto","background-attachment":"scroll","background-type":"","background-media":"","overlay-type":"","overlay-color":"","overlay-opacity":"","overlay-gradient":""}}},"product_brand":[],"product_cat":[19],"product_tag":[],"class_list":{"0":"post-2278","1":"product","2":"type-product","3":"status-publish","4":"has-post-thumbnail","6":"product_cat-uncategorized","7":"desktop-align-left","8":"tablet-align-left","9":"mobile-align-left","11":"first","12":"instock","13":"shipping-taxable","14":"purchasable","15":"product-type-simple"},"_links":{"self":[{"href":"https:\/\/ecostera.com\/dk\/wp-json\/wp\/v2\/product\/2278","targetHints":{"allow":["GET"]}}],"collection":[{"href":"https:\/\/ecostera.com\/dk\/wp-json\/wp\/v2\/product"}],"about":[{"href":"https:\/\/ecostera.com\/dk\/wp-json\/wp\/v2\/types\/product"}],"replies":[{"embeddable":true,"href":"https:\/\/ecostera.com\/dk\/wp-json\/wp\/v2\/comments?post=2278"}],"wp:featuredmedia":[{"embeddable":true,"href":"https:\/\/ecostera.com\/dk\/wp-json\/wp\/v2\/media\/2274"}],"wp:attachment":[{"href":"https:\/\/ecostera.com\/dk\/wp-json\/wp\/v2\/media?parent=2278"}],"wp:term":[{"taxonomy":"product_brand","embeddable":true,"href":"https:\/\/ecostera.com\/dk\/wp-json\/wp\/v2\/product_brand?post=2278"},{"taxonomy":"product_cat","embeddable":true,"href":"https:\/\/ecostera.com\/dk\/wp-json\/wp\/v2\/product_cat?post=2278"},{"taxonomy":"product_tag","embeddable":true,"href":"https:\/\/ecostera.com\/dk\/wp-json\/wp\/v2\/product_tag?post=2278"}],"curies":[{"name":"wp","href":"https:\/\/api.w.org\/{rel}","templated":true}]}}