{"id":2283,"date":"2025-07-11T16:40:38","date_gmt":"2025-07-11T16:40:38","guid":{"rendered":"https:\/\/ecostera.com\/dk\/product\/sammenklappelig-multifunktionel-taske\/"},"modified":"2025-07-21T08:40:00","modified_gmt":"2025-07-21T08:40:00","slug":"sammenklappelig-multifunktionel-taske","status":"publish","type":"product","link":"https:\/\/ecostera.com\/dk\/product\/sammenklappelig-multifunktionel-taske\/","title":{"rendered":"Sammenklappelig multifunktionel taske"},"content":{"rendered":"<p>\ud83d\udc5d Kan udvides for at f\u00e5 mere plads og er nem at folde sammen til opbevaring<\/p>\n<p>\ud83d\udc5c Perfekt til rejser, fitness, shopping, eller dagligt use<\/p>\n<p>\ud83c\udf27\ufe0f Lavet af vandt\u00e6t og rivefast stof<\/p>\n<p>\ud83d\udcc2 Flere lommer til nem organization<\/p>\n<p>\u2708\ufe0f Let og kan fastg\u00f8res til kufferten handles<\/p>\n<p>\ud83c\udfcb\ufe0f\u200d\u2640\ufe0f Rummer op til 8 kg til alle dine vigtige ting<\/p>\n<p style=\"text-align: center\">Den sammenklappelige rejsetaske har et rummeligt design og praktisk opbevaring til alle dine rejsebehov med sin kompakte, sammenklappelige funktion. Tasken er perfekt til de vigtigste ting p\u00e5 rejsen og g\u00f8r det nemt at holde styr p\u00e5 det hele. Dens rummelige kapacitet og foldbare natur g\u00f8r rejsen meget nemmere.<\/p>\n<p><img fetchpriority=\"high\" decoding=\"async\" class=\"alignnone size-full wp-image-21619 aligncenter\" src=\"https:\/\/keluvo.com\/template\/wp-content\/uploads\/sites\/5\/2025\/05\/BAGPLUS22908__845026e1.webp\" alt=\"\" width=\"600\" height=\"600\" \/><\/p>\n<h2 style=\"text-align: center\">Stilfuld Og Multifunktionel<\/h2>\n<p style=\"text-align: center\">Med en udvidelig funktion i bunden kan du justere taskens st\u00f8rrelse efter behov &#8211; bare fold eller udfold den efter behov.<\/p>\n<p><img decoding=\"async\" class=\"alignnone size-full wp-image-21620 aligncenter\" src=\"https:\/\/keluvo.com\/template\/wp-content\/uploads\/sites\/5\/2025\/05\/BAGPLUS23897__1cdc308e-1-ezgif.com-gif-to-webp-converter.webp\" alt=\"\" width=\"600\" height=\"600\" \/><\/p>\n<h2 style=\"text-align: center\">4 Rum: 2 Med Lynl\u00e5s Og 2 Indvendige\/Udvendige<\/h2>\n<p style=\"text-align: center\">Designet med flere lommer giver masser af opbevaringsplads og hj\u00e6lper dig med at holde dine ejendele organiserede og tilg\u00e6ngelige.<\/p>\n<p><img decoding=\"async\" class=\"alignnone size-full wp-image-21624 aligncenter\" src=\"https:\/\/keluvo.com\/template\/wp-content\/uploads\/sites\/5\/2025\/05\/BAGPLUS24897__9ca1b846-1.webp\" alt=\"\" width=\"600\" height=\"600\" \/><\/p>\n<h2 style=\"text-align: center\">Kompakt, Men Rummelig<\/h2>\n<p style=\"text-align: center\">Denne alsidige taske kan udvides til en st\u00f8rre h\u00e5ndbagage eller komprimeres til en mindre st\u00f8rrelse, s\u00e5 den passer perfekt til dine behov.<\/p>\n<p><img loading=\"lazy\" decoding=\"async\" class=\"size-full wp-image-21621 aligncenter\" src=\"https:\/\/keluvo.com\/template\/wp-content\/uploads\/sites\/5\/2025\/05\/BAGPLUS29897__f7c58907.webp\" alt=\"\" width=\"600\" height=\"600\" \/><\/p>\n<h2 style=\"text-align: center\">Perfekt Til Enhver Lejlighed<\/h2>\n<p style=\"text-align: center\">Uanset om det er til sport, rejser, shopping eller hverdagsbrug, er den foldbare rejsetaske alsidig og meget anvendelig.<\/p>\n<p><img loading=\"lazy\" decoding=\"async\" class=\"alignnone size-full wp-image-21623 aligncenter\" src=\"https:\/\/keluvo.com\/template\/wp-content\/uploads\/sites\/5\/2025\/05\/BAGPLUS26897__826178a9-1.webp\" alt=\"\" width=\"600\" height=\"600\" \/><\/p>\n<h2 style=\"text-align: center\">V\u00e5d- Og T\u00f8rskillev\u00e6g<\/h2>\n<p style=\"text-align: center\">Den har en skillev\u00e6g til at adskille v\u00e5dt t\u00f8j eller h\u00e5ndkl\u00e6der fra de t\u00f8rre ting<\/p>\n<h2 style=\"text-align: center\">Kvalitetsmaterialer<\/h2>\n<p style=\"text-align: center\">Fremstillet af slidst\u00e6rkt og let, vandt\u00e6t Oxford-stof.<\/p>\n<p><img loading=\"lazy\" decoding=\"async\" class=\"size-full wp-image-21622 aligncenter\" src=\"https:\/\/keluvo.com\/template\/wp-content\/uploads\/sites\/5\/2025\/05\/BAGPLUS28897__5f0bb044.webp\" alt=\"\" width=\"600\" height=\"600\" \/><\/p>\n<p style=\"text-align: center\">Det foldbare design sparer plads eller kan udvides efter behov. Layoutet med flere lommer holder dine ting p\u00e6ne og organiserede. Velegnet til hverdagsbrug eller rejser. Den faste strop p\u00e5 bagsiden fastg\u00f8r den til din kuffert.<\/p>\n<h2 style=\"text-align: center\">Detaljer<\/h2>\n<p>Produktv\u00e6gt: 437 g, belastningskapacitet: 8 kg<\/p>\n<p>Materiale: Oxford-stof<\/p>\n<p>Dimensioner, n\u00e5r den er foldet: 28 x 18 x 4 cm<\/p>\n<p>M\u00e5l n\u00e5r den er foldet ud: 42 x 28 x 10 cm<\/p>\n<p>Overordnede m\u00e5l: 42 x 28 x 22 cm<\/p>\n","protected":false},"excerpt":{"rendered":"<p>\ud83d\udc5d Kan udvides for at f\u00e5 mere plads og er nem at folde sammen til opbevaring \ud83d\udc5c Perfekt til rejser, [&hellip;]<\/p>\n","protected":false},"featured_media":2279,"comment_status":"open","ping_status":"closed","template":"","meta":{"site-sidebar-layout":"default","site-content-layout":"","ast-site-content-layout":"default","site-content-style":"default","site-sidebar-style":"default","ast-global-header-display":"","ast-banner-title-visibility":"","ast-main-header-display":"","ast-hfb-above-header-display":"","ast-hfb-below-header-display":"","ast-hfb-mobile-header-display":"","site-post-title":"","ast-breadcrumbs-content":"","ast-featured-img":"","footer-sml-layout":"","theme-transparent-header-meta":"default","adv-header-id-meta":"","stick-header-meta":"","header-above-stick-meta":"","header-main-stick-meta":"","header-below-stick-meta":"","astra-migrate-meta-layouts":"set","ast-page-background-enabled":"default","ast-page-background-meta":{"desktop":{"background-color":"var(--ast-global-color-5)","background-image":"","background-repeat":"repeat","background-position":"center center","background-size":"auto","background-attachment":"scroll","background-type":"","background-media":"","overlay-type":"","overlay-color":"","overlay-opacity":"","overlay-gradient":""},"tablet":{"background-color":"","background-image":"","background-repeat":"repeat","background-position":"center center","background-size":"auto","background-attachment":"scroll","background-type":"","background-media":"","overlay-type":"","overlay-color":"","overlay-opacity":"","overlay-gradient":""},"mobile":{"background-color":"","background-image":"","background-repeat":"repeat","background-position":"center center","background-size":"auto","background-attachment":"scroll","background-type":"","background-media":"","overlay-type":"","overlay-color":"","overlay-opacity":"","overlay-gradient":""}},"ast-content-background-meta":{"desktop":{"background-color":"var(--ast-global-color-4)","background-image":"","background-repeat":"repeat","background-position":"center center","background-size":"auto","background-attachment":"scroll","background-type":"","background-media":"","overlay-type":"","overlay-color":"","overlay-opacity":"","overlay-gradient":""},"tablet":{"background-color":"var(--ast-global-color-4)","background-image":"","background-repeat":"repeat","background-position":"center center","background-size":"auto","background-attachment":"scroll","background-type":"","background-media":"","overlay-type":"","overlay-color":"","overlay-opacity":"","overlay-gradient":""},"mobile":{"background-color":"var(--ast-global-color-4)","background-image":"","background-repeat":"repeat","background-position":"center center","background-size":"auto","background-attachment":"scroll","background-type":"","background-media":"","overlay-type":"","overlay-color":"","overlay-opacity":"","overlay-gradient":""}}},"product_brand":[],"product_cat":[19],"product_tag":[],"class_list":{"0":"post-2283","1":"product","2":"type-product","3":"status-publish","4":"has-post-thumbnail","6":"product_cat-uncategorized","7":"pa_48142_ry5uebzn-groen","8":"pa_48142_ry5uebzn-lilla","9":"pa_48142_ry5uebzn-lyseroed","10":"pa_48142_ry5uebzn-sort","11":"desktop-align-left","12":"tablet-align-left","13":"mobile-align-left","15":"first","16":"instock","17":"shipping-taxable","18":"purchasable","19":"product-type-variable"},"_links":{"self":[{"href":"https:\/\/ecostera.com\/dk\/wp-json\/wp\/v2\/product\/2283","targetHints":{"allow":["GET"]}}],"collection":[{"href":"https:\/\/ecostera.com\/dk\/wp-json\/wp\/v2\/product"}],"about":[{"href":"https:\/\/ecostera.com\/dk\/wp-json\/wp\/v2\/types\/product"}],"replies":[{"embeddable":true,"href":"https:\/\/ecostera.com\/dk\/wp-json\/wp\/v2\/comments?post=2283"}],"wp:featuredmedia":[{"embeddable":true,"href":"https:\/\/ecostera.com\/dk\/wp-json\/wp\/v2\/media\/2279"}],"wp:attachment":[{"href":"https:\/\/ecostera.com\/dk\/wp-json\/wp\/v2\/media?parent=2283"}],"wp:term":[{"taxonomy":"product_brand","embeddable":true,"href":"https:\/\/ecostera.com\/dk\/wp-json\/wp\/v2\/product_brand?post=2283"},{"taxonomy":"product_cat","embeddable":true,"href":"https:\/\/ecostera.com\/dk\/wp-json\/wp\/v2\/product_cat?post=2283"},{"taxonomy":"product_tag","embeddable":true,"href":"https:\/\/ecostera.com\/dk\/wp-json\/wp\/v2\/product_tag?post=2283"}],"curies":[{"name":"wp","href":"https:\/\/api.w.org\/{rel}","templated":true}]}}