{"id":22844,"date":"2025-09-21T10:56:10","date_gmt":"2025-09-21T07:56:10","guid":{"rendered":"https:\/\/ecostera.com\/dk\/product\/stropper\/"},"modified":"2025-09-21T10:57:26","modified_gmt":"2025-09-21T07:57:26","slug":"stropper","status":"publish","type":"product","link":"https:\/\/ecostera.com\/dk\/product\/stropper\/","title":{"rendered":"Stropper"},"content":{"rendered":"<p style=\"text-align: center\" data-start=\"176\" data-end=\"214\"><strong data-start=\"176\" data-end=\"214\">Organiser Dine Kabler Som En Professionel \ud83d\udd0c<\/strong><\/p>\n<p style=\"text-align: center\" data-start=\"216\" data-end=\"454\">Disse stropper er den perfekte l\u00f8sning til at rydde op i dine ledninger, kabler og ledninger. De er st\u00e6rke, vejrbestandige og justerbare og er ideelle til b\u00e5de hjemme- og udend\u00f8rsbrug &#8211; og i mods\u00e6tning til lynl\u00e5se til engangsbrug er de bygget til at holde.<\/p>\n<p data-start=\"216\" data-end=\"454\"><img decoding=\"async\" class=\"size-full wp-image-30145 aligncenter\" src=\"https:\/\/keluvo.com\/template\/wp-content\/uploads\/sites\/5\/2025\/08\/38a6f72993648c0fdd68f3d5b2563896.gif\" alt=\"\" \/><\/p>\n<h2 style=\"text-align: center\" data-start=\"456\" data-end=\"475\">Vigtigste Fordele \ud83e\uddf5<\/h2>\n<p data-start=\"478\" data-end=\"532\">\ud83e\udde9 Genanvendelig og milj\u00f8venlig &#8211; ikke mere plastaffald<\/p>\n<p data-start=\"535\" data-end=\"587\">\ud83e\uddf5 St\u00e6rkt krog- og l\u00f8kkedesign holder kablerne fast securely<\/p>\n<p data-start=\"590\" data-end=\"650\">\ud83c\udf27\ufe0f Vejrbestandig: t\u00e5ler varme, kulde og fugtighed<\/p>\n<p data-start=\"653\" data-end=\"691\">\ud83d\udd01 Justerbar og nem at flytte<\/p>\n<p data-start=\"694\" data-end=\"749\">\ud83e\uddf0 Perfekt til elektronik, havearbejde, rejser og meget mere<\/p>\n<p data-start=\"694\" data-end=\"749\"><img decoding=\"async\" class=\"size-full wp-image-30144 aligncenter\" src=\"https:\/\/keluvo.com\/template\/wp-content\/uploads\/sites\/5\/2025\/08\/4_3c2e113d-f5c7-459f-84b4-1043a548f0d3_480x480.jpg\" alt=\"\" \/><\/p>\n<h2 style=\"text-align: center\" data-start=\"751\" data-end=\"769\">S\u00e5dan Bruges Den \u2728<\/h2>\n<ol data-start=\"770\" data-end=\"916\">\n<li data-start=\"770\" data-end=\"826\">\n<p data-start=\"773\" data-end=\"826\">Vikl stroppen rundt om dit kabel, din slange eller din genstand.<\/p>\n<\/li>\n<li data-start=\"827\" data-end=\"871\">\n<p data-start=\"830\" data-end=\"871\">Loop and press the tie firmly to secure.<\/p>\n<\/li>\n<li data-start=\"872\" data-end=\"916\">\n<p data-start=\"875\" data-end=\"916\">Juster eller fjern den n\u00e5r som helst uden at beskadige den.<\/p>\n<\/li>\n<\/ol>\n<h2 style=\"text-align: center\" data-start=\"918\" data-end=\"942\">Produktdetaljer \ud83d\udccb<\/h2>\n<ul data-start=\"943\" data-end=\"1103\">\n<li data-start=\"943\" data-end=\"962\">\n<p data-start=\"945\" data-end=\"962\">Materiale: Nylon<\/p>\n<\/li>\n<li data-start=\"963\" data-end=\"993\">\n<p data-start=\"965\" data-end=\"993\">Dimensioner: 15 cm x 0,36 cm<\/p>\n<\/li>\n<li data-start=\"994\" data-end=\"1031\">\n<p data-start=\"996\" data-end=\"1031\">M\u00e6ngde: 100, 200, 300 stk<\/p>\n<\/li>\n<li data-start=\"1032\" data-end=\"1066\">\n<p data-start=\"1034\" data-end=\"1066\">Farve: Assorterede levende farver<\/p>\n<\/li>\n<li data-start=\"1067\" data-end=\"1103\">\n<p data-start=\"1069\" data-end=\"1103\">Temperaturomr\u00e5de: -35\u00b0C til 85\u00b0C<\/p>\n<\/li>\n<\/ul>\n<h2 style=\"text-align: center\" data-start=\"1105\" data-end=\"1130\">Pakken Indeholder \ud83d\udce6<\/h2>\n<ul data-start=\"1131\" data-end=\"1171\">\n<li data-start=\"1131\" data-end=\"1171\">\n<p data-start=\"1133\" data-end=\"1171\">100, 200, 300x stropper.<\/p>\n<\/li>\n<\/ul>\n","protected":false},"excerpt":{"rendered":"<p>Organiser Dine Kabler Som En Professionel \ud83d\udd0c Disse stropper er den perfekte l\u00f8sning til at rydde op i dine ledninger, [&hellip;]<\/p>\n","protected":false},"featured_media":22840,"comment_status":"open","ping_status":"closed","template":"","meta":{"site-sidebar-layout":"default","site-content-layout":"","ast-site-content-layout":"default","site-content-style":"default","site-sidebar-style":"default","ast-global-header-display":"","ast-banner-title-visibility":"","ast-main-header-display":"","ast-hfb-above-header-display":"","ast-hfb-below-header-display":"","ast-hfb-mobile-header-display":"","site-post-title":"","ast-breadcrumbs-content":"","ast-featured-img":"","footer-sml-layout":"","theme-transparent-header-meta":"default","adv-header-id-meta":"","stick-header-meta":"","header-above-stick-meta":"","header-main-stick-meta":"","header-below-stick-meta":"","astra-migrate-meta-layouts":"set","ast-page-background-enabled":"default","ast-page-background-meta":{"desktop":{"background-color":"var(--ast-global-color-5)","background-image":"","background-repeat":"repeat","background-position":"center center","background-size":"auto","background-attachment":"scroll","background-type":"","background-media":"","overlay-type":"","overlay-color":"","overlay-opacity":"","overlay-gradient":""},"tablet":{"background-color":"","background-image":"","background-repeat":"repeat","background-position":"center center","background-size":"auto","background-attachment":"scroll","background-type":"","background-media":"","overlay-type":"","overlay-color":"","overlay-opacity":"","overlay-gradient":""},"mobile":{"background-color":"","background-image":"","background-repeat":"repeat","background-position":"center center","background-size":"auto","background-attachment":"scroll","background-type":"","background-media":"","overlay-type":"","overlay-color":"","overlay-opacity":"","overlay-gradient":""}},"ast-content-background-meta":{"desktop":{"background-color":"var(--ast-global-color-4)","background-image":"","background-repeat":"repeat","background-position":"center center","background-size":"auto","background-attachment":"scroll","background-type":"","background-media":"","overlay-type":"","overlay-color":"","overlay-opacity":"","overlay-gradient":""},"tablet":{"background-color":"var(--ast-global-color-4)","background-image":"","background-repeat":"repeat","background-position":"center center","background-size":"auto","background-attachment":"scroll","background-type":"","background-media":"","overlay-type":"","overlay-color":"","overlay-opacity":"","overlay-gradient":""},"mobile":{"background-color":"var(--ast-global-color-4)","background-image":"","background-repeat":"repeat","background-position":"center center","background-size":"auto","background-attachment":"scroll","background-type":"","background-media":"","overlay-type":"","overlay-color":"","overlay-opacity":"","overlay-gradient":""}}},"product_brand":[],"product_cat":[19],"product_tag":[],"class_list":{"0":"post-22844","1":"product","2":"type-product","3":"status-publish","4":"has-post-thumbnail","6":"product_cat-uncategorized","7":"pa_19358_1e7r85n4-100-stk","8":"pa_19358_1e7r85n4-200-stk","9":"pa_19358_1e7r85n4-300-stk","10":"pa_19358_rbligptq-groen","11":"pa_19358_rbligptq-gul","12":"pa_19358_rbligptq-hvid","13":"pa_19358_rbligptq-roed","14":"pa_19358_rbligptq-sort","15":"desktop-align-left","16":"tablet-align-left","17":"mobile-align-left","19":"first","20":"instock","21":"shipping-taxable","22":"purchasable","23":"product-type-variable"},"_links":{"self":[{"href":"https:\/\/ecostera.com\/dk\/wp-json\/wp\/v2\/product\/22844","targetHints":{"allow":["GET"]}}],"collection":[{"href":"https:\/\/ecostera.com\/dk\/wp-json\/wp\/v2\/product"}],"about":[{"href":"https:\/\/ecostera.com\/dk\/wp-json\/wp\/v2\/types\/product"}],"replies":[{"embeddable":true,"href":"https:\/\/ecostera.com\/dk\/wp-json\/wp\/v2\/comments?post=22844"}],"wp:featuredmedia":[{"embeddable":true,"href":"https:\/\/ecostera.com\/dk\/wp-json\/wp\/v2\/media\/22840"}],"wp:attachment":[{"href":"https:\/\/ecostera.com\/dk\/wp-json\/wp\/v2\/media?parent=22844"}],"wp:term":[{"taxonomy":"product_brand","embeddable":true,"href":"https:\/\/ecostera.com\/dk\/wp-json\/wp\/v2\/product_brand?post=22844"},{"taxonomy":"product_cat","embeddable":true,"href":"https:\/\/ecostera.com\/dk\/wp-json\/wp\/v2\/product_cat?post=22844"},{"taxonomy":"product_tag","embeddable":true,"href":"https:\/\/ecostera.com\/dk\/wp-json\/wp\/v2\/product_tag?post=22844"}],"curies":[{"name":"wp","href":"https:\/\/api.w.org\/{rel}","templated":true}]}}