{"id":2296,"date":"2025-07-11T16:41:15","date_gmt":"2025-07-11T16:41:15","guid":{"rendered":"https:\/\/ecostera.com\/dk\/product\/labubu-big-into-energy-serien\/"},"modified":"2025-09-12T14:42:35","modified_gmt":"2025-09-12T11:42:35","slug":"labubu-big-into-energy-serien","status":"publish","type":"product","link":"https:\/\/ecostera.com\/dk\/product\/labubu-big-into-energy-serien\/","title":{"rendered":"Labubu &#8211; Big into energy-serien"},"content":{"rendered":"<h2 style=\"text-align: center\">Labubu Surprise Box er nu tilg\u00e6ngelig for dig &#8211; med Surprise Box!<\/h2>\n<p style=\"text-align: center\">Hver \u00e6ske indeholder et tilf\u00e6ldigt Labubu-leget\u00f8j fra The Monsters-serien. Du ved ikke, hvilken du f\u00e5r, f\u00f8r du \u00e5bner den! Labubu er blevet popul\u00e6r over hele verden, og nu er den her.<\/p>\n<p><img decoding=\"async\" class=\"alignnone size-full wp-image-22567 aligncenter\" src=\"https:\/\/keluvo.com\/template\/wp-content\/uploads\/sites\/5\/2025\/06\/image_1.webp\" alt=\"\" \/><\/p>\n<h2 style=\"text-align: center\">Hvorfor skal du k\u00f8be en?<\/h2>\n<p>\ud83c\udf81 Overraskelse: f\u00e5 et tilf\u00e6ldigt stykke leget\u00f8j!<\/p>\n<p>\ud83c\udfa8 Lavet af vinyl i h\u00f8j kvalitet, fantastisk til samlingen.<\/p>\n<p>\ud83d\udce6 Perfekt som gave.<\/p>\n<p><img decoding=\"async\" class=\"alignnone size-full wp-image-22566 aligncenter\" src=\"https:\/\/keluvo.com\/template\/wp-content\/uploads\/sites\/5\/2025\/06\/serenity.jpg\" alt=\"\" \/><\/p>\n<h2 style=\"text-align: center\">Skynd dig, der er begr\u00e6nsede m\u00e6ngder til r\u00e5dighed!<\/h2>\n<p><strong>St\u00f8rrelse<\/strong>: ca. 17 cm<\/p>\n<p><strong>Materiale<\/strong>: Polyester, PVC, jerntr\u00e5d<\/p>\n","protected":false},"excerpt":{"rendered":"<p>Labubu Surprise Box er nu tilg\u00e6ngelig for dig &#8211; med Surprise Box! Hver \u00e6ske indeholder et tilf\u00e6ldigt Labubu-leget\u00f8j fra The [&hellip;]<\/p>\n","protected":false},"featured_media":2292,"comment_status":"open","ping_status":"closed","template":"","meta":{"site-sidebar-layout":"default","site-content-layout":"","ast-site-content-layout":"default","site-content-style":"default","site-sidebar-style":"default","ast-global-header-display":"","ast-banner-title-visibility":"","ast-main-header-display":"","ast-hfb-above-header-display":"","ast-hfb-below-header-display":"","ast-hfb-mobile-header-display":"","site-post-title":"","ast-breadcrumbs-content":"","ast-featured-img":"","footer-sml-layout":"","theme-transparent-header-meta":"default","adv-header-id-meta":"","stick-header-meta":"","header-above-stick-meta":"","header-main-stick-meta":"","header-below-stick-meta":"","astra-migrate-meta-layouts":"set","ast-page-background-enabled":"default","ast-page-background-meta":{"desktop":{"background-color":"var(--ast-global-color-5)","background-image":"","background-repeat":"repeat","background-position":"center center","background-size":"auto","background-attachment":"scroll","background-type":"","background-media":"","overlay-type":"","overlay-color":"","overlay-opacity":"","overlay-gradient":""},"tablet":{"background-color":"","background-image":"","background-repeat":"repeat","background-position":"center center","background-size":"auto","background-attachment":"scroll","background-type":"","background-media":"","overlay-type":"","overlay-color":"","overlay-opacity":"","overlay-gradient":""},"mobile":{"background-color":"","background-image":"","background-repeat":"repeat","background-position":"center center","background-size":"auto","background-attachment":"scroll","background-type":"","background-media":"","overlay-type":"","overlay-color":"","overlay-opacity":"","overlay-gradient":""}},"ast-content-background-meta":{"desktop":{"background-color":"var(--ast-global-color-4)","background-image":"","background-repeat":"repeat","background-position":"center center","background-size":"auto","background-attachment":"scroll","background-type":"","background-media":"","overlay-type":"","overlay-color":"","overlay-opacity":"","overlay-gradient":""},"tablet":{"background-color":"var(--ast-global-color-4)","background-image":"","background-repeat":"repeat","background-position":"center center","background-size":"auto","background-attachment":"scroll","background-type":"","background-media":"","overlay-type":"","overlay-color":"","overlay-opacity":"","overlay-gradient":""},"mobile":{"background-color":"var(--ast-global-color-4)","background-image":"","background-repeat":"repeat","background-position":"center center","background-size":"auto","background-attachment":"scroll","background-type":"","background-media":"","overlay-type":"","overlay-color":"","overlay-opacity":"","overlay-gradient":""}}},"product_brand":[],"product_cat":[19],"product_tag":[],"class_list":{"0":"post-2296","1":"product","2":"type-product","3":"status-publish","4":"has-post-thumbnail","6":"product_cat-uncategorized","7":"pa_48165_gbnv43pf-1-stk","8":"pa_48165_gbnv43pf-2-stk","9":"pa_48165_gbnv43pf-3-stk","10":"pa_48165_gbnv43pf-6-stk","11":"desktop-align-left","12":"tablet-align-left","13":"mobile-align-left","15":"first","16":"instock","17":"shipping-taxable","18":"purchasable","19":"product-type-variable"},"_links":{"self":[{"href":"https:\/\/ecostera.com\/dk\/wp-json\/wp\/v2\/product\/2296","targetHints":{"allow":["GET"]}}],"collection":[{"href":"https:\/\/ecostera.com\/dk\/wp-json\/wp\/v2\/product"}],"about":[{"href":"https:\/\/ecostera.com\/dk\/wp-json\/wp\/v2\/types\/product"}],"replies":[{"embeddable":true,"href":"https:\/\/ecostera.com\/dk\/wp-json\/wp\/v2\/comments?post=2296"}],"wp:featuredmedia":[{"embeddable":true,"href":"https:\/\/ecostera.com\/dk\/wp-json\/wp\/v2\/media\/2292"}],"wp:attachment":[{"href":"https:\/\/ecostera.com\/dk\/wp-json\/wp\/v2\/media?parent=2296"}],"wp:term":[{"taxonomy":"product_brand","embeddable":true,"href":"https:\/\/ecostera.com\/dk\/wp-json\/wp\/v2\/product_brand?post=2296"},{"taxonomy":"product_cat","embeddable":true,"href":"https:\/\/ecostera.com\/dk\/wp-json\/wp\/v2\/product_cat?post=2296"},{"taxonomy":"product_tag","embeddable":true,"href":"https:\/\/ecostera.com\/dk\/wp-json\/wp\/v2\/product_tag?post=2296"}],"curies":[{"name":"wp","href":"https:\/\/api.w.org\/{rel}","templated":true}]}}