{"id":23079,"date":"2025-09-21T11:12:23","date_gmt":"2025-09-21T08:12:23","guid":{"rendered":"https:\/\/ecostera.com\/dk\/product\/endoskop-kamera\/"},"modified":"2025-09-21T11:12:48","modified_gmt":"2025-09-21T08:12:48","slug":"endoskop-kamera","status":"publish","type":"product","link":"https:\/\/ecostera.com\/dk\/product\/endoskop-kamera\/","title":{"rendered":"Endoskop-kamera"},"content":{"rendered":"<p style=\"text-align: center\" data-start=\"150\" data-end=\"185\"><strong data-start=\"150\" data-end=\"185\">Se, hvor dine \u00f8jne ikke kan komme \ud83d\udd0d<\/strong><\/p>\n<p style=\"text-align: center\" data-start=\"187\" data-end=\"418\">Dette vandt\u00e6tte endoskopkamera hj\u00e6lper dig med at inspicere sn\u00e6vre, m\u00f8rke eller sv\u00e6rt tilg\u00e6ngelige omr\u00e5der med lethed. Uanset om du arbejder med VVS, bilreparationer eller vedligeholdelse af hjemmet, giver dette fleksible kamera dig et livebillede p\u00e5 din smartphone.<\/p>\n<p data-start=\"187\" data-end=\"418\"><img decoding=\"async\" class=\"size-full wp-image-30378 aligncenter\" src=\"https:\/\/keluvo.com\/template\/wp-content\/uploads\/sites\/5\/2025\/08\/Telecamera_endoscopica_LP_2-ezgif.com-video-to-webp-converter.webp\" alt=\"\" \/><\/p>\n<h2 style=\"text-align: center\" data-start=\"420\" data-end=\"439\">Vigtigste Fordele <strong data-start=\"150\" data-end=\"185\">\ud83d\udd0d<\/strong><\/h2>\n<p data-start=\"442\" data-end=\"492\">\ud83c\udfa5 Live videofeed direkte p\u00e5 din telefonsk\u00e6rm<\/p>\n<p data-start=\"495\" data-end=\"554\">\ud83d\udca7 Vandt\u00e6t design perfekt til r\u00f8r, h\u00e5ndvaske og afl\u00f8b<\/p>\n<p data-start=\"557\" data-end=\"616\">\ud83d\udca1 Justerbart LED-lys for klar synlighed i m\u00f8rke<\/p>\n<p data-start=\"619\" data-end=\"671\">\ud83d\udcf1 Fungerer med Android og iPhone (via WiFi)<\/p>\n<p data-start=\"674\" data-end=\"735\">\ud83e\uddf0 Ideel til automekanikere, g\u00f8r-det-selv-arbejde i hjemmet og inspektionsopgaver<\/p>\n<p data-start=\"674\" data-end=\"735\"><img decoding=\"async\" class=\"size-full wp-image-30379 aligncenter\" src=\"https:\/\/keluvo.com\/template\/wp-content\/uploads\/sites\/5\/2025\/08\/072121-ezgif.com-video-to-webp-converter.webp\" alt=\"\" \/><\/p>\n<h2 style=\"text-align: center\" data-start=\"737\" data-end=\"755\">S\u00e5dan Bruges Det \u2728<\/h2>\n<ol data-start=\"756\" data-end=\"933\">\n<li data-start=\"756\" data-end=\"830\">\n<p data-start=\"759\" data-end=\"830\">Tilslut endoskopet til din telefon (via WiFi).<\/p>\n<\/li>\n<li data-start=\"831\" data-end=\"878\">\n<p data-start=\"834\" data-end=\"878\">Inds\u00e6t kameraet i inspektionsomr\u00e5det.<\/p>\n<\/li>\n<li data-start=\"879\" data-end=\"933\">\n<p data-start=\"882\" data-end=\"933\">Se og optag optagelser i realtid via appen.<\/p>\n<\/li>\n<\/ol>\n<h2 style=\"text-align: center\" data-start=\"935\" data-end=\"959\">Produktdetaljer \ud83d\udccb<\/h2>\n<ul data-start=\"960\" data-end=\"1207\">\n<li data-start=\"960\" data-end=\"1020\">\n<p data-start=\"962\" data-end=\"1020\">Kompatibilitet: Android &amp; iOS<\/p>\n<\/li>\n<li data-start=\"1021\" data-end=\"1070\">\n<p data-start=\"1023\" data-end=\"1070\">Kabell\u00e6ngde: 1m, 2m, 3.5m, 5m og 10m (baseret p\u00e5 valg)<\/p>\n<\/li>\n<li data-start=\"1071\" data-end=\"1118\">\n<p data-start=\"1073\" data-end=\"1118\">Kamera: HD 1920P-objektiv med 6 justerbare LED&#8217;er<\/p>\n<\/li>\n<li data-start=\"1119\" data-end=\"1145\">\n<p data-start=\"1121\" data-end=\"1145\">Vandt\u00e6t niveau: IP67<\/p>\n<\/li>\n<li data-start=\"1146\" data-end=\"1207\">\n<p data-start=\"1148\" data-end=\"1207\">Inkluderede v\u00e6rkt\u00f8jer: Krog, magnet og tilbeh\u00f8r til sidespejl<\/p>\n<\/li>\n<\/ul>\n<h2 style=\"text-align: center\" data-start=\"1209\" data-end=\"1234\">Pakken Indeholder \ud83d\udce6<\/h2>\n<ul data-start=\"1235\" data-end=\"1369\">\n<li data-start=\"1235\" data-end=\"1270\">\n<p data-start=\"1237\" data-end=\"1270\">1x s\u00e6t endoskopkamera.<\/p>\n<\/li>\n<\/ul>\n","protected":false},"excerpt":{"rendered":"<p>Se, hvor dine \u00f8jne ikke kan komme \ud83d\udd0d Dette vandt\u00e6tte endoskopkamera hj\u00e6lper dig med at inspicere sn\u00e6vre, m\u00f8rke eller sv\u00e6rt [&hellip;]<\/p>\n","protected":false},"featured_media":23075,"comment_status":"open","ping_status":"closed","template":"","meta":{"site-sidebar-layout":"default","site-content-layout":"","ast-site-content-layout":"default","site-content-style":"default","site-sidebar-style":"default","ast-global-header-display":"","ast-banner-title-visibility":"","ast-main-header-display":"","ast-hfb-above-header-display":"","ast-hfb-below-header-display":"","ast-hfb-mobile-header-display":"","site-post-title":"","ast-breadcrumbs-content":"","ast-featured-img":"","footer-sml-layout":"","theme-transparent-header-meta":"default","adv-header-id-meta":"","stick-header-meta":"","header-above-stick-meta":"","header-main-stick-meta":"","header-below-stick-meta":"","astra-migrate-meta-layouts":"set","ast-page-background-enabled":"default","ast-page-background-meta":{"desktop":{"background-color":"var(--ast-global-color-5)","background-image":"","background-repeat":"repeat","background-position":"center center","background-size":"auto","background-attachment":"scroll","background-type":"","background-media":"","overlay-type":"","overlay-color":"","overlay-opacity":"","overlay-gradient":""},"tablet":{"background-color":"","background-image":"","background-repeat":"repeat","background-position":"center center","background-size":"auto","background-attachment":"scroll","background-type":"","background-media":"","overlay-type":"","overlay-color":"","overlay-opacity":"","overlay-gradient":""},"mobile":{"background-color":"","background-image":"","background-repeat":"repeat","background-position":"center center","background-size":"auto","background-attachment":"scroll","background-type":"","background-media":"","overlay-type":"","overlay-color":"","overlay-opacity":"","overlay-gradient":""}},"ast-content-background-meta":{"desktop":{"background-color":"var(--ast-global-color-4)","background-image":"","background-repeat":"repeat","background-position":"center center","background-size":"auto","background-attachment":"scroll","background-type":"","background-media":"","overlay-type":"","overlay-color":"","overlay-opacity":"","overlay-gradient":""},"tablet":{"background-color":"var(--ast-global-color-4)","background-image":"","background-repeat":"repeat","background-position":"center center","background-size":"auto","background-attachment":"scroll","background-type":"","background-media":"","overlay-type":"","overlay-color":"","overlay-opacity":"","overlay-gradient":""},"mobile":{"background-color":"var(--ast-global-color-4)","background-image":"","background-repeat":"repeat","background-position":"center center","background-size":"auto","background-attachment":"scroll","background-type":"","background-media":"","overlay-type":"","overlay-color":"","overlay-opacity":"","overlay-gradient":""}}},"product_brand":[],"product_cat":[19],"product_tag":[],"class_list":{"0":"post-23079","1":"product","2":"type-product","3":"status-publish","4":"has-post-thumbnail","6":"product_cat-uncategorized","7":"pa_32363_srb26lak-10m","8":"pa_32363_srb26lak-1m","9":"pa_32363_srb26lak-2m","10":"pa_32363_srb26lak-3-5m","11":"pa_32363_srb26lak-5m","12":"desktop-align-left","13":"tablet-align-left","14":"mobile-align-left","16":"first","17":"instock","18":"shipping-taxable","19":"purchasable","20":"product-type-variable"},"_links":{"self":[{"href":"https:\/\/ecostera.com\/dk\/wp-json\/wp\/v2\/product\/23079","targetHints":{"allow":["GET"]}}],"collection":[{"href":"https:\/\/ecostera.com\/dk\/wp-json\/wp\/v2\/product"}],"about":[{"href":"https:\/\/ecostera.com\/dk\/wp-json\/wp\/v2\/types\/product"}],"replies":[{"embeddable":true,"href":"https:\/\/ecostera.com\/dk\/wp-json\/wp\/v2\/comments?post=23079"}],"wp:featuredmedia":[{"embeddable":true,"href":"https:\/\/ecostera.com\/dk\/wp-json\/wp\/v2\/media\/23075"}],"wp:attachment":[{"href":"https:\/\/ecostera.com\/dk\/wp-json\/wp\/v2\/media?parent=23079"}],"wp:term":[{"taxonomy":"product_brand","embeddable":true,"href":"https:\/\/ecostera.com\/dk\/wp-json\/wp\/v2\/product_brand?post=23079"},{"taxonomy":"product_cat","embeddable":true,"href":"https:\/\/ecostera.com\/dk\/wp-json\/wp\/v2\/product_cat?post=23079"},{"taxonomy":"product_tag","embeddable":true,"href":"https:\/\/ecostera.com\/dk\/wp-json\/wp\/v2\/product_tag?post=23079"}],"curies":[{"name":"wp","href":"https:\/\/api.w.org\/{rel}","templated":true}]}}