{"id":23120,"date":"2025-09-21T11:15:45","date_gmt":"2025-09-21T08:15:45","guid":{"rendered":"https:\/\/ecostera.com\/dk\/product\/toiletpapirholder\/"},"modified":"2025-09-21T11:15:54","modified_gmt":"2025-09-21T08:15:54","slug":"toiletpapirholder","status":"publish","type":"product","link":"https:\/\/ecostera.com\/dk\/product\/toiletpapirholder\/","title":{"rendered":"Toiletpapirholder"},"content":{"rendered":"<p style=\"text-align: center\" data-start=\"114\" data-end=\"163\"><strong data-start=\"114\" data-end=\"163\">Opgrader Dit Badev\u00e6relse Med Moderne Elegance \ud83d\udda4<\/strong><\/p>\n<p style=\"text-align: center\" data-start=\"165\" data-end=\"385\">Denne toiletpapirholder blander minimalistisk design med hverdagens funktionalitet. Den er fremstillet af rustfrit st\u00e5l med en elegant mat sort finish og er mere end bare en toiletpapirholder &#8211; det er en smart, stilfuld opbevaringsl\u00f8sning.<\/p>\n<p data-start=\"165\" data-end=\"385\"><img decoding=\"async\" class=\"size-full wp-image-30415 aligncenter\" src=\"https:\/\/keluvo.com\/template\/wp-content\/uploads\/sites\/5\/2025\/08\/072123-ezgif.com-video-to-webp-converter.webp\" alt=\"\" \/><\/p>\n<h2 style=\"text-align: center\" data-start=\"387\" data-end=\"406\">Vigtigste Fordele \ud83e\uddfb<\/h2>\n<p data-start=\"409\" data-end=\"455\">\ud83d\udee0\ufe0f Hurtig og nem v\u00e6gmontering<\/p>\n<p data-start=\"458\" data-end=\"508\">\ud83e\uddfb Robust holder med en glat, letrullende design<\/p>\n<p data-start=\"511\" data-end=\"567\">\ud83d\udd6f\ufe0f \u00d8verste bakke har plads til stearinlys, b\u00f8ger eller indretningsartikler<\/p>\n<p data-start=\"570\" data-end=\"626\">\ud83d\udcaa Rustfri og vandafvisende til langvarig brug<\/p>\n<p data-start=\"629\" data-end=\"681\">\ud83d\udda4 Elegant look, der passer til ethvert moderne badev\u00e6relse<\/p>\n<p data-start=\"629\" data-end=\"681\"><img decoding=\"async\" class=\"size-full wp-image-30416 aligncenter\" src=\"https:\/\/keluvo.com\/template\/wp-content\/uploads\/sites\/5\/2025\/08\/5_a81507fd-01ca-4f2e-9858-b6be0c96fbcf.webp\" alt=\"\" \/><\/p>\n<h2 style=\"text-align: center\" data-start=\"683\" data-end=\"701\">S\u00e5dan Bruges Den \u2728<\/h2>\n<ol data-start=\"702\" data-end=\"871\">\n<li data-start=\"702\" data-end=\"760\">\n<p data-start=\"705\" data-end=\"760\">Brug det medf\u00f8lgende monteringss\u00e6t til at installere p\u00e5 din v\u00e6g.<\/p>\n<\/li>\n<li data-start=\"761\" data-end=\"811\">\n<p data-start=\"764\" data-end=\"811\">Brug den \u00f8verste bakke til at opbevare sm\u00e5 badev\u00e6relsesgenstande eller dekoration<\/p>\n<\/li>\n<li data-start=\"812\" data-end=\"871\">\n<p data-start=\"815\" data-end=\"871\">Use the top tray to hold small bathroom items or decor.<\/p>\n<\/li>\n<\/ol>\n<h2 style=\"text-align: center\" data-start=\"873\" data-end=\"897\">Produktdetaljer \ud83d\udccb<\/h2>\n<ul data-start=\"898\" data-end=\"1075\">\n<li data-start=\"898\" data-end=\"940\">\n<p data-start=\"900\" data-end=\"940\">Materiale: Rustfrit st\u00e5l af h\u00f8j kvalitet<\/p>\n<\/li>\n<li data-start=\"941\" data-end=\"964\">\n<p data-start=\"943\" data-end=\"964\">Farve: Mat sort og s\u00f8lv<\/p>\n<\/li>\n<li data-start=\"965\" data-end=\"999\">\n<p data-start=\"967\" data-end=\"999\">Dimensioner: 20,5 \u00d7 15,5 \u00d7 6,5 cm<\/p>\n<\/li>\n<li data-start=\"1000\" data-end=\"1027\">\n<p data-start=\"1002\" data-end=\"1027\">Placering: V\u00e6gmonteret<\/p>\n<\/li>\n<li data-start=\"1028\" data-end=\"1075\">\n<p data-start=\"1030\" data-end=\"1075\">Ideal til: Badev\u00e6relser, toiletrum, lejem\u00e5l<\/p>\n<\/li>\n<\/ul>\n<h2 style=\"text-align: center\" data-start=\"1077\" data-end=\"1102\">Pakken Indeholder \ud83d\udce6<\/h2>\n<ul data-start=\"1103\" data-end=\"1146\">\n<li data-start=\"1103\" data-end=\"1126\">\n<p data-start=\"1105\" data-end=\"1126\">1x toiletpapirholder<\/p>\n<\/li>\n<li data-start=\"1127\" data-end=\"1146\">\n<p data-start=\"1129\" data-end=\"1146\">1x monteringss\u00e6t.<\/p>\n<\/li>\n<\/ul>\n","protected":false},"excerpt":{"rendered":"<p>Opgrader Dit Badev\u00e6relse Med Moderne Elegance \ud83d\udda4 Denne toiletpapirholder blander minimalistisk design med hverdagens funktionalitet. Den er fremstillet af rustfrit [&hellip;]<\/p>\n","protected":false},"featured_media":23116,"comment_status":"open","ping_status":"closed","template":"","meta":{"site-sidebar-layout":"default","site-content-layout":"","ast-site-content-layout":"default","site-content-style":"default","site-sidebar-style":"default","ast-global-header-display":"","ast-banner-title-visibility":"","ast-main-header-display":"","ast-hfb-above-header-display":"","ast-hfb-below-header-display":"","ast-hfb-mobile-header-display":"","site-post-title":"","ast-breadcrumbs-content":"","ast-featured-img":"","footer-sml-layout":"","theme-transparent-header-meta":"default","adv-header-id-meta":"","stick-header-meta":"","header-above-stick-meta":"","header-main-stick-meta":"","header-below-stick-meta":"","astra-migrate-meta-layouts":"set","ast-page-background-enabled":"default","ast-page-background-meta":{"desktop":{"background-color":"var(--ast-global-color-5)","background-image":"","background-repeat":"repeat","background-position":"center center","background-size":"auto","background-attachment":"scroll","background-type":"","background-media":"","overlay-type":"","overlay-color":"","overlay-opacity":"","overlay-gradient":""},"tablet":{"background-color":"","background-image":"","background-repeat":"repeat","background-position":"center center","background-size":"auto","background-attachment":"scroll","background-type":"","background-media":"","overlay-type":"","overlay-color":"","overlay-opacity":"","overlay-gradient":""},"mobile":{"background-color":"","background-image":"","background-repeat":"repeat","background-position":"center center","background-size":"auto","background-attachment":"scroll","background-type":"","background-media":"","overlay-type":"","overlay-color":"","overlay-opacity":"","overlay-gradient":""}},"ast-content-background-meta":{"desktop":{"background-color":"var(--ast-global-color-4)","background-image":"","background-repeat":"repeat","background-position":"center center","background-size":"auto","background-attachment":"scroll","background-type":"","background-media":"","overlay-type":"","overlay-color":"","overlay-opacity":"","overlay-gradient":""},"tablet":{"background-color":"var(--ast-global-color-4)","background-image":"","background-repeat":"repeat","background-position":"center center","background-size":"auto","background-attachment":"scroll","background-type":"","background-media":"","overlay-type":"","overlay-color":"","overlay-opacity":"","overlay-gradient":""},"mobile":{"background-color":"var(--ast-global-color-4)","background-image":"","background-repeat":"repeat","background-position":"center center","background-size":"auto","background-attachment":"scroll","background-type":"","background-media":"","overlay-type":"","overlay-color":"","overlay-opacity":"","overlay-gradient":""}}},"product_brand":[],"product_cat":[19],"product_tag":[],"class_list":{"0":"post-23120","1":"product","2":"type-product","3":"status-publish","4":"has-post-thumbnail","6":"product_cat-uncategorized","7":"pa_34214_s4bttyrb-soelv","8":"pa_34214_s4bttyrb-sort","9":"desktop-align-left","10":"tablet-align-left","11":"mobile-align-left","13":"first","14":"instock","15":"shipping-taxable","16":"purchasable","17":"product-type-variable"},"_links":{"self":[{"href":"https:\/\/ecostera.com\/dk\/wp-json\/wp\/v2\/product\/23120","targetHints":{"allow":["GET"]}}],"collection":[{"href":"https:\/\/ecostera.com\/dk\/wp-json\/wp\/v2\/product"}],"about":[{"href":"https:\/\/ecostera.com\/dk\/wp-json\/wp\/v2\/types\/product"}],"replies":[{"embeddable":true,"href":"https:\/\/ecostera.com\/dk\/wp-json\/wp\/v2\/comments?post=23120"}],"wp:featuredmedia":[{"embeddable":true,"href":"https:\/\/ecostera.com\/dk\/wp-json\/wp\/v2\/media\/23116"}],"wp:attachment":[{"href":"https:\/\/ecostera.com\/dk\/wp-json\/wp\/v2\/media?parent=23120"}],"wp:term":[{"taxonomy":"product_brand","embeddable":true,"href":"https:\/\/ecostera.com\/dk\/wp-json\/wp\/v2\/product_brand?post=23120"},{"taxonomy":"product_cat","embeddable":true,"href":"https:\/\/ecostera.com\/dk\/wp-json\/wp\/v2\/product_cat?post=23120"},{"taxonomy":"product_tag","embeddable":true,"href":"https:\/\/ecostera.com\/dk\/wp-json\/wp\/v2\/product_tag?post=23120"}],"curies":[{"name":"wp","href":"https:\/\/api.w.org\/{rel}","templated":true}]}}