{"id":2315,"date":"2025-07-15T12:57:16","date_gmt":"2025-07-15T12:57:16","guid":{"rendered":"https:\/\/ecostera.com\/dk\/product\/bluetooth-modtager\/"},"modified":"2025-07-15T12:57:16","modified_gmt":"2025-07-15T12:57:16","slug":"bluetooth-modtager","status":"publish","type":"product","link":"https:\/\/ecostera.com\/dk\/product\/bluetooth-modtager\/","title":{"rendered":"Bluetooth-modtager"},"content":{"rendered":"<h2 style=\"text-align: center\" data-start=\"0\" data-end=\"29\">Tr\u00e5dl\u00f8s musik overalt<\/h2>\n<p class=\"\" style=\"text-align: center\" data-start=\"30\" data-end=\"307\">Med Bluetooth-modtageren kan du streame musik tr\u00e5dl\u00f8st til ikke-Bluetooth-h\u00f8jttalere, billydsystemer og stereoanl\u00e6g i hjemmet. Du skal blot tilslutte via 3,5 mm AUX- eller RCA-portene og nyde lyd i h\u00f8j kvalitet uden kabler. Den fungerer med smartphones, tablets og andre Bluetooth-enheder.<\/p>\n<p data-start=\"30\" data-end=\"307\"><img decoding=\"async\" class=\"alignnone size-medium wp-image-13379 aligncenter\" src=\"https:\/\/keluvo.com\/template\/wp-content\/uploads\/sites\/5\/2025\/04\/Scf1487498e5e4489bd34b6071d57ffbeL.jpg_960x960q75.jpg_.jpeg\" alt=\"\" \/><\/p>\n<h2 style=\"text-align: center\" data-start=\"309\" data-end=\"337\">Dobbelt enhedstilslutning<\/h2>\n<p class=\"\" style=\"text-align: center\" data-start=\"338\" data-end=\"557\">Med denne Bluetooth-modtager kan du tilslutte to enheder p\u00e5 samme tid. Skift nemt mellem din telefon og tablet for at afspille musik, tage imod opkald eller lytte til lyd uden at skulle tilslutte igen. Perfekt til brug i hjemmet og i bilen.<\/p>\n<p style=\"text-align: center\" data-start=\"338\" data-end=\"557\"><img decoding=\"async\" class=\"alignnone size-medium wp-image-13375\" src=\"https:\/\/keluvo.com\/template\/wp-content\/uploads\/sites\/5\/2025\/04\/S4c9d4c127a104c26810854d8cf4b3b71B.jpg_960x960q75.jpg_.jpeg\" alt=\"\" \/><\/p>\n","protected":false},"excerpt":{"rendered":"<p>Tr\u00e5dl\u00f8s musik overalt Med Bluetooth-modtageren kan du streame musik tr\u00e5dl\u00f8st til ikke-Bluetooth-h\u00f8jttalere, billydsystemer og stereoanl\u00e6g i hjemmet. Du skal blot [&hellip;]<\/p>\n","protected":false},"featured_media":2311,"comment_status":"open","ping_status":"closed","template":"","meta":{"site-sidebar-layout":"default","site-content-layout":"","ast-site-content-layout":"default","site-content-style":"default","site-sidebar-style":"default","ast-global-header-display":"","ast-banner-title-visibility":"","ast-main-header-display":"","ast-hfb-above-header-display":"","ast-hfb-below-header-display":"","ast-hfb-mobile-header-display":"","site-post-title":"","ast-breadcrumbs-content":"","ast-featured-img":"","footer-sml-layout":"","theme-transparent-header-meta":"default","adv-header-id-meta":"","stick-header-meta":"","header-above-stick-meta":"","header-main-stick-meta":"","header-below-stick-meta":"","astra-migrate-meta-layouts":"set","ast-page-background-enabled":"default","ast-page-background-meta":{"desktop":{"background-color":"var(--ast-global-color-5)","background-image":"","background-repeat":"repeat","background-position":"center center","background-size":"auto","background-attachment":"scroll","background-type":"","background-media":"","overlay-type":"","overlay-color":"","overlay-opacity":"","overlay-gradient":""},"tablet":{"background-color":"","background-image":"","background-repeat":"repeat","background-position":"center center","background-size":"auto","background-attachment":"scroll","background-type":"","background-media":"","overlay-type":"","overlay-color":"","overlay-opacity":"","overlay-gradient":""},"mobile":{"background-color":"","background-image":"","background-repeat":"repeat","background-position":"center center","background-size":"auto","background-attachment":"scroll","background-type":"","background-media":"","overlay-type":"","overlay-color":"","overlay-opacity":"","overlay-gradient":""}},"ast-content-background-meta":{"desktop":{"background-color":"var(--ast-global-color-4)","background-image":"","background-repeat":"repeat","background-position":"center center","background-size":"auto","background-attachment":"scroll","background-type":"","background-media":"","overlay-type":"","overlay-color":"","overlay-opacity":"","overlay-gradient":""},"tablet":{"background-color":"var(--ast-global-color-4)","background-image":"","background-repeat":"repeat","background-position":"center center","background-size":"auto","background-attachment":"scroll","background-type":"","background-media":"","overlay-type":"","overlay-color":"","overlay-opacity":"","overlay-gradient":""},"mobile":{"background-color":"var(--ast-global-color-4)","background-image":"","background-repeat":"repeat","background-position":"center center","background-size":"auto","background-attachment":"scroll","background-type":"","background-media":"","overlay-type":"","overlay-color":"","overlay-opacity":"","overlay-gradient":""}}},"product_brand":[],"product_cat":[19],"product_tag":[],"class_list":{"0":"post-2315","1":"product","2":"type-product","3":"status-publish","4":"has-post-thumbnail","6":"product_cat-uncategorized","7":"desktop-align-left","8":"tablet-align-left","9":"mobile-align-left","11":"first","12":"instock","13":"shipping-taxable","14":"purchasable","15":"product-type-simple"},"_links":{"self":[{"href":"https:\/\/ecostera.com\/dk\/wp-json\/wp\/v2\/product\/2315","targetHints":{"allow":["GET"]}}],"collection":[{"href":"https:\/\/ecostera.com\/dk\/wp-json\/wp\/v2\/product"}],"about":[{"href":"https:\/\/ecostera.com\/dk\/wp-json\/wp\/v2\/types\/product"}],"replies":[{"embeddable":true,"href":"https:\/\/ecostera.com\/dk\/wp-json\/wp\/v2\/comments?post=2315"}],"wp:featuredmedia":[{"embeddable":true,"href":"https:\/\/ecostera.com\/dk\/wp-json\/wp\/v2\/media\/2311"}],"wp:attachment":[{"href":"https:\/\/ecostera.com\/dk\/wp-json\/wp\/v2\/media?parent=2315"}],"wp:term":[{"taxonomy":"product_brand","embeddable":true,"href":"https:\/\/ecostera.com\/dk\/wp-json\/wp\/v2\/product_brand?post=2315"},{"taxonomy":"product_cat","embeddable":true,"href":"https:\/\/ecostera.com\/dk\/wp-json\/wp\/v2\/product_cat?post=2315"},{"taxonomy":"product_tag","embeddable":true,"href":"https:\/\/ecostera.com\/dk\/wp-json\/wp\/v2\/product_tag?post=2315"}],"curies":[{"name":"wp","href":"https:\/\/api.w.org\/{rel}","templated":true}]}}