{"id":2320,"date":"2025-07-15T12:59:36","date_gmt":"2025-07-15T12:59:36","guid":{"rendered":"https:\/\/ecostera.com\/dk\/product\/solsikkerhedsalarm\/"},"modified":"2025-07-15T12:59:36","modified_gmt":"2025-07-15T12:59:36","slug":"solsikkerhedsalarm","status":"publish","type":"product","link":"https:\/\/ecostera.com\/dk\/product\/solsikkerhedsalarm\/","title":{"rendered":"Solsikkerhedsalarm"},"content":{"rendered":"<h2 style=\"text-align: center\" data-start=\"0\" data-end=\"30\">H\u00f8j og effektiv alarm<\/h2>\n<p class=\"\" style=\"text-align: center\" data-start=\"31\" data-end=\"217\">Solcellealarmen udsender en kraftig lyd p\u00e5 129 decibel, inklusive skud- og hundeg\u00f8-lyde. Det er med til at skr\u00e6mme ubudne g\u00e6ster og u\u00f8nskede dyr v\u00e6k og holde din ejendom sikker.<\/p>\n<p data-start=\"31\" data-end=\"217\"><img decoding=\"async\" class=\"alignnone size-medium wp-image-13282 aligncenter\" src=\"https:\/\/keluvo.com\/template\/wp-content\/uploads\/sites\/5\/2025\/04\/891801e5-e249-4cb1-8518-e784cf1f8b14.webp\" alt=\"\" \/><\/p>\n<h2 style=\"text-align: center\" data-start=\"219\" data-end=\"255\">Solcelledrevet og vejrbestandig<\/h2>\n<p class=\"\" style=\"text-align: center\" data-start=\"256\" data-end=\"439\">Med et h\u00f8jeffektivt solcellepanel oplades solcellesikkerhedsalarmen i l\u00f8bet af dagen, selv i overskyet vejr. Dens vandt\u00e6tte IP65-design sikrer p\u00e5lidelig drift under alle forhold.<\/p>\n<p data-start=\"256\" data-end=\"439\"><img decoding=\"async\" class=\"alignnone size-medium wp-image-13284 aligncenter\" src=\"https:\/\/keluvo.com\/template\/wp-content\/uploads\/sites\/5\/2025\/04\/S4acc594856dc4d268d32c109d6e2d618W.jpg_960x960q75.jpg_.jpeg\" alt=\"\" \/><\/p>\n","protected":false},"excerpt":{"rendered":"<p>H\u00f8j og effektiv alarm Solcellealarmen udsender en kraftig lyd p\u00e5 129 decibel, inklusive skud- og hundeg\u00f8-lyde. Det er med til [&hellip;]<\/p>\n","protected":false},"featured_media":2316,"comment_status":"open","ping_status":"closed","template":"","meta":{"site-sidebar-layout":"default","site-content-layout":"","ast-site-content-layout":"default","site-content-style":"default","site-sidebar-style":"default","ast-global-header-display":"","ast-banner-title-visibility":"","ast-main-header-display":"","ast-hfb-above-header-display":"","ast-hfb-below-header-display":"","ast-hfb-mobile-header-display":"","site-post-title":"","ast-breadcrumbs-content":"","ast-featured-img":"","footer-sml-layout":"","theme-transparent-header-meta":"default","adv-header-id-meta":"","stick-header-meta":"","header-above-stick-meta":"","header-main-stick-meta":"","header-below-stick-meta":"","astra-migrate-meta-layouts":"set","ast-page-background-enabled":"default","ast-page-background-meta":{"desktop":{"background-color":"var(--ast-global-color-5)","background-image":"","background-repeat":"repeat","background-position":"center center","background-size":"auto","background-attachment":"scroll","background-type":"","background-media":"","overlay-type":"","overlay-color":"","overlay-opacity":"","overlay-gradient":""},"tablet":{"background-color":"","background-image":"","background-repeat":"repeat","background-position":"center center","background-size":"auto","background-attachment":"scroll","background-type":"","background-media":"","overlay-type":"","overlay-color":"","overlay-opacity":"","overlay-gradient":""},"mobile":{"background-color":"","background-image":"","background-repeat":"repeat","background-position":"center center","background-size":"auto","background-attachment":"scroll","background-type":"","background-media":"","overlay-type":"","overlay-color":"","overlay-opacity":"","overlay-gradient":""}},"ast-content-background-meta":{"desktop":{"background-color":"var(--ast-global-color-4)","background-image":"","background-repeat":"repeat","background-position":"center center","background-size":"auto","background-attachment":"scroll","background-type":"","background-media":"","overlay-type":"","overlay-color":"","overlay-opacity":"","overlay-gradient":""},"tablet":{"background-color":"var(--ast-global-color-4)","background-image":"","background-repeat":"repeat","background-position":"center center","background-size":"auto","background-attachment":"scroll","background-type":"","background-media":"","overlay-type":"","overlay-color":"","overlay-opacity":"","overlay-gradient":""},"mobile":{"background-color":"var(--ast-global-color-4)","background-image":"","background-repeat":"repeat","background-position":"center center","background-size":"auto","background-attachment":"scroll","background-type":"","background-media":"","overlay-type":"","overlay-color":"","overlay-opacity":"","overlay-gradient":""}}},"product_brand":[],"product_cat":[19],"product_tag":[],"class_list":{"0":"post-2320","1":"product","2":"type-product","3":"status-publish","4":"has-post-thumbnail","6":"product_cat-uncategorized","7":"desktop-align-left","8":"tablet-align-left","9":"mobile-align-left","11":"first","12":"instock","13":"shipping-taxable","14":"purchasable","15":"product-type-simple"},"_links":{"self":[{"href":"https:\/\/ecostera.com\/dk\/wp-json\/wp\/v2\/product\/2320","targetHints":{"allow":["GET"]}}],"collection":[{"href":"https:\/\/ecostera.com\/dk\/wp-json\/wp\/v2\/product"}],"about":[{"href":"https:\/\/ecostera.com\/dk\/wp-json\/wp\/v2\/types\/product"}],"replies":[{"embeddable":true,"href":"https:\/\/ecostera.com\/dk\/wp-json\/wp\/v2\/comments?post=2320"}],"wp:featuredmedia":[{"embeddable":true,"href":"https:\/\/ecostera.com\/dk\/wp-json\/wp\/v2\/media\/2316"}],"wp:attachment":[{"href":"https:\/\/ecostera.com\/dk\/wp-json\/wp\/v2\/media?parent=2320"}],"wp:term":[{"taxonomy":"product_brand","embeddable":true,"href":"https:\/\/ecostera.com\/dk\/wp-json\/wp\/v2\/product_brand?post=2320"},{"taxonomy":"product_cat","embeddable":true,"href":"https:\/\/ecostera.com\/dk\/wp-json\/wp\/v2\/product_cat?post=2320"},{"taxonomy":"product_tag","embeddable":true,"href":"https:\/\/ecostera.com\/dk\/wp-json\/wp\/v2\/product_tag?post=2320"}],"curies":[{"name":"wp","href":"https:\/\/api.w.org\/{rel}","templated":true}]}}