{"id":23221,"date":"2025-09-21T11:24:23","date_gmt":"2025-09-21T08:24:23","guid":{"rendered":"https:\/\/ecostera.com\/dk\/product\/hundesele-2\/"},"modified":"2025-09-21T11:28:01","modified_gmt":"2025-09-21T08:28:01","slug":"hundesele-2","status":"publish","type":"product","link":"https:\/\/ecostera.com\/dk\/product\/hundesele-2\/","title":{"rendered":"Hundesele"},"content":{"rendered":"<p style=\"text-align: center\" data-start=\"110\" data-end=\"151\"><strong>G\u00e5ture Er Lige Blevet Sikrere Og S\u00f8dere \ud83d\udc3e\ud83d\udc9b<\/strong><\/p>\n<p style=\"text-align: center\" data-start=\"152\" data-end=\"297\">Denne yndige hundesele holder din hund sikker, komfortabel og stilfuld under hver g\u00e5tur. Ikke mere tr\u00e6k, kv\u00e6lning eller ubehagelige stropper! Designet til daglig brug &#8211; perfekt til g\u00e5ture, vandreture eller hurtige pottepauser.<\/p>\n<p data-start=\"152\" data-end=\"297\"><img decoding=\"async\" class=\"size-full wp-image-30540 aligncenter\" src=\"https:\/\/keluvo.com\/template\/wp-content\/uploads\/sites\/5\/2025\/08\/S4d271bc78fbe4a2fab38942b2078a2979.jpg_960x960q75.jpg_.png\" alt=\"\" \/><\/p>\n<h2 style=\"text-align: center\" data-start=\"379\" data-end=\"401\">\ud83d\udca5 Main Benefits<\/h2>\n<p data-start=\"404\" data-end=\"462\">\ud83d\udc15\u200d\ud83e\uddba No-pull design reducerer trykket p\u00e5 din hunds hals<\/p>\n<p data-start=\"465\" data-end=\"512\">\ud83c\udf6c S\u00f8dt gummim\u00f8nster giver et sjovt, legesygt look<\/p>\n<p data-start=\"515\" data-end=\"565\">\u2728 Bl\u00f8dt, \u00e5ndbart materiale holder din hund comfy<\/p>\n<p data-start=\"568\" data-end=\"620\">\ud83d\udd90\ufe0f Nem at tage af og p\u00e5 med sikker buckle<\/p>\n<p data-start=\"623\" data-end=\"662\">\ud83d\udeb6\u200d\u2642\ufe0f Perfekt til sm\u00e5 og store hunde<\/p>\n<p data-start=\"623\" data-end=\"662\"><img decoding=\"async\" class=\"size-full wp-image-30544 aligncenter\" src=\"https:\/\/keluvo.com\/template\/wp-content\/uploads\/sites\/5\/2025\/08\/FunnyFuzyy_gummy1_6bbcf8e0-21dc-4112-a32c-e0592c73e781.webp\" alt=\"\" \/><\/p>\n<h2 style=\"text-align: center\" data-start=\"669\" data-end=\"688\">\ud83e\uddfc S\u00e5dan Bruges<\/h2>\n<ol data-start=\"689\" data-end=\"868\">\n<li data-start=\"689\" data-end=\"733\">\n<p data-start=\"692\" data-end=\"733\">Skub selen over din hunds hoved.<\/p>\n<\/li>\n<li data-start=\"734\" data-end=\"787\">\n<p data-start=\"737\" data-end=\"787\">Juster stropperne, s\u00e5 de sidder t\u00e6t, men behageligt.<\/p>\n<\/li>\n<li data-start=\"788\" data-end=\"831\">\n<p data-start=\"791\" data-end=\"831\">Fastg\u00f8r sp\u00e6ndet og s\u00e6t din snor fast.<\/p>\n<\/li>\n<li data-start=\"832\" data-end=\"868\">\n<p data-start=\"835\" data-end=\"868\">Nyd en j\u00e6vn og sikker g\u00e5tur!<\/p>\n<\/li>\n<\/ol>\n<h2 style=\"text-align: center\" data-start=\"875\" data-end=\"899\">\ud83d\udccf Produktdetaljer<\/h2>\n<ul data-start=\"900\" data-end=\"1080\">\n<li data-start=\"900\" data-end=\"949\">\n<p data-start=\"902\" data-end=\"949\">Materiale: Bl\u00f8d polyester med \u00e5ndbart mesh<\/p>\n<\/li>\n<li data-start=\"950\" data-end=\"989\">\n<p data-start=\"952\" data-end=\"989\">Justerbare stropper for en perfekt pasform<\/p>\n<\/li>\n<li data-start=\"990\" data-end=\"1040\">\n<p data-start=\"992\" data-end=\"1040\">F\u00e5s i flere st\u00f8rrelser (XS, S, M, L)<\/p>\n<\/li>\n<li data-start=\"1041\" data-end=\"1080\">\n<p data-start=\"1043\" data-end=\"1080\">Ideel til daglig brug og aktive hunde<\/p>\n<\/li>\n<\/ul>\n<h2 style=\"text-align: center\" data-start=\"1087\" data-end=\"1112\">\ud83d\udce6 Pakken Indeholder<\/h2>\n<ul data-start=\"1113\" data-end=\"1143\">\n<li data-start=\"1113\" data-end=\"1143\">\n<p data-start=\"1115\" data-end=\"1143\">1x hundesele.<\/p>\n<\/li>\n<\/ul>\n","protected":false},"excerpt":{"rendered":"<p>G\u00e5ture Er Lige Blevet Sikrere Og S\u00f8dere \ud83d\udc3e\ud83d\udc9b Denne yndige hundesele holder din hund sikker, komfortabel og stilfuld under hver [&hellip;]<\/p>\n","protected":false},"featured_media":23217,"comment_status":"open","ping_status":"closed","template":"","meta":{"site-sidebar-layout":"default","site-content-layout":"","ast-site-content-layout":"default","site-content-style":"default","site-sidebar-style":"default","ast-global-header-display":"","ast-banner-title-visibility":"","ast-main-header-display":"","ast-hfb-above-header-display":"","ast-hfb-below-header-display":"","ast-hfb-mobile-header-display":"","site-post-title":"","ast-breadcrumbs-content":"","ast-featured-img":"","footer-sml-layout":"","theme-transparent-header-meta":"default","adv-header-id-meta":"","stick-header-meta":"","header-above-stick-meta":"","header-main-stick-meta":"","header-below-stick-meta":"","astra-migrate-meta-layouts":"set","ast-page-background-enabled":"default","ast-page-background-meta":{"desktop":{"background-color":"var(--ast-global-color-5)","background-image":"","background-repeat":"repeat","background-position":"center center","background-size":"auto","background-attachment":"scroll","background-type":"","background-media":"","overlay-type":"","overlay-color":"","overlay-opacity":"","overlay-gradient":""},"tablet":{"background-color":"","background-image":"","background-repeat":"repeat","background-position":"center center","background-size":"auto","background-attachment":"scroll","background-type":"","background-media":"","overlay-type":"","overlay-color":"","overlay-opacity":"","overlay-gradient":""},"mobile":{"background-color":"","background-image":"","background-repeat":"repeat","background-position":"center center","background-size":"auto","background-attachment":"scroll","background-type":"","background-media":"","overlay-type":"","overlay-color":"","overlay-opacity":"","overlay-gradient":""}},"ast-content-background-meta":{"desktop":{"background-color":"var(--ast-global-color-4)","background-image":"","background-repeat":"repeat","background-position":"center center","background-size":"auto","background-attachment":"scroll","background-type":"","background-media":"","overlay-type":"","overlay-color":"","overlay-opacity":"","overlay-gradient":""},"tablet":{"background-color":"var(--ast-global-color-4)","background-image":"","background-repeat":"repeat","background-position":"center center","background-size":"auto","background-attachment":"scroll","background-type":"","background-media":"","overlay-type":"","overlay-color":"","overlay-opacity":"","overlay-gradient":""},"mobile":{"background-color":"var(--ast-global-color-4)","background-image":"","background-repeat":"repeat","background-position":"center center","background-size":"auto","background-attachment":"scroll","background-type":"","background-media":"","overlay-type":"","overlay-color":"","overlay-opacity":"","overlay-gradient":""}}},"product_brand":[],"product_cat":[19],"product_tag":[],"class_list":{"0":"post-23221","1":"product","2":"type-product","3":"status-publish","4":"has-post-thumbnail","6":"product_cat-uncategorized","7":"pa_34683_hyofm2jn-l","8":"pa_34683_hyofm2jn-m","9":"pa_34683_hyofm2jn-s","10":"pa_34683_hyofm2jn-xs","11":"pa_34683_kl15ea56-beige","12":"pa_34683_kl15ea56-blaa","13":"pa_34683_kl15ea56-brun","14":"pa_34683_kl15ea56-groen","15":"pa_34683_kl15ea56-gul","16":"pa_34683_kl15ea56-lilla","17":"pa_34683_kl15ea56-lyseroed","18":"pa_34683_kl15ea56-moerkeblaa","19":"pa_34683_kl15ea56-roed","20":"pa_34683_kl15ea56-sort","21":"desktop-align-left","22":"tablet-align-left","23":"mobile-align-left","25":"first","26":"instock","27":"shipping-taxable","28":"purchasable","29":"product-type-variable","30":"has-default-attributes"},"_links":{"self":[{"href":"https:\/\/ecostera.com\/dk\/wp-json\/wp\/v2\/product\/23221","targetHints":{"allow":["GET"]}}],"collection":[{"href":"https:\/\/ecostera.com\/dk\/wp-json\/wp\/v2\/product"}],"about":[{"href":"https:\/\/ecostera.com\/dk\/wp-json\/wp\/v2\/types\/product"}],"replies":[{"embeddable":true,"href":"https:\/\/ecostera.com\/dk\/wp-json\/wp\/v2\/comments?post=23221"}],"wp:featuredmedia":[{"embeddable":true,"href":"https:\/\/ecostera.com\/dk\/wp-json\/wp\/v2\/media\/23217"}],"wp:attachment":[{"href":"https:\/\/ecostera.com\/dk\/wp-json\/wp\/v2\/media?parent=23221"}],"wp:term":[{"taxonomy":"product_brand","embeddable":true,"href":"https:\/\/ecostera.com\/dk\/wp-json\/wp\/v2\/product_brand?post=23221"},{"taxonomy":"product_cat","embeddable":true,"href":"https:\/\/ecostera.com\/dk\/wp-json\/wp\/v2\/product_cat?post=23221"},{"taxonomy":"product_tag","embeddable":true,"href":"https:\/\/ecostera.com\/dk\/wp-json\/wp\/v2\/product_tag?post=23221"}],"curies":[{"name":"wp","href":"https:\/\/api.w.org\/{rel}","templated":true}]}}