{"id":2325,"date":"2025-07-15T13:00:02","date_gmt":"2025-07-15T13:00:02","guid":{"rendered":"https:\/\/ecostera.com\/dk\/product\/selvklaebende-spejl\/"},"modified":"2025-09-12T14:54:33","modified_gmt":"2025-09-12T11:54:33","slug":"selvklaebende-spejl","status":"publish","type":"product","link":"https:\/\/ecostera.com\/dk\/product\/selvklaebende-spejl\/","title":{"rendered":"Selvkl\u00e6bende spejl"},"content":{"rendered":"<h2 style=\"text-align: center\" data-start=\"0\" data-end=\"30\">Let at s\u00e6tte p\u00e5 og fjerne<\/h2>\n<p class=\"\" style=\"text-align: center\" data-start=\"31\" data-end=\"200\">Det selvkl\u00e6bende spejl kl\u00e6ber til v\u00e6ggen uden brug af v\u00e6rkt\u00f8j eller ekstra lim. Det kan fjernes uden at efterlade m\u00e6rker, hvilket g\u00f8r det perfekt til midlertidig eller langvarig dekoration.<\/p>\n<p data-start=\"31\" data-end=\"200\"><img decoding=\"async\" class=\"alignnone size-medium wp-image-13307 aligncenter\" src=\"https:\/\/keluvo.com\/template\/wp-content\/uploads\/sites\/5\/2025\/04\/S6176035f8e7444c69903097985a773eag.jpg_960x960q75.jpg_.jpeg\" alt=\"\" \/><\/p>\n<h2 style=\"text-align: center\" data-start=\"202\" data-end=\"231\">Let og Holdbart<\/h2>\n<p class=\"\" style=\"text-align: center\" data-start=\"232\" data-end=\"389\">Det selvkl\u00e6bende spejl er fremstillet af st\u00e6rk akryl og er meget lettere end glas, men stadig robust. Det er sikkert at bruge i alle rum uden risiko for, at det g\u00e5r i stykker.<\/p>\n<p style=\"text-align: center\" data-start=\"232\" data-end=\"389\"><img decoding=\"async\" class=\"alignnone size-medium wp-image-13306\" src=\"https:\/\/keluvo.com\/template\/wp-content\/uploads\/sites\/5\/2025\/04\/S962705dee31a493aa0ae12d733c0e1c1R.jpg_960x960q75.jpg_.jpeg\" alt=\"\" \/><\/p>\n","protected":false},"excerpt":{"rendered":"<p>Let at s\u00e6tte p\u00e5 og fjerne Det selvkl\u00e6bende spejl kl\u00e6ber til v\u00e6ggen uden brug af v\u00e6rkt\u00f8j eller ekstra lim. Det [&hellip;]<\/p>\n","protected":false},"featured_media":2321,"comment_status":"open","ping_status":"closed","template":"","meta":{"site-sidebar-layout":"default","site-content-layout":"","ast-site-content-layout":"default","site-content-style":"default","site-sidebar-style":"default","ast-global-header-display":"","ast-banner-title-visibility":"","ast-main-header-display":"","ast-hfb-above-header-display":"","ast-hfb-below-header-display":"","ast-hfb-mobile-header-display":"","site-post-title":"","ast-breadcrumbs-content":"","ast-featured-img":"","footer-sml-layout":"","theme-transparent-header-meta":"default","adv-header-id-meta":"","stick-header-meta":"","header-above-stick-meta":"","header-main-stick-meta":"","header-below-stick-meta":"","astra-migrate-meta-layouts":"set","ast-page-background-enabled":"default","ast-page-background-meta":{"desktop":{"background-color":"var(--ast-global-color-5)","background-image":"","background-repeat":"repeat","background-position":"center center","background-size":"auto","background-attachment":"scroll","background-type":"","background-media":"","overlay-type":"","overlay-color":"","overlay-opacity":"","overlay-gradient":""},"tablet":{"background-color":"","background-image":"","background-repeat":"repeat","background-position":"center center","background-size":"auto","background-attachment":"scroll","background-type":"","background-media":"","overlay-type":"","overlay-color":"","overlay-opacity":"","overlay-gradient":""},"mobile":{"background-color":"","background-image":"","background-repeat":"repeat","background-position":"center center","background-size":"auto","background-attachment":"scroll","background-type":"","background-media":"","overlay-type":"","overlay-color":"","overlay-opacity":"","overlay-gradient":""}},"ast-content-background-meta":{"desktop":{"background-color":"var(--ast-global-color-4)","background-image":"","background-repeat":"repeat","background-position":"center center","background-size":"auto","background-attachment":"scroll","background-type":"","background-media":"","overlay-type":"","overlay-color":"","overlay-opacity":"","overlay-gradient":""},"tablet":{"background-color":"var(--ast-global-color-4)","background-image":"","background-repeat":"repeat","background-position":"center center","background-size":"auto","background-attachment":"scroll","background-type":"","background-media":"","overlay-type":"","overlay-color":"","overlay-opacity":"","overlay-gradient":""},"mobile":{"background-color":"var(--ast-global-color-4)","background-image":"","background-repeat":"repeat","background-position":"center center","background-size":"auto","background-attachment":"scroll","background-type":"","background-media":"","overlay-type":"","overlay-color":"","overlay-opacity":"","overlay-gradient":""}}},"product_brand":[],"product_cat":[19],"product_tag":[],"class_list":{"0":"post-2325","1":"product","2":"type-product","3":"status-publish","4":"has-post-thumbnail","6":"product_cat-uncategorized","7":"pa_28515_biemsac6-5-stk","8":"pa_28515_biemsac6-12-stk","9":"desktop-align-left","10":"tablet-align-left","11":"mobile-align-left","13":"first","14":"instock","15":"shipping-taxable","16":"purchasable","17":"product-type-variable"},"_links":{"self":[{"href":"https:\/\/ecostera.com\/dk\/wp-json\/wp\/v2\/product\/2325","targetHints":{"allow":["GET"]}}],"collection":[{"href":"https:\/\/ecostera.com\/dk\/wp-json\/wp\/v2\/product"}],"about":[{"href":"https:\/\/ecostera.com\/dk\/wp-json\/wp\/v2\/types\/product"}],"replies":[{"embeddable":true,"href":"https:\/\/ecostera.com\/dk\/wp-json\/wp\/v2\/comments?post=2325"}],"wp:featuredmedia":[{"embeddable":true,"href":"https:\/\/ecostera.com\/dk\/wp-json\/wp\/v2\/media\/2321"}],"wp:attachment":[{"href":"https:\/\/ecostera.com\/dk\/wp-json\/wp\/v2\/media?parent=2325"}],"wp:term":[{"taxonomy":"product_brand","embeddable":true,"href":"https:\/\/ecostera.com\/dk\/wp-json\/wp\/v2\/product_brand?post=2325"},{"taxonomy":"product_cat","embeddable":true,"href":"https:\/\/ecostera.com\/dk\/wp-json\/wp\/v2\/product_cat?post=2325"},{"taxonomy":"product_tag","embeddable":true,"href":"https:\/\/ecostera.com\/dk\/wp-json\/wp\/v2\/product_tag?post=2325"}],"curies":[{"name":"wp","href":"https:\/\/api.w.org\/{rel}","templated":true}]}}