{"id":2339,"date":"2025-07-15T13:01:17","date_gmt":"2025-07-15T13:01:17","guid":{"rendered":"https:\/\/ecostera.com\/dk\/product\/urinal-toilet-til-boern\/"},"modified":"2025-07-15T13:01:28","modified_gmt":"2025-07-15T13:01:28","slug":"urinal-toilet-til-boern","status":"publish","type":"product","link":"https:\/\/ecostera.com\/dk\/product\/urinal-toilet-til-boern\/","title":{"rendered":"Urinal toilet til b\u00f8rn"},"content":{"rendered":"<h2 style=\"text-align: center\" data-start=\"0\" data-end=\"29\">Sjovt og engagerende design<\/h2>\n<p class=\"\" style=\"text-align: center\" data-start=\"30\" data-end=\"265\">B\u00f8rnetoilettet har en s\u00f8d fr\u00f8form, der g\u00f8r pottetr\u00e6ningen sjovere. Det indeholder et roterende m\u00e5l, der hj\u00e6lper med at sigte bedre og holder dit badev\u00e6relse renere. Dette legende design opmuntrer sm\u00e5b\u00f8rn til at l\u00e6re med begejstring.<\/p>\n<p data-start=\"30\" data-end=\"265\"><img decoding=\"async\" class=\"alignnone size-medium wp-image-13338 aligncenter\" src=\"https:\/\/keluvo.com\/template\/wp-content\/uploads\/sites\/5\/2025\/04\/Sea0c9777e993448b804a81b2bc25661cP.jpg_960x960q75.jpg_.jpeg\" alt=\"\" \/><\/p>\n<h2 style=\"text-align: center\" data-start=\"267\" data-end=\"297\">Let at installere overalt<\/h2>\n<p class=\"\" style=\"text-align: center\" data-start=\"298\" data-end=\"529\">B\u00f8rnenes urinal leveres med sugekopper og en krog til hurtig fastg\u00f8relse p\u00e5 v\u00e6ggen. Det kan placeres i den perfekte h\u00f8jde for dit barn uden at skulle bore. Juster det efter behov for at g\u00f8re pottetr\u00e6ningen mere bekvem.<\/p>\n<p data-start=\"298\" data-end=\"529\"><img decoding=\"async\" class=\"alignnone size-medium wp-image-13334 aligncenter\" src=\"https:\/\/keluvo.com\/template\/wp-content\/uploads\/sites\/5\/2025\/04\/S6ccb58929148486fae48af0172f50026g.jpg_960x960q75.jpg_.jpeg\" alt=\"\" \/><\/p>\n","protected":false},"excerpt":{"rendered":"<p>Sjovt og engagerende design B\u00f8rnetoilettet har en s\u00f8d fr\u00f8form, der g\u00f8r pottetr\u00e6ningen sjovere. Det indeholder et roterende m\u00e5l, der hj\u00e6lper [&hellip;]<\/p>\n","protected":false},"featured_media":2335,"comment_status":"open","ping_status":"closed","template":"","meta":{"site-sidebar-layout":"default","site-content-layout":"","ast-site-content-layout":"default","site-content-style":"default","site-sidebar-style":"default","ast-global-header-display":"","ast-banner-title-visibility":"","ast-main-header-display":"","ast-hfb-above-header-display":"","ast-hfb-below-header-display":"","ast-hfb-mobile-header-display":"","site-post-title":"","ast-breadcrumbs-content":"","ast-featured-img":"","footer-sml-layout":"","theme-transparent-header-meta":"default","adv-header-id-meta":"","stick-header-meta":"","header-above-stick-meta":"","header-main-stick-meta":"","header-below-stick-meta":"","astra-migrate-meta-layouts":"set","ast-page-background-enabled":"default","ast-page-background-meta":{"desktop":{"background-color":"var(--ast-global-color-5)","background-image":"","background-repeat":"repeat","background-position":"center center","background-size":"auto","background-attachment":"scroll","background-type":"","background-media":"","overlay-type":"","overlay-color":"","overlay-opacity":"","overlay-gradient":""},"tablet":{"background-color":"","background-image":"","background-repeat":"repeat","background-position":"center center","background-size":"auto","background-attachment":"scroll","background-type":"","background-media":"","overlay-type":"","overlay-color":"","overlay-opacity":"","overlay-gradient":""},"mobile":{"background-color":"","background-image":"","background-repeat":"repeat","background-position":"center center","background-size":"auto","background-attachment":"scroll","background-type":"","background-media":"","overlay-type":"","overlay-color":"","overlay-opacity":"","overlay-gradient":""}},"ast-content-background-meta":{"desktop":{"background-color":"var(--ast-global-color-4)","background-image":"","background-repeat":"repeat","background-position":"center center","background-size":"auto","background-attachment":"scroll","background-type":"","background-media":"","overlay-type":"","overlay-color":"","overlay-opacity":"","overlay-gradient":""},"tablet":{"background-color":"var(--ast-global-color-4)","background-image":"","background-repeat":"repeat","background-position":"center center","background-size":"auto","background-attachment":"scroll","background-type":"","background-media":"","overlay-type":"","overlay-color":"","overlay-opacity":"","overlay-gradient":""},"mobile":{"background-color":"var(--ast-global-color-4)","background-image":"","background-repeat":"repeat","background-position":"center center","background-size":"auto","background-attachment":"scroll","background-type":"","background-media":"","overlay-type":"","overlay-color":"","overlay-opacity":"","overlay-gradient":""}}},"product_brand":[],"product_cat":[19],"product_tag":[],"class_list":{"0":"post-2339","1":"product","2":"type-product","3":"status-publish","4":"has-post-thumbnail","6":"product_cat-uncategorized","7":"pa_19666_juty9nzs-blaa","8":"pa_19666_juty9nzs-groen","9":"desktop-align-left","10":"tablet-align-left","11":"mobile-align-left","13":"first","14":"instock","15":"shipping-taxable","16":"purchasable","17":"product-type-variable"},"_links":{"self":[{"href":"https:\/\/ecostera.com\/dk\/wp-json\/wp\/v2\/product\/2339","targetHints":{"allow":["GET"]}}],"collection":[{"href":"https:\/\/ecostera.com\/dk\/wp-json\/wp\/v2\/product"}],"about":[{"href":"https:\/\/ecostera.com\/dk\/wp-json\/wp\/v2\/types\/product"}],"replies":[{"embeddable":true,"href":"https:\/\/ecostera.com\/dk\/wp-json\/wp\/v2\/comments?post=2339"}],"wp:featuredmedia":[{"embeddable":true,"href":"https:\/\/ecostera.com\/dk\/wp-json\/wp\/v2\/media\/2335"}],"wp:attachment":[{"href":"https:\/\/ecostera.com\/dk\/wp-json\/wp\/v2\/media?parent=2339"}],"wp:term":[{"taxonomy":"product_brand","embeddable":true,"href":"https:\/\/ecostera.com\/dk\/wp-json\/wp\/v2\/product_brand?post=2339"},{"taxonomy":"product_cat","embeddable":true,"href":"https:\/\/ecostera.com\/dk\/wp-json\/wp\/v2\/product_cat?post=2339"},{"taxonomy":"product_tag","embeddable":true,"href":"https:\/\/ecostera.com\/dk\/wp-json\/wp\/v2\/product_tag?post=2339"}],"curies":[{"name":"wp","href":"https:\/\/api.w.org\/{rel}","templated":true}]}}