{"id":23395,"date":"2025-09-21T11:35:16","date_gmt":"2025-09-21T08:35:16","guid":{"rendered":"https:\/\/ecostera.com\/dk\/product\/haette\/"},"modified":"2025-09-21T11:36:03","modified_gmt":"2025-09-21T08:36:03","slug":"haette","status":"publish","type":"product","link":"https:\/\/ecostera.com\/dk\/product\/haette\/","title":{"rendered":"H\u00e6tte"},"content":{"rendered":"<p style=\"text-align: center\" data-start=\"126\" data-end=\"173\"><strong>Klassisk Stil M\u00f8der Hverdagskomfort \ud83c\udfa9\ud83d\udc4c<\/strong><\/p>\n<p style=\"text-align: center\" data-start=\"174\" data-end=\"333\">Tilf\u00f8j et strejf af tidl\u00f8s charme til dit outfit med denne stilfulde herrehat. Den er designet til hverdagsbrug og kombinerer vintage-look med \u00e5ndbar komfort. Uanset om du er ude at g\u00e5 eller p\u00e5 vej til en afslappet begivenhed &#8211; denne hat passer til enhver lejlighed.<\/p>\n<p data-start=\"174\" data-end=\"333\"><img decoding=\"async\" class=\"size-full wp-image-30707 aligncenter\" src=\"https:\/\/keluvo.com\/template\/wp-content\/uploads\/sites\/5\/2025\/08\/241fc65d-4572-4858-bc71-0254a4182dfe.webp\" alt=\"\" \/><\/p>\n<h2 style=\"text-align: center\" data-start=\"430\" data-end=\"452\"><strong>Vigtigste Fordele<\/strong><\/h2>\n<p data-start=\"455\" data-end=\"506\">\ud83c\udfa9 Stilfuldt vintagedesign, der matcher enhver outfit<\/p>\n<p data-start=\"509\" data-end=\"562\">\ud83c\udf2c\ufe0f \u00c5ndbart bomuldsmateriale holder dit hoved k\u00f8ligt<\/p>\n<p data-start=\"565\" data-end=\"608\">\ud83d\udd04 Behagelig pasform med bl\u00f8dt inderfor<\/p>\n<p data-start=\"611\" data-end=\"663\">\ud83c\udf81 Er en god gave til far, mand eller bror<\/p>\n<p data-start=\"666\" data-end=\"715\">\ud83c\udf42 Perfekt til for\u00e5r, efter\u00e5r og milde vintre<\/p>\n<p data-start=\"666\" data-end=\"715\"><img decoding=\"async\" class=\"size-full wp-image-30710 aligncenter\" src=\"https:\/\/keluvo.com\/template\/wp-content\/uploads\/sites\/5\/2025\/08\/50b986a2-bbe3-4fb5-a85b-b65eb872086a.webp\" alt=\"\" \/><\/p>\n<h2 style=\"text-align: center\" data-start=\"722\" data-end=\"741\"><strong>S\u00e5dan Bruger Du<\/strong><\/h2>\n<ol data-start=\"742\" data-end=\"929\">\n<li data-start=\"742\" data-end=\"774\">\n<p data-start=\"745\" data-end=\"774\">V\u00e6lg din yndlingsfarve.<\/p>\n<\/li>\n<li data-start=\"775\" data-end=\"814\">\n<p data-start=\"778\" data-end=\"814\">Just\u00e9r den forsigtigt, s\u00e5 den passer til dit hoved.<\/p>\n<\/li>\n<li data-start=\"815\" data-end=\"877\">\n<p data-start=\"818\" data-end=\"877\">s\u00e6t den sammen med dit foretrukne casual eller smart-casual outfit.<\/p>\n<\/li>\n<li data-start=\"878\" data-end=\"929\">\n<p data-start=\"881\" data-end=\"929\">opbevar den p\u00e5 et k\u00f8ligt, t\u00f8rt sted, n\u00e5r du ikke bruger den.<\/p>\n<\/li>\n<\/ol>\n<h2 style=\"text-align: center\" data-start=\"936\" data-end=\"960\"><strong>Produktdetaljer<\/strong><\/h2>\n<ul data-start=\"961\" data-end=\"1046\">\n<li data-start=\"961\" data-end=\"986\">\n<p data-start=\"963\" data-end=\"986\">Materiale: 100% bomuld<\/p>\n<\/li>\n<li data-start=\"987\" data-end=\"1015\">\n<p data-start=\"989\" data-end=\"1015\">Hovedst\u00f8rrelse: Passer til 56-58 cm<\/p>\n<\/li>\n<li data-start=\"1016\" data-end=\"1046\">\n<p data-start=\"1018\" data-end=\"1046\">Letv\u00e6gts og \u00e5ndbar<\/p>\n<\/li>\n<\/ul>\n<h2 style=\"text-align: center\" data-start=\"1053\" data-end=\"1078\"><strong>Pakken Indeholder<\/strong><\/h2>\n<ul data-start=\"1079\" data-end=\"1102\">\n<li data-start=\"1079\" data-end=\"1102\">\n<p data-start=\"1081\" data-end=\"1102\">1x herrehat.<\/p>\n<\/li>\n<\/ul>\n","protected":false},"excerpt":{"rendered":"<p>Klassisk Stil M\u00f8der Hverdagskomfort \ud83c\udfa9\ud83d\udc4c Tilf\u00f8j et strejf af tidl\u00f8s charme til dit outfit med denne stilfulde herrehat. Den er [&hellip;]<\/p>\n","protected":false},"featured_media":23391,"comment_status":"open","ping_status":"closed","template":"","meta":{"site-sidebar-layout":"default","site-content-layout":"","ast-site-content-layout":"default","site-content-style":"default","site-sidebar-style":"default","ast-global-header-display":"","ast-banner-title-visibility":"","ast-main-header-display":"","ast-hfb-above-header-display":"","ast-hfb-below-header-display":"","ast-hfb-mobile-header-display":"","site-post-title":"","ast-breadcrumbs-content":"","ast-featured-img":"","footer-sml-layout":"","theme-transparent-header-meta":"default","adv-header-id-meta":"","stick-header-meta":"","header-above-stick-meta":"","header-main-stick-meta":"","header-below-stick-meta":"","astra-migrate-meta-layouts":"set","ast-page-background-enabled":"default","ast-page-background-meta":{"desktop":{"background-color":"var(--ast-global-color-5)","background-image":"","background-repeat":"repeat","background-position":"center center","background-size":"auto","background-attachment":"scroll","background-type":"","background-media":"","overlay-type":"","overlay-color":"","overlay-opacity":"","overlay-gradient":""},"tablet":{"background-color":"","background-image":"","background-repeat":"repeat","background-position":"center center","background-size":"auto","background-attachment":"scroll","background-type":"","background-media":"","overlay-type":"","overlay-color":"","overlay-opacity":"","overlay-gradient":""},"mobile":{"background-color":"","background-image":"","background-repeat":"repeat","background-position":"center center","background-size":"auto","background-attachment":"scroll","background-type":"","background-media":"","overlay-type":"","overlay-color":"","overlay-opacity":"","overlay-gradient":""}},"ast-content-background-meta":{"desktop":{"background-color":"var(--ast-global-color-4)","background-image":"","background-repeat":"repeat","background-position":"center center","background-size":"auto","background-attachment":"scroll","background-type":"","background-media":"","overlay-type":"","overlay-color":"","overlay-opacity":"","overlay-gradient":""},"tablet":{"background-color":"var(--ast-global-color-4)","background-image":"","background-repeat":"repeat","background-position":"center center","background-size":"auto","background-attachment":"scroll","background-type":"","background-media":"","overlay-type":"","overlay-color":"","overlay-opacity":"","overlay-gradient":""},"mobile":{"background-color":"var(--ast-global-color-4)","background-image":"","background-repeat":"repeat","background-position":"center center","background-size":"auto","background-attachment":"scroll","background-type":"","background-media":"","overlay-type":"","overlay-color":"","overlay-opacity":"","overlay-gradient":""}}},"product_brand":[],"product_cat":[19],"product_tag":[],"class_list":{"0":"post-23395","1":"product","2":"type-product","3":"status-publish","4":"has-post-thumbnail","6":"product_cat-uncategorized","7":"pa_41974_j46ntk1s-a","8":"pa_41974_j46ntk1s-b","9":"pa_41974_j46ntk1s-c","10":"pa_41974_j46ntk1s-d","11":"pa_41974_j46ntk1s-e","12":"pa_41974_j46ntk1s-f","13":"pa_41974_j46ntk1s-g","14":"pa_41974_j46ntk1s-h","15":"pa_41974_j46ntk1s-i","16":"desktop-align-left","17":"tablet-align-left","18":"mobile-align-left","20":"first","21":"instock","22":"shipping-taxable","23":"purchasable","24":"product-type-variable"},"_links":{"self":[{"href":"https:\/\/ecostera.com\/dk\/wp-json\/wp\/v2\/product\/23395","targetHints":{"allow":["GET"]}}],"collection":[{"href":"https:\/\/ecostera.com\/dk\/wp-json\/wp\/v2\/product"}],"about":[{"href":"https:\/\/ecostera.com\/dk\/wp-json\/wp\/v2\/types\/product"}],"replies":[{"embeddable":true,"href":"https:\/\/ecostera.com\/dk\/wp-json\/wp\/v2\/comments?post=23395"}],"wp:featuredmedia":[{"embeddable":true,"href":"https:\/\/ecostera.com\/dk\/wp-json\/wp\/v2\/media\/23391"}],"wp:attachment":[{"href":"https:\/\/ecostera.com\/dk\/wp-json\/wp\/v2\/media?parent=23395"}],"wp:term":[{"taxonomy":"product_brand","embeddable":true,"href":"https:\/\/ecostera.com\/dk\/wp-json\/wp\/v2\/product_brand?post=23395"},{"taxonomy":"product_cat","embeddable":true,"href":"https:\/\/ecostera.com\/dk\/wp-json\/wp\/v2\/product_cat?post=23395"},{"taxonomy":"product_tag","embeddable":true,"href":"https:\/\/ecostera.com\/dk\/wp-json\/wp\/v2\/product_tag?post=23395"}],"curies":[{"name":"wp","href":"https:\/\/api.w.org\/{rel}","templated":true}]}}