{"id":23431,"date":"2025-09-21T11:37:57","date_gmt":"2025-09-21T08:37:57","guid":{"rendered":"https:\/\/ecostera.com\/dk\/product\/foderautomat-til-kaeledyr\/"},"modified":"2025-09-21T11:38:17","modified_gmt":"2025-09-21T08:38:17","slug":"foderautomat-til-kaeledyr","status":"publish","type":"product","link":"https:\/\/ecostera.com\/dk\/product\/foderautomat-til-kaeledyr\/","title":{"rendered":"Foderautomat til k\u00e6ledyr"},"content":{"rendered":"<p style=\"text-align: center\" data-start=\"85\" data-end=\"143\"><strong>Frisk Vand, Altid Klar Til Din Pelsede Ven \ud83d\udc36\ud83d\udca7<\/strong><\/p>\n<p style=\"text-align: center\" data-start=\"144\" data-end=\"358\">Denne smarte automatiske foderautomat holder dit k\u00e6ledyrs vand rent, k\u00f8ligt og flydende &#8211; uden behov for elektricitet eller kompliceret ops\u00e6tning. Perfekt til travle k\u00e6ledyrsfor\u00e6ldre, der \u00f8nsker at holde hydrering enkel og stressfri. Perfekt til b\u00e5de hunde og katte derhjemme.<\/p>\n<p data-start=\"144\" data-end=\"358\"><img decoding=\"async\" class=\"size-full wp-image-30909 aligncenter\" src=\"https:\/\/keluvo.com\/template\/wp-content\/uploads\/sites\/5\/2025\/08\/wCHfCats-Double-Bowls-Water-Automatic-Feeder-Raised-Stand-For-Cats-Pet-Drinking-Fountain-Food-Dispenser-Bowl.webp\" alt=\"\" \/><\/p>\n<h2 style=\"text-align: center\" data-start=\"404\" data-end=\"426\"><strong>Vigtigste Fordele<\/strong><\/h2>\n<p data-start=\"429\" data-end=\"481\">\ud83d\udca7 Fylder automatisk sk\u00e5len med frisk vand<\/p>\n<p data-start=\"484\" data-end=\"525\">\ud83d\udc3e Opmuntrer dit k\u00e6ledyr til at holde sig hydreret<\/p>\n<p data-start=\"528\" data-end=\"567\">\ud83d\udd01 Ingen elektricitet eller batterier er n\u00f8dvendige<\/p>\n<p data-start=\"528\" data-end=\"567\">\ud83e\uddfc Nem at reng\u00f8re og samle<\/p>\n<p data-start=\"604\" data-end=\"658\">\ud83d\udc31\ud83d\udc36 Velegnet til b\u00e5de katte og sm\u00e5 til mellemstore hunde<\/p>\n<p data-start=\"604\" data-end=\"658\"><img decoding=\"async\" class=\"size-full wp-image-30911 aligncenter\" src=\"https:\/\/keluvo.com\/template\/wp-content\/uploads\/sites\/5\/2025\/08\/JMY4Cats-Double-Bowls-Water-Automatic-Feeder-Raised-Stand-For-Cats-Pet-Drinking-Fountain-Food-Dispenser-Bowl.webp\" alt=\"\" \/><\/p>\n<h2 style=\"text-align: center\" data-start=\"665\" data-end=\"684\"><strong>S\u00e5dan Bruges<\/strong><\/h2>\n<ol data-start=\"685\" data-end=\"885\">\n<li data-start=\"685\" data-end=\"760\">\n<p data-start=\"688\" data-end=\"760\">Fyld en flaske med rent vand, og placer den p\u00e5 hovedet i holderen.<\/p>\n<\/li>\n<li data-start=\"761\" data-end=\"811\">\n<p data-start=\"764\" data-end=\"811\">Sk\u00e5len genopfyldes automatisk, n\u00e5r dit k\u00e6ledyr drikker.<\/p>\n<\/li>\n<li data-start=\"812\" data-end=\"847\">\n<p data-start=\"815\" data-end=\"847\">genopfyld flasken efter behov.<\/p>\n<\/li>\n<li data-start=\"848\" data-end=\"885\">\n<p data-start=\"851\" data-end=\"885\">vask regelm\u00e6ssigt for at opn\u00e5 den bedste hygiejne.<\/p>\n<\/li>\n<\/ol>\n<h2 style=\"text-align: center\" data-start=\"892\" data-end=\"916\"><strong>Produktdetaljer<\/strong><\/h2>\n<ul data-start=\"917\" data-end=\"1071\">\n<li data-start=\"917\" data-end=\"947\">\n<p data-start=\"919\" data-end=\"947\">Materiale: BPA-fri plast<\/p>\n<\/li>\n<li data-start=\"948\" data-end=\"975\">\n<p data-start=\"950\" data-end=\"975\">Flaskekapacitet: 500 ml<\/p>\n<\/li>\n<li data-start=\"976\" data-end=\"1002\">\n<p data-start=\"978\" data-end=\"1002\">St\u00f8rrelse: 28,5 \u00d7 14 \u00d7 8 cm<\/p>\n<\/li>\n<li data-start=\"1003\" data-end=\"1047\">\n<p data-start=\"1005\" data-end=\"1047\">Farver: Flere farver tilg\u00e6ngelige<\/p>\n<\/li>\n<li data-start=\"1048\" data-end=\"1071\">\n<p data-start=\"1050\" data-end=\"1071\">Kun til indend\u00f8rs brug<\/p>\n<\/li>\n<\/ul>\n<h2 style=\"text-align: center\" data-start=\"1078\" data-end=\"1103\"><strong>Pakken Indeholder<\/strong><\/h2>\n<ul data-start=\"1104\" data-end=\"1151\">\n<li data-start=\"1104\" data-end=\"1131\">\n<p data-start=\"1106\" data-end=\"1131\">1x automatisk vandfodring<\/p>\n<\/li>\n<li data-start=\"1132\" data-end=\"1151\">\n<p data-start=\"1134\" data-end=\"1151\">1x vandflaske.<\/p>\n<\/li>\n<\/ul>\n","protected":false},"excerpt":{"rendered":"<p>Frisk Vand, Altid Klar Til Din Pelsede Ven \ud83d\udc36\ud83d\udca7 Denne smarte automatiske foderautomat holder dit k\u00e6ledyrs vand rent, k\u00f8ligt og [&hellip;]<\/p>\n","protected":false},"featured_media":23427,"comment_status":"open","ping_status":"closed","template":"","meta":{"site-sidebar-layout":"default","site-content-layout":"","ast-site-content-layout":"default","site-content-style":"default","site-sidebar-style":"default","ast-global-header-display":"","ast-banner-title-visibility":"","ast-main-header-display":"","ast-hfb-above-header-display":"","ast-hfb-below-header-display":"","ast-hfb-mobile-header-display":"","site-post-title":"","ast-breadcrumbs-content":"","ast-featured-img":"","footer-sml-layout":"","theme-transparent-header-meta":"default","adv-header-id-meta":"","stick-header-meta":"","header-above-stick-meta":"","header-main-stick-meta":"","header-below-stick-meta":"","astra-migrate-meta-layouts":"set","ast-page-background-enabled":"default","ast-page-background-meta":{"desktop":{"background-color":"var(--ast-global-color-5)","background-image":"","background-repeat":"repeat","background-position":"center center","background-size":"auto","background-attachment":"scroll","background-type":"","background-media":"","overlay-type":"","overlay-color":"","overlay-opacity":"","overlay-gradient":""},"tablet":{"background-color":"","background-image":"","background-repeat":"repeat","background-position":"center center","background-size":"auto","background-attachment":"scroll","background-type":"","background-media":"","overlay-type":"","overlay-color":"","overlay-opacity":"","overlay-gradient":""},"mobile":{"background-color":"","background-image":"","background-repeat":"repeat","background-position":"center center","background-size":"auto","background-attachment":"scroll","background-type":"","background-media":"","overlay-type":"","overlay-color":"","overlay-opacity":"","overlay-gradient":""}},"ast-content-background-meta":{"desktop":{"background-color":"var(--ast-global-color-4)","background-image":"","background-repeat":"repeat","background-position":"center center","background-size":"auto","background-attachment":"scroll","background-type":"","background-media":"","overlay-type":"","overlay-color":"","overlay-opacity":"","overlay-gradient":""},"tablet":{"background-color":"var(--ast-global-color-4)","background-image":"","background-repeat":"repeat","background-position":"center center","background-size":"auto","background-attachment":"scroll","background-type":"","background-media":"","overlay-type":"","overlay-color":"","overlay-opacity":"","overlay-gradient":""},"mobile":{"background-color":"var(--ast-global-color-4)","background-image":"","background-repeat":"repeat","background-position":"center center","background-size":"auto","background-attachment":"scroll","background-type":"","background-media":"","overlay-type":"","overlay-color":"","overlay-opacity":"","overlay-gradient":""}}},"product_brand":[],"product_cat":[19],"product_tag":[],"class_list":{"0":"post-23431","1":"product","2":"type-product","3":"status-publish","4":"has-post-thumbnail","6":"product_cat-uncategorized","7":"pa_23669_v3t86iwa-blaa","8":"pa_23669_v3t86iwa-graa","9":"pa_23669_v3t86iwa-groen","10":"pa_23669_v3t86iwa-hvid","11":"pa_23669_v3t86iwa-lyseroed","12":"desktop-align-left","13":"tablet-align-left","14":"mobile-align-left","16":"first","17":"instock","18":"shipping-taxable","19":"purchasable","20":"product-type-variable"},"_links":{"self":[{"href":"https:\/\/ecostera.com\/dk\/wp-json\/wp\/v2\/product\/23431","targetHints":{"allow":["GET"]}}],"collection":[{"href":"https:\/\/ecostera.com\/dk\/wp-json\/wp\/v2\/product"}],"about":[{"href":"https:\/\/ecostera.com\/dk\/wp-json\/wp\/v2\/types\/product"}],"replies":[{"embeddable":true,"href":"https:\/\/ecostera.com\/dk\/wp-json\/wp\/v2\/comments?post=23431"}],"wp:featuredmedia":[{"embeddable":true,"href":"https:\/\/ecostera.com\/dk\/wp-json\/wp\/v2\/media\/23427"}],"wp:attachment":[{"href":"https:\/\/ecostera.com\/dk\/wp-json\/wp\/v2\/media?parent=23431"}],"wp:term":[{"taxonomy":"product_brand","embeddable":true,"href":"https:\/\/ecostera.com\/dk\/wp-json\/wp\/v2\/product_brand?post=23431"},{"taxonomy":"product_cat","embeddable":true,"href":"https:\/\/ecostera.com\/dk\/wp-json\/wp\/v2\/product_cat?post=23431"},{"taxonomy":"product_tag","embeddable":true,"href":"https:\/\/ecostera.com\/dk\/wp-json\/wp\/v2\/product_tag?post=23431"}],"curies":[{"name":"wp","href":"https:\/\/api.w.org\/{rel}","templated":true}]}}