{"id":23529,"date":"2025-09-21T11:45:29","date_gmt":"2025-09-21T08:45:29","guid":{"rendered":"https:\/\/ecostera.com\/dk\/product\/saet-til-vandmaling\/"},"modified":"2025-09-30T11:05:29","modified_gmt":"2025-09-30T08:05:29","slug":"saet-til-vandmaling","status":"publish","type":"product","link":"https:\/\/ecostera.com\/dk\/product\/saet-til-vandmaling\/","title":{"rendered":"S\u00e6t til vandmaling"},"content":{"rendered":"<p style=\"text-align: center\" data-start=\"85\" data-end=\"126\"><strong>Skab fantastisk kunst\u2026 p\u00e5 vand! \ud83c\udfa8\ud83d\udca7<\/strong><\/p>\n<p style=\"text-align: center\" data-start=\"127\" data-end=\"364\">Slip fantasien l\u00f8s med dette vandmalekit, som lader dig tegne direkte p\u00e5 vand. Se, hvordan dine motiver flyder, hvirvler og forvandles til smukke blomster, m\u00f8nstre og marmorerede effekter &#8211; og overf\u00f8r dem derefter til papir eller stof! Perfekt til b\u00f8rn, voksne og kreative sj\u00e6le i alle aldre.<\/p>\n<p data-start=\"127\" data-end=\"364\"><img decoding=\"async\" class=\"size-full wp-image-31013 aligncenter\" src=\"https:\/\/keluvo.com\/template\/wp-content\/uploads\/sites\/5\/2025\/08\/7ef962ff7b52b2e4d90e6f56343731d3.gif\" alt=\"\" \/><\/p>\n<h2 style=\"text-align: center\" data-start=\"430\" data-end=\"452\"><strong>Vigtigste Fordele<\/strong><\/h2>\n<p data-start=\"455\" data-end=\"517\">\ud83d\udca7 Tegn direkte p\u00e5 vandet og f\u00e5 en enest\u00e5ende kunstoplevelse<\/p>\n<p data-start=\"520\" data-end=\"587\">\ud83c\udf08 Kombin\u00e9r farverne og lad dem hvirvle rundt for at skabe marmorerede effekter eller gradienter<\/p>\n<p data-start=\"590\" data-end=\"636\">\ud83e\uddd2 Sikkert og sjovt for b\u00e5de b\u00f8rn og voksne<\/p>\n<p data-start=\"639\" data-end=\"700\">\ud83c\udfa8 Overf\u00f8r dine kunstv\u00e6rker til papir, stof eller tilbeh\u00f8r<\/p>\n<p data-start=\"703\" data-end=\"754\">\ud83e\uddfc Let at reng\u00f8re &#8211; vaskes af med vand og s\u00e6be<\/p>\n<p data-start=\"703\" data-end=\"754\"><img decoding=\"async\" class=\"size-full wp-image-31012 aligncenter\" src=\"https:\/\/keluvo.com\/template\/wp-content\/uploads\/sites\/5\/2025\/08\/206242768d1e62149b2ebed89b404baa8f155d0c700b5bd9610fdd195b315703.webp\" alt=\"\" \/><\/p>\n<h2 style=\"text-align: center\" data-start=\"761\" data-end=\"780\"><strong>S\u00e5dan Bruges<\/strong><\/h2>\n<ol data-start=\"781\" data-end=\"1057\">\n<li data-start=\"781\" data-end=\"817\">\n<p data-start=\"784\" data-end=\"817\">Fyld bakken med rent vand.<\/p>\n<\/li>\n<li data-start=\"818\" data-end=\"876\">\n<p data-start=\"821\" data-end=\"876\">Brug de medf\u00f8lgende v\u00e6rkt\u00f8jer til at hvirvle, tr\u00e6kke og forme farverne.<\/p>\n<\/li>\n<li data-start=\"877\" data-end=\"942\">\n<p data-start=\"880\" data-end=\"942\">Tryk papir eller stof p\u00e5 vandet for at overf\u00f8re designet.<\/p>\n<\/li>\n<li data-start=\"943\" data-end=\"1008\">\n<p data-start=\"946\" data-end=\"1008\">Lad det t\u00f8rre, og beundr dit brugerdefinerede mesterv\u00e6rk!<\/p>\n<\/li>\n<\/ol>\n<h2 style=\"text-align: center\" data-start=\"1064\" data-end=\"1088\"><strong>Produktdetaljer<\/strong><\/h2>\n<ul data-start=\"1089\" data-end=\"1235\">\n<li data-start=\"1089\" data-end=\"1137\">\n<p data-start=\"1091\" data-end=\"1137\">S\u00e6ttet indeholder: Maling, bakke, v\u00e6rkt\u00f8j og papir<\/p>\n<\/li>\n<li data-start=\"1138\" data-end=\"1186\">\n<p data-start=\"1140\" data-end=\"1186\">Farver: 6-12 levende farver afh\u00e6ngigt af s\u00e6ttet<\/p>\n<\/li>\n<li data-start=\"1187\" data-end=\"1218\">\n<p data-start=\"1189\" data-end=\"1218\">Sikre, ikke-giftige ingredienser<\/p>\n<\/li>\n<li data-start=\"1219\" data-end=\"1235\">\n<p data-start=\"1221\" data-end=\"1235\">For aldre: 3+<\/p>\n<\/li>\n<\/ul>\n<h2 style=\"text-align: center\" data-start=\"1242\" data-end=\"1267\"><strong>Pakken Indeholder<\/strong><\/h2>\n<ul data-start=\"1268\" data-end=\"1407\">\n<li data-start=\"1268\" data-end=\"1294\">\n<p data-start=\"1270\" data-end=\"1294\">1x vandmalingsbakke<\/p>\n<\/li>\n<li data-start=\"1295\" data-end=\"1344\">\n<p data-start=\"1297\" data-end=\"1344\">6x eller 12x farver (afh\u00e6ngigt af variant)<\/p>\n<\/li>\n<li data-start=\"1345\" data-end=\"1359\">\n<p data-start=\"1347\" data-end=\"1359\">1x dr\u00e5bet\u00e6ller<\/p>\n<\/li>\n<li data-start=\"1360\" data-end=\"1378\">\n<p data-start=\"1362\" data-end=\"1378\">1x stylusv\u00e6rkt\u00f8j<\/p>\n<\/li>\n<li data-start=\"1379\" data-end=\"1407\">\n<p data-start=\"1381\" data-end=\"1407\">1x transferpapirark.<\/p>\n<\/li>\n<\/ul>\n","protected":false},"excerpt":{"rendered":"<p>Skab fantastisk kunst\u2026 p\u00e5 vand! \ud83c\udfa8\ud83d\udca7 Slip fantasien l\u00f8s med dette vandmalekit, som lader dig tegne direkte p\u00e5 vand. Se, [&hellip;]<\/p>\n","protected":false},"featured_media":23525,"comment_status":"open","ping_status":"closed","template":"","meta":{"site-sidebar-layout":"default","site-content-layout":"","ast-site-content-layout":"default","site-content-style":"default","site-sidebar-style":"default","ast-global-header-display":"","ast-banner-title-visibility":"","ast-main-header-display":"","ast-hfb-above-header-display":"","ast-hfb-below-header-display":"","ast-hfb-mobile-header-display":"","site-post-title":"","ast-breadcrumbs-content":"","ast-featured-img":"","footer-sml-layout":"","theme-transparent-header-meta":"default","adv-header-id-meta":"","stick-header-meta":"","header-above-stick-meta":"","header-main-stick-meta":"","header-below-stick-meta":"","astra-migrate-meta-layouts":"set","ast-page-background-enabled":"default","ast-page-background-meta":{"desktop":{"background-color":"var(--ast-global-color-5)","background-image":"","background-repeat":"repeat","background-position":"center center","background-size":"auto","background-attachment":"scroll","background-type":"","background-media":"","overlay-type":"","overlay-color":"","overlay-opacity":"","overlay-gradient":""},"tablet":{"background-color":"","background-image":"","background-repeat":"repeat","background-position":"center center","background-size":"auto","background-attachment":"scroll","background-type":"","background-media":"","overlay-type":"","overlay-color":"","overlay-opacity":"","overlay-gradient":""},"mobile":{"background-color":"","background-image":"","background-repeat":"repeat","background-position":"center center","background-size":"auto","background-attachment":"scroll","background-type":"","background-media":"","overlay-type":"","overlay-color":"","overlay-opacity":"","overlay-gradient":""}},"ast-content-background-meta":{"desktop":{"background-color":"var(--ast-global-color-4)","background-image":"","background-repeat":"repeat","background-position":"center center","background-size":"auto","background-attachment":"scroll","background-type":"","background-media":"","overlay-type":"","overlay-color":"","overlay-opacity":"","overlay-gradient":""},"tablet":{"background-color":"var(--ast-global-color-4)","background-image":"","background-repeat":"repeat","background-position":"center center","background-size":"auto","background-attachment":"scroll","background-type":"","background-media":"","overlay-type":"","overlay-color":"","overlay-opacity":"","overlay-gradient":""},"mobile":{"background-color":"var(--ast-global-color-4)","background-image":"","background-repeat":"repeat","background-position":"center center","background-size":"auto","background-attachment":"scroll","background-type":"","background-media":"","overlay-type":"","overlay-color":"","overlay-opacity":"","overlay-gradient":""}}},"product_brand":[],"product_cat":[19],"product_tag":[],"class_list":{"0":"post-23529","1":"product","2":"type-product","3":"status-publish","4":"has-post-thumbnail","6":"product_cat-uncategorized","7":"pa_21975_b8duma81-6-farver","8":"pa_21975_b8duma81-12-farver","9":"desktop-align-left","10":"tablet-align-left","11":"mobile-align-left","13":"first","14":"instock","15":"shipping-taxable","16":"purchasable","17":"product-type-variable"},"_links":{"self":[{"href":"https:\/\/ecostera.com\/dk\/wp-json\/wp\/v2\/product\/23529","targetHints":{"allow":["GET"]}}],"collection":[{"href":"https:\/\/ecostera.com\/dk\/wp-json\/wp\/v2\/product"}],"about":[{"href":"https:\/\/ecostera.com\/dk\/wp-json\/wp\/v2\/types\/product"}],"replies":[{"embeddable":true,"href":"https:\/\/ecostera.com\/dk\/wp-json\/wp\/v2\/comments?post=23529"}],"wp:featuredmedia":[{"embeddable":true,"href":"https:\/\/ecostera.com\/dk\/wp-json\/wp\/v2\/media\/23525"}],"wp:attachment":[{"href":"https:\/\/ecostera.com\/dk\/wp-json\/wp\/v2\/media?parent=23529"}],"wp:term":[{"taxonomy":"product_brand","embeddable":true,"href":"https:\/\/ecostera.com\/dk\/wp-json\/wp\/v2\/product_brand?post=23529"},{"taxonomy":"product_cat","embeddable":true,"href":"https:\/\/ecostera.com\/dk\/wp-json\/wp\/v2\/product_cat?post=23529"},{"taxonomy":"product_tag","embeddable":true,"href":"https:\/\/ecostera.com\/dk\/wp-json\/wp\/v2\/product_tag?post=23529"}],"curies":[{"name":"wp","href":"https:\/\/api.w.org\/{rel}","templated":true}]}}