{"id":23673,"date":"2025-09-21T13:23:18","date_gmt":"2025-09-21T10:23:18","guid":{"rendered":"https:\/\/ecostera.com\/dk\/product\/spyd\/"},"modified":"2025-09-21T13:23:32","modified_gmt":"2025-09-21T10:23:32","slug":"spyd","status":"publish","type":"product","link":"https:\/\/ecostera.com\/dk\/product\/spyd\/","title":{"rendered":"Spyd"},"content":{"rendered":"<p style=\"text-align: center\" data-start=\"90\" data-end=\"122\"><strong>Grill Mere, Vend Mindre \ud83c\udf62\ud83d\udd25<\/strong><\/p>\n<p style=\"text-align: center\" data-start=\"123\" data-end=\"320\">G\u00f8r hver grillaften nemmere og hurtigere med spyddene. Hold mere mad p\u00e5 \u00e9n gang, vend alt i \u00e9t tr\u00e6k, og nyd perfekt grillet k\u00f8d, fisk og skaldyr og gr\u00f8ntsager uden besv\u00e6r.<\/p>\n<p data-start=\"123\" data-end=\"320\"><img decoding=\"async\" class=\"size-full wp-image-31305 aligncenter\" src=\"https:\/\/keluvo.com\/template\/wp-content\/uploads\/sites\/5\/2025\/08\/ce6478a79769a3f777c0063344e231a59c83be03.webp\" alt=\"\" \/><\/p>\n<h2 style=\"text-align: center\" data-start=\"327\" data-end=\"349\">\ud83d\udca5 Vigtigste Fordele<\/h2>\n<p data-start=\"352\" data-end=\"395\">\ud83c\udf57 Grill flere stykker p\u00e5 samme tid<\/p>\n<p data-start=\"398\" data-end=\"449\">\ud83d\udd04 Vend al din mad p\u00e5 spyddet med en enkelt drejning<\/p>\n<p data-start=\"452\" data-end=\"511\">\ud83e\udeb6 Fremstillet af holdbart rustfrit st\u00e5l til langvarig brug<\/p>\n<p data-start=\"514\" data-end=\"552\">\ud83e\uddfd Let at reng\u00f8re og t\u00e5ler opvaskemaskine<\/p>\n<p data-start=\"555\" data-end=\"606\">\ud83c\udf92 Leveres med en opbevaringspose til p\u00e6n organisering<\/p>\n<p data-start=\"555\" data-end=\"606\"><img decoding=\"async\" class=\"size-full wp-image-31306 aligncenter\" src=\"https:\/\/keluvo.com\/template\/wp-content\/uploads\/sites\/5\/2025\/08\/17b5943a1e626c91b15558883969d1d7a1571d0b.webp\" alt=\"\" \/><\/p>\n<h2 style=\"text-align: center\" data-start=\"613\" data-end=\"632\">\ud83d\udee0 S\u00e5dan Bruges<\/h2>\n<ol data-start=\"633\" data-end=\"836\">\n<li data-start=\"633\" data-end=\"688\">\n<p data-start=\"636\" data-end=\"688\">Tr\u00e6k dine yndlingsingredienser p\u00e5 spyddene.<\/p>\n<\/li>\n<li data-start=\"689\" data-end=\"740\">\n<p data-start=\"692\" data-end=\"740\">Placer spyddet p\u00e5 grillen, og tilbered det j\u00e6vnt.<\/p>\n<\/li>\n<li data-start=\"741\" data-end=\"794\">\n<p data-start=\"744\" data-end=\"794\">vend det en gang for at f\u00e5 perfekt grillet mad hver gang.<\/p>\n<\/li>\n<li data-start=\"795\" data-end=\"836\">\n<p data-start=\"798\" data-end=\"836\">reng\u00f8r og opbevar i den medf\u00f8lgende pose.<\/p>\n<\/li>\n<\/ol>\n<h2 style=\"text-align: center\" data-start=\"843\" data-end=\"867\">\ud83d\udccf Produktdetaljer<\/h2>\n<ul data-start=\"868\" data-end=\"961\">\n<li data-start=\"868\" data-end=\"897\">\n<p data-start=\"870\" data-end=\"897\">Materiale: Rustfrit st\u00e5l<\/p>\n<\/li>\n<li data-start=\"898\" data-end=\"915\">\n<p data-start=\"900\" data-end=\"915\">Farve: S\u00f8lv<\/p>\n<\/li>\n<li data-start=\"916\" data-end=\"961\">\n<p data-start=\"918\" data-end=\"961\">St\u00f8rrelse: 37,5 x 9,1 cm.<\/p>\n<\/li>\n<\/ul>\n<h2 style=\"text-align: center\" data-start=\"968\" data-end=\"993\">\ud83d\udce6 Pakken Indeholder<\/h2>\n<ul data-start=\"994\" data-end=\"1099\">\n<li data-start=\"994\" data-end=\"1099\">\n<p data-start=\"996\" data-end=\"1099\">1, 2, 3x spyd.<\/p>\n<\/li>\n<\/ul>\n","protected":false},"excerpt":{"rendered":"<p>Grill Mere, Vend Mindre \ud83c\udf62\ud83d\udd25 G\u00f8r hver grillaften nemmere og hurtigere med spyddene. Hold mere mad p\u00e5 \u00e9n gang, vend [&hellip;]<\/p>\n","protected":false},"featured_media":23669,"comment_status":"open","ping_status":"closed","template":"","meta":{"site-sidebar-layout":"default","site-content-layout":"","ast-site-content-layout":"default","site-content-style":"default","site-sidebar-style":"default","ast-global-header-display":"","ast-banner-title-visibility":"","ast-main-header-display":"","ast-hfb-above-header-display":"","ast-hfb-below-header-display":"","ast-hfb-mobile-header-display":"","site-post-title":"","ast-breadcrumbs-content":"","ast-featured-img":"","footer-sml-layout":"","theme-transparent-header-meta":"default","adv-header-id-meta":"","stick-header-meta":"","header-above-stick-meta":"","header-main-stick-meta":"","header-below-stick-meta":"","astra-migrate-meta-layouts":"set","ast-page-background-enabled":"default","ast-page-background-meta":{"desktop":{"background-color":"var(--ast-global-color-5)","background-image":"","background-repeat":"repeat","background-position":"center center","background-size":"auto","background-attachment":"scroll","background-type":"","background-media":"","overlay-type":"","overlay-color":"","overlay-opacity":"","overlay-gradient":""},"tablet":{"background-color":"","background-image":"","background-repeat":"repeat","background-position":"center center","background-size":"auto","background-attachment":"scroll","background-type":"","background-media":"","overlay-type":"","overlay-color":"","overlay-opacity":"","overlay-gradient":""},"mobile":{"background-color":"","background-image":"","background-repeat":"repeat","background-position":"center center","background-size":"auto","background-attachment":"scroll","background-type":"","background-media":"","overlay-type":"","overlay-color":"","overlay-opacity":"","overlay-gradient":""}},"ast-content-background-meta":{"desktop":{"background-color":"var(--ast-global-color-4)","background-image":"","background-repeat":"repeat","background-position":"center center","background-size":"auto","background-attachment":"scroll","background-type":"","background-media":"","overlay-type":"","overlay-color":"","overlay-opacity":"","overlay-gradient":""},"tablet":{"background-color":"var(--ast-global-color-4)","background-image":"","background-repeat":"repeat","background-position":"center center","background-size":"auto","background-attachment":"scroll","background-type":"","background-media":"","overlay-type":"","overlay-color":"","overlay-opacity":"","overlay-gradient":""},"mobile":{"background-color":"var(--ast-global-color-4)","background-image":"","background-repeat":"repeat","background-position":"center center","background-size":"auto","background-attachment":"scroll","background-type":"","background-media":"","overlay-type":"","overlay-color":"","overlay-opacity":"","overlay-gradient":""}}},"product_brand":[],"product_cat":[19],"product_tag":[],"class_list":{"0":"post-23673","1":"product","2":"type-product","3":"status-publish","4":"has-post-thumbnail","6":"product_cat-uncategorized","7":"pa_21910_8uxce0z3-1-stk","8":"pa_21910_8uxce0z3-2-stk","9":"pa_21910_8uxce0z3-3-stk","10":"desktop-align-left","11":"tablet-align-left","12":"mobile-align-left","14":"first","15":"instock","16":"shipping-taxable","17":"purchasable","18":"product-type-variable"},"_links":{"self":[{"href":"https:\/\/ecostera.com\/dk\/wp-json\/wp\/v2\/product\/23673","targetHints":{"allow":["GET"]}}],"collection":[{"href":"https:\/\/ecostera.com\/dk\/wp-json\/wp\/v2\/product"}],"about":[{"href":"https:\/\/ecostera.com\/dk\/wp-json\/wp\/v2\/types\/product"}],"replies":[{"embeddable":true,"href":"https:\/\/ecostera.com\/dk\/wp-json\/wp\/v2\/comments?post=23673"}],"wp:featuredmedia":[{"embeddable":true,"href":"https:\/\/ecostera.com\/dk\/wp-json\/wp\/v2\/media\/23669"}],"wp:attachment":[{"href":"https:\/\/ecostera.com\/dk\/wp-json\/wp\/v2\/media?parent=23673"}],"wp:term":[{"taxonomy":"product_brand","embeddable":true,"href":"https:\/\/ecostera.com\/dk\/wp-json\/wp\/v2\/product_brand?post=23673"},{"taxonomy":"product_cat","embeddable":true,"href":"https:\/\/ecostera.com\/dk\/wp-json\/wp\/v2\/product_cat?post=23673"},{"taxonomy":"product_tag","embeddable":true,"href":"https:\/\/ecostera.com\/dk\/wp-json\/wp\/v2\/product_tag?post=23673"}],"curies":[{"name":"wp","href":"https:\/\/api.w.org\/{rel}","templated":true}]}}