{"id":23688,"date":"2025-09-21T13:24:17","date_gmt":"2025-09-21T10:24:17","guid":{"rendered":"https:\/\/ecostera.com\/dk\/product\/vandfontaene-til-katte\/"},"modified":"2025-09-21T13:24:17","modified_gmt":"2025-09-21T10:24:17","slug":"vandfontaene-til-katte","status":"publish","type":"product","link":"https:\/\/ecostera.com\/dk\/product\/vandfontaene-til-katte\/","title":{"rendered":"Vandfont\u00e6ne til katte"},"content":{"rendered":"<p style=\"text-align: center\" data-start=\"101\" data-end=\"144\"><strong>Hold Din Kat Hydreret Og Glad \ud83d\udc3e\ud83d\udca7<\/strong><\/p>\n<p style=\"text-align: center\" data-start=\"145\" data-end=\"402\">Denne kattevandfont\u00e6ne er den ultimative vandfont\u00e6ne i rustfrit st\u00e5l, der opmuntrer din kat til at drikke mere, holde sig sund og f\u00f8le sig energisk. Med sit kontinuerlige vandflow og hygiejniske design er det den perfekte m\u00e5de at holde din pelsede ven hydreret hele dagen.<\/p>\n<p data-start=\"145\" data-end=\"402\"><img decoding=\"async\" class=\"size-full wp-image-31322 aligncenter\" src=\"https:\/\/keluvo.com\/template\/wp-content\/uploads\/sites\/5\/2025\/08\/ezgif-5-9e5d76ea52.webp\" alt=\"\" \/><\/p>\n<h2 style=\"text-align: center\" data-start=\"409\" data-end=\"431\"><strong>Hovedfordele<\/strong><\/h2>\n<p data-start=\"434\" data-end=\"483\">\ud83d\udca7 Kontinuerligt frisk vand for at opmuntre til at drikke<\/p>\n<p data-start=\"486\" data-end=\"532\">\ud83d\udc31 Forbedrer hydrering og generel kattesundhed<\/p>\n<p data-start=\"535\" data-end=\"585\">\ud83e\uddb7 Hj\u00e6lper med at forhindre urinvejs- og nyreproblemer<\/p>\n<p data-start=\"588\" data-end=\"627\">\ud83e\uddfc Let at reng\u00f8re krop i rustfrit st\u00e5l<\/p>\n<p data-start=\"630\" data-end=\"671\">\ud83d\udd07 Stille motor til stressfri drikke<\/p>\n<p data-start=\"630\" data-end=\"671\"><img decoding=\"async\" class=\"size-full wp-image-31324 aligncenter\" src=\"https:\/\/keluvo.com\/template\/wp-content\/uploads\/sites\/5\/2025\/08\/katkallan1.webp\" alt=\"\" \/><\/p>\n<h2 style=\"text-align: center\" data-start=\"678\" data-end=\"697\"><strong>S\u00e5dan G\u00f8r Du<\/strong><\/h2>\n<ol data-start=\"698\" data-end=\"909\">\n<li data-start=\"698\" data-end=\"754\">\n<p data-start=\"701\" data-end=\"754\">S\u00e6t font\u00e6nen sammen ved at f\u00f8lge den medf\u00f8lgende vejledning.<\/p>\n<\/li>\n<li data-start=\"755\" data-end=\"789\">\n<p data-start=\"758\" data-end=\"789\">Fyld med frisk, rent vand.<\/p>\n<\/li>\n<li data-start=\"790\" data-end=\"850\">\n<p data-start=\"793\" data-end=\"850\">s\u00e6t stikket i, og lad den blide vandstr\u00f8m tiltr\u00e6kke din kat.<\/p>\n<\/li>\n<li data-start=\"851\" data-end=\"909\">\n<p data-start=\"854\" data-end=\"909\">reng\u00f8r og udskift filtre regelm\u00e6ssigt for at opn\u00e5 de bedste resultater.<\/p>\n<\/li>\n<\/ol>\n<h2 style=\"text-align: center\" data-start=\"916\" data-end=\"940\"><strong>Produktdetaljer<\/strong><\/h2>\n<ul data-start=\"941\" data-end=\"1067\">\n<li data-start=\"941\" data-end=\"970\">\n<p data-start=\"943\" data-end=\"970\">Materiale: Rustfrit st\u00e5l<\/p>\n<\/li>\n<li data-start=\"971\" data-end=\"1022\">\n<p data-start=\"973\" data-end=\"1022\">Kapacitet: Stor nok til husholdninger med flere katte (4L)<\/p>\n<\/li>\n<li data-start=\"971\" data-end=\"1022\">\n<p data-start=\"973\" data-end=\"1022\">St\u00f8rrelse: 24 x 16cm<\/p>\n<\/li>\n<li data-start=\"971\" data-end=\"1022\">Inkluderer udskifteligt vandfiltersystem<\/li>\n<\/ul>\n<h2 style=\"text-align: center\" data-start=\"1074\" data-end=\"1099\"><strong>Pakken Indeholder<\/strong><\/h2>\n<ul data-start=\"1100\" data-end=\"1172\">\n<li data-start=\"1100\" data-end=\"1135\">\n<p data-start=\"1102\" data-end=\"1135\">1x kattevandfont\u00e6ne<\/p>\n<\/li>\n<li data-start=\"1136\" data-end=\"1153\">\n<p data-start=\"1138\" data-end=\"1153\">1x filters\u00e6t<\/p>\n<\/li>\n<li data-start=\"1154\" data-end=\"1172\">\n<p data-start=\"1156\" data-end=\"1172\">1x brugervejledning.<\/p>\n<\/li>\n<\/ul>\n","protected":false},"excerpt":{"rendered":"<p>Hold Din Kat Hydreret Og Glad \ud83d\udc3e\ud83d\udca7 Denne kattevandfont\u00e6ne er den ultimative vandfont\u00e6ne i rustfrit st\u00e5l, der opmuntrer din kat [&hellip;]<\/p>\n","protected":false},"featured_media":23684,"comment_status":"open","ping_status":"closed","template":"","meta":{"site-sidebar-layout":"default","site-content-layout":"","ast-site-content-layout":"default","site-content-style":"default","site-sidebar-style":"default","ast-global-header-display":"","ast-banner-title-visibility":"","ast-main-header-display":"","ast-hfb-above-header-display":"","ast-hfb-below-header-display":"","ast-hfb-mobile-header-display":"","site-post-title":"","ast-breadcrumbs-content":"","ast-featured-img":"","footer-sml-layout":"","theme-transparent-header-meta":"default","adv-header-id-meta":"","stick-header-meta":"","header-above-stick-meta":"","header-main-stick-meta":"","header-below-stick-meta":"","astra-migrate-meta-layouts":"set","ast-page-background-enabled":"default","ast-page-background-meta":{"desktop":{"background-color":"var(--ast-global-color-5)","background-image":"","background-repeat":"repeat","background-position":"center center","background-size":"auto","background-attachment":"scroll","background-type":"","background-media":"","overlay-type":"","overlay-color":"","overlay-opacity":"","overlay-gradient":""},"tablet":{"background-color":"","background-image":"","background-repeat":"repeat","background-position":"center center","background-size":"auto","background-attachment":"scroll","background-type":"","background-media":"","overlay-type":"","overlay-color":"","overlay-opacity":"","overlay-gradient":""},"mobile":{"background-color":"","background-image":"","background-repeat":"repeat","background-position":"center center","background-size":"auto","background-attachment":"scroll","background-type":"","background-media":"","overlay-type":"","overlay-color":"","overlay-opacity":"","overlay-gradient":""}},"ast-content-background-meta":{"desktop":{"background-color":"var(--ast-global-color-4)","background-image":"","background-repeat":"repeat","background-position":"center center","background-size":"auto","background-attachment":"scroll","background-type":"","background-media":"","overlay-type":"","overlay-color":"","overlay-opacity":"","overlay-gradient":""},"tablet":{"background-color":"var(--ast-global-color-4)","background-image":"","background-repeat":"repeat","background-position":"center center","background-size":"auto","background-attachment":"scroll","background-type":"","background-media":"","overlay-type":"","overlay-color":"","overlay-opacity":"","overlay-gradient":""},"mobile":{"background-color":"var(--ast-global-color-4)","background-image":"","background-repeat":"repeat","background-position":"center center","background-size":"auto","background-attachment":"scroll","background-type":"","background-media":"","overlay-type":"","overlay-color":"","overlay-opacity":"","overlay-gradient":""}}},"product_brand":[],"product_cat":[19],"product_tag":[],"class_list":{"0":"post-23688","1":"product","2":"type-product","3":"status-publish","4":"has-post-thumbnail","6":"product_cat-uncategorized","7":"desktop-align-left","8":"tablet-align-left","9":"mobile-align-left","11":"first","12":"instock","13":"shipping-taxable","14":"purchasable","15":"product-type-simple"},"_links":{"self":[{"href":"https:\/\/ecostera.com\/dk\/wp-json\/wp\/v2\/product\/23688","targetHints":{"allow":["GET"]}}],"collection":[{"href":"https:\/\/ecostera.com\/dk\/wp-json\/wp\/v2\/product"}],"about":[{"href":"https:\/\/ecostera.com\/dk\/wp-json\/wp\/v2\/types\/product"}],"replies":[{"embeddable":true,"href":"https:\/\/ecostera.com\/dk\/wp-json\/wp\/v2\/comments?post=23688"}],"wp:featuredmedia":[{"embeddable":true,"href":"https:\/\/ecostera.com\/dk\/wp-json\/wp\/v2\/media\/23684"}],"wp:attachment":[{"href":"https:\/\/ecostera.com\/dk\/wp-json\/wp\/v2\/media?parent=23688"}],"wp:term":[{"taxonomy":"product_brand","embeddable":true,"href":"https:\/\/ecostera.com\/dk\/wp-json\/wp\/v2\/product_brand?post=23688"},{"taxonomy":"product_cat","embeddable":true,"href":"https:\/\/ecostera.com\/dk\/wp-json\/wp\/v2\/product_cat?post=23688"},{"taxonomy":"product_tag","embeddable":true,"href":"https:\/\/ecostera.com\/dk\/wp-json\/wp\/v2\/product_tag?post=23688"}],"curies":[{"name":"wp","href":"https:\/\/api.w.org\/{rel}","templated":true}]}}