{"id":23697,"date":"2025-09-21T13:25:29","date_gmt":"2025-09-21T10:25:29","guid":{"rendered":"https:\/\/ecostera.com\/dk\/product\/taetningsmiddel\/"},"modified":"2025-09-21T13:25:58","modified_gmt":"2025-09-21T10:25:58","slug":"taetningsmiddel","status":"publish","type":"product","link":"https:\/\/ecostera.com\/dk\/product\/taetningsmiddel\/","title":{"rendered":"T\u00e6tningsmiddel"},"content":{"rendered":"<p style=\"text-align: center\" data-start=\"122\" data-end=\"171\"><strong>Forsegl Og Beskyt Enhver Overflade Som En Professionel\ud83d\udee0\ud83d\udca7<\/strong><\/p>\n<p style=\"text-align: center\" data-start=\"172\" data-end=\"463\">Vores fugemasse er den ultimative l\u00f8sning til forsegling af revner, huller og l\u00e6kager &#8211; og holder dit hjem t\u00f8rt og beskyttet. Uanset om det er dit tag, badev\u00e6relse, vinduer eller udend\u00f8rs overflader, danner denne st\u00e6rke og fleksible bel\u00e6gning en langtidsholdbar barriere mod vandskader.<\/p>\n<p data-start=\"172\" data-end=\"463\"><img decoding=\"async\" class=\"size-full wp-image-31332 aligncenter\" src=\"https:\/\/keluvo.com\/template\/wp-content\/uploads\/sites\/5\/2025\/08\/0721-ezgif.com-video-to-webp-converter-1.webp\" alt=\"\" \/><\/p>\n<h2 style=\"text-align: center\" data-start=\"470\" data-end=\"492\">\ud83c\udf1f Vigtigste Fordele<\/h2>\n<p data-start=\"495\" data-end=\"554\">\ud83d\udca6 Skaber en st\u00e6rk vandt\u00e6t forsegling p\u00e5 n\u00e6sten alle overflader<\/p>\n<p data-start=\"557\" data-end=\"612\">\ud83d\udee1 Beskytter mod l\u00e6kager, revner og vejrskader<\/p>\n<p data-start=\"615\" data-end=\"673\">\ud83e\uddf1 Fungerer p\u00e5 fliser, beton, mursten, metal, tr\u00e6 og meget mere<\/p>\n<p data-start=\"676\" data-end=\"728\">\ud83d\udd0d Transparent finish giver et rent og naturligt look<\/p>\n<p data-start=\"731\" data-end=\"765\">\u23f1 Hurtigt\u00f8rrende og nem at p\u00e5f\u00f8re<\/p>\n<p data-start=\"731\" data-end=\"765\"><img decoding=\"async\" class=\"size-full wp-image-31328 aligncenter\" src=\"https:\/\/keluvo.com\/template\/wp-content\/uploads\/sites\/5\/2025\/08\/Saaf5e18c7d0244d5bb99171cdc3d0b44t.jpg_960x960q75.jpg_.jpg\" alt=\"\" \/><\/p>\n<h2 style=\"text-align: center\" data-start=\"772\" data-end=\"791\">\ud83d\udee0 S\u00e5dan Bruges<\/h2>\n<ol data-start=\"792\" data-end=\"1018\">\n<li data-start=\"792\" data-end=\"840\">\n<p data-start=\"795\" data-end=\"840\">Reng\u00f8r og t\u00f8r den overflade, du \u00f8nsker at forsegle.<\/p>\n<\/li>\n<li data-start=\"841\" data-end=\"897\">\n<p data-start=\"844\" data-end=\"897\">Brug den medf\u00f8lgende pensel til at p\u00e5f\u00f8re bel\u00e6gningen j\u00e6vnt.<\/p>\n<\/li>\n<li data-start=\"898\" data-end=\"950\">\n<p data-start=\"901\" data-end=\"950\">lad den t\u00f8rre helt, f\u00f8r den uds\u00e6ttes for vand.<\/p>\n<\/li>\n<li data-start=\"951\" data-end=\"1018\">\n<p data-start=\"954\" data-end=\"1018\">ved dybe revner, p\u00e5f\u00f8r flere lag for maksimal beskyttelse.<\/p>\n<\/li>\n<\/ol>\n<h2 style=\"text-align: center\" data-start=\"1025\" data-end=\"1049\">\ud83d\udccf Produktdetaljer<\/h2>\n<ul data-start=\"1050\" data-end=\"1201\">\n<li data-start=\"1050\" data-end=\"1072\">\n<p data-start=\"1052\" data-end=\"1072\">Farve: Transparent<\/p>\n<\/li>\n<li data-start=\"1073\" data-end=\"1126\">\n<p data-start=\"1075\" data-end=\"1126\">Volumen: 30g, 100g, 300g og 600g<\/p>\n<\/li>\n<li data-start=\"1127\" data-end=\"1201\">\n<p data-start=\"1129\" data-end=\"1201\">Velegnet til: Tage, badev\u00e6relser, vinduer, balkoner, r\u00f8r, v\u00e6gge osv.<\/p>\n<\/li>\n<\/ul>\n<h2 style=\"text-align: center\" data-start=\"1208\" data-end=\"1233\">\ud83d\udce6 Pakken Indeholder<\/h2>\n<ul data-start=\"1234\" data-end=\"1328\">\n<li data-start=\"1234\" data-end=\"1268\">\n<p data-start=\"1236\" data-end=\"1268\">1x fugemasse<\/p>\n<\/li>\n<li data-start=\"1269\" data-end=\"1328\">\n<p data-start=\"1271\" data-end=\"1328\">1x p\u00e5f\u00f8ringspensel.<\/p>\n<\/li>\n<\/ul>\n","protected":false},"excerpt":{"rendered":"<p>Forsegl Og Beskyt Enhver Overflade Som En Professionel\ud83d\udee0\ud83d\udca7 Vores fugemasse er den ultimative l\u00f8sning til forsegling af revner, huller og [&hellip;]<\/p>\n","protected":false},"featured_media":23693,"comment_status":"open","ping_status":"closed","template":"","meta":{"site-sidebar-layout":"default","site-content-layout":"","ast-site-content-layout":"default","site-content-style":"default","site-sidebar-style":"default","ast-global-header-display":"","ast-banner-title-visibility":"","ast-main-header-display":"","ast-hfb-above-header-display":"","ast-hfb-below-header-display":"","ast-hfb-mobile-header-display":"","site-post-title":"","ast-breadcrumbs-content":"","ast-featured-img":"","footer-sml-layout":"","theme-transparent-header-meta":"default","adv-header-id-meta":"","stick-header-meta":"","header-above-stick-meta":"","header-main-stick-meta":"","header-below-stick-meta":"","astra-migrate-meta-layouts":"set","ast-page-background-enabled":"default","ast-page-background-meta":{"desktop":{"background-color":"var(--ast-global-color-5)","background-image":"","background-repeat":"repeat","background-position":"center center","background-size":"auto","background-attachment":"scroll","background-type":"","background-media":"","overlay-type":"","overlay-color":"","overlay-opacity":"","overlay-gradient":""},"tablet":{"background-color":"","background-image":"","background-repeat":"repeat","background-position":"center center","background-size":"auto","background-attachment":"scroll","background-type":"","background-media":"","overlay-type":"","overlay-color":"","overlay-opacity":"","overlay-gradient":""},"mobile":{"background-color":"","background-image":"","background-repeat":"repeat","background-position":"center center","background-size":"auto","background-attachment":"scroll","background-type":"","background-media":"","overlay-type":"","overlay-color":"","overlay-opacity":"","overlay-gradient":""}},"ast-content-background-meta":{"desktop":{"background-color":"var(--ast-global-color-4)","background-image":"","background-repeat":"repeat","background-position":"center center","background-size":"auto","background-attachment":"scroll","background-type":"","background-media":"","overlay-type":"","overlay-color":"","overlay-opacity":"","overlay-gradient":""},"tablet":{"background-color":"var(--ast-global-color-4)","background-image":"","background-repeat":"repeat","background-position":"center center","background-size":"auto","background-attachment":"scroll","background-type":"","background-media":"","overlay-type":"","overlay-color":"","overlay-opacity":"","overlay-gradient":""},"mobile":{"background-color":"var(--ast-global-color-4)","background-image":"","background-repeat":"repeat","background-position":"center center","background-size":"auto","background-attachment":"scroll","background-type":"","background-media":"","overlay-type":"","overlay-color":"","overlay-opacity":"","overlay-gradient":""}}},"product_brand":[],"product_cat":[19],"product_tag":[],"class_list":{"0":"post-23697","1":"product","2":"type-product","3":"status-publish","4":"has-post-thumbnail","6":"product_cat-uncategorized","7":"pa_34976_dh4jpafn-100g","8":"pa_34976_dh4jpafn-300g","9":"pa_34976_dh4jpafn-30g","10":"pa_34976_dh4jpafn-600g","11":"desktop-align-left","12":"tablet-align-left","13":"mobile-align-left","15":"first","16":"instock","17":"shipping-taxable","18":"purchasable","19":"product-type-variable"},"_links":{"self":[{"href":"https:\/\/ecostera.com\/dk\/wp-json\/wp\/v2\/product\/23697","targetHints":{"allow":["GET"]}}],"collection":[{"href":"https:\/\/ecostera.com\/dk\/wp-json\/wp\/v2\/product"}],"about":[{"href":"https:\/\/ecostera.com\/dk\/wp-json\/wp\/v2\/types\/product"}],"replies":[{"embeddable":true,"href":"https:\/\/ecostera.com\/dk\/wp-json\/wp\/v2\/comments?post=23697"}],"wp:featuredmedia":[{"embeddable":true,"href":"https:\/\/ecostera.com\/dk\/wp-json\/wp\/v2\/media\/23693"}],"wp:attachment":[{"href":"https:\/\/ecostera.com\/dk\/wp-json\/wp\/v2\/media?parent=23697"}],"wp:term":[{"taxonomy":"product_brand","embeddable":true,"href":"https:\/\/ecostera.com\/dk\/wp-json\/wp\/v2\/product_brand?post=23697"},{"taxonomy":"product_cat","embeddable":true,"href":"https:\/\/ecostera.com\/dk\/wp-json\/wp\/v2\/product_cat?post=23697"},{"taxonomy":"product_tag","embeddable":true,"href":"https:\/\/ecostera.com\/dk\/wp-json\/wp\/v2\/product_tag?post=23697"}],"curies":[{"name":"wp","href":"https:\/\/api.w.org\/{rel}","templated":true}]}}