{"id":23714,"date":"2025-09-21T13:26:40","date_gmt":"2025-09-21T10:26:40","guid":{"rendered":"https:\/\/ecostera.com\/dk\/product\/saet-til-haarpynt\/"},"modified":"2025-09-21T13:26:40","modified_gmt":"2025-09-21T10:26:40","slug":"saet-til-haarpynt","status":"publish","type":"product","link":"https:\/\/ecostera.com\/dk\/product\/saet-til-haarpynt\/","title":{"rendered":"S\u00e6t til h\u00e5rpynt"},"content":{"rendered":"<p style=\"text-align: center\" data-start=\"105\" data-end=\"146\"><strong>Tilf\u00f8j Glitter Og Sjov Til Dit H\u00e5r \u2728\ud83d\udc51<\/strong><\/p>\n<p style=\"text-align: center\" data-start=\"147\" data-end=\"396\">Forvandl enhver frisure til et mesterv\u00e6rk med vores h\u00e5rdekorationss\u00e6t! Uanset om det er til f\u00f8dselsdage, fester, skolearrangementer eller hverdagsbrug, giver dette brugervenlige v\u00e6rkt\u00f8j dig mulighed for at tilf\u00f8je skinnende rhinestones til dit h\u00e5r p\u00e5 f\u00e5 sekunder, s\u00e5 du ser stilfuld og unik ud.<\/p>\n<p data-start=\"147\" data-end=\"396\"><img decoding=\"async\" class=\"size-full wp-image-31346 aligncenter\" src=\"https:\/\/keluvo.com\/template\/wp-content\/uploads\/sites\/5\/2025\/08\/0072323_zestaw-do-ozdabiania-wlosow.jpg\" alt=\"\" \/><\/p>\n<h2 style=\"text-align: center\" data-start=\"403\" data-end=\"425\">\ud83c\udf1f Vigtigste Fordele<\/h2>\n<p data-start=\"428\" data-end=\"484\">\u2728 Tilf\u00f8rer \u00f8jeblikkeligt glitter og elegance til enhver frisure<\/p>\n<p data-start=\"487\" data-end=\"538\">\ud83d\udc57 Kan ogs\u00e5 dekorere t\u00f8j, tasker og sko<\/p>\n<p data-start=\"541\" data-end=\"586\">\ud83d\udc67 Sikker og nem at bruge for b\u00f8rn og voksne<\/p>\n<p data-start=\"589\" data-end=\"654\">\ud83c\udfa8 Indeholder en r\u00e6kke forskellige rhinstenfarver til kreative designs<\/p>\n<p data-start=\"589\" data-end=\"654\"><img decoding=\"async\" class=\"size-full wp-image-31345 aligncenter\" src=\"https:\/\/keluvo.com\/template\/wp-content\/uploads\/sites\/5\/2025\/08\/0072313_zestaw-do-ozdabiania-wlosow.jpg\" alt=\"\" \/><\/p>\n<h2 style=\"text-align: center\" data-start=\"661\" data-end=\"680\">\ud83d\udee0 S\u00e5dan Bruges<\/h2>\n<ol data-start=\"681\" data-end=\"826\">\n<li data-start=\"681\" data-end=\"725\">\n<p data-start=\"684\" data-end=\"725\">Placer en rhinsten i applikatoren.<\/p>\n<\/li>\n<li data-start=\"726\" data-end=\"773\">\n<p data-start=\"729\" data-end=\"773\">Placer den, hvor du vil have den i h\u00e5ret.<\/p>\n<\/li>\n<li data-start=\"774\" data-end=\"826\">\n<p data-start=\"777\" data-end=\"826\">Tryk og slip &#8211; dit h\u00e5rtilbeh\u00f8r er klar!<\/p>\n<\/li>\n<\/ol>\n<h2 style=\"text-align: center\" data-start=\"833\" data-end=\"857\">\ud83d\udccf Produktdetaljer<\/h2>\n<ul data-start=\"858\" data-end=\"1044\">\n<li data-start=\"858\" data-end=\"885\">\n<p data-start=\"860\" data-end=\"885\">St\u00f8rrelse: 11,5 \u00d7 9,5 \u00d7 8 cm<\/p>\n<\/li>\n<li data-start=\"886\" data-end=\"907\">\n<p data-start=\"888\" data-end=\"907\">Materiale: Plastik<\/p>\n<\/li>\n<li data-start=\"908\" data-end=\"924\">\n<p data-start=\"910\" data-end=\"924\">Farve: Pink<\/p>\n<\/li>\n<li data-start=\"925\" data-end=\"996\">\n<p data-start=\"927\" data-end=\"996\">Steiner: 6 forskellige farver (hvid, bl\u00e5, pink, lilla, guld, gr\u00f8n)<\/p>\n<\/li>\n<li data-start=\"997\" data-end=\"1044\">\n<p data-start=\"999\" data-end=\"1044\">Inkluderer: 1 applikator + 1 b\u00e5nd med sten<\/p>\n<\/li>\n<\/ul>\n<h2 style=\"text-align: center\" data-start=\"1051\" data-end=\"1076\">\ud83d\udce6 Pakken Indeholder<\/h2>\n<ul data-start=\"1077\" data-end=\"1156\">\n<li data-start=\"1077\" data-end=\"1110\">\n<p data-start=\"1079\" data-end=\"1110\">1x h\u00e5rdekorationsapplikator<\/p>\n<\/li>\n<li data-start=\"1111\" data-end=\"1133\">\n<p data-start=\"1113\" data-end=\"1133\">1x b\u00e5nd med 180 sten<\/p>\n<\/li>\n<li data-start=\"1134\" data-end=\"1156\">\n<p data-start=\"1136\" data-end=\"1156\">1x brugsanvisning.<\/p>\n<\/li>\n<\/ul>\n","protected":false},"excerpt":{"rendered":"<p>Tilf\u00f8j Glitter Og Sjov Til Dit H\u00e5r \u2728\ud83d\udc51 Forvandl enhver frisure til et mesterv\u00e6rk med vores h\u00e5rdekorationss\u00e6t! Uanset om det [&hellip;]<\/p>\n","protected":false},"featured_media":23710,"comment_status":"open","ping_status":"closed","template":"","meta":{"site-sidebar-layout":"default","site-content-layout":"","ast-site-content-layout":"default","site-content-style":"default","site-sidebar-style":"default","ast-global-header-display":"","ast-banner-title-visibility":"","ast-main-header-display":"","ast-hfb-above-header-display":"","ast-hfb-below-header-display":"","ast-hfb-mobile-header-display":"","site-post-title":"","ast-breadcrumbs-content":"","ast-featured-img":"","footer-sml-layout":"","theme-transparent-header-meta":"default","adv-header-id-meta":"","stick-header-meta":"","header-above-stick-meta":"","header-main-stick-meta":"","header-below-stick-meta":"","astra-migrate-meta-layouts":"set","ast-page-background-enabled":"default","ast-page-background-meta":{"desktop":{"background-color":"var(--ast-global-color-5)","background-image":"","background-repeat":"repeat","background-position":"center center","background-size":"auto","background-attachment":"scroll","background-type":"","background-media":"","overlay-type":"","overlay-color":"","overlay-opacity":"","overlay-gradient":""},"tablet":{"background-color":"","background-image":"","background-repeat":"repeat","background-position":"center center","background-size":"auto","background-attachment":"scroll","background-type":"","background-media":"","overlay-type":"","overlay-color":"","overlay-opacity":"","overlay-gradient":""},"mobile":{"background-color":"","background-image":"","background-repeat":"repeat","background-position":"center center","background-size":"auto","background-attachment":"scroll","background-type":"","background-media":"","overlay-type":"","overlay-color":"","overlay-opacity":"","overlay-gradient":""}},"ast-content-background-meta":{"desktop":{"background-color":"var(--ast-global-color-4)","background-image":"","background-repeat":"repeat","background-position":"center center","background-size":"auto","background-attachment":"scroll","background-type":"","background-media":"","overlay-type":"","overlay-color":"","overlay-opacity":"","overlay-gradient":""},"tablet":{"background-color":"var(--ast-global-color-4)","background-image":"","background-repeat":"repeat","background-position":"center center","background-size":"auto","background-attachment":"scroll","background-type":"","background-media":"","overlay-type":"","overlay-color":"","overlay-opacity":"","overlay-gradient":""},"mobile":{"background-color":"var(--ast-global-color-4)","background-image":"","background-repeat":"repeat","background-position":"center center","background-size":"auto","background-attachment":"scroll","background-type":"","background-media":"","overlay-type":"","overlay-color":"","overlay-opacity":"","overlay-gradient":""}}},"product_brand":[],"product_cat":[19],"product_tag":[],"class_list":{"0":"post-23714","1":"product","2":"type-product","3":"status-publish","4":"has-post-thumbnail","6":"product_cat-uncategorized","7":"desktop-align-left","8":"tablet-align-left","9":"mobile-align-left","11":"first","12":"instock","13":"shipping-taxable","14":"purchasable","15":"product-type-simple"},"_links":{"self":[{"href":"https:\/\/ecostera.com\/dk\/wp-json\/wp\/v2\/product\/23714","targetHints":{"allow":["GET"]}}],"collection":[{"href":"https:\/\/ecostera.com\/dk\/wp-json\/wp\/v2\/product"}],"about":[{"href":"https:\/\/ecostera.com\/dk\/wp-json\/wp\/v2\/types\/product"}],"replies":[{"embeddable":true,"href":"https:\/\/ecostera.com\/dk\/wp-json\/wp\/v2\/comments?post=23714"}],"wp:featuredmedia":[{"embeddable":true,"href":"https:\/\/ecostera.com\/dk\/wp-json\/wp\/v2\/media\/23710"}],"wp:attachment":[{"href":"https:\/\/ecostera.com\/dk\/wp-json\/wp\/v2\/media?parent=23714"}],"wp:term":[{"taxonomy":"product_brand","embeddable":true,"href":"https:\/\/ecostera.com\/dk\/wp-json\/wp\/v2\/product_brand?post=23714"},{"taxonomy":"product_cat","embeddable":true,"href":"https:\/\/ecostera.com\/dk\/wp-json\/wp\/v2\/product_cat?post=23714"},{"taxonomy":"product_tag","embeddable":true,"href":"https:\/\/ecostera.com\/dk\/wp-json\/wp\/v2\/product_tag?post=23714"}],"curies":[{"name":"wp","href":"https:\/\/api.w.org\/{rel}","templated":true}]}}