{"id":23732,"date":"2025-09-21T13:28:05","date_gmt":"2025-09-21T10:28:05","guid":{"rendered":"https:\/\/ecostera.com\/dk\/product\/akupunktur-pen\/"},"modified":"2025-09-21T13:28:05","modified_gmt":"2025-09-21T10:28:05","slug":"akupunktur-pen","status":"publish","type":"product","link":"https:\/\/ecostera.com\/dk\/product\/akupunktur-pen\/","title":{"rendered":"Akupunktur-pen"},"content":{"rendered":"<p style=\"text-align: center\" data-start=\"136\" data-end=\"210\"><strong data-start=\"136\" data-end=\"205\">Sig Farvel Til Smerter, Og Begynd At Leve Et Liv Uden Ubehag!<\/strong> \ud83c\udf3f<\/p>\n<p style=\"text-align: center\" data-start=\"212\" data-end=\"460\">Denne akupunkturpen bruger innovativ elektrisk pulsteknologi til at m\u00e5lrette trykpunkter, hvilket hj\u00e6lper med at lindre smerter, reducere sp\u00e6ndinger og forbedre cirkulationen. Ingen n\u00e5le, ingen komplicerede procedurer &#8211; bare \u00f8jeblikkelig lindring i dit eget hjem.<\/p>\n<p data-start=\"212\" data-end=\"460\"><img decoding=\"async\" class=\"size-full wp-image-31356 aligncenter\" src=\"https:\/\/keluvo.com\/template\/wp-content\/uploads\/sites\/5\/2025\/08\/New-acu.gif\" alt=\"\" width=\"\" \/><\/p>\n<h2 style=\"text-align: center\" data-start=\"462\" data-end=\"484\">Vigtigste Fordele \ud83c\udf1f<\/h2>\n<p data-start=\"487\" data-end=\"585\">\ud83e\ude79 Lindrer smerter naturligt \u2013 hj\u00e6lper med muskel\u00f8mhed, ledstivhed og kroniske smerter<\/p>\n<p data-start=\"588\" data-end=\"663\">\ud83d\udc86 Reducerer stress og sp\u00e6ndinger \u2013 fremmer afslapning og bedre s\u00f8vn<\/p>\n<p data-start=\"666\" data-end=\"735\">\ud83d\udd0b Nem at bruge \u2013 kontrol med \u00e9n knap til hurtige sessioner n\u00e5r som helst<\/p>\n<p data-start=\"738\" data-end=\"804\">\ud83d\udc5c B\u00e6rbart design \u2013 tag den med overalt til lindring p\u00e5 farten<\/p>\n<p data-start=\"807\" data-end=\"864\">\ud83e\ude7a Ingen bivirkninger \u2013 sikker og n\u00e5lefri l\u00f8sning<\/p>\n<p><img decoding=\"async\" class=\"size-full wp-image-31357\" src=\"https:\/\/keluvo.com\/template\/wp-content\/uploads\/sites\/5\/2025\/08\/Acupunture-pen-zadnja-slika.jpg\" alt=\"\" \/><\/p>\n<h2 style=\"text-align: center\" data-start=\"866\" data-end=\"885\">S\u00e5dan Bruges \ud83e\ude84<\/h2>\n<ol data-start=\"886\" data-end=\"1080\">\n<li data-start=\"886\" data-end=\"932\">\n<p data-start=\"889\" data-end=\"932\">Reng\u00f8r og t\u00f8r det omr\u00e5de, du vil behandle.<\/p>\n<\/li>\n<li data-start=\"933\" data-end=\"996\">\n<p data-start=\"936\" data-end=\"996\">T\u00e6nd for pennen, og v\u00e6lg dit foretrukne intensitetsniveau.<\/p>\n<\/li>\n<li data-start=\"997\" data-end=\"1080\">\n<p data-start=\"1000\" data-end=\"1080\">Placer spidsen p\u00e5 m\u00e5lpunktet, og ud\u00f8v et blidt tryk i et par minutter.<\/p>\n<\/li>\n<\/ol>\n<h2 style=\"text-align: center\" data-start=\"1082\" data-end=\"1106\">Produktdetaljer \ud83d\udccb<\/h2>\n<ul data-start=\"1107\" data-end=\"1337\">\n<li data-start=\"1107\" data-end=\"1144\">\n<p data-start=\"1109\" data-end=\"1144\">Materiale: rustfrit st\u00e5l og abs<\/p>\n<\/li>\n<li data-start=\"1145\" data-end=\"1187\">\n<p data-start=\"1147\" data-end=\"1187\">Teknologi: Elektrisk pulsakupunktur<\/p>\n<\/li>\n<li data-start=\"1188\" data-end=\"1215\">\n<p data-start=\"1190\" data-end=\"1215\">Str\u00f8m: batteridrevet<\/p>\n<\/li>\n<li data-start=\"1216\" data-end=\"1275\">\n<p data-start=\"1218\" data-end=\"1275\">Anvendelse: smertelindring, stressreduktion, muskelafslapning<\/p>\n<\/li>\n<li data-start=\"1276\" data-end=\"1337\">\n<p data-start=\"1278\" data-end=\"1337\">Velegnet til: nakke, ryg, skuldre, arme, ben og f\u00f8dder<\/p>\n<\/li>\n<\/ul>\n<h2 style=\"text-align: center\" data-start=\"1339\" data-end=\"1364\">Pakken Indeholder \ud83c\udf81<\/h2>\n<ul data-start=\"1365\" data-end=\"1447\">\n<li data-start=\"1365\" data-end=\"1388\">\n<p data-start=\"1367\" data-end=\"1388\">1x akupunkturpen<\/p>\n<\/li>\n<li data-start=\"1389\" data-end=\"1409\">\n<p data-start=\"1391\" data-end=\"1409\">3x hoveder<\/p>\n<\/li>\n<li data-start=\"1428\" data-end=\"1447\">\n<p data-start=\"1430\" data-end=\"1447\">1x brugervejledning.<\/p>\n<\/li>\n<\/ul>\n","protected":false},"excerpt":{"rendered":"<p>Sig Farvel Til Smerter, Og Begynd At Leve Et Liv Uden Ubehag! \ud83c\udf3f Denne akupunkturpen bruger innovativ elektrisk pulsteknologi til [&hellip;]<\/p>\n","protected":false},"featured_media":23728,"comment_status":"open","ping_status":"closed","template":"","meta":{"site-sidebar-layout":"default","site-content-layout":"","ast-site-content-layout":"default","site-content-style":"default","site-sidebar-style":"default","ast-global-header-display":"","ast-banner-title-visibility":"","ast-main-header-display":"","ast-hfb-above-header-display":"","ast-hfb-below-header-display":"","ast-hfb-mobile-header-display":"","site-post-title":"","ast-breadcrumbs-content":"","ast-featured-img":"","footer-sml-layout":"","theme-transparent-header-meta":"default","adv-header-id-meta":"","stick-header-meta":"","header-above-stick-meta":"","header-main-stick-meta":"","header-below-stick-meta":"","astra-migrate-meta-layouts":"set","ast-page-background-enabled":"default","ast-page-background-meta":{"desktop":{"background-color":"var(--ast-global-color-5)","background-image":"","background-repeat":"repeat","background-position":"center center","background-size":"auto","background-attachment":"scroll","background-type":"","background-media":"","overlay-type":"","overlay-color":"","overlay-opacity":"","overlay-gradient":""},"tablet":{"background-color":"","background-image":"","background-repeat":"repeat","background-position":"center center","background-size":"auto","background-attachment":"scroll","background-type":"","background-media":"","overlay-type":"","overlay-color":"","overlay-opacity":"","overlay-gradient":""},"mobile":{"background-color":"","background-image":"","background-repeat":"repeat","background-position":"center center","background-size":"auto","background-attachment":"scroll","background-type":"","background-media":"","overlay-type":"","overlay-color":"","overlay-opacity":"","overlay-gradient":""}},"ast-content-background-meta":{"desktop":{"background-color":"var(--ast-global-color-4)","background-image":"","background-repeat":"repeat","background-position":"center center","background-size":"auto","background-attachment":"scroll","background-type":"","background-media":"","overlay-type":"","overlay-color":"","overlay-opacity":"","overlay-gradient":""},"tablet":{"background-color":"var(--ast-global-color-4)","background-image":"","background-repeat":"repeat","background-position":"center center","background-size":"auto","background-attachment":"scroll","background-type":"","background-media":"","overlay-type":"","overlay-color":"","overlay-opacity":"","overlay-gradient":""},"mobile":{"background-color":"var(--ast-global-color-4)","background-image":"","background-repeat":"repeat","background-position":"center center","background-size":"auto","background-attachment":"scroll","background-type":"","background-media":"","overlay-type":"","overlay-color":"","overlay-opacity":"","overlay-gradient":""}}},"product_brand":[],"product_cat":[19],"product_tag":[],"class_list":{"0":"post-23732","1":"product","2":"type-product","3":"status-publish","4":"has-post-thumbnail","6":"product_cat-uncategorized","7":"desktop-align-left","8":"tablet-align-left","9":"mobile-align-left","11":"first","12":"instock","13":"shipping-taxable","14":"purchasable","15":"product-type-simple"},"_links":{"self":[{"href":"https:\/\/ecostera.com\/dk\/wp-json\/wp\/v2\/product\/23732","targetHints":{"allow":["GET"]}}],"collection":[{"href":"https:\/\/ecostera.com\/dk\/wp-json\/wp\/v2\/product"}],"about":[{"href":"https:\/\/ecostera.com\/dk\/wp-json\/wp\/v2\/types\/product"}],"replies":[{"embeddable":true,"href":"https:\/\/ecostera.com\/dk\/wp-json\/wp\/v2\/comments?post=23732"}],"wp:featuredmedia":[{"embeddable":true,"href":"https:\/\/ecostera.com\/dk\/wp-json\/wp\/v2\/media\/23728"}],"wp:attachment":[{"href":"https:\/\/ecostera.com\/dk\/wp-json\/wp\/v2\/media?parent=23732"}],"wp:term":[{"taxonomy":"product_brand","embeddable":true,"href":"https:\/\/ecostera.com\/dk\/wp-json\/wp\/v2\/product_brand?post=23732"},{"taxonomy":"product_cat","embeddable":true,"href":"https:\/\/ecostera.com\/dk\/wp-json\/wp\/v2\/product_cat?post=23732"},{"taxonomy":"product_tag","embeddable":true,"href":"https:\/\/ecostera.com\/dk\/wp-json\/wp\/v2\/product_tag?post=23732"}],"curies":[{"name":"wp","href":"https:\/\/api.w.org\/{rel}","templated":true}]}}