{"id":23769,"date":"2025-09-21T13:31:01","date_gmt":"2025-09-21T10:31:01","guid":{"rendered":"https:\/\/ecostera.com\/dk\/product\/halskaede-3\/"},"modified":"2025-09-21T13:31:15","modified_gmt":"2025-09-21T10:31:15","slug":"halskaede-3","status":"publish","type":"product","link":"https:\/\/ecostera.com\/dk\/product\/halskaede-3\/","title":{"rendered":"Halsk\u00e6de"},"content":{"rendered":"<p style=\"text-align: center\" data-start=\"119\" data-end=\"197\"><strong data-start=\"119\" data-end=\"192\">G\u00f8r Hvert \u00d8jeblik Uforglemmeligt Med Dette Fantastiske Halsk\u00e6de-Gave S\u00e6t!<\/strong> \ud83c\udf39<\/p>\n<p style=\"text-align: center\" data-start=\"199\" data-end=\"492\">Denne elegante halsk\u00e6de kommer smukt pakket i en unik hjerteformet \u00e6ske med en bevaret rose indeni, hvilket g\u00f8r det til den perfekte m\u00e5de at vise din k\u00e6rlighed og p\u00e5sk\u00f8nnelse p\u00e5. Uanset om det er til en f\u00f8dselsdag, et jubil\u00e6um, Valentinsdag eller bare fordi, vil denne gave efterlade et varigt indtryk.<\/p>\n<p data-start=\"199\" data-end=\"492\"><img decoding=\"async\" class=\"size-full wp-image-31393 aligncenter\" src=\"https:\/\/keluvo.com\/template\/wp-content\/uploads\/sites\/5\/2025\/08\/07212-ezgif.com-video-to-webp-converter-1.webp\" alt=\"\" \/><\/p>\n<h2 style=\"text-align: center\" data-start=\"494\" data-end=\"516\">Vigtigste Fordele \ud83c\udf1f<\/h2>\n<p data-start=\"519\" data-end=\"600\">\ud83d\udc8e Elegant og tidl\u00f8st design &#8211; et smukt smykke, der matcher ethvert outfit<\/p>\n<p data-start=\"603\" data-end=\"666\">\ud83c\udf39 Konserveret rose medf\u00f8lger &#8211; symboliserer evig k\u00e6rlighed<\/p>\n<p data-start=\"669\" data-end=\"725\">\ud83c\udf81 Gaveklar emballage &#8211; ingen indpakning n\u00f8dvendig<\/p>\n<p data-start=\"728\" data-end=\"812\">\ud83d\udc96 Perfekt til enhver lejlighed &#8211; f\u00f8dselsdage, jubil\u00e6er eller romantiske overraskelser<\/p>\n<p data-start=\"815\" data-end=\"881\">\ud83d\udc5c Kompakt og nem at have med &#8211; giv den hvor som helst, n\u00e5r som helst<\/p>\n<p data-start=\"815\" data-end=\"881\"><img decoding=\"async\" class=\"size-full wp-image-31391 aligncenter\" src=\"https:\/\/keluvo.com\/template\/wp-content\/uploads\/sites\/5\/2025\/08\/LK_APPLEROSE_T1-2.webp\" alt=\"\" \/><\/p>\n<h2 style=\"text-align: center\" data-start=\"883\" data-end=\"902\">S\u00e5dan Bruges \ud83e\ude84<\/h2>\n<ol data-start=\"903\" data-end=\"1117\">\n<li data-start=\"903\" data-end=\"976\">\n<p data-start=\"906\" data-end=\"976\">\u00c5bn den hjerteformede \u00e6ske for at afsl\u00f8re den konserverede rose og halsk\u00e6den.<\/p>\n<\/li>\n<li data-start=\"977\" data-end=\"1061\">\n<p data-start=\"980\" data-end=\"1061\">Placer halsk\u00e6den om modtagerens hals for det perfekte romantiske \u00f8jeblik.<\/p>\n<\/li>\n<li data-start=\"1062\" data-end=\"1117\">\n<p data-start=\"1065\" data-end=\"1117\">Opbevar den sikkert i \u00e6sken, s\u00e5 den ser ny ud.<\/p>\n<\/li>\n<\/ol>\n<h2 style=\"text-align: center\" data-start=\"1119\" data-end=\"1143\">Produktdetaljer \ud83d\udccb<\/h2>\n<ul data-start=\"1144\" data-end=\"1365\">\n<li data-start=\"1144\" data-end=\"1202\">\n<p data-start=\"1146\" data-end=\"1202\">Materiale: h\u00f8jkvalitetslegering med cubic zirconia-sten<\/p>\n<\/li>\n<li data-start=\"1203\" data-end=\"1234\">\n<p data-start=\"1205\" data-end=\"1234\">Halsk\u00e6del\u00e6ngde: justerbar<\/p>\n<\/li>\n<li data-start=\"1235\" data-end=\"1273\">\n<p data-start=\"1237\" data-end=\"1273\">Rosetype: konserveret, langtidsholdbar<\/p>\n<\/li>\n<li data-start=\"1274\" data-end=\"1315\">\n<p data-start=\"1276\" data-end=\"1315\">\u00c6skest\u00f8rrelse: kompakt hjerteformet design<\/p>\n<\/li>\n<li data-start=\"1316\" data-end=\"1365\">\n<p data-start=\"1318\" data-end=\"1365\">Farver: r\u00f8d \u00e6ske med guld- og s\u00f8lvhalsk\u00e6de.<\/p>\n<\/li>\n<\/ul>\n<h2 style=\"text-align: center\" data-start=\"1367\" data-end=\"1392\">Pakken Indeholder \ud83c\udf81<\/h2>\n<ul data-start=\"1393\" data-end=\"1467\">\n<li data-start=\"1393\" data-end=\"1442\">\n<p data-start=\"1395\" data-end=\"1442\">1x hjerteformet gave\u00e6ske med konserveret rose<\/p>\n<\/li>\n<li data-start=\"1443\" data-end=\"1467\">\n<p data-start=\"1445\" data-end=\"1467\">1x elegant halsk\u00e6de<\/p>\n<\/li>\n<li data-start=\"1468\" data-end=\"1500\">\n<p data-start=\"1470\" data-end=\"1500\">1x s\u00e6rligt kort til din k\u00e6reste.<\/p>\n<\/li>\n<\/ul>\n","protected":false},"excerpt":{"rendered":"<p>G\u00f8r Hvert \u00d8jeblik Uforglemmeligt Med Dette Fantastiske Halsk\u00e6de-Gave S\u00e6t! \ud83c\udf39 Denne elegante halsk\u00e6de kommer smukt pakket i en unik hjerteformet [&hellip;]<\/p>\n","protected":false},"featured_media":23765,"comment_status":"open","ping_status":"closed","template":"","meta":{"site-sidebar-layout":"default","site-content-layout":"","ast-site-content-layout":"default","site-content-style":"default","site-sidebar-style":"default","ast-global-header-display":"","ast-banner-title-visibility":"","ast-main-header-display":"","ast-hfb-above-header-display":"","ast-hfb-below-header-display":"","ast-hfb-mobile-header-display":"","site-post-title":"","ast-breadcrumbs-content":"","ast-featured-img":"","footer-sml-layout":"","theme-transparent-header-meta":"default","adv-header-id-meta":"","stick-header-meta":"","header-above-stick-meta":"","header-main-stick-meta":"","header-below-stick-meta":"","astra-migrate-meta-layouts":"set","ast-page-background-enabled":"default","ast-page-background-meta":{"desktop":{"background-color":"var(--ast-global-color-5)","background-image":"","background-repeat":"repeat","background-position":"center center","background-size":"auto","background-attachment":"scroll","background-type":"","background-media":"","overlay-type":"","overlay-color":"","overlay-opacity":"","overlay-gradient":""},"tablet":{"background-color":"","background-image":"","background-repeat":"repeat","background-position":"center center","background-size":"auto","background-attachment":"scroll","background-type":"","background-media":"","overlay-type":"","overlay-color":"","overlay-opacity":"","overlay-gradient":""},"mobile":{"background-color":"","background-image":"","background-repeat":"repeat","background-position":"center center","background-size":"auto","background-attachment":"scroll","background-type":"","background-media":"","overlay-type":"","overlay-color":"","overlay-opacity":"","overlay-gradient":""}},"ast-content-background-meta":{"desktop":{"background-color":"var(--ast-global-color-4)","background-image":"","background-repeat":"repeat","background-position":"center center","background-size":"auto","background-attachment":"scroll","background-type":"","background-media":"","overlay-type":"","overlay-color":"","overlay-opacity":"","overlay-gradient":""},"tablet":{"background-color":"var(--ast-global-color-4)","background-image":"","background-repeat":"repeat","background-position":"center center","background-size":"auto","background-attachment":"scroll","background-type":"","background-media":"","overlay-type":"","overlay-color":"","overlay-opacity":"","overlay-gradient":""},"mobile":{"background-color":"var(--ast-global-color-4)","background-image":"","background-repeat":"repeat","background-position":"center center","background-size":"auto","background-attachment":"scroll","background-type":"","background-media":"","overlay-type":"","overlay-color":"","overlay-opacity":"","overlay-gradient":""}}},"product_brand":[],"product_cat":[19],"product_tag":[],"class_list":{"0":"post-23769","1":"product","2":"type-product","3":"status-publish","4":"has-post-thumbnail","6":"product_cat-uncategorized","7":"pa_47663_o7mxoyxm-guld","8":"pa_47663_o7mxoyxm-soelv","9":"desktop-align-left","10":"tablet-align-left","11":"mobile-align-left","13":"first","14":"instock","15":"shipping-taxable","16":"purchasable","17":"product-type-variable"},"_links":{"self":[{"href":"https:\/\/ecostera.com\/dk\/wp-json\/wp\/v2\/product\/23769","targetHints":{"allow":["GET"]}}],"collection":[{"href":"https:\/\/ecostera.com\/dk\/wp-json\/wp\/v2\/product"}],"about":[{"href":"https:\/\/ecostera.com\/dk\/wp-json\/wp\/v2\/types\/product"}],"replies":[{"embeddable":true,"href":"https:\/\/ecostera.com\/dk\/wp-json\/wp\/v2\/comments?post=23769"}],"wp:featuredmedia":[{"embeddable":true,"href":"https:\/\/ecostera.com\/dk\/wp-json\/wp\/v2\/media\/23765"}],"wp:attachment":[{"href":"https:\/\/ecostera.com\/dk\/wp-json\/wp\/v2\/media?parent=23769"}],"wp:term":[{"taxonomy":"product_brand","embeddable":true,"href":"https:\/\/ecostera.com\/dk\/wp-json\/wp\/v2\/product_brand?post=23769"},{"taxonomy":"product_cat","embeddable":true,"href":"https:\/\/ecostera.com\/dk\/wp-json\/wp\/v2\/product_cat?post=23769"},{"taxonomy":"product_tag","embeddable":true,"href":"https:\/\/ecostera.com\/dk\/wp-json\/wp\/v2\/product_tag?post=23769"}],"curies":[{"name":"wp","href":"https:\/\/api.w.org\/{rel}","templated":true}]}}